{"id":9133,"date":"2016-01-28T16:33:38","date_gmt":"2016-01-28T15:33:38","guid":{"rendered":"http:\/\/museonicolis.com\/premio-museo-nicolis-2\/"},"modified":"2016-02-12T17:59:38","modified_gmt":"2016-02-12T16:59:38","slug":"geschichte-und-merkmale","status":"publish","type":"page","link":"https:\/\/www.museonicolis.com\/de\/geschichte-und-merkmale\/","title":{"rendered":"Geschichte und Merkmale"},"content":{"rendered":"<p style=\"text-align: justify;\">Mit der Einf\u00fchrung des \u201c<strong>Museo Nicolis<\/strong>\u201d Preises im Jahr 2000 hat man sich zum Ziel gesetzt, jene Pers\u00f6nlichkeiten der venetischen Unternehmerschaft zu ehren, die mit ihrem Engagement zum wirtschaftlichen, sozialen und kulturellen Wachstum des Landes beigetragen haben..<br \/>\nEs ist eine \u00f6ffentliche Danksagung, die den Unternehmen und den Unternehmern dieser Region, ihren Ideen und ihrem Mut, sie in Projekte umzusetzen, ihrer Leidenschaft und ihrem Bestreben, ein Zeichen ihrer Bem\u00fchungen zu setzen, gilt.<br \/>\nEs ist eine Anerkennung derjenigen, die den internationalen M\u00e4rkten entgegengetreten sind ohne dabei die eigenen Wurzeln zu vergessen indem sie ihre Projekte in der ganzen Welt bekannt gemacht, aber gleichzeitig Werte auf dem heimatlichen Territorium geschaffen haben.<br \/>\nEs soll ein Zeichen der Bewunderung und Wertsch\u00e4tzung gegen\u00fcber jenen Unternehmern sein, die uns alle, Unternehmer dieser Region und dieses Landes, etwas stolzer und mutiger gemacht haben.<\/p>\n<p><a href=\"http:\/\/museonicolis.com\/html\/uploads\/2016\/01\/6768.jpg\" rel=\"attachment wp-att-8959\"><img loading=\"lazy\" decoding=\"async\" width=\"663\" height=\"441\" class=\"alignnone size-medium wp-image-8959\" src=\"http:\/\/museonicolis.com\/html\/uploads\/2016\/01\/6768.jpg\" alt=\"6768\" srcset=\"https:\/\/www.museonicolis.com\/html\/uploads\/2016\/01\/6768.jpg 663w, https:\/\/www.museonicolis.com\/html\/uploads\/2016\/01\/6768-240x160.jpg 240w, https:\/\/www.museonicolis.com\/html\/uploads\/2016\/01\/6768-350x233.jpg 350w\" sizes=\"auto, (max-width: 663px) 100vw, 663px\" \/><\/a><\/p>\n<p style=\"text-align: justify;\">Es ist kein Zufall, dass das Museum Nicolis ein UNICUM in seiner Branche darstellt und als beispielhaft f\u00fcr die moderne Unternehmerkultur erw\u00e4hnt wird.<br \/>\nDie Nicolis sind seit 70 Jahren Unternehmer auf dem Gebiet der Wiederverwertung von Rohstoffen und Sekund\u00e4rstoffen. Der Familienbetrieb, Lamacart von Verona, ist f\u00fchrend im Recycling und in der Verarbeitung von Altpapier.<br \/>\nGrundkonzepte wie \u201cSammeln\u201d und \u201cWiederverwerten\u201d, die zum Wachstum des Unternehmens f\u00fchrten, sind dieselben der Sammelleidenschaft von Luciano Nicolis, was sich darin \u00e4u\u00dferte, dass er da \u201cJuwelen\u201d entdeckte, wo andere nur Schrott sahen, was ihm bei seinem Werk unerm\u00fcdlichen Suchens half, das ihn \u00fcberallhin in die Welt gef\u00fchrt hat um historische Autos ausfindig zu machen und sie zu erwerben, zu restaurieren und ihnen ihre einstige Pracht wiederzugeben. Eine Leidenschaft, die der Geschichte des Automobils ein Erbe hinterlassen hat, das sonst verloren gegangen w\u00e4re.<\/p>\n<p><strong>NEUGESTALTUNG<\/strong><\/p>\n<p style=\"text-align: justify;\">Eines der Merkmale von Museum Nicolis besteht in seiner F\u00e4higkeit, Tradition und Innovation, Vergangenheit und Zukunft, Althergebrachtes und Modernit\u00e4t miteinander zu verbinden.<br \/>\nDeshalb wollten wir bei einer institutionellen Initiative, wie \u201cder Preis\u201d, ein deutliches Zeichen dieser doppelten Seele setzen und haben zus\u00e4tzlich den Preis &#8222;Sfide d&#8217;Impresa&#8220; eingef\u00fchrt, der den jungen Unternehmern zu Beginn ihrer T\u00e4tigkeit gewidmet ist, die sich durch die Merkmale des Unternehmens, unternehmerische Kreativit\u00e4t, Charakteristiken der Struktur usw. hervorgehoben haben.<br \/>\nDie Einf\u00fchrung einer doppelten Anerkennung hat zum Ziel, nicht nur aus institutioneller Sicht ein wichtiges Event zu schaffen, sondern das Museum Nicolis als H\u00fcter der gro\u00dfen unternehmerischen Tradition des Veneto, Talent Scout und Supporter\u201d der jungen Unternehmergenerationen als Bezugspunkt zu positionieren.<\/p>\n","protected":false},"excerpt":{"rendered":"<p>Mit der Einf\u00fchrung des \u201cMuseo Nicolis\u201d Preises im Jahr 2000 hat man sich zum Ziel gesetzt, jene Pers\u00f6nlichkeiten der venetischen Unternehmerschaft zu ehren, die mit ihrem Engagement zum wirtschaftlichen, sozialen und kulturellen Wachstum des Landes beigetragen haben.. Es ist eine \u00f6ffentliche Danksagung, die den Unternehmen und den Unternehmern dieser Region, ihren Ideen und ihrem Mut,&#8230;<\/p>\n","protected":false},"author":7,"featured_media":0,"parent":0,"menu_order":0,"comment_status":"closed","ping_status":"closed","template":"","meta":{"_acf_changed":false,"om_disable_all_campaigns":false,"footnotes":""},"class_list":["post-9133","page","type-page","status-publish","hentry"],"acf":[],"yoast_head":"<!-- This site is optimized with the Yoast SEO plugin v22.0 - https:\/\/yoast.com\/wordpress\/plugins\/seo\/ -->\n<title>Geschichte und Merkmale - Museo Nicolis<\/title>\n<meta name=\"robots\" content=\"index, follow, max-snippet:-1, max-image-preview:large, max-video-preview:-1\" \/>\n<link rel=\"canonical\" href=\"https:\/\/www.museonicolis.com\/de\/geschichte-und-merkmale\/\" \/>\n<meta property=\"og:locale\" content=\"de_DE\" \/>\n<meta property=\"og:type\" content=\"article\" \/>\n<meta property=\"og:title\" content=\"Geschichte und Merkmale - Museo Nicolis\" \/>\n<meta property=\"og:description\" content=\"Mit der Einf\u00fchrung des \u201cMuseo Nicolis\u201d Preises im Jahr 2000 hat man sich zum Ziel gesetzt, jene Pers\u00f6nlichkeiten der venetischen Unternehmerschaft zu ehren, die mit ihrem Engagement zum wirtschaftlichen, sozialen und kulturellen Wachstum des Landes beigetragen haben.. Es ist eine \u00f6ffentliche Danksagung, die den Unternehmen und den Unternehmern dieser Region, ihren Ideen und ihrem Mut,...\" \/>\n<meta property=\"og:url\" content=\"https:\/\/www.museonicolis.com\/de\/geschichte-und-merkmale\/\" \/>\n<meta property=\"og:site_name\" content=\"Museo Nicolis\" \/>\n<meta property=\"article:modified_time\" content=\"2016-02-12T16:59:38+00:00\" \/>\n<meta property=\"og:image\" content=\"http:\/\/museonicolis.com\/html\/uploads\/2016\/01\/6768.jpg\" \/>\n<meta name=\"twitter:card\" content=\"summary_large_image\" \/>\n<meta name=\"twitter:label1\" content=\"Gesch\u00e4tzte Lesezeit\" \/>\n\t<meta name=\"twitter:data1\" content=\"2\u00a0Minuten\" \/>\n<script type=\"application\/ld+json\" class=\"yoast-schema-graph\">{\"@context\":\"https:\/\/schema.org\",\"@graph\":[{\"@type\":\"WebPage\",\"@id\":\"https:\/\/www.museonicolis.com\/de\/geschichte-und-merkmale\/\",\"url\":\"https:\/\/www.museonicolis.com\/de\/geschichte-und-merkmale\/\",\"name\":\"Geschichte und Merkmale - Museo Nicolis\",\"isPartOf\":{\"@id\":\"https:\/\/www.museonicolis.com\/#website\"},\"datePublished\":\"2016-01-28T15:33:38+00:00\",\"dateModified\":\"2016-02-12T16:59:38+00:00\",\"breadcrumb\":{\"@id\":\"https:\/\/www.museonicolis.com\/de\/geschichte-und-merkmale\/#breadcrumb\"},\"inLanguage\":\"de\",\"potentialAction\":[{\"@type\":\"ReadAction\",\"target\":[\"https:\/\/www.museonicolis.com\/de\/geschichte-und-merkmale\/\"]}]},{\"@type\":\"BreadcrumbList\",\"@id\":\"https:\/\/www.museonicolis.com\/de\/geschichte-und-merkmale\/#breadcrumb\",\"itemListElement\":[{\"@type\":\"ListItem\",\"position\":1,\"name\":\"Home\",\"item\":\"https:\/\/www.museonicolis.com\/de\/\"},{\"@type\":\"ListItem\",\"position\":2,\"name\":\"Geschichte und Merkmale\"}]},{\"@type\":\"WebSite\",\"@id\":\"https:\/\/www.museonicolis.com\/#website\",\"url\":\"https:\/\/www.museonicolis.com\/\",\"name\":\"Museo Nicolis\",\"description\":\"Hunderte von Autos, Motorr\u00e4der und Fahrr\u00e4der\",\"potentialAction\":[{\"@type\":\"SearchAction\",\"target\":{\"@type\":\"EntryPoint\",\"urlTemplate\":\"https:\/\/www.museonicolis.com\/?s={search_term_string}\"},\"query-input\":\"required name=search_term_string\"}],\"inLanguage\":\"de\"}]}<\/script>\n<!-- \/ Yoast SEO plugin. -->","yoast_head_json":{"title":"Geschichte und Merkmale - Museo Nicolis","robots":{"index":"index","follow":"follow","max-snippet":"max-snippet:-1","max-image-preview":"max-image-preview:large","max-video-preview":"max-video-preview:-1"},"canonical":"https:\/\/www.museonicolis.com\/de\/geschichte-und-merkmale\/","og_locale":"de_DE","og_type":"article","og_title":"Geschichte und Merkmale - Museo Nicolis","og_description":"Mit der Einf\u00fchrung des \u201cMuseo Nicolis\u201d Preises im Jahr 2000 hat man sich zum Ziel gesetzt, jene Pers\u00f6nlichkeiten der venetischen Unternehmerschaft zu ehren, die mit ihrem Engagement zum wirtschaftlichen, sozialen und kulturellen Wachstum des Landes beigetragen haben.. Es ist eine \u00f6ffentliche Danksagung, die den Unternehmen und den Unternehmern dieser Region, ihren Ideen und ihrem Mut,...","og_url":"https:\/\/www.museonicolis.com\/de\/geschichte-und-merkmale\/","og_site_name":"Museo Nicolis","article_modified_time":"2016-02-12T16:59:38+00:00","og_image":[{"url":"http:\/\/museonicolis.com\/html\/uploads\/2016\/01\/6768.jpg"}],"twitter_card":"summary_large_image","twitter_misc":{"Gesch\u00e4tzte Lesezeit":"2\u00a0Minuten"},"schema":{"@context":"https:\/\/schema.org","@graph":[{"@type":"WebPage","@id":"https:\/\/www.museonicolis.com\/de\/geschichte-und-merkmale\/","url":"https:\/\/www.museonicolis.com\/de\/geschichte-und-merkmale\/","name":"Geschichte und Merkmale - Museo Nicolis","isPartOf":{"@id":"https:\/\/www.museonicolis.com\/#website"},"datePublished":"2016-01-28T15:33:38+00:00","dateModified":"2016-02-12T16:59:38+00:00","breadcrumb":{"@id":"https:\/\/www.museonicolis.com\/de\/geschichte-und-merkmale\/#breadcrumb"},"inLanguage":"de","potentialAction":[{"@type":"ReadAction","target":["https:\/\/www.museonicolis.com\/de\/geschichte-und-merkmale\/"]}]},{"@type":"BreadcrumbList","@id":"https:\/\/www.museonicolis.com\/de\/geschichte-und-merkmale\/#breadcrumb","itemListElement":[{"@type":"ListItem","position":1,"name":"Home","item":"https:\/\/www.museonicolis.com\/de\/"},{"@type":"ListItem","position":2,"name":"Geschichte und Merkmale"}]},{"@type":"WebSite","@id":"https:\/\/www.museonicolis.com\/#website","url":"https:\/\/www.museonicolis.com\/","name":"Museo Nicolis","description":"Hunderte von Autos, Motorr\u00e4der und Fahrr\u00e4der","potentialAction":[{"@type":"SearchAction","target":{"@type":"EntryPoint","urlTemplate":"https:\/\/www.museonicolis.com\/?s={search_term_string}"},"query-input":"required name=search_term_string"}],"inLanguage":"de"}]}},"_links":{"self":[{"href":"https:\/\/www.museonicolis.com\/de\/wp-json\/wp\/v2\/pages\/9133","targetHints":{"allow":["GET"]}}],"collection":[{"href":"https:\/\/www.museonicolis.com\/de\/wp-json\/wp\/v2\/pages"}],"about":[{"href":"https:\/\/www.museonicolis.com\/de\/wp-json\/wp\/v2\/types\/page"}],"author":[{"embeddable":true,"href":"https:\/\/www.museonicolis.com\/de\/wp-json\/wp\/v2\/users\/7"}],"replies":[{"embeddable":true,"href":"https:\/\/www.museonicolis.com\/de\/wp-json\/wp\/v2\/comments?post=9133"}],"version-history":[{"count":0,"href":"https:\/\/www.museonicolis.com\/de\/wp-json\/wp\/v2\/pages\/9133\/revisions"}],"wp:attachment":[{"href":"https:\/\/www.museonicolis.com\/de\/wp-json\/wp\/v2\/media?parent=9133"}],"curies":[{"name":"wp","href":"https:\/\/api.w.org\/{rel}","templated":true}]}}