{"id":6794,"date":"2016-02-04T15:40:15","date_gmt":"2016-02-04T14:40:15","guid":{"rendered":"http:\/\/museonicolis.com\/?page_id=6794"},"modified":"2016-03-29T08:45:16","modified_gmt":"2016-03-29T06:45:16","slug":"home-3","status":"publish","type":"page","link":"https:\/\/www.museonicolis.com\/de\/home-3\/","title":{"rendered":"Startseite"},"content":{"rendered":"<p>Ein nicht im traditionellen Sinne konzipiertes Museum in Villafranca in der Provinz Verona, dessen Realisierung der innigste Wunsch von Luciano Nicolis war. Hunderte im Museum ausgestellter Automobile, Motorr\u00e4der und Fahrr\u00e4der erz\u00e4hlen die Entwicklung der Transportmittel in den letzten zei Jahrhunderten.<\/p>\n<p>Doch das Museum-nicht-Museum bietet weitaus mehr: Fotoapparate und Schreibmaschinen, Musikinstrumente und unauffindbare, einmalige Gegenst\u00e4nde.<\/p>\n<p><a href=\"http:\/\/museonicolis.com\/de\/der-grunder\/unternehmer-und-sammler\/\"><img loading=\"lazy\" decoding=\"async\" class=\"alignnone size-full wp-image-8772\" src=\"http:\/\/museonicolis.com\/html\/uploads\/2015\/11\/img-presentazione.jpg\" alt=\"img-presentazione\" width=\"661\" height=\"228\" srcset=\"https:\/\/www.museonicolis.com\/html\/uploads\/2015\/11\/img-presentazione.jpg 661w, https:\/\/www.museonicolis.com\/html\/uploads\/2015\/11\/img-presentazione-350x121.jpg 350w\" sizes=\"auto, (max-width: 661px) 100vw, 661px\" \/><\/a><\/p>\n","protected":false},"excerpt":{"rendered":"<p>Ein nicht im traditionellen Sinne konzipiertes Museum in Villafranca in der Provinz Verona, dessen Realisierung der innigste Wunsch von Luciano Nicolis war. Hunderte im Museum ausgestellter Automobile, Motorr\u00e4der und Fahrr\u00e4der erz\u00e4hlen die Entwicklung der Transportmittel in den letzten zei Jahrhunderten. Doch das Museum-nicht-Museum bietet weitaus mehr: Fotoapparate und Schreibmaschinen, Musikinstrumente und unauffindbare, einmalige Gegenst\u00e4nde.<\/p>\n","protected":false},"author":7,"featured_media":0,"parent":0,"menu_order":0,"comment_status":"closed","ping_status":"closed","template":"page-home.php","meta":{"_acf_changed":false,"om_disable_all_campaigns":false,"footnotes":""},"class_list":["post-6794","page","type-page","status-publish","hentry"],"acf":[],"yoast_head":"<!-- This site is optimized with the Yoast SEO plugin v22.0 - https:\/\/yoast.com\/wordpress\/plugins\/seo\/ -->\n<title>Startseite - Museo Nicolis<\/title>\n<meta name=\"robots\" content=\"index, follow, max-snippet:-1, max-image-preview:large, max-video-preview:-1\" \/>\n<link rel=\"canonical\" href=\"https:\/\/www.museonicolis.com\/de\/home-3\/\" \/>\n<meta property=\"og:locale\" content=\"de_DE\" \/>\n<meta property=\"og:type\" content=\"article\" \/>\n<meta property=\"og:title\" content=\"Startseite - Museo Nicolis\" \/>\n<meta property=\"og:description\" content=\"Ein nicht im traditionellen Sinne konzipiertes Museum in Villafranca in der Provinz Verona, dessen Realisierung der innigste Wunsch von Luciano Nicolis war. Hunderte im Museum ausgestellter Automobile, Motorr\u00e4der und Fahrr\u00e4der erz\u00e4hlen die Entwicklung der Transportmittel in den letzten zei Jahrhunderten. Doch das Museum-nicht-Museum bietet weitaus mehr: Fotoapparate und Schreibmaschinen, Musikinstrumente und unauffindbare, einmalige Gegenst\u00e4nde.\" \/>\n<meta property=\"og:url\" content=\"https:\/\/www.museonicolis.com\/de\/home-3\/\" \/>\n<meta property=\"og:site_name\" content=\"Museo Nicolis\" \/>\n<meta property=\"article:modified_time\" content=\"2016-03-29T06:45:16+00:00\" \/>\n<meta property=\"og:image\" content=\"http:\/\/museonicolis.com\/html\/uploads\/2015\/11\/img-presentazione.jpg\" \/>\n<meta name=\"twitter:card\" content=\"summary_large_image\" \/>\n<script type=\"application\/ld+json\" class=\"yoast-schema-graph\">{\"@context\":\"https:\/\/schema.org\",\"@graph\":[{\"@type\":\"WebPage\",\"@id\":\"https:\/\/www.museonicolis.com\/de\/home-3\/\",\"url\":\"https:\/\/www.museonicolis.com\/de\/home-3\/\",\"name\":\"Startseite - Museo Nicolis\",\"isPartOf\":{\"@id\":\"https:\/\/www.museonicolis.com\/#website\"},\"datePublished\":\"2016-02-04T14:40:15+00:00\",\"dateModified\":\"2016-03-29T06:45:16+00:00\",\"breadcrumb\":{\"@id\":\"https:\/\/www.museonicolis.com\/de\/home-3\/#breadcrumb\"},\"inLanguage\":\"de\",\"potentialAction\":[{\"@type\":\"ReadAction\",\"target\":[\"https:\/\/www.museonicolis.com\/de\/home-3\/\"]}]},{\"@type\":\"BreadcrumbList\",\"@id\":\"https:\/\/www.museonicolis.com\/de\/home-3\/#breadcrumb\",\"itemListElement\":[{\"@type\":\"ListItem\",\"position\":1,\"name\":\"Home\",\"item\":\"https:\/\/www.museonicolis.com\/de\/\"},{\"@type\":\"ListItem\",\"position\":2,\"name\":\"Startseite\"}]},{\"@type\":\"WebSite\",\"@id\":\"https:\/\/www.museonicolis.com\/#website\",\"url\":\"https:\/\/www.museonicolis.com\/\",\"name\":\"Museo Nicolis\",\"description\":\"Hunderte von Autos, Motorr\u00e4der und Fahrr\u00e4der\",\"potentialAction\":[{\"@type\":\"SearchAction\",\"target\":{\"@type\":\"EntryPoint\",\"urlTemplate\":\"https:\/\/www.museonicolis.com\/?s={search_term_string}\"},\"query-input\":\"required name=search_term_string\"}],\"inLanguage\":\"de\"}]}<\/script>\n<!-- \/ Yoast SEO plugin. -->","yoast_head_json":{"title":"Startseite - Museo Nicolis","robots":{"index":"index","follow":"follow","max-snippet":"max-snippet:-1","max-image-preview":"max-image-preview:large","max-video-preview":"max-video-preview:-1"},"canonical":"https:\/\/www.museonicolis.com\/de\/home-3\/","og_locale":"de_DE","og_type":"article","og_title":"Startseite - Museo Nicolis","og_description":"Ein nicht im traditionellen Sinne konzipiertes Museum in Villafranca in der Provinz Verona, dessen Realisierung der innigste Wunsch von Luciano Nicolis war. Hunderte im Museum ausgestellter Automobile, Motorr\u00e4der und Fahrr\u00e4der erz\u00e4hlen die Entwicklung der Transportmittel in den letzten zei Jahrhunderten. Doch das Museum-nicht-Museum bietet weitaus mehr: Fotoapparate und Schreibmaschinen, Musikinstrumente und unauffindbare, einmalige Gegenst\u00e4nde.","og_url":"https:\/\/www.museonicolis.com\/de\/home-3\/","og_site_name":"Museo Nicolis","article_modified_time":"2016-03-29T06:45:16+00:00","og_image":[{"url":"http:\/\/museonicolis.com\/html\/uploads\/2015\/11\/img-presentazione.jpg"}],"twitter_card":"summary_large_image","schema":{"@context":"https:\/\/schema.org","@graph":[{"@type":"WebPage","@id":"https:\/\/www.museonicolis.com\/de\/home-3\/","url":"https:\/\/www.museonicolis.com\/de\/home-3\/","name":"Startseite - Museo Nicolis","isPartOf":{"@id":"https:\/\/www.museonicolis.com\/#website"},"datePublished":"2016-02-04T14:40:15+00:00","dateModified":"2016-03-29T06:45:16+00:00","breadcrumb":{"@id":"https:\/\/www.museonicolis.com\/de\/home-3\/#breadcrumb"},"inLanguage":"de","potentialAction":[{"@type":"ReadAction","target":["https:\/\/www.museonicolis.com\/de\/home-3\/"]}]},{"@type":"BreadcrumbList","@id":"https:\/\/www.museonicolis.com\/de\/home-3\/#breadcrumb","itemListElement":[{"@type":"ListItem","position":1,"name":"Home","item":"https:\/\/www.museonicolis.com\/de\/"},{"@type":"ListItem","position":2,"name":"Startseite"}]},{"@type":"WebSite","@id":"https:\/\/www.museonicolis.com\/#website","url":"https:\/\/www.museonicolis.com\/","name":"Museo Nicolis","description":"Hunderte von Autos, Motorr\u00e4der und Fahrr\u00e4der","potentialAction":[{"@type":"SearchAction","target":{"@type":"EntryPoint","urlTemplate":"https:\/\/www.museonicolis.com\/?s={search_term_string}"},"query-input":"required name=search_term_string"}],"inLanguage":"de"}]}},"_links":{"self":[{"href":"https:\/\/www.museonicolis.com\/de\/wp-json\/wp\/v2\/pages\/6794","targetHints":{"allow":["GET"]}}],"collection":[{"href":"https:\/\/www.museonicolis.com\/de\/wp-json\/wp\/v2\/pages"}],"about":[{"href":"https:\/\/www.museonicolis.com\/de\/wp-json\/wp\/v2\/types\/page"}],"author":[{"embeddable":true,"href":"https:\/\/www.museonicolis.com\/de\/wp-json\/wp\/v2\/users\/7"}],"replies":[{"embeddable":true,"href":"https:\/\/www.museonicolis.com\/de\/wp-json\/wp\/v2\/comments?post=6794"}],"version-history":[{"count":0,"href":"https:\/\/www.museonicolis.com\/de\/wp-json\/wp\/v2\/pages\/6794\/revisions"}],"wp:attachment":[{"href":"https:\/\/www.museonicolis.com\/de\/wp-json\/wp\/v2\/media?parent=6794"}],"curies":[{"name":"wp","href":"https:\/\/api.w.org\/{rel}","templated":true}]}}