{"id":190453,"date":"2023-04-12T15:47:15","date_gmt":"2023-04-12T13:47:15","guid":{"rendered":"https:\/\/dev-museonicolis.leaduser.it\/proposte-didattiche\/"},"modified":"2023-07-24T18:32:47","modified_gmt":"2023-07-24T16:32:47","slug":"das-bildungsprojekt","status":"publish","type":"page","link":"https:\/\/www.museonicolis.com\/de\/das-bildungsprojekt\/","title":{"rendered":"Das Bildungsprojekt"},"content":{"rendered":"<p>[vc_row][vc_column][vc_empty_space height=&#8220;65px&#8220;][\/vc_column][\/vc_row][vc_row][vc_column][vc_column_text]<\/p>\n<h2><span style=\"color: #d20a10;\">DAS BILDUNGSPROJEKT\u00a0<\/span><\/h2>\n<p>[\/vc_column_text][vc_separator][\/vc_column][\/vc_row][vc_row][vc_column width=&#8220;1\/2&#8243;][vc_column_text]<\/p>\n<p style=\"text-align: justify;\">\u00dcber die Geschichte des Automobils, des Fahrrads, des Motorrads, des Leierkastens, des Fotoapparats und der Schreibmaschine nimmt man Kontakt mit der Geschichte, der Kunst, der Literatur, des Abenteuers, der Mode und der Umweltforschung auf.<\/p>\n<p>Wir organisieren nach Voranmeldung F\u00fchrungen f\u00fcr Klassen ab der Grundschule.<\/p>\n<p style=\"text-align: justify;\">Das Museum stellt au\u00dferdem R\u00e4ume, in denen die Sch\u00fcler ihre mitgebrachten Lunchpakete essen k\u00f6nnen, zur Verf\u00fcgung.<\/p>\n<p>[\/vc_column_text][vc_btn title=&#8220;Schauen Sie sich die gef\u00fchrten Touren an&#8220; link=&#8220;url:https%3A%2F%2Fwww.museonicolis.com%2Fde%2Fgefuehrte-besichtigungstouren%2F|title:F%C3%BChrungen||&#8220;][\/vc_column][vc_column width=&#8220;1\/2&#8243;][vc_single_image image=&#8220;191479&#8243; img_size=&#8220;full&#8220; alignment=&#8220;center&#8220;][\/vc_column][\/vc_row][vc_row][vc_column][vc_empty_space height=&#8220;52px&#8220;][\/vc_column][\/vc_row][vc_row][vc_column][vc_column_text]<\/p>\n<h2>F\u00fcllen Sie das Formular aus und fordern Sie Informationen an<\/h2>\n<p>[\/vc_column_text][vc_column_text]\n<div class=\"wpcf7 no-js\" id=\"wpcf7-f11430-o1\" lang=\"it-IT\" dir=\"ltr\">\n<div class=\"screen-reader-response\"><p role=\"status\" aria-live=\"polite\" aria-atomic=\"true\"><\/p> <ul><\/ul><\/div>\n<form action=\"\/de\/wp-json\/wp\/v2\/pages\/190453#wpcf7-f11430-o1\" method=\"post\" class=\"wpcf7-form init\" aria-label=\"Modulo di contatto\" novalidate=\"novalidate\" data-status=\"init\">\n<div style=\"display: none;\">\n<input type=\"hidden\" name=\"_wpcf7\" value=\"11430\" \/>\n<input type=\"hidden\" name=\"_wpcf7_version\" value=\"5.9.8\" \/>\n<input type=\"hidden\" name=\"_wpcf7_locale\" value=\"it_IT\" \/>\n<input type=\"hidden\" name=\"_wpcf7_unit_tag\" value=\"wpcf7-f11430-o1\" \/>\n<input type=\"hidden\" name=\"_wpcf7_container_post\" value=\"0\" \/>\n<input type=\"hidden\" name=\"_wpcf7_posted_data_hash\" value=\"\" \/>\n<input type=\"hidden\" name=\"_wpcf7_recaptcha_response\" value=\"\" \/>\n<\/div>\n<p>Vorname*<br \/>\n<span class=\"wpcf7-form-control-wrap\" data-name=\"nome\"><input size=\"40\" maxlength=\"400\" class=\"wpcf7-form-control wpcf7-text wpcf7-validates-as-required\" aria-required=\"true\" aria-invalid=\"false\" value=\"\" type=\"text\" name=\"nome\" \/><\/span>\n<\/p>\n<p>Email*<br \/>\n<span class=\"wpcf7-form-control-wrap\" data-name=\"email\"><input size=\"40\" maxlength=\"400\" class=\"wpcf7-form-control wpcf7-email wpcf7-validates-as-required wpcf7-text wpcf7-validates-as-email\" aria-required=\"true\" aria-invalid=\"false\" value=\"\" type=\"email\" name=\"email\" \/><\/span>\n<\/p>\n<p>Mitteilung<br \/>\n<span class=\"wpcf7-form-control-wrap\" data-name=\"messaggio\"><textarea cols=\"40\" rows=\"10\" maxlength=\"2000\" class=\"wpcf7-form-control wpcf7-textarea\" aria-invalid=\"false\" name=\"messaggio\"><\/textarea><\/span>\n<\/p>\n<p><span class=\"wpcf7-form-control-wrap\" data-name=\"privacy\"><span class=\"wpcf7-form-control wpcf7-acceptance\"><span class=\"wpcf7-list-item\"><input type=\"checkbox\" name=\"privacy\" value=\"1\" aria-invalid=\"false\" \/><\/span><\/span><\/span> Akzeptiere <small>Gem\u00e4\u00df der Gesetzesbestimmung 196\/03 werden die erfassten Daten ausschlie\u00dfliich dazu verwendet, in regelm\u00e4\u00dfigen Zeitabst\u00e4nden \u00fcber die Aktivit\u00e4ten und Initiativen von Museo Nicolis zu informieren und werden nicht an Dritte verbreitet. Die \u00dcbertragung der Daten ist fakultativ, dennoch ist es nicht m\u00f6glich, die verlangten Leistungen ohne pers\u00f6nliche Bez\u00fcge zu erbringen. Die betreffende Person kann ihre Rechte gem\u00e4\u00df Art. 7 der Gesetzesbestimmung 196\/03 aus\u00fcben. Der Inhaber der Datenbehandlung ist Museo Nicolis - Villafranca von Verona (VR), Italy. <\/small>\n<\/p>\n<p><input class=\"wpcf7-form-control wpcf7-submit has-spinner\" type=\"submit\" value=\"Senden\" \/>\n<\/p><div class=\"wpcf7-response-output\" aria-hidden=\"true\"><\/div>\n<\/form>\n<\/div>\n[\/vc_column_text][\/vc_column][\/vc_row]<\/p>\n","protected":false},"excerpt":{"rendered":"<p>[vc_row][vc_column][vc_empty_space height=&#8220;65px&#8220;][\/vc_column][\/vc_row][vc_row][vc_column][vc_column_text] DAS BILDUNGSPROJEKT\u00a0 [\/vc_column_text][vc_separator][\/vc_column][\/vc_row][vc_row][vc_column width=&#8220;1\/2&#8243;][vc_column_text] \u00dcber die Geschichte des Automobils, des Fahrrads, des Motorrads, des Leierkastens, des Fotoapparats und der Schreibmaschine nimmt man Kontakt mit der Geschichte, der Kunst, der Literatur, des Abenteuers, der Mode und der Umweltforschung auf. Wir organisieren nach Voranmeldung F\u00fchrungen f\u00fcr Klassen ab der Grundschule. Das Museum stellt au\u00dferdem R\u00e4ume,&#8230;<\/p>\n","protected":false},"author":23,"featured_media":98514,"parent":0,"menu_order":0,"comment_status":"closed","ping_status":"closed","template":"","meta":{"_acf_changed":false,"om_disable_all_campaigns":false,"footnotes":""},"class_list":["post-190453","page","type-page","status-publish","has-post-thumbnail","hentry"],"acf":[],"yoast_head":"<!-- This site is optimized with the Yoast SEO plugin v22.0 - https:\/\/yoast.com\/wordpress\/plugins\/seo\/ -->\n<title>Das Bildungsprojekt - Museo Nicolis<\/title>\n<meta name=\"robots\" content=\"index, follow, max-snippet:-1, max-image-preview:large, max-video-preview:-1\" \/>\n<link rel=\"canonical\" href=\"https:\/\/www.museonicolis.com\/de\/das-bildungsprojekt\/\" \/>\n<meta property=\"og:locale\" content=\"de_DE\" \/>\n<meta property=\"og:type\" content=\"article\" \/>\n<meta property=\"og:title\" content=\"Das Bildungsprojekt - Museo Nicolis\" \/>\n<meta property=\"og:description\" content=\"[vc_row][vc_column][vc_empty_space height=&#8220;65px&#8220;][\/vc_column][\/vc_row][vc_row][vc_column][vc_column_text] DAS BILDUNGSPROJEKT\u00a0 [\/vc_column_text][vc_separator][\/vc_column][\/vc_row][vc_row][vc_column width=&#8220;1\/2&#8243;][vc_column_text] \u00dcber die Geschichte des Automobils, des Fahrrads, des Motorrads, des Leierkastens, des Fotoapparats und der Schreibmaschine nimmt man Kontakt mit der Geschichte, der Kunst, der Literatur, des Abenteuers, der Mode und der Umweltforschung auf. Wir organisieren nach Voranmeldung F\u00fchrungen f\u00fcr Klassen ab der Grundschule. Das Museum stellt au\u00dferdem R\u00e4ume,...\" \/>\n<meta property=\"og:url\" content=\"https:\/\/www.museonicolis.com\/de\/das-bildungsprojekt\/\" \/>\n<meta property=\"og:site_name\" content=\"Museo Nicolis\" \/>\n<meta property=\"article:modified_time\" content=\"2023-07-24T16:32:47+00:00\" \/>\n<meta property=\"og:image\" content=\"https:\/\/www.museonicolis.com\/html\/uploads\/2016\/01\/orario.jpg\" \/>\n\t<meta property=\"og:image:width\" content=\"628\" \/>\n\t<meta property=\"og:image:height\" content=\"266\" \/>\n\t<meta property=\"og:image:type\" content=\"image\/jpeg\" \/>\n<meta name=\"twitter:card\" content=\"summary_large_image\" \/>\n<meta name=\"twitter:label1\" content=\"Gesch\u00e4tzte Lesezeit\" \/>\n\t<meta name=\"twitter:data1\" content=\"5\u00a0Minuten\" \/>\n<script type=\"application\/ld+json\" class=\"yoast-schema-graph\">{\"@context\":\"https:\/\/schema.org\",\"@graph\":[{\"@type\":\"WebPage\",\"@id\":\"https:\/\/www.museonicolis.com\/de\/das-bildungsprojekt\/\",\"url\":\"https:\/\/www.museonicolis.com\/de\/das-bildungsprojekt\/\",\"name\":\"Das Bildungsprojekt - Museo Nicolis\",\"isPartOf\":{\"@id\":\"https:\/\/www.museonicolis.com\/#website\"},\"datePublished\":\"2023-04-12T13:47:15+00:00\",\"dateModified\":\"2023-07-24T16:32:47+00:00\",\"breadcrumb\":{\"@id\":\"https:\/\/www.museonicolis.com\/de\/das-bildungsprojekt\/#breadcrumb\"},\"inLanguage\":\"de\",\"potentialAction\":[{\"@type\":\"ReadAction\",\"target\":[\"https:\/\/www.museonicolis.com\/de\/das-bildungsprojekt\/\"]}]},{\"@type\":\"BreadcrumbList\",\"@id\":\"https:\/\/www.museonicolis.com\/de\/das-bildungsprojekt\/#breadcrumb\",\"itemListElement\":[{\"@type\":\"ListItem\",\"position\":1,\"name\":\"Home\",\"item\":\"https:\/\/www.museonicolis.com\/de\/\"},{\"@type\":\"ListItem\",\"position\":2,\"name\":\"Das Bildungsprojekt\"}]},{\"@type\":\"WebSite\",\"@id\":\"https:\/\/www.museonicolis.com\/#website\",\"url\":\"https:\/\/www.museonicolis.com\/\",\"name\":\"Museo Nicolis\",\"description\":\"Hunderte von Autos, Motorr\u00e4der und Fahrr\u00e4der\",\"potentialAction\":[{\"@type\":\"SearchAction\",\"target\":{\"@type\":\"EntryPoint\",\"urlTemplate\":\"https:\/\/www.museonicolis.com\/?s={search_term_string}\"},\"query-input\":\"required name=search_term_string\"}],\"inLanguage\":\"de\"}]}<\/script>\n<!-- \/ Yoast SEO plugin. -->","yoast_head_json":{"title":"Das Bildungsprojekt - Museo Nicolis","robots":{"index":"index","follow":"follow","max-snippet":"max-snippet:-1","max-image-preview":"max-image-preview:large","max-video-preview":"max-video-preview:-1"},"canonical":"https:\/\/www.museonicolis.com\/de\/das-bildungsprojekt\/","og_locale":"de_DE","og_type":"article","og_title":"Das Bildungsprojekt - Museo Nicolis","og_description":"[vc_row][vc_column][vc_empty_space height=&#8220;65px&#8220;][\/vc_column][\/vc_row][vc_row][vc_column][vc_column_text] DAS BILDUNGSPROJEKT\u00a0 [\/vc_column_text][vc_separator][\/vc_column][\/vc_row][vc_row][vc_column width=&#8220;1\/2&#8243;][vc_column_text] \u00dcber die Geschichte des Automobils, des Fahrrads, des Motorrads, des Leierkastens, des Fotoapparats und der Schreibmaschine nimmt man Kontakt mit der Geschichte, der Kunst, der Literatur, des Abenteuers, der Mode und der Umweltforschung auf. Wir organisieren nach Voranmeldung F\u00fchrungen f\u00fcr Klassen ab der Grundschule. Das Museum stellt au\u00dferdem R\u00e4ume,...","og_url":"https:\/\/www.museonicolis.com\/de\/das-bildungsprojekt\/","og_site_name":"Museo Nicolis","article_modified_time":"2023-07-24T16:32:47+00:00","og_image":[{"width":628,"height":266,"url":"https:\/\/www.museonicolis.com\/html\/uploads\/2016\/01\/orario.jpg","type":"image\/jpeg"}],"twitter_card":"summary_large_image","twitter_misc":{"Gesch\u00e4tzte Lesezeit":"5\u00a0Minuten"},"schema":{"@context":"https:\/\/schema.org","@graph":[{"@type":"WebPage","@id":"https:\/\/www.museonicolis.com\/de\/das-bildungsprojekt\/","url":"https:\/\/www.museonicolis.com\/de\/das-bildungsprojekt\/","name":"Das Bildungsprojekt - Museo Nicolis","isPartOf":{"@id":"https:\/\/www.museonicolis.com\/#website"},"datePublished":"2023-04-12T13:47:15+00:00","dateModified":"2023-07-24T16:32:47+00:00","breadcrumb":{"@id":"https:\/\/www.museonicolis.com\/de\/das-bildungsprojekt\/#breadcrumb"},"inLanguage":"de","potentialAction":[{"@type":"ReadAction","target":["https:\/\/www.museonicolis.com\/de\/das-bildungsprojekt\/"]}]},{"@type":"BreadcrumbList","@id":"https:\/\/www.museonicolis.com\/de\/das-bildungsprojekt\/#breadcrumb","itemListElement":[{"@type":"ListItem","position":1,"name":"Home","item":"https:\/\/www.museonicolis.com\/de\/"},{"@type":"ListItem","position":2,"name":"Das Bildungsprojekt"}]},{"@type":"WebSite","@id":"https:\/\/www.museonicolis.com\/#website","url":"https:\/\/www.museonicolis.com\/","name":"Museo Nicolis","description":"Hunderte von Autos, Motorr\u00e4der und Fahrr\u00e4der","potentialAction":[{"@type":"SearchAction","target":{"@type":"EntryPoint","urlTemplate":"https:\/\/www.museonicolis.com\/?s={search_term_string}"},"query-input":"required name=search_term_string"}],"inLanguage":"de"}]}},"_links":{"self":[{"href":"https:\/\/www.museonicolis.com\/de\/wp-json\/wp\/v2\/pages\/190453","targetHints":{"allow":["GET"]}}],"collection":[{"href":"https:\/\/www.museonicolis.com\/de\/wp-json\/wp\/v2\/pages"}],"about":[{"href":"https:\/\/www.museonicolis.com\/de\/wp-json\/wp\/v2\/types\/page"}],"author":[{"embeddable":true,"href":"https:\/\/www.museonicolis.com\/de\/wp-json\/wp\/v2\/users\/23"}],"replies":[{"embeddable":true,"href":"https:\/\/www.museonicolis.com\/de\/wp-json\/wp\/v2\/comments?post=190453"}],"version-history":[{"count":10,"href":"https:\/\/www.museonicolis.com\/de\/wp-json\/wp\/v2\/pages\/190453\/revisions"}],"predecessor-version":[{"id":191780,"href":"https:\/\/www.museonicolis.com\/de\/wp-json\/wp\/v2\/pages\/190453\/revisions\/191780"}],"wp:featuredmedia":[{"embeddable":true,"href":"https:\/\/www.museonicolis.com\/de\/wp-json\/wp\/v2\/media\/98514"}],"wp:attachment":[{"href":"https:\/\/www.museonicolis.com\/de\/wp-json\/wp\/v2\/media?parent=190453"}],"curies":[{"name":"wp","href":"https:\/\/api.w.org\/{rel}","templated":true}]}}