{"id":190450,"date":"2023-04-12T11:37:32","date_gmt":"2023-04-12T09:37:32","guid":{"rendered":"https:\/\/dev-museonicolis.leaduser.it\/visite-guidate-2\/"},"modified":"2024-09-07T10:52:17","modified_gmt":"2024-09-07T08:52:17","slug":"gefuehrte-besichtigungstouren","status":"publish","type":"page","link":"https:\/\/www.museonicolis.com\/de\/gefuehrte-besichtigungstouren\/","title":{"rendered":"Gef\u00fchrte Besichtigungstouren"},"content":{"rendered":"<p>[vc_row][vc_column][vc_empty_space height=&#8220;65px&#8220;][\/vc_column][\/vc_row][vc_row][vc_column][vc_column_text]<\/p>\n<h2><span style=\"color: #d20a10;\">ENTDECKEN SIE DAS NICOLIS-MUSEUM<\/span><\/h2>\n<p>[\/vc_column_text][vc_separator][\/vc_column][\/vc_row][vc_row][vc_column][vc_column_text]Das Nicolis-Museum erz\u00e4hlt \u00fcber seine privaten Sammlungen, die zu den bedeutendsten in Italien und Europa z\u00e4hlen, die Geschichte der Technik und des Designs des 20. Jahrhunderts. Die Meisterwerke des Museums sind auf <span style=\"color: #993300;\"><strong>10 Sammlungen<\/strong> <\/span>verteilt: Oldtimer, Fahrr\u00e4der, Motorr\u00e4der, Fotoapparate und Schreibmaschinen, Musikinstrumente, Luftfahrzeuge, ein Milit\u00e4rbereich mit Andenken aus dem Ersten und dem Zweiten Weltkrieg, Modellautos, Modelleisenbahnen und Modellflugzeuge, eine Rarit\u00e4tensammlung mit \u00fcber 100 Lenkr\u00e4dern von Formel-1-Wagen- GT-Fahrzeugen und Sportwagen und ein Bereich f\u00fcr Motorrad-, Automobil- und Flugzeugmotoren.[\/vc_column_text][\/vc_column][\/vc_row][vc_row][vc_column width=&#8220;2\/3&#8243;][vc_column_text]<\/p>\n<div><span lang=\"DE\"><span style=\"color: #993300;\"><strong>Klassische<\/strong><\/span> F\u00fchrung auf Italienisch<\/span><\/div>\n<div><strong>ca.<\/strong> <strong>60\u2019\/90\u2019 minuten \u00a0 \u00a0 <\/strong><\/div>\n<div><strong>\u00a0 \u00a0 \u00a0 \u00a0 \u00a0<\/strong><\/div>\n<div><\/div>\n<div><span style=\"color: #993300;\"><strong>Familien<\/strong><\/span>-F\u00fchrung f\u00fcr <strong>Gruppen von bis zu 10 Personen<\/strong>, in italienischer Sprache<strong><br \/>\nca. 40\/60 Minuten \u00a0 \u00a0\u00a0<\/strong><\/div>\n<p>&nbsp;<\/p>\n<p>Gef\u00fchrte Besichtigungstour nach <span style=\"color: #993300;\"><strong>Thema,<\/strong><\/span>nur \u00fcber die Geschichte des Automobils, in italienischer Sprache<br \/>\n<strong>ca. 45\u2019 Minuten<\/strong><\/p>\n<div><\/div>\n<div><span lang=\"DE\"><span style=\"color: #993300;\"><strong>Klassische<\/strong><\/span> F\u00fchrung auf Englisch oder Deutsch<\/span><\/div>\n<div><strong>ca.<\/strong> <strong>60\u2019\/90\u2019 minuten <\/strong><\/div>\n<p>&nbsp;<\/p>\n<p><span style=\"color: #993300;\"><strong>Einf\u00fchrung<\/strong><\/span> in die Sammlungen auf Italienisch oder English<br \/>\n<strong>ca. 10\u2018 Minuten\u00a0<\/strong>[\/vc_column_text][\/vc_column][vc_column width=&#8220;1\/3&#8243;][vc_column_text]<\/p>\n<p style=\"text-align: right;\">100,00 \u20ac<\/p>\n<p>&nbsp;<\/p>\n<p style=\"text-align: right;\">50,00 \u20ac<\/p>\n<p>&nbsp;<\/p>\n<p style=\"text-align: right;\">75,00 \u20ac<\/p>\n<p>&nbsp;<\/p>\n<p style=\"text-align: right;\">150,00 \u20ac<\/p>\n<p>&nbsp;<\/p>\n<p style=\"text-align: right;\"><em>kostenlos<\/em><\/p>\n<p>[\/vc_column_text][\/vc_column][\/vc_row][vc_row][vc_column][vc_empty_space height=&#8220;52px&#8220;][\/vc_column][\/vc_row][vc_row][vc_column][vc_single_image image=&#8220;189655&#8243; img_size=&#8220;full&#8220; alignment=&#8220;center&#8220;][\/vc_column][\/vc_row][vc_row][vc_column][vc_empty_space height=&#8220;52px&#8220;][\/vc_column][\/vc_row][vc_row][vc_column][vc_column_text]<\/p>\n<h3><strong>F\u00dcR GRUPPEN<\/strong><\/h3>\n<p>Das Nicolis-Museum bietet gef\u00fchrte Besichtigungstouren zum Kennenlernen der ausgestellten Werke f\u00fcr<strong>\u00a0Gruppen, Tour Operator und Schulklassen.\u00a0<\/strong><\/p>\n<p>Auf den Besichtigungstouren zeigt das Personal verschiedene Sammlungen, erz\u00e4hlt \u00fcber die Kuriosit\u00e4ten und Einzelst\u00fccke der Ausstellung und gibt den Besuchern eine Einf\u00fchrung in\u00a0<strong>die Geschichte der Mechanik und des menschliche Geistes des 20. Jahrhunderts<\/strong>.<\/p>\n<p>Die F\u00fchrung dauert <strong>ungef\u00e4hr 90\u2019 Minuten<\/strong>, sie beginnt im ersten Stock und geht durch die verschiedenen Ausstellungsbereiche. Die Besichtigungstouren k\u00f6nnen jeden Tag\u00a0<strong>von 10:00 bis 18:00<\/strong> organisiert werden, au\u00dfer montags (an dem Tag hat das Museum geschlossen).<\/p>\n<ul>\n<li style=\"text-align: justify;\">F\u00fchrung in Italienisch, Englisch und Deutsch<\/li>\n<li style=\"text-align: justify;\">Begr\u00fc\u00dfungskaffee, Aperitif, B\u00fcfett, unter anderem mit typischen Weinen und Speisen des Gebiets.<\/li>\n<\/ul>\n<p>[\/vc_column_text][vc_btn title=&#8220;Entdecken Sie die f\u00fcr Schulen reservierten Wege&#8220; size=&#8220;sm&#8220; align=&#8220;left&#8220; link=&#8220;url:https%3A%2F%2Fwww.museonicolis.com%2Fde%2Fdas-bildungsprojekt%2F|title:Proposte%20Didattiche||&#8220;][\/vc_column][\/vc_row][vc_row][vc_column][vc_empty_space height=&#8220;90px&#8220;][\/vc_column][\/vc_row][vc_row][vc_column][vc_column_text]<\/p>\n<h3><strong>PRIVATE F\u00dcHRUNGEN<\/strong><\/h3>\n<p>Das Museum bietet private F\u00fchrung auch in der Business- und VIP-Formel mit personalisierter digitaler Einladung an.<\/p>\n<p>Unser Team gestaltet diese Erfahrung gem\u00e4\u00df den Anforderungen und W\u00fcnschen des Besuchers, der als Privatperson eine personalisierte Tour haben m\u00f6chte, oder der im Rahmen der Business Community empfangen wird.<\/p>\n<p>Die Tour durch die Ausstellungen sieht eine Pr\u00e4sentation des Gr\u00fcnders, des Museums und seiner Sammlungen mit besonderem Fokus auf die Entwicklung der Mechanik, der Technik und des Designs des 20 Jahrhunderts vor.<\/p>\n<p style=\"text-align: justify;\"><strong>Wir organisieren nach Reservierung:<\/strong><\/p>\n<ul>\n<li style=\"text-align: justify;\">F\u00fchrung in Italienisch, Englisch und Deutsch<\/li>\n<li style=\"text-align: justify;\">Begr\u00fc\u00dfungskaffee, Aperitif, B\u00fcfett, unter anderem mit typischen Weinen und Speisen des Gebiets.<\/li>\n<li style=\"text-align: justify;\">Abfahrten, Ank\u00fcnfte oder Etappen von Automobil- und Motorradsternfahrten jeden Niveaus.<\/li>\n<li style=\"text-align: justify;\">Siegerehrungen und Treffen von Gesellschaften, Vereinen usw.<\/li>\n<li style=\"text-align: left;\">Verteilung von Gadgets<\/li>\n<\/ul>\n<p>[\/vc_column_text][\/vc_column][\/vc_row][vc_row][vc_column][vc_empty_space height=&#8220;90px&#8220;][\/vc_column][\/vc_row][vc_row][vc_column][vc_column_text]<\/p>\n<h3><strong>AUF DER ENTDECKUNG DER REGION<\/strong><\/h3>\n<p style=\"text-align: justify;\">Nur wenige Minuten vom Gardasee und Verona entfernt hat bei uns die Gastfreundlichkeit Priorit\u00e4t. Wir f\u00f6rdern jeden Tag die Begegnung zwischen dem Museum und seiner Region und laden die Besucher dazu ein, die kulturellen, k\u00fcnstlerischen und \u00f6nogastronomischen Angebote des Gebiets zu erkunden. Das Nicolis-Museum f\u00f6rdert mit im Laufe der Zeit gefestigten Beziehungen mit den gr\u00f6\u00dften Touristikagenturen und Tour Operator Incomings den nationalen und internationalen Tourismus. Wir sind mittlerweile eine feste und beliebte Etappe von vielen Clubs und organisierten Freizeit- oder Liebhabergruppen geworden, die wir mit den von uns verwahrten Sch\u00e4tzen zum Staunen bringen.<\/p>\n<p>[\/vc_column_text][vc_btn title=&#8220;Entdecken Sie die touristischen Routen&#8220; color=&#8220;black&#8220; size=&#8220;sm&#8220; align=&#8220;left&#8220; link=&#8220;url:https%3A%2F%2Fwww.museonicolis.com%2Fde%2Ftourismus-gebiet%2F|title:Turismo%20e%20Territorio|target:%20_blank|&#8220;][\/vc_column][\/vc_row][vc_row][vc_column][vc_empty_space height=&#8220;90px&#8220;][\/vc_column][\/vc_row][vc_row][vc_column][vc_column_text]<\/p>\n<h2>Compila il form e richiedi informazioni<\/h2>\n<p>[\/vc_column_text][vc_column_text]\n                <div class='gf_browser_gecko gform_wrapper' id='gform_wrapper_5' ><form method='post' enctype='multipart\/form-data'  id='gform_5'  action='\/de\/wp-json\/wp\/v2\/pages\/190450'>\n                        <div class='gform_body'><ul id='gform_fields_5' class='gform_fields top_label form_sublabel_below description_below'><li id='field_5_1' class='gfield gfield_contains_required field_sublabel_below field_description_below gfield_visibility_visible' ><label class='gfield_label gfield_label_before_complex' for='input_5_1_3' >Nome<span class='gfield_required'>*<\/span><\/label><div class='ginput_complex ginput_container no_prefix has_first_name no_middle_name has_last_name no_suffix gf_name_has_2 ginput_container_name gfield_trigger_change' id='input_5_1'>\n                            \n                            <span id='input_5_1_3_container' class='name_first' >\n                                                    <input type='text' name='input_1.3' id='input_5_1_3' value='' aria-label='Vorname' tabindex='2'  aria-required=\"true\" aria-invalid=\"false\" \/>\n                                                    <label for='input_5_1_3' >Vorname<\/label>\n                                                <\/span>\n                            \n                            <span id='input_5_1_6_container' class='name_last' >\n                                                    <input type='text' name='input_1.6' id='input_5_1_6' value='' aria-label='Nachname' tabindex='4'  aria-required=\"true\" aria-invalid=\"false\" \/>\n                                                    <label for='input_5_1_6' >Nachname<\/label>\n                                                <\/span>\n                            \n                        <\/div><\/li><li id='field_5_2' class='gfield field_sublabel_below field_description_below gfield_visibility_visible' ><label class='gfield_label' for='input_5_2' >Citt\u00e0<\/label><div class='ginput_container ginput_container_text'><input name='input_2' id='input_5_2' type='text' value='' class='medium'  tabindex='6'    aria-invalid=\"false\" \/><\/div><\/li><li id='field_5_3' class='gfield gfield_contains_required field_sublabel_below field_description_below gfield_visibility_visible' ><label class='gfield_label' for='input_5_3' >Telefono<span class='gfield_required'>*<\/span><\/label><div class='ginput_container ginput_container_phone'><input name='input_3' id='input_5_3' type='text' value='' class='medium' tabindex='7'   aria-required=\"true\" aria-invalid=\"false\" \/><\/div><\/li><li id='field_5_4' class='gfield gfield_contains_required field_sublabel_below field_description_below gfield_visibility_visible' ><label class='gfield_label' for='input_5_4' >Email<span class='gfield_required'>*<\/span><\/label><div class='ginput_container ginput_container_email'>\n                            <input name='input_4' id='input_5_4' type='text' value='' class='medium' tabindex='8'    aria-required=\"true\" aria-invalid=\"false\"\/>\n                        <\/div><\/li><li id='field_5_5' class='gfield gfield_contains_required field_sublabel_below field_description_below gfield_visibility_visible' ><label class='gfield_label' for='input_5_5' >Data<span class='gfield_required'>*<\/span><\/label><div class='ginput_container ginput_container_date'>\n                            <input name='input_5' id='input_5_5' type='text' value='' class='datepicker medium dmy datepicker_no_icon' tabindex='9'  \/>\n                        <\/div>\n                        <input type='hidden' id='gforms_calendar_icon_input_5_5' class='gform_hidden' value='https:\/\/www.museonicolis.com\/html\/plugins\/gravityforms\/images\/calendar.png'\/><\/li><li id='field_5_6' class='gfield gfield_contains_required field_sublabel_below field_description_below gfield_visibility_visible' ><label class='gfield_label' for='input_5_6' >Numero persone<span class='gfield_required'>*<\/span><\/label><div class='ginput_container ginput_container_number'><input name='input_6' id='input_5_6' type='text'    value='' class='medium' tabindex='10'     aria-required=\"true\" aria-invalid=\"false\"\/><div class='instruction '>Bitte gib einen Wert zwischen <strong>1<\/strong> und <strong>100<\/strong> ein.<\/div><\/div><\/li><li id='field_5_7' class='gfield gfield_contains_required field_sublabel_below field_description_below gfield_visibility_visible' ><label class='gfield_label' for='input_5_7' >Tipo<span class='gfield_required'>*<\/span><\/label><div class='ginput_container ginput_container_select'><select name='input_7' id='input_5_7'  class='medium gfield_select' tabindex='11'  aria-required=\"true\" aria-invalid=\"false\"><option value='Scuola' >Scuola<\/option><option value='Gruppo' >Gruppo<\/option><option value='Club' >Club<\/option><\/select><\/div><\/li><li id='field_5_8' class='gfield gfield_contains_required field_sublabel_below field_description_below gfield_visibility_visible' ><label class='gfield_label'  >Tutela della privacy<span class='gfield_required'>*<\/span><\/label><div class='ginput_container ginput_container_checkbox'><ul class='gfield_checkbox' id='input_5_8'><li class='gchoice_5_8_1'>\n\t\t\t\t\t\t\t\t<input name='input_8.1' type='checkbox'  value='Presa visione dell\u2019&lt;a href=&quot;https:\/\/www.museonicolis.com\/privacy-policy\/&quot;&gt;Informativa Privacy&lt;\/a&gt;\u00a0acconsento al trattamento dei dati personali.'  id='choice_5_8_1' tabindex='12'  \/>\n\t\t\t\t\t\t\t\t<label for='choice_5_8_1' id='label_5_8_1'>Presa visione dell\u2019<a href=\" https:\/\/www.museonicolis.com\/privacy-policy\/\">Informativa Privacy<\/a>\u00a0acconsento al trattamento dei dati personali.<\/label>\n\t\t\t\t\t\t\t<\/li><\/ul><\/div><\/li>\n                            <\/ul><\/div>\n        <div class='gform_footer top_label'> <input type='submit' id='gform_submit_button_5' class='gform_button button' value='Invia' tabindex='13' onclick='if(window[\"gf_submitting_5\"]){return false;}  window[\"gf_submitting_5\"]=true;  ' onkeypress='if( event.keyCode == 13 ){ if(window[\"gf_submitting_5\"]){return false;} window[\"gf_submitting_5\"]=true;  jQuery(\"#gform_5\").trigger(\"submit\",[true]); }' \/> \n            <input type='hidden' class='gform_hidden' name='is_submit_5' value='1' \/>\n            <input type='hidden' class='gform_hidden' name='gform_submit' value='5' \/>\n            \n            <input type='hidden' class='gform_hidden' name='gform_unique_id' value='' \/>\n            <input type='hidden' class='gform_hidden' name='state_5' value='WyJbXSIsIjdlNmU1ZGQ3M2JiY2I5YmZhNTA3ZDg2YTI3NDlkOTQ4Il0=' \/>\n            <input type='hidden' class='gform_hidden' name='gform_target_page_number_5' id='gform_target_page_number_5' value='0' \/>\n            <input type='hidden' class='gform_hidden' name='gform_source_page_number_5' id='gform_source_page_number_5' value='1' \/>\n            <input type='hidden' name='gform_field_values' value='' \/>\n            \n        <\/div>\n                        <\/form>\n                        <\/div><script type='text\/javascript'> if(typeof gf_global == 'undefined') var gf_global = {\"gf_currency_config\":{\"name\":\"Euro\",\"symbol_left\":\"\",\"symbol_right\":\"&#8364;\",\"symbol_padding\":\" \",\"thousand_separator\":\".\",\"decimal_separator\":\",\",\"decimals\":2},\"base_url\":\"https:\\\/\\\/www.museonicolis.com\\\/html\\\/plugins\\\/gravityforms\",\"number_formats\":[],\"spinnerUrl\":\"https:\\\/\\\/www.museonicolis.com\\\/html\\\/plugins\\\/gravityforms\\\/images\\\/spinner.gif\"};jQuery(document).bind('gform_post_render', function(event, formId, currentPage){if(formId == 5) {} } );jQuery(document).bind('gform_post_conditional_logic', function(event, formId, fields, isInit){} );<\/script><script type='text\/javascript'> jQuery(document).ready(function(){jQuery(document).trigger('gform_post_render', [5, 1]) } ); <\/script>[\/vc_column_text][\/vc_column][\/vc_row]<\/p>\n","protected":false},"excerpt":{"rendered":"<p>[vc_row][vc_column][vc_empty_space height=&#8220;65px&#8220;][\/vc_column][\/vc_row][vc_row][vc_column][vc_column_text] ENTDECKEN SIE DAS NICOLIS-MUSEUM [\/vc_column_text][vc_separator][\/vc_column][\/vc_row][vc_row][vc_column][vc_column_text]Das Nicolis-Museum erz\u00e4hlt \u00fcber seine privaten Sammlungen, die zu den bedeutendsten in Italien und Europa z\u00e4hlen, die Geschichte der Technik und des Designs des 20. Jahrhunderts. Die Meisterwerke des Museums sind auf 10 Sammlungen verteilt: Oldtimer, Fahrr\u00e4der, Motorr\u00e4der, Fotoapparate und Schreibmaschinen, Musikinstrumente, Luftfahrzeuge, ein Milit\u00e4rbereich mit Andenken aus dem&#8230;<\/p>\n","protected":false},"author":23,"featured_media":90680,"parent":0,"menu_order":0,"comment_status":"closed","ping_status":"closed","template":"","meta":{"_acf_changed":false,"om_disable_all_campaigns":false,"footnotes":""},"class_list":["post-190450","page","type-page","status-publish","has-post-thumbnail","hentry"],"acf":[],"yoast_head":"<!-- This site is optimized with the Yoast SEO plugin v22.0 - https:\/\/yoast.com\/wordpress\/plugins\/seo\/ -->\n<title>Gef\u00fchrte Besichtigungstouren - Museo Nicolis<\/title>\n<meta name=\"robots\" content=\"index, follow, max-snippet:-1, max-image-preview:large, max-video-preview:-1\" \/>\n<link rel=\"canonical\" href=\"https:\/\/www.museonicolis.com\/de\/gefuehrte-besichtigungstouren\/\" \/>\n<meta property=\"og:locale\" content=\"de_DE\" \/>\n<meta property=\"og:type\" content=\"article\" \/>\n<meta property=\"og:title\" content=\"Gef\u00fchrte Besichtigungstouren - Museo Nicolis\" \/>\n<meta property=\"og:description\" content=\"[vc_row][vc_column][vc_empty_space height=&#8220;65px&#8220;][\/vc_column][\/vc_row][vc_row][vc_column][vc_column_text] ENTDECKEN SIE DAS NICOLIS-MUSEUM [\/vc_column_text][vc_separator][\/vc_column][\/vc_row][vc_row][vc_column][vc_column_text]Das Nicolis-Museum erz\u00e4hlt \u00fcber seine privaten Sammlungen, die zu den bedeutendsten in Italien und Europa z\u00e4hlen, die Geschichte der Technik und des Designs des 20. Jahrhunderts. Die Meisterwerke des Museums sind auf 10 Sammlungen verteilt: Oldtimer, Fahrr\u00e4der, Motorr\u00e4der, Fotoapparate und Schreibmaschinen, Musikinstrumente, Luftfahrzeuge, ein Milit\u00e4rbereich mit Andenken aus dem...\" \/>\n<meta property=\"og:url\" content=\"https:\/\/www.museonicolis.com\/de\/gefuehrte-besichtigungstouren\/\" \/>\n<meta property=\"og:site_name\" content=\"Museo Nicolis\" \/>\n<meta property=\"article:modified_time\" content=\"2024-09-07T08:52:17+00:00\" \/>\n<meta property=\"og:image\" content=\"http:\/\/www.museonicolis.com\/html\/uploads\/2016\/01\/orario.jpg\" \/>\n\t<meta property=\"og:image:width\" content=\"628\" \/>\n\t<meta property=\"og:image:height\" content=\"266\" \/>\n\t<meta property=\"og:image:type\" content=\"image\/jpeg\" \/>\n<meta name=\"twitter:card\" content=\"summary_large_image\" \/>\n<meta name=\"twitter:label1\" content=\"Gesch\u00e4tzte Lesezeit\" \/>\n\t<meta name=\"twitter:data1\" content=\"3\u00a0Minuten\" \/>\n<script type=\"application\/ld+json\" class=\"yoast-schema-graph\">{\"@context\":\"https:\/\/schema.org\",\"@graph\":[{\"@type\":\"WebPage\",\"@id\":\"https:\/\/www.museonicolis.com\/de\/gefuehrte-besichtigungstouren\/\",\"url\":\"https:\/\/www.museonicolis.com\/de\/gefuehrte-besichtigungstouren\/\",\"name\":\"Gef\u00fchrte Besichtigungstouren - Museo Nicolis\",\"isPartOf\":{\"@id\":\"https:\/\/www.museonicolis.com\/#website\"},\"datePublished\":\"2023-04-12T09:37:32+00:00\",\"dateModified\":\"2024-09-07T08:52:17+00:00\",\"breadcrumb\":{\"@id\":\"https:\/\/www.museonicolis.com\/de\/gefuehrte-besichtigungstouren\/#breadcrumb\"},\"inLanguage\":\"de\",\"potentialAction\":[{\"@type\":\"ReadAction\",\"target\":[\"https:\/\/www.museonicolis.com\/de\/gefuehrte-besichtigungstouren\/\"]}]},{\"@type\":\"BreadcrumbList\",\"@id\":\"https:\/\/www.museonicolis.com\/de\/gefuehrte-besichtigungstouren\/#breadcrumb\",\"itemListElement\":[{\"@type\":\"ListItem\",\"position\":1,\"name\":\"Home\",\"item\":\"https:\/\/www.museonicolis.com\/de\/\"},{\"@type\":\"ListItem\",\"position\":2,\"name\":\"Gef\u00fchrte Besichtigungstouren\"}]},{\"@type\":\"WebSite\",\"@id\":\"https:\/\/www.museonicolis.com\/#website\",\"url\":\"https:\/\/www.museonicolis.com\/\",\"name\":\"Museo Nicolis\",\"description\":\"Hunderte von Autos, Motorr\u00e4der und Fahrr\u00e4der\",\"potentialAction\":[{\"@type\":\"SearchAction\",\"target\":{\"@type\":\"EntryPoint\",\"urlTemplate\":\"https:\/\/www.museonicolis.com\/?s={search_term_string}\"},\"query-input\":\"required name=search_term_string\"}],\"inLanguage\":\"de\"}]}<\/script>\n<!-- \/ Yoast SEO plugin. -->","yoast_head_json":{"title":"Gef\u00fchrte Besichtigungstouren - Museo Nicolis","robots":{"index":"index","follow":"follow","max-snippet":"max-snippet:-1","max-image-preview":"max-image-preview:large","max-video-preview":"max-video-preview:-1"},"canonical":"https:\/\/www.museonicolis.com\/de\/gefuehrte-besichtigungstouren\/","og_locale":"de_DE","og_type":"article","og_title":"Gef\u00fchrte Besichtigungstouren - Museo Nicolis","og_description":"[vc_row][vc_column][vc_empty_space height=&#8220;65px&#8220;][\/vc_column][\/vc_row][vc_row][vc_column][vc_column_text] ENTDECKEN SIE DAS NICOLIS-MUSEUM [\/vc_column_text][vc_separator][\/vc_column][\/vc_row][vc_row][vc_column][vc_column_text]Das Nicolis-Museum erz\u00e4hlt \u00fcber seine privaten Sammlungen, die zu den bedeutendsten in Italien und Europa z\u00e4hlen, die Geschichte der Technik und des Designs des 20. Jahrhunderts. Die Meisterwerke des Museums sind auf 10 Sammlungen verteilt: Oldtimer, Fahrr\u00e4der, Motorr\u00e4der, Fotoapparate und Schreibmaschinen, Musikinstrumente, Luftfahrzeuge, ein Milit\u00e4rbereich mit Andenken aus dem...","og_url":"https:\/\/www.museonicolis.com\/de\/gefuehrte-besichtigungstouren\/","og_site_name":"Museo Nicolis","article_modified_time":"2024-09-07T08:52:17+00:00","og_image":[{"width":628,"height":266,"url":"http:\/\/www.museonicolis.com\/html\/uploads\/2016\/01\/orario.jpg","type":"image\/jpeg"}],"twitter_card":"summary_large_image","twitter_misc":{"Gesch\u00e4tzte Lesezeit":"3\u00a0Minuten"},"schema":{"@context":"https:\/\/schema.org","@graph":[{"@type":"WebPage","@id":"https:\/\/www.museonicolis.com\/de\/gefuehrte-besichtigungstouren\/","url":"https:\/\/www.museonicolis.com\/de\/gefuehrte-besichtigungstouren\/","name":"Gef\u00fchrte Besichtigungstouren - Museo Nicolis","isPartOf":{"@id":"https:\/\/www.museonicolis.com\/#website"},"datePublished":"2023-04-12T09:37:32+00:00","dateModified":"2024-09-07T08:52:17+00:00","breadcrumb":{"@id":"https:\/\/www.museonicolis.com\/de\/gefuehrte-besichtigungstouren\/#breadcrumb"},"inLanguage":"de","potentialAction":[{"@type":"ReadAction","target":["https:\/\/www.museonicolis.com\/de\/gefuehrte-besichtigungstouren\/"]}]},{"@type":"BreadcrumbList","@id":"https:\/\/www.museonicolis.com\/de\/gefuehrte-besichtigungstouren\/#breadcrumb","itemListElement":[{"@type":"ListItem","position":1,"name":"Home","item":"https:\/\/www.museonicolis.com\/de\/"},{"@type":"ListItem","position":2,"name":"Gef\u00fchrte Besichtigungstouren"}]},{"@type":"WebSite","@id":"https:\/\/www.museonicolis.com\/#website","url":"https:\/\/www.museonicolis.com\/","name":"Museo Nicolis","description":"Hunderte von Autos, Motorr\u00e4der und Fahrr\u00e4der","potentialAction":[{"@type":"SearchAction","target":{"@type":"EntryPoint","urlTemplate":"https:\/\/www.museonicolis.com\/?s={search_term_string}"},"query-input":"required name=search_term_string"}],"inLanguage":"de"}]}},"_links":{"self":[{"href":"https:\/\/www.museonicolis.com\/de\/wp-json\/wp\/v2\/pages\/190450","targetHints":{"allow":["GET"]}}],"collection":[{"href":"https:\/\/www.museonicolis.com\/de\/wp-json\/wp\/v2\/pages"}],"about":[{"href":"https:\/\/www.museonicolis.com\/de\/wp-json\/wp\/v2\/types\/page"}],"author":[{"embeddable":true,"href":"https:\/\/www.museonicolis.com\/de\/wp-json\/wp\/v2\/users\/23"}],"replies":[{"embeddable":true,"href":"https:\/\/www.museonicolis.com\/de\/wp-json\/wp\/v2\/comments?post=190450"}],"version-history":[{"count":9,"href":"https:\/\/www.museonicolis.com\/de\/wp-json\/wp\/v2\/pages\/190450\/revisions"}],"predecessor-version":[{"id":211736,"href":"https:\/\/www.museonicolis.com\/de\/wp-json\/wp\/v2\/pages\/190450\/revisions\/211736"}],"wp:featuredmedia":[{"embeddable":true,"href":"https:\/\/www.museonicolis.com\/de\/wp-json\/wp\/v2\/media\/90680"}],"wp:attachment":[{"href":"https:\/\/www.museonicolis.com\/de\/wp-json\/wp\/v2\/media?parent=190450"}],"curies":[{"name":"wp","href":"https:\/\/api.w.org\/{rel}","templated":true}]}}