{"id":10973,"date":"2016-01-28T16:35:25","date_gmt":"2016-01-28T15:35:25","guid":{"rendered":"http:\/\/museonicolis.com\/de\/i-premiati\/"},"modified":"2016-02-12T17:58:04","modified_gmt":"2016-02-12T16:58:04","slug":"i-premiati","status":"publish","type":"page","link":"https:\/\/www.museonicolis.com\/de\/i-premiati\/","title":{"rendered":"Preistr\u00e4ger"},"content":{"rendered":"<div style=\"text-align: left;\">\n<h2 style=\"text-align: center;\"><strong>Verleihung &#8222;Museo Nicolis Preis&#8220; und 3. Preisverleihung &#8222;Sfide d&#8217;Impresa&#8220;<\/strong><\/h2>\n<p><strong>Museo Nicolis Preis: Giuseppe Manni<\/strong> &#8211; Vorsitzender der Gruppe Manni<\/p>\n<p><img loading=\"lazy\" decoding=\"async\" class=\"aligncenter size-full wp-image-9136\" src=\"http:\/\/museonicolis.com\/html\/uploads\/2016\/01\/8225.jpg\" alt=\"8225\" width=\"663\" height=\"442\" srcset=\"https:\/\/www.museonicolis.com\/html\/uploads\/2016\/01\/8225.jpg 663w, https:\/\/www.museonicolis.com\/html\/uploads\/2016\/01\/8225-240x160.jpg 240w, https:\/\/www.museonicolis.com\/html\/uploads\/2016\/01\/8225-350x233.jpg 350w\" sizes=\"auto, (max-width: 663px) 100vw, 663px\" \/><\/p>\n<\/div>\n<p style=\"text-align: justify;\"><strong>Preis Sfide d&#8217;Impresa: Riccardo Donadon<\/strong> &#8211; Gr\u00fcnder H-Farm<\/p>\n<p style=\"text-align: justify;\"><img loading=\"lazy\" decoding=\"async\" class=\"aligncenter size-full wp-image-9138\" src=\"http:\/\/museonicolis.com\/html\/uploads\/2016\/01\/8226.jpg\" alt=\"8226\" width=\"663\" height=\"442\" srcset=\"https:\/\/www.museonicolis.com\/html\/uploads\/2016\/01\/8226.jpg 663w, https:\/\/www.museonicolis.com\/html\/uploads\/2016\/01\/8226-240x160.jpg 240w, https:\/\/www.museonicolis.com\/html\/uploads\/2016\/01\/8226-350x233.jpg 350w\" sizes=\"auto, (max-width: 663px) 100vw, 663px\" \/><\/p>\n<p style=\"text-align: justify;\"><img loading=\"lazy\" decoding=\"async\" class=\"aligncenter size-full wp-image-9140\" src=\"http:\/\/museonicolis.com\/html\/uploads\/2016\/01\/8232.jpg\" alt=\"8232\" width=\"663\" height=\"442\" srcset=\"https:\/\/www.museonicolis.com\/html\/uploads\/2016\/01\/8232.jpg 663w, https:\/\/www.museonicolis.com\/html\/uploads\/2016\/01\/8232-240x160.jpg 240w, https:\/\/www.museonicolis.com\/html\/uploads\/2016\/01\/8232-350x233.jpg 350w\" sizes=\"auto, (max-width: 663px) 100vw, 663px\" \/><\/p>\n<h2 style=\"text-align: center;\"><\/h2>\n<h2 style=\"text-align: center;\"><strong>5. Verleihung &#8222;Museo Nicolis Preis&#8220; und 2. Preisverleihung &#8222;Sfide d&#8217;Impresa&#8220;<\/strong><\/h2>\n<p><strong>Museo Nicolis Preis: <em>Cav. del Lav<\/em>. Giovanni Rana<\/strong> &#8211; Gr\u00fcnder Pastificio Rana<\/p>\n<p style=\"text-align: center;\"><img loading=\"lazy\" decoding=\"async\" class=\"aligncenter size-full wp-image-9141\" src=\"http:\/\/museonicolis.com\/html\/uploads\/2016\/01\/6781.jpg\" alt=\"6781\" width=\"663\" height=\"441\" srcset=\"https:\/\/www.museonicolis.com\/html\/uploads\/2016\/01\/6781.jpg 663w, https:\/\/www.museonicolis.com\/html\/uploads\/2016\/01\/6781-240x160.jpg 240w, https:\/\/www.museonicolis.com\/html\/uploads\/2016\/01\/6781-350x233.jpg 350w\" sizes=\"auto, (max-width: 663px) 100vw, 663px\" \/>Silvia und Thomas Nicolis verleihen den Preis an Giovanni Rana<\/p>\n<p style=\"text-align: left;\"><strong>Der Preis<\/strong> wurde <strong>Giovanni Rana<\/strong> verliehen, unangefochtener Botschafter des Made in Italy f\u00fcr den Gaumen. Der Veroneser Industrielle hat den Werdegang seines Unternehmens erz\u00e4hlt. Es startete in den 60er Jahren mit der Produktion frischer handgefertigter Tortellini (Rana selbst verfolgte die Zubereitung). Daraus entwickelte sich mit der Einf\u00fchrung der ersten Maschinen ein Betrieb und es folgte nicht nur ein Produktionssprung (1968 von 10 kg Nudelteig t\u00e4glich auf 10 kg st\u00fcndlich!), sondern eine komplette Industrialisierung des Produkts unter unver\u00e4nderter Beibehaltung der Qualit\u00e4t und G\u00fcte eines hausgemachten Nudelteigs. Die Einf\u00fchrung von modernsten Steuersystemen in die gesamte Produktionskette (Produktion, Verpackung, Konservierung, Lagerung, Vertrieb) hat Rana als einen der modernsten Betriebe in der Branche gef\u00fcllter Eierteigwaren zu einem in der top-ten plazierten Unternehmen gemacht und war ausschlaggebend f\u00fcr seine iLeadership im italienischen Markt. Die nat\u00fcrliche Gesch\u00e4ftsentwicklung durch den Beitritt von Gian Luca Rana zielte auf Internationalisierung und Eroberung der europ\u00e4ischen Hauptm\u00e4rkte.<\/p>\n<p style=\"text-align: left;\"><strong>Preis Sfide d&#8217;Impresa: Alessio Scaboro und Lucio Biondaro<\/strong> &#8211; die Gr\u00fcnder von Pleiadi<\/p>\n<p style=\"text-align: center;\"><img loading=\"lazy\" decoding=\"async\" class=\"aligncenter size-full wp-image-9142\" src=\"http:\/\/museonicolis.com\/html\/uploads\/2016\/01\/6782.jpg\" alt=\"6782\" width=\"663\" height=\"441\" srcset=\"https:\/\/www.museonicolis.com\/html\/uploads\/2016\/01\/6782.jpg 663w, https:\/\/www.museonicolis.com\/html\/uploads\/2016\/01\/6782-240x160.jpg 240w, https:\/\/www.museonicolis.com\/html\/uploads\/2016\/01\/6782-350x233.jpg 350w\" sizes=\"auto, (max-width: 663px) 100vw, 663px\" \/>Lucio Biondaro und Alessio Scaboro erhalten den Preis von Silvia und Thomas Nicolis<\/p>\n<p style=\"text-align: left;\"><strong>Der Preis <\/strong>wurde <strong>Alessandro Scaboro<\/strong> und <strong>Lucio Biondaro<\/strong> von <strong>Pleiadi <\/strong>verliehen, ein 2009 gegr\u00fcndetes Unternehmen mit dem Ziel, Wissenschaft interaktiv mitzuteilen und zu verbreiten, die einzige Gesellschaft im Veneto, die Mitglied von ECSITE &#8211; The European Network of Science Center and Museums &#8211; ist.<br \/>\nDurch didaktische Laboratorien, ein digitales Planetarium, Wochen der Wissenschaft und Kulturveranstaltungen wirkt Pleiadi mit Wanderaktivit\u00e4ten in verschiedenen Regionen Italiens und entwickelt wichtige Lehrprogramme mit wissenschaftlichen Inhalten f\u00fcr Betriebe und Einrichtungen.<\/p>\n<h2 style=\"text-align: center;\"><strong>4- Veranstaltung &#8222;Museo-Nicolis-Preis&#8220; und 1- Veranstaltung &#8222;Sfide d&#8217;Impresa&#8220;<\/strong><\/h2>\n<p><strong>Museo Nicolis-Preis: <em>Cavaliere del Lavoro<\/em> Sandro Veronesi<\/strong>\u00a0&#8211; Vorsitzender der Gruppe Calzedonia<\/p>\n<p style=\"text-align: center;\"><img loading=\"lazy\" decoding=\"async\" class=\"aligncenter size-full wp-image-9143\" src=\"http:\/\/museonicolis.com\/html\/uploads\/2016\/01\/6778.jpg\" alt=\"6778\" width=\"663\" height=\"441\" srcset=\"https:\/\/www.museonicolis.com\/html\/uploads\/2016\/01\/6778.jpg 663w, https:\/\/www.museonicolis.com\/html\/uploads\/2016\/01\/6778-240x160.jpg 240w, https:\/\/www.museonicolis.com\/html\/uploads\/2016\/01\/6778-350x233.jpg 350w\" sizes=\"auto, (max-width: 663px) 100vw, 663px\" \/>Luciano Nicolis verleiht den Preis an Sandro Veronesi<\/p>\n<p style=\"text-align: justify;\"><strong>Der Preis<\/strong> wurde <strong>Sandro Veronesi<\/strong> verliehen, Gesch\u00e4ftsf\u00fchrer von Calzedonia, einer von ihm 1987gegr\u00fcndeten Gesellschaft, die heute im Markt der Intimw\u00e4sche eine Spitzenposition einnimmt; eine dynamische Realit\u00e4t, die heute mehr als je auf Internationalisierung orientiert ist.<br \/>\nDas Geheimnis f\u00fcr den Erfolg in Italien und in der Welt liegt in dem absolut wettbewerbsf\u00e4higen Verh\u00e4ltnis von Qualit\u00e4t und Preis. Durch aufmerksame stilistische Studien und Design, die Verwendung von modernen Materialien und Stoffen und Kollektionen, die Geschmack und Tendenzen vorauseilen. .<br \/>\nErfolgreich auch die Vertriebsidee, die f\u00fcr alle drei Marken \u00fcbernommen wurde. Ein wendiges Franchising-Netz setzt auf die extreme Image-Kultur der Gesch\u00e4fte und auf die strategische Positionierung in den pulsierenden Teilen der wichtigsten St\u00e4dte. Ein Konzept, das vom Vorsitzenden Sandro Veronesi bereits 1987 f\u00fcr Str\u00fcmpfe und Badebekleidung beim Lancieren von Calzedonia eingef\u00fchrt und dann f\u00fcr Intimw\u00e4sche mit den Marken Intimissimi und Tezenis \u00fcbernommen wurde.<\/p>\n<p style=\"text-align: justify;\"><strong>Preis Sfide d&#8217;Impresa: Andrea Dusi<\/strong> &#8211; CEO Wish Days\/Elation<\/p>\n<p style=\"text-align: center;\"><img loading=\"lazy\" decoding=\"async\" class=\"aligncenter size-full wp-image-9156\" src=\"http:\/\/museonicolis.com\/html\/uploads\/2016\/01\/6773.jpg\" alt=\"6773\" width=\"663\" height=\"441\" srcset=\"https:\/\/www.museonicolis.com\/html\/uploads\/2016\/01\/6773.jpg 663w, https:\/\/www.museonicolis.com\/html\/uploads\/2016\/01\/6773-240x160.jpg 240w, https:\/\/www.museonicolis.com\/html\/uploads\/2016\/01\/6773-350x233.jpg 350w\" sizes=\"auto, (max-width: 663px) 100vw, 663px\" \/>Luciano Nicolis und Andrea Dusi mit dem Preis Sfide d&#8217;Impresa<\/p>\n<p style=\"text-align: justify;\">Erstmalige Verleihung des Preises \u201cSfide d\u2019Impresa\u201d. Der Preis wird Andrea Dusi zuerkannt, Gesch\u00e4ftsf\u00fchrer von Elation, erstes italienisches Portal in den \u201cexperience gifts\u201d und ein Unternehmen, das den Markt mit innovativen Web-Projekten herausgefordert hat<\/p>\n<h2 style=\"text-align: center;\">3. Veranstaltung &#8222;Museo-Nicolis-Preis&#8220;<\/h2>\n<p><strong>Museo Nicolis-Preis: Sandro Boscaini<\/strong> &#8211; Vorsitzender Masi Agricola<\/p>\n<p style=\"text-align: center;\"><img loading=\"lazy\" decoding=\"async\" class=\"aligncenter size-full wp-image-9157\" src=\"http:\/\/museonicolis.com\/html\/uploads\/2016\/01\/6772.jpg\" alt=\"6772\" width=\"663\" height=\"441\" srcset=\"https:\/\/www.museonicolis.com\/html\/uploads\/2016\/01\/6772.jpg 663w, https:\/\/www.museonicolis.com\/html\/uploads\/2016\/01\/6772-240x160.jpg 240w, https:\/\/www.museonicolis.com\/html\/uploads\/2016\/01\/6772-350x233.jpg 350w\" sizes=\"auto, (max-width: 663px) 100vw, 663px\" \/>Luciano Nicolis und Sandro Boscaini mit dem Preis<\/p>\n<p style=\"text-align: justify;\"><strong>Der Preis<\/strong> wurde <strong>Sandro Boscaini<\/strong> verliehen, Vorstand von <strong>Masi Agricola<\/strong>, einer der Protagonisten der italienischen Branche der Weinerzeugung und des Weinanbaus. Als Unternehmer konnte er in den M\u00e4rkten der ganzen Welt bedeutende Resultate erzielen.<br \/>\nSandro Boscaini verk\u00f6rpert die sechste Generation einer venetischen Winzerfamilie; die Produkte von Masi Agricola sind in mehr als 60 L\u00e4ndern bekannt und die Ausfuhrquote \u00fcberschreitet 88% der Produktion, womit sich das Unternehmen als eine der wichtigsten italienischen Realit\u00e4ten der Weinbranche in der Welt behauptet hat.<br \/>\nEin Podiumsgespr\u00e4ch zumThema: \u201cVenetische Vortrefflichkeit mit Wissen, Tradition und Innovation\u201c ging der Preisverleihungsfeier voraus.<br \/>\nVon Talent, unternehmerischen Herausforderungen und venetischen Vorz\u00fcglichkeiten sprach man auch beim Live-Interview zwischen Sandro Boscaini und Roberto Di Lellis. Dabei wurde der Werdegang von Masi Agricola, und dessen heute in aller Welt ber\u00fchmten Weine, und die von der Stiftung Masi gef\u00f6rderten kulturellen Initiativen durchlaufen.<\/p>\n<h2 style=\"text-align: center;\">2. Veranstaltung &#8222;Museo-Nicolis-Preis&#8220;<\/h2>\n<p><strong>Museo Nicolis-Preis: Alessandro Fedrigoni<\/strong> &#8211; Vorsitzender der Gruppe Cartiere Fedrigoni<\/p>\n<p style=\"text-align: center;\"><img loading=\"lazy\" decoding=\"async\" class=\"aligncenter size-full wp-image-9159\" src=\"http:\/\/museonicolis.com\/html\/uploads\/2016\/01\/6771.jpg\" alt=\"6771\" width=\"663\" height=\"441\" srcset=\"https:\/\/www.museonicolis.com\/html\/uploads\/2016\/01\/6771.jpg 663w, https:\/\/www.museonicolis.com\/html\/uploads\/2016\/01\/6771-240x160.jpg 240w, https:\/\/www.museonicolis.com\/html\/uploads\/2016\/01\/6771-350x233.jpg 350w\" sizes=\"auto, (max-width: 663px) 100vw, 663px\" \/>Luciano Nicolis und Alessandro Fedrigoni mit dem Preis<\/p>\n<p style=\"text-align: justify;\"><strong>Der Preis<\/strong> wurde <strong>Alessandro Fedrigoni<\/strong> verliehen, einem Veroneser Unternehmer an der Spitze des Papierimperiums, das 1888 in Verona gegr\u00fcndet wurde und mit Anlagen und produktiven Aktivit\u00e4ten in der ganzen Welt zusammenarbeitet. Heute ist das Unternehmen eines der f\u00fchrenden in der Branche.<br \/>\nDie Alessandro Fedrigoni entgegengebrachte Anerkennung ist ein \u00f6ffentliches Zeugnis von Werten, die dieser Unternehmer in seiner T\u00e4tigkeit umgesetzt hat: Weitblick, Innovation, Ethik, Verantwortungsbewusstsein gegen\u00fcber der Umgebung und der Gemeinschaft, Aufwertung des Menschen und seiner Begabungen.<br \/>\nHinzuzuf\u00fcgen ist, dass der Markt in dem Fedrigoni wirkt, eng mit der Welt der Kultur, dessen Ausdruck Museo Nicolis ist, in Verbindung steht.<br \/>\nDie Beziehung der Papierwerke Fedrigoni mit Verlagen, Zeitungen, der Schrift, den Worten und Bildern \u2013 verst\u00e4rkt auch durch den Kauf der Papierfabrik von Fabriano \u2013 ist stark und dauerhaft und macht diese Gruppe zum Protagonisten ersten Ranges im italienischen und internationalen Industriellenpanorama.<\/p>\n<h2 style=\"text-align: center;\">1. Veranstaltung &#8222;Museo-Nicolis-Preis&#8220;<\/h2>\n<p><strong>Museo Nicolis-Preis: Apollinare Veronesi<\/strong> &#8211; ehrenamtlicher Vorsitzender der Gruppe Veronesi<\/p>\n<p style=\"text-align: center;\"><img loading=\"lazy\" decoding=\"async\" class=\"aligncenter size-full wp-image-9160\" src=\"http:\/\/museonicolis.com\/html\/uploads\/2016\/01\/6770.jpg\" alt=\"6770\" width=\"663\" height=\"441\" srcset=\"https:\/\/www.museonicolis.com\/html\/uploads\/2016\/01\/6770.jpg 663w, https:\/\/www.museonicolis.com\/html\/uploads\/2016\/01\/6770-240x160.jpg 240w, https:\/\/www.museonicolis.com\/html\/uploads\/2016\/01\/6770-350x233.jpg 350w\" sizes=\"auto, (max-width: 663px) 100vw, 663px\" \/>Luciano Nicolis und Apollinare Veronesi mit einem Foto des ersten Lieferwagens<\/p>\n<p style=\"text-align: justify;\"><strong>Der Preis<\/strong> wurde dem Unternehmer <strong>Apollinare Veronesi<\/strong> verliehen. In seinem Leben und in seiner T\u00e4tigkeit brachte er Begeisterung f\u00fcr Innovation zum Ausdruck und nutzte vor allem die Gelegenheiten f\u00fcr sein Unternehmen, die ihm durch den Fortschritt der Mechanik und der Transportmittel gegeben wurden.<br \/>\nDie Gruppe Veronesi produziert zootechnische Produkte, betreibt Viehzucht, stellt Nahrungsmittel her und erg\u00e4nzt perfekt die komplexe und heikle Kette der Branche, sch\u00f6pft daraus Mehrwert unter voller Achtung aller ber\u00fchrter Interessen.<br \/>\nEin Schl\u00fcsselfaktor f\u00fcr den Erfolg des Unternehmens ist die logistische Organisation, Schwerpunkt eines effizienten Vertriebs, der in den fr\u00fchen Tagen der Gruppe mit dem Kauf eines alten Lkw\u2019s mit dem Nummernschild VR 4299 begann. Das beschleunigte die Auslieferung der Mehls\u00e4cke und erweiterte den Markt von Veronesi.<br \/>\nDiese Leidenschaft f\u00fcr die angewandte Mechanik und f\u00fcr die Transportmittel, die durch die Verleihung des Museo Nicolis Preises gew\u00fcrdigt wird, hat Veronesi erlaubt zu wachsen, und sie war so fest verwurzelt, dass seine Kinder verpflichtet waren mit Erreichen des 18. Lebensjahres die Fahrschulpr\u00fcfung zu machen, um sich der Welt und den neuen M\u00f6glichkeiten \u00fcber zu \u00f6ffnen.<\/p>\n","protected":false},"excerpt":{"rendered":"<p>Verleihung &#8222;Museo Nicolis Preis&#8220; und 3. Preisverleihung &#8222;Sfide d&#8217;Impresa&#8220; Museo Nicolis Preis: Giuseppe Manni &#8211; Vorsitzender der Gruppe Manni Preis Sfide d&#8217;Impresa: Riccardo Donadon &#8211; Gr\u00fcnder H-Farm 5. Verleihung &#8222;Museo Nicolis Preis&#8220; und 2. Preisverleihung &#8222;Sfide d&#8217;Impresa&#8220; Museo Nicolis Preis: Cav. del Lav. Giovanni Rana &#8211; Gr\u00fcnder Pastificio Rana Silvia und Thomas Nicolis verleihen den&#8230;<\/p>\n","protected":false},"author":7,"featured_media":0,"parent":0,"menu_order":0,"comment_status":"closed","ping_status":"closed","template":"","meta":{"_acf_changed":false,"om_disable_all_campaigns":false,"footnotes":""},"class_list":["post-10973","page","type-page","status-publish","hentry"],"acf":[],"yoast_head":"<!-- This site is optimized with the Yoast SEO plugin v22.0 - https:\/\/yoast.com\/wordpress\/plugins\/seo\/ -->\n<title>Preistr\u00e4ger - Museo Nicolis<\/title>\n<meta name=\"robots\" content=\"index, follow, max-snippet:-1, max-image-preview:large, max-video-preview:-1\" \/>\n<link rel=\"canonical\" href=\"https:\/\/www.museonicolis.com\/de\/i-premiati\/\" \/>\n<meta property=\"og:locale\" content=\"de_DE\" \/>\n<meta property=\"og:type\" content=\"article\" \/>\n<meta property=\"og:title\" content=\"Preistr\u00e4ger - Museo Nicolis\" \/>\n<meta property=\"og:description\" content=\"Verleihung &#8222;Museo Nicolis Preis&#8220; und 3. Preisverleihung &#8222;Sfide d&#8217;Impresa&#8220; Museo Nicolis Preis: Giuseppe Manni &#8211; Vorsitzender der Gruppe Manni Preis Sfide d&#8217;Impresa: Riccardo Donadon &#8211; Gr\u00fcnder H-Farm 5. Verleihung &#8222;Museo Nicolis Preis&#8220; und 2. Preisverleihung &#8222;Sfide d&#8217;Impresa&#8220; Museo Nicolis Preis: Cav. del Lav. Giovanni Rana &#8211; Gr\u00fcnder Pastificio Rana Silvia und Thomas Nicolis verleihen den...\" \/>\n<meta property=\"og:url\" content=\"https:\/\/www.museonicolis.com\/de\/i-premiati\/\" \/>\n<meta property=\"og:site_name\" content=\"Museo Nicolis\" \/>\n<meta property=\"article:modified_time\" content=\"2016-02-12T16:58:04+00:00\" \/>\n<meta property=\"og:image\" content=\"http:\/\/museonicolis.com\/html\/uploads\/2016\/01\/8225.jpg\" \/>\n<meta name=\"twitter:card\" content=\"summary_large_image\" \/>\n<meta name=\"twitter:label1\" content=\"Gesch\u00e4tzte Lesezeit\" \/>\n\t<meta name=\"twitter:data1\" content=\"5\u00a0Minuten\" \/>\n<script type=\"application\/ld+json\" class=\"yoast-schema-graph\">{\"@context\":\"https:\/\/schema.org\",\"@graph\":[{\"@type\":\"WebPage\",\"@id\":\"https:\/\/www.museonicolis.com\/de\/i-premiati\/\",\"url\":\"https:\/\/www.museonicolis.com\/de\/i-premiati\/\",\"name\":\"Preistr\u00e4ger - Museo Nicolis\",\"isPartOf\":{\"@id\":\"https:\/\/www.museonicolis.com\/#website\"},\"datePublished\":\"2016-01-28T15:35:25+00:00\",\"dateModified\":\"2016-02-12T16:58:04+00:00\",\"breadcrumb\":{\"@id\":\"https:\/\/www.museonicolis.com\/de\/i-premiati\/#breadcrumb\"},\"inLanguage\":\"de\",\"potentialAction\":[{\"@type\":\"ReadAction\",\"target\":[\"https:\/\/www.museonicolis.com\/de\/i-premiati\/\"]}]},{\"@type\":\"BreadcrumbList\",\"@id\":\"https:\/\/www.museonicolis.com\/de\/i-premiati\/#breadcrumb\",\"itemListElement\":[{\"@type\":\"ListItem\",\"position\":1,\"name\":\"Home\",\"item\":\"https:\/\/www.museonicolis.com\/de\/\"},{\"@type\":\"ListItem\",\"position\":2,\"name\":\"Preistr\u00e4ger\"}]},{\"@type\":\"WebSite\",\"@id\":\"https:\/\/www.museonicolis.com\/#website\",\"url\":\"https:\/\/www.museonicolis.com\/\",\"name\":\"Museo Nicolis\",\"description\":\"Hunderte von Autos, Motorr\u00e4der und Fahrr\u00e4der\",\"potentialAction\":[{\"@type\":\"SearchAction\",\"target\":{\"@type\":\"EntryPoint\",\"urlTemplate\":\"https:\/\/www.museonicolis.com\/?s={search_term_string}\"},\"query-input\":\"required name=search_term_string\"}],\"inLanguage\":\"de\"}]}<\/script>\n<!-- \/ Yoast SEO plugin. -->","yoast_head_json":{"title":"Preistr\u00e4ger - Museo Nicolis","robots":{"index":"index","follow":"follow","max-snippet":"max-snippet:-1","max-image-preview":"max-image-preview:large","max-video-preview":"max-video-preview:-1"},"canonical":"https:\/\/www.museonicolis.com\/de\/i-premiati\/","og_locale":"de_DE","og_type":"article","og_title":"Preistr\u00e4ger - Museo Nicolis","og_description":"Verleihung &#8222;Museo Nicolis Preis&#8220; und 3. Preisverleihung &#8222;Sfide d&#8217;Impresa&#8220; Museo Nicolis Preis: Giuseppe Manni &#8211; Vorsitzender der Gruppe Manni Preis Sfide d&#8217;Impresa: Riccardo Donadon &#8211; Gr\u00fcnder H-Farm 5. Verleihung &#8222;Museo Nicolis Preis&#8220; und 2. Preisverleihung &#8222;Sfide d&#8217;Impresa&#8220; Museo Nicolis Preis: Cav. del Lav. Giovanni Rana &#8211; Gr\u00fcnder Pastificio Rana Silvia und Thomas Nicolis verleihen den...","og_url":"https:\/\/www.museonicolis.com\/de\/i-premiati\/","og_site_name":"Museo Nicolis","article_modified_time":"2016-02-12T16:58:04+00:00","og_image":[{"url":"http:\/\/museonicolis.com\/html\/uploads\/2016\/01\/8225.jpg"}],"twitter_card":"summary_large_image","twitter_misc":{"Gesch\u00e4tzte Lesezeit":"5\u00a0Minuten"},"schema":{"@context":"https:\/\/schema.org","@graph":[{"@type":"WebPage","@id":"https:\/\/www.museonicolis.com\/de\/i-premiati\/","url":"https:\/\/www.museonicolis.com\/de\/i-premiati\/","name":"Preistr\u00e4ger - Museo Nicolis","isPartOf":{"@id":"https:\/\/www.museonicolis.com\/#website"},"datePublished":"2016-01-28T15:35:25+00:00","dateModified":"2016-02-12T16:58:04+00:00","breadcrumb":{"@id":"https:\/\/www.museonicolis.com\/de\/i-premiati\/#breadcrumb"},"inLanguage":"de","potentialAction":[{"@type":"ReadAction","target":["https:\/\/www.museonicolis.com\/de\/i-premiati\/"]}]},{"@type":"BreadcrumbList","@id":"https:\/\/www.museonicolis.com\/de\/i-premiati\/#breadcrumb","itemListElement":[{"@type":"ListItem","position":1,"name":"Home","item":"https:\/\/www.museonicolis.com\/de\/"},{"@type":"ListItem","position":2,"name":"Preistr\u00e4ger"}]},{"@type":"WebSite","@id":"https:\/\/www.museonicolis.com\/#website","url":"https:\/\/www.museonicolis.com\/","name":"Museo Nicolis","description":"Hunderte von Autos, Motorr\u00e4der und Fahrr\u00e4der","potentialAction":[{"@type":"SearchAction","target":{"@type":"EntryPoint","urlTemplate":"https:\/\/www.museonicolis.com\/?s={search_term_string}"},"query-input":"required name=search_term_string"}],"inLanguage":"de"}]}},"_links":{"self":[{"href":"https:\/\/www.museonicolis.com\/de\/wp-json\/wp\/v2\/pages\/10973","targetHints":{"allow":["GET"]}}],"collection":[{"href":"https:\/\/www.museonicolis.com\/de\/wp-json\/wp\/v2\/pages"}],"about":[{"href":"https:\/\/www.museonicolis.com\/de\/wp-json\/wp\/v2\/types\/page"}],"author":[{"embeddable":true,"href":"https:\/\/www.museonicolis.com\/de\/wp-json\/wp\/v2\/users\/7"}],"replies":[{"embeddable":true,"href":"https:\/\/www.museonicolis.com\/de\/wp-json\/wp\/v2\/comments?post=10973"}],"version-history":[{"count":0,"href":"https:\/\/www.museonicolis.com\/de\/wp-json\/wp\/v2\/pages\/10973\/revisions"}],"wp:attachment":[{"href":"https:\/\/www.museonicolis.com\/de\/wp-json\/wp\/v2\/media?parent=10973"}],"curies":[{"name":"wp","href":"https:\/\/api.w.org\/{rel}","templated":true}]}}