{"id":10890,"date":"2016-02-11T15:45:05","date_gmt":"2016-02-11T14:45:05","guid":{"rendered":"http:\/\/museonicolis.com\/de\/?page_id=10890"},"modified":"2023-07-19T16:18:24","modified_gmt":"2023-07-19T14:18:24","slug":"tourismus-gebiet","status":"publish","type":"page","link":"https:\/\/www.museonicolis.com\/de\/tourismus-gebiet\/","title":{"rendered":"Tourismus &#038; Gebiet"},"content":{"rendered":"<p>[vc_row][vc_column][vc_empty_space height=&#8220;65px&#8220;][\/vc_column][\/vc_row][vc_row][vc_column][vc_column_text]<\/p>\n<p style=\"text-align: justify;\">Der Tourismussektor des Veneto mit seinen nat\u00fcrlichen, kulturellen und unternehmerischen Ressourcen kann <strong>vielf\u00e4ltige M\u00f6glichkeiten<\/strong> bieten: Entwicklung und Besch\u00e4ftigung \u2013 als Unterst\u00fctzung der Wirtschaftsstruktur und des sozialen Gef\u00fcges auf dem Territorium \u2013 und neue M\u00f6glichkeiten f\u00fcr die Besucher, die den Veneto als Ferienziel w\u00e4hlen. Zu dem unbestreitbaren Rekord der in aller Welt bekannten <strong>Kunstst\u00e4dte<\/strong> und den nat\u00fcrlichen Charakteristiken der Region, die ihr gestatten, jede Typologie von Nachfrage zufriedenzustellen kommen spezifische Typologien des Angebots hinzu, die die Fl\u00fcsse saisonbereinigen, darunter der Tourismus in Verbindung mit den <strong>venetischen Villen<\/strong>, <strong>Kongresstourismus<\/strong>, <strong>Radtourismus<\/strong>, <strong>Industrietourismus<\/strong>, <strong>Glaubensrouten<\/strong>, <strong>Mittelgebirge<\/strong>, <strong>Weinstra\u00dfe<\/strong> usw. Das gro\u00dfe Potenzial des touristischen Angebots der Region, das durch die unternehmerische F\u00e4higkeit der Reiseveranstalter und durch einen gegliederten und synergetischen F\u00f6rderungsplan valorisiert wird, hat der Region Veneto erm\u00f6glicht 2011 ihren absoluten Rekord in der Steigerung des Fremdenverkehrs zu erzielen.<\/p>\n<p>&nbsp;<\/p>\n<p>[\/vc_column_text][\/vc_column][\/vc_row][vc_row][vc_column][vc_empty_space height=&#8220;52px&#8220;][\/vc_column][\/vc_row][vc_row][vc_column][vc_column_text]<\/p>\n<h2><span style=\"color: #d20a10;\">TOURISTICHE REISEROUTEN<\/span><\/h2>\n<p>[\/vc_column_text][vc_separator][\/vc_column][\/vc_row][vc_row][vc_column width=&#8220;1\/4&#8243;][vc_column_text]<\/p>\n<p style=\"text-align: center;\">05 min entfernt<br \/>\nDIE UMGEBUNG<\/p>\n<p>[\/vc_column_text][vc_single_image image=&#8220;190362&#8243; img_size=&#8220;full&#8220; alignment=&#8220;center&#8220; onclick=&#8220;custom_link&#8220; link=&#8220;https:\/\/www.museonicolis.com\/de\/umgebung-5-min\/&#8220;][\/vc_column][vc_column width=&#8220;1\/4&#8243;][vc_column_text]<\/p>\n<p style=\"text-align: center;\">10 min entfernt<br \/>\nVERONA<\/p>\n<p>[\/vc_column_text][vc_single_image image=&#8220;190365&#8243; img_size=&#8220;full&#8220; alignment=&#8220;center&#8220; onclick=&#8220;custom_link&#8220; link=&#8220;https:\/\/www.museonicolis.com\/de\/verona-10-min-entfernt\/&#8220;][\/vc_column][vc_column width=&#8220;1\/4&#8243;][vc_column_text]<\/p>\n<p style=\"text-align: center;\">15 min entfernt<br \/>\nGARDASEE<\/p>\n<p>[\/vc_column_text][vc_single_image image=&#8220;190382&#8243; img_size=&#8220;full&#8220; alignment=&#8220;center&#8220; onclick=&#8220;custom_link&#8220; link=&#8220;https:\/\/www.museonicolis.com\/de\/gardasee-15-min\/&#8220;][\/vc_column][vc_column width=&#8220;1\/4&#8243;][vc_column_text]<\/p>\n<p style=\"text-align: center;\">20 min entfernt<br \/>\nVALPOLICELLA<\/p>\n<p>[\/vc_column_text][vc_single_image image=&#8220;190386&#8243; img_size=&#8220;full&#8220; alignment=&#8220;center&#8220; onclick=&#8220;custom_link&#8220; link=&#8220;https:\/\/www.museonicolis.com\/de\/a-20-min-valpolicella\/&#8220;][\/vc_column][\/vc_row][vc_row][vc_column][vc_empty_space height=&#8220;22px&#8220;][\/vc_column][\/vc_row][vc_row][vc_column width=&#8220;1\/4&#8243;][vc_column_text]<\/p>\n<p style=\"text-align: center;\">25 min entfernt<br \/>\nREISSTRA\u00dfE<\/p>\n<p>[\/vc_column_text][vc_single_image image=&#8220;189704&#8243; img_size=&#8220;full&#8220; alignment=&#8220;center&#8220; onclick=&#8220;custom_link&#8220; link=&#8220;https:\/\/www.museonicolis.com\/de\/bei-25-minuten-die-rice-road\/&#8220;][\/vc_column][vc_column width=&#8220;1\/4&#8243;][vc_column_text]<\/p>\n<p style=\"text-align: center;\">30 min entfernt<br \/>\nDIE SOAVEWEINSTRA\u00dfE<\/p>\n<p>[\/vc_column_text][vc_single_image image=&#8220;189707&#8243; img_size=&#8220;full&#8220; alignment=&#8220;center&#8220; onclick=&#8220;custom_link&#8220; link=&#8220;https:\/\/www.museonicolis.com\/de\/31401\/&#8220;][\/vc_column][vc_column width=&#8220;1\/4&#8243;][vc_column_text]<\/p>\n<p style=\"text-align: center;\">40 min entfernt<br \/>\nLESSINIEN<\/p>\n<p>[\/vc_column_text][vc_single_image image=&#8220;190389&#8243; img_size=&#8220;full&#8220; alignment=&#8220;center&#8220; onclick=&#8220;custom_link&#8220; link=&#8220;https:\/\/www.museonicolis.com\/de\/lessinien-40-min-entfernt\/&#8220;][\/vc_column][vc_column width=&#8220;1\/4&#8243;][vc_column_text]<\/p>\n<p style=\"text-align: center;\">REGION<br \/>\nVENETIEN<\/p>\n<p>[\/vc_column_text][vc_single_image image=&#8220;189788&#8243; img_size=&#8220;full&#8220; alignment=&#8220;center&#8220; onclick=&#8220;custom_link&#8220; link=&#8220;https:\/\/www.museonicolis.com\/de\/region-veneto\/&#8220;][\/vc_column][\/vc_row][vc_row][vc_column][vc_empty_space][\/vc_column][\/vc_row][vc_row][vc_column][vc_column_text]<\/p>\n<h2><span style=\"color: #d20a10;\">AKTIVIT\u00c4TEN F\u00dcR TOURISTEN<\/span><\/h2>\n<p>[\/vc_column_text][vc_separator][\/vc_column][\/vc_row][vc_row][vc_column width=&#8220;1\/4&#8243;][vc_column_text]<\/p>\n<p style=\"text-align: center;\">KULTUR<br \/>\nArena von Verona, Opera Festival<\/p>\n<p>[\/vc_column_text][vc_single_image image=&#8220;189726&#8243; img_size=&#8220;full&#8220; alignment=&#8220;center&#8220; onclick=&#8220;custom_link&#8220; link=&#8220;https:\/\/www.museonicolis.com\/de\/kultur-arena-di-verona-opera-festival\/&#8220;][\/vc_column][vc_column width=&#8220;1\/4&#8243;][vc_column_text]<\/p>\n<p style=\"text-align: center;\">Spa\u00df:<br \/>\nGARDALAND<\/p>\n<p>[\/vc_column_text][vc_single_image image=&#8220;189781&#8243; img_size=&#8220;full&#8220; alignment=&#8220;center&#8220; onclick=&#8220;custom_link&#8220; link=&#8220;https:\/\/www.museonicolis.com\/de\/spass-gardaland\/&#8220;][\/vc_column][vc_column width=&#8220;1\/4&#8243;][vc_column_text]<\/p>\n<p style=\"text-align: center;\">WEINGASTRONOMIE:<br \/>\nWein, \u00d6le, Reiserouten<\/p>\n<p>[\/vc_column_text][vc_single_image image=&#8220;189778&#8243; img_size=&#8220;full&#8220; alignment=&#8220;center&#8220; onclick=&#8220;custom_link&#8220; link=&#8220;https:\/\/www.museonicolis.com\/de\/weingastronomie-wein-und-natives-olivenoel-unsere-geschmaecke\/&#8220;][\/vc_column][vc_column width=&#8220;1\/4&#8243;][vc_column_text]<\/p>\n<p style=\"text-align: center;\">ESSEN UND WEIN:<br \/>\nGO, Galleria Olfattiva, Bardolino.<\/p>\n<p>[\/vc_column_text][vc_single_image image=&#8220;189775&#8243; img_size=&#8220;full&#8220; alignment=&#8220;center&#8220; onclick=&#8220;custom_link&#8220; link=&#8220;https:\/\/www.museonicolis.com\/de\/essen-und-wein-go-riechgalerie-bardolino\/&#8220;][\/vc_column][\/vc_row][vc_row][vc_column][vc_separator][vc_empty_space height=&#8220;25px&#8220;][\/vc_column][\/vc_row][vc_row][vc_column width=&#8220;1\/4&#8243;][vc_column_text]<\/p>\n<p style=\"text-align: center;\">CISANO:<br \/>\nNatives Oliven\u00f6l extra<\/p>\n<p>[\/vc_column_text][vc_single_image image=&#8220;189770&#8243; img_size=&#8220;full&#8220; alignment=&#8220;center&#8220; onclick=&#8220;custom_link&#8220; link=&#8220;https:\/\/www.museonicolis.com\/de\/essen-und-wein-olivenoel-museum-cisano\/&#8220;][\/vc_column][vc_column width=&#8220;1\/4&#8243;][vc_column_text]<\/p>\n<p style=\"text-align: center;\">MOTOREN:<br \/>\nSammlungen und Museen<\/p>\n<p>[\/vc_column_text][vc_single_image image=&#8220;189767&#8243; img_size=&#8220;full&#8220; alignment=&#8220;center&#8220; onclick=&#8220;custom_link&#8220; link=&#8220;https:\/\/www.museonicolis.com\/de\/motoren-sammlungen-und-museen\/&#8220;][\/vc_column][vc_column width=&#8220;1\/4&#8243;][vc_column_text]<\/p>\n<p style=\"text-align: center;\">SEILBAHN FUNIVIA:<br \/>\nMalcesine \u2013 Monte Baldo<\/p>\n<p>[\/vc_column_text][vc_single_image image=&#8220;189764&#8243; img_size=&#8220;full&#8220; alignment=&#8220;center&#8220; onclick=&#8220;custom_link&#8220; link=&#8220;https:\/\/www.museonicolis.com\/de\/natur-seilbahn-funivia-malcesine-monte-baldo\/&#8220;][\/vc_column][vc_column width=&#8220;1\/4&#8243;][vc_column_text]<\/p>\n<p style=\"text-align: center;\">NATUR:<br \/>\nParco Natura Viva<\/p>\n<p>[\/vc_column_text][vc_single_image image=&#8220;189738&#8243; img_size=&#8220;full&#8220; alignment=&#8220;center&#8220; onclick=&#8220;custom_link&#8220; link=&#8220;https:\/\/www.museonicolis.com\/de\/natur-natura-viva-park\/&#8220;][\/vc_column][\/vc_row][vc_row][vc_column][vc_separator][vc_empty_space height=&#8220;25px&#8220;][\/vc_column][\/vc_row][vc_row][vc_column width=&#8220;1\/4&#8243;][vc_column_text]<\/p>\n<p style=\"text-align: center;\">NATUR<br \/>\nGartenpark Sigurt\u00e0<\/p>\n<p>[\/vc_column_text][vc_single_image image=&#8220;189760&#8243; img_size=&#8220;full&#8220; alignment=&#8220;center&#8220; onclick=&#8220;custom_link&#8220; link=&#8220;https:\/\/www.museonicolis.com\/de\/natur-sigurta-garden-park\/&#8220;][\/vc_column][vc_column width=&#8220;1\/4&#8243;][vc_column_text]<\/p>\n<p style=\"text-align: center;\">RELAX:<br \/>\nAquardens<\/p>\n<p>[\/vc_column_text][vc_single_image image=&#8220;189744&#8243; img_size=&#8220;full&#8220; alignment=&#8220;center&#8220; onclick=&#8220;custom_link&#8220; link=&#8220;https:\/\/www.museonicolis.com\/de\/entspannen-aquardens\/&#8220;][\/vc_column][vc_column width=&#8220;1\/4&#8243;][vc_column_text]<\/p>\n<p style=\"text-align: center;\">KUNST und SPIRITUALIT\u00c4T:<br \/>\nVerona Minor Hierusalem<\/p>\n<p>[\/vc_column_text][vc_single_image image=&#8220;189754&#8243; img_size=&#8220;full&#8220; alignment=&#8220;center&#8220; onclick=&#8220;custom_link&#8220; link=&#8220;https:\/\/www.museonicolis.com\/de\/kunst-und-spiritualitaet-verona-minor-hierusalem\/&#8220;][\/vc_column][vc_column width=&#8220;1\/4&#8243;][vc_column_text]<\/p>\n<p style=\"text-align: center;\">FAHRRADTOURISMUS:<br \/>\nVerona Garda Bike<\/p>\n<p>[\/vc_column_text][vc_single_image image=&#8220;189757&#8243; img_size=&#8220;full&#8220; alignment=&#8220;center&#8220; onclick=&#8220;custom_link&#8220; link=&#8220;https:\/\/www.museonicolis.com\/de\/sport-fahrradtourismus-verona-garda-bike\/&#8220;][\/vc_column][\/vc_row]<\/p>\n","protected":false},"excerpt":{"rendered":"<p>[vc_row][vc_column][vc_empty_space height=&#8220;65px&#8220;][\/vc_column][\/vc_row][vc_row][vc_column][vc_column_text] Der Tourismussektor des Veneto mit seinen nat\u00fcrlichen, kulturellen und unternehmerischen Ressourcen kann vielf\u00e4ltige M\u00f6glichkeiten bieten: Entwicklung und Besch\u00e4ftigung \u2013 als Unterst\u00fctzung der Wirtschaftsstruktur und des sozialen Gef\u00fcges auf dem Territorium \u2013 und neue M\u00f6glichkeiten f\u00fcr die Besucher, die den Veneto als Ferienziel w\u00e4hlen. Zu dem unbestreitbaren Rekord der in aller Welt bekannten Kunstst\u00e4dte&#8230;<\/p>\n","protected":false},"author":11,"featured_media":25178,"parent":0,"menu_order":0,"comment_status":"closed","ping_status":"closed","template":"","meta":{"_acf_changed":false,"om_disable_all_campaigns":false,"footnotes":""},"class_list":["post-10890","page","type-page","status-publish","has-post-thumbnail","hentry"],"acf":[],"yoast_head":"<!-- This site is optimized with the Yoast SEO plugin v22.0 - https:\/\/yoast.com\/wordpress\/plugins\/seo\/ -->\n<title>Tourismus &amp; Gebiet - Museo Nicolis<\/title>\n<meta name=\"robots\" content=\"index, follow, max-snippet:-1, max-image-preview:large, max-video-preview:-1\" \/>\n<link rel=\"canonical\" href=\"https:\/\/www.museonicolis.com\/de\/tourismus-gebiet\/\" \/>\n<meta property=\"og:locale\" content=\"de_DE\" \/>\n<meta property=\"og:type\" content=\"article\" \/>\n<meta property=\"og:title\" content=\"Tourismus &amp; Gebiet - Museo Nicolis\" \/>\n<meta property=\"og:description\" content=\"[vc_row][vc_column][vc_empty_space height=&#8220;65px&#8220;][\/vc_column][\/vc_row][vc_row][vc_column][vc_column_text] Der Tourismussektor des Veneto mit seinen nat\u00fcrlichen, kulturellen und unternehmerischen Ressourcen kann vielf\u00e4ltige M\u00f6glichkeiten bieten: Entwicklung und Besch\u00e4ftigung \u2013 als Unterst\u00fctzung der Wirtschaftsstruktur und des sozialen Gef\u00fcges auf dem Territorium \u2013 und neue M\u00f6glichkeiten f\u00fcr die Besucher, die den Veneto als Ferienziel w\u00e4hlen. Zu dem unbestreitbaren Rekord der in aller Welt bekannten Kunstst\u00e4dte...\" \/>\n<meta property=\"og:url\" content=\"https:\/\/www.museonicolis.com\/de\/tourismus-gebiet\/\" \/>\n<meta property=\"og:site_name\" content=\"Museo Nicolis\" \/>\n<meta property=\"article:modified_time\" content=\"2023-07-19T14:18:24+00:00\" \/>\n<meta property=\"og:image\" content=\"https:\/\/www.museonicolis.com\/html\/uploads\/2016\/02\/Ph.Comparotto-Sfilata_Piazza_Bra_07-09-2013-392.jpg\" \/>\n\t<meta property=\"og:image:width\" content=\"900\" \/>\n\t<meta property=\"og:image:height\" content=\"600\" \/>\n\t<meta property=\"og:image:type\" content=\"image\/jpeg\" \/>\n<meta name=\"twitter:card\" content=\"summary_large_image\" \/>\n<meta name=\"twitter:label1\" content=\"Gesch\u00e4tzte Lesezeit\" \/>\n\t<meta name=\"twitter:data1\" content=\"5\u00a0Minuten\" \/>\n<script type=\"application\/ld+json\" class=\"yoast-schema-graph\">{\"@context\":\"https:\/\/schema.org\",\"@graph\":[{\"@type\":\"WebPage\",\"@id\":\"https:\/\/www.museonicolis.com\/de\/tourismus-gebiet\/\",\"url\":\"https:\/\/www.museonicolis.com\/de\/tourismus-gebiet\/\",\"name\":\"Tourismus & Gebiet - Museo Nicolis\",\"isPartOf\":{\"@id\":\"https:\/\/www.museonicolis.com\/#website\"},\"datePublished\":\"2016-02-11T14:45:05+00:00\",\"dateModified\":\"2023-07-19T14:18:24+00:00\",\"breadcrumb\":{\"@id\":\"https:\/\/www.museonicolis.com\/de\/tourismus-gebiet\/#breadcrumb\"},\"inLanguage\":\"de\",\"potentialAction\":[{\"@type\":\"ReadAction\",\"target\":[\"https:\/\/www.museonicolis.com\/de\/tourismus-gebiet\/\"]}]},{\"@type\":\"BreadcrumbList\",\"@id\":\"https:\/\/www.museonicolis.com\/de\/tourismus-gebiet\/#breadcrumb\",\"itemListElement\":[{\"@type\":\"ListItem\",\"position\":1,\"name\":\"Home\",\"item\":\"https:\/\/www.museonicolis.com\/de\/\"},{\"@type\":\"ListItem\",\"position\":2,\"name\":\"Tourismus &#038; Gebiet\"}]},{\"@type\":\"WebSite\",\"@id\":\"https:\/\/www.museonicolis.com\/#website\",\"url\":\"https:\/\/www.museonicolis.com\/\",\"name\":\"Museo Nicolis\",\"description\":\"Hunderte von Autos, Motorr\u00e4der und Fahrr\u00e4der\",\"potentialAction\":[{\"@type\":\"SearchAction\",\"target\":{\"@type\":\"EntryPoint\",\"urlTemplate\":\"https:\/\/www.museonicolis.com\/?s={search_term_string}\"},\"query-input\":\"required name=search_term_string\"}],\"inLanguage\":\"de\"}]}<\/script>\n<!-- \/ Yoast SEO plugin. -->","yoast_head_json":{"title":"Tourismus & Gebiet - Museo Nicolis","robots":{"index":"index","follow":"follow","max-snippet":"max-snippet:-1","max-image-preview":"max-image-preview:large","max-video-preview":"max-video-preview:-1"},"canonical":"https:\/\/www.museonicolis.com\/de\/tourismus-gebiet\/","og_locale":"de_DE","og_type":"article","og_title":"Tourismus & Gebiet - Museo Nicolis","og_description":"[vc_row][vc_column][vc_empty_space height=&#8220;65px&#8220;][\/vc_column][\/vc_row][vc_row][vc_column][vc_column_text] Der Tourismussektor des Veneto mit seinen nat\u00fcrlichen, kulturellen und unternehmerischen Ressourcen kann vielf\u00e4ltige M\u00f6glichkeiten bieten: Entwicklung und Besch\u00e4ftigung \u2013 als Unterst\u00fctzung der Wirtschaftsstruktur und des sozialen Gef\u00fcges auf dem Territorium \u2013 und neue M\u00f6glichkeiten f\u00fcr die Besucher, die den Veneto als Ferienziel w\u00e4hlen. Zu dem unbestreitbaren Rekord der in aller Welt bekannten Kunstst\u00e4dte...","og_url":"https:\/\/www.museonicolis.com\/de\/tourismus-gebiet\/","og_site_name":"Museo Nicolis","article_modified_time":"2023-07-19T14:18:24+00:00","og_image":[{"width":900,"height":600,"url":"https:\/\/www.museonicolis.com\/html\/uploads\/2016\/02\/Ph.Comparotto-Sfilata_Piazza_Bra_07-09-2013-392.jpg","type":"image\/jpeg"}],"twitter_card":"summary_large_image","twitter_misc":{"Gesch\u00e4tzte Lesezeit":"5\u00a0Minuten"},"schema":{"@context":"https:\/\/schema.org","@graph":[{"@type":"WebPage","@id":"https:\/\/www.museonicolis.com\/de\/tourismus-gebiet\/","url":"https:\/\/www.museonicolis.com\/de\/tourismus-gebiet\/","name":"Tourismus & Gebiet - Museo Nicolis","isPartOf":{"@id":"https:\/\/www.museonicolis.com\/#website"},"datePublished":"2016-02-11T14:45:05+00:00","dateModified":"2023-07-19T14:18:24+00:00","breadcrumb":{"@id":"https:\/\/www.museonicolis.com\/de\/tourismus-gebiet\/#breadcrumb"},"inLanguage":"de","potentialAction":[{"@type":"ReadAction","target":["https:\/\/www.museonicolis.com\/de\/tourismus-gebiet\/"]}]},{"@type":"BreadcrumbList","@id":"https:\/\/www.museonicolis.com\/de\/tourismus-gebiet\/#breadcrumb","itemListElement":[{"@type":"ListItem","position":1,"name":"Home","item":"https:\/\/www.museonicolis.com\/de\/"},{"@type":"ListItem","position":2,"name":"Tourismus &#038; Gebiet"}]},{"@type":"WebSite","@id":"https:\/\/www.museonicolis.com\/#website","url":"https:\/\/www.museonicolis.com\/","name":"Museo Nicolis","description":"Hunderte von Autos, Motorr\u00e4der und Fahrr\u00e4der","potentialAction":[{"@type":"SearchAction","target":{"@type":"EntryPoint","urlTemplate":"https:\/\/www.museonicolis.com\/?s={search_term_string}"},"query-input":"required name=search_term_string"}],"inLanguage":"de"}]}},"_links":{"self":[{"href":"https:\/\/www.museonicolis.com\/de\/wp-json\/wp\/v2\/pages\/10890","targetHints":{"allow":["GET"]}}],"collection":[{"href":"https:\/\/www.museonicolis.com\/de\/wp-json\/wp\/v2\/pages"}],"about":[{"href":"https:\/\/www.museonicolis.com\/de\/wp-json\/wp\/v2\/types\/page"}],"author":[{"embeddable":true,"href":"https:\/\/www.museonicolis.com\/de\/wp-json\/wp\/v2\/users\/11"}],"replies":[{"embeddable":true,"href":"https:\/\/www.museonicolis.com\/de\/wp-json\/wp\/v2\/comments?post=10890"}],"version-history":[{"count":7,"href":"https:\/\/www.museonicolis.com\/de\/wp-json\/wp\/v2\/pages\/10890\/revisions"}],"predecessor-version":[{"id":191458,"href":"https:\/\/www.museonicolis.com\/de\/wp-json\/wp\/v2\/pages\/10890\/revisions\/191458"}],"wp:featuredmedia":[{"embeddable":true,"href":"https:\/\/www.museonicolis.com\/de\/wp-json\/wp\/v2\/media\/25178"}],"wp:attachment":[{"href":"https:\/\/www.museonicolis.com\/de\/wp-json\/wp\/v2\/media?parent=10890"}],"curies":[{"name":"wp","href":"https:\/\/api.w.org\/{rel}","templated":true}]}}