{"id":10862,"date":"2016-02-11T15:28:06","date_gmt":"2016-02-11T14:28:06","guid":{"rendered":"http:\/\/museonicolis.com\/de\/?page_id=10862"},"modified":"2016-02-11T15:28:06","modified_gmt":"2016-02-11T14:28:06","slug":"historische-werkstatt","status":"publish","type":"page","link":"https:\/\/www.museonicolis.com\/de\/kollektionen\/historische-werkstatt\/","title":{"rendered":"Historische Werkstatt"},"content":{"rendered":"<p><img loading=\"lazy\" decoding=\"async\" src=\"http:\/\/museonicolis.com\/html\/uploads\/2016\/02\/4697-350x525.jpg\" alt=\"4697\" width=\"200\" height=\"300\" class=\"alignright size-medium wp-image-10857\" srcset=\"https:\/\/www.museonicolis.com\/html\/uploads\/2016\/02\/4697-350x525.jpg 350w, https:\/\/www.museonicolis.com\/html\/uploads\/2016\/02\/4697.jpg 373w\" sizes=\"auto, (max-width: 200px) 100vw, 200px\" \/>Vor einem Jahrhundert war das Berufsbild des &#8222;Mechanikers&#8220; sehr verschieden von dem heute verbreiteten modernen Konzept. Bis 1926 verstand man darunter einen Experten seines Fachs, der bei den Rennen neben dem Rennfahrer sa\u00df und oft gezwungen war, wahrhaftige akrobatische Kunstst\u00fccke (im wahrsten Sinne des Wortes zu unternehmen !!!), um etwaige w\u00e4hrend des Rennens davongetragene Sch\u00e4den zu beheben.<\/p>\n<p>Er war auch der &#8222;Ausbilder&#8220; des Rennfahrers, sein Copilot bei Rennen und Rennfahrten. Der Beruf des Mechanikers war sozusagen eine Kunst, er konnte die Kunst des Fahrens unterrichten und das &#8222;Tauglichkeitszertifikat f\u00fcr die Fahrtauglichkeit&#8220; ausstellen, wenn er es f\u00fcr angemessen hielt.<\/p>\n<p>In der zweiten H\u00e4lfte der 20er Jahre wurde der Mechaniker aus Sicherheitsgr\u00fcnden &#8222;Bodenassistent&#8220;. Von da ab unterschied man das Berufsbilder des Technikers, der Reparaturen ausf\u00fchrt, von dem des Copiloten, wie wir es heute kennen.<\/p>\n<hr \/>\n\r\n\r\n        <!-- see gallery_shortcode() in wp-includes\/media.php -->\r\n        <div id='gallery-1' class='lu-gallery gallery galleryid-10862'><dl class='gallery-item ' title='' >\r\n            <dt class='gallery-icon '>\r\n               <a data-title=\"\"  class=\"\"  href='https:\/\/www.museonicolis.com\/html\/uploads\/2016\/02\/4697.jpg'><img loading=\"lazy\" decoding=\"async\" width=\"200\" height=\"300\" src=\"https:\/\/www.museonicolis.com\/html\/uploads\/2016\/02\/4697-350x525.jpg\" class=\"attachment-medium size-medium\" alt=\"\" srcset=\"https:\/\/www.museonicolis.com\/html\/uploads\/2016\/02\/4697-350x525.jpg 350w, https:\/\/www.museonicolis.com\/html\/uploads\/2016\/02\/4697.jpg 373w\" sizes=\"auto, (max-width: 200px) 100vw, 200px\" \/><\/a>\r\n            <\/dt><\/dl><dl class='gallery-item ' title='' >\r\n            <dt class='gallery-icon '>\r\n               <a data-title=\"\"  class=\"\"  href='https:\/\/www.museonicolis.com\/html\/uploads\/2016\/02\/3173.jpg'><img loading=\"lazy\" decoding=\"async\" width=\"300\" height=\"200\" src=\"https:\/\/www.museonicolis.com\/html\/uploads\/2016\/02\/3173-350x233.jpg\" class=\"attachment-medium size-medium\" alt=\"\" srcset=\"https:\/\/www.museonicolis.com\/html\/uploads\/2016\/02\/3173-350x233.jpg 350w, https:\/\/www.museonicolis.com\/html\/uploads\/2016\/02\/3173-240x160.jpg 240w, https:\/\/www.museonicolis.com\/html\/uploads\/2016\/02\/3173.jpg 560w\" sizes=\"auto, (max-width: 300px) 100vw, 300px\" \/><\/a>\r\n            <\/dt><\/dl><dl class='gallery-item ' title='' >\r\n            <dt class='gallery-icon '>\r\n               <a data-title=\"\"  class=\"\"  href='https:\/\/www.museonicolis.com\/html\/uploads\/2016\/02\/4687.jpg'><img loading=\"lazy\" decoding=\"async\" width=\"200\" height=\"300\" src=\"https:\/\/www.museonicolis.com\/html\/uploads\/2016\/02\/4687-350x525.jpg\" class=\"attachment-medium size-medium\" alt=\"\" srcset=\"https:\/\/www.museonicolis.com\/html\/uploads\/2016\/02\/4687-350x525.jpg 350w, https:\/\/www.museonicolis.com\/html\/uploads\/2016\/02\/4687-400x600.jpg 400w, https:\/\/www.museonicolis.com\/html\/uploads\/2016\/02\/4687.jpg 500w\" sizes=\"auto, (max-width: 200px) 100vw, 200px\" \/><\/a>\r\n            <\/dt><\/dl><dl class='gallery-item ' title='' >\r\n            <dt class='gallery-icon '>\r\n               <a data-title=\"\"  class=\"\"  href='https:\/\/www.museonicolis.com\/html\/uploads\/2016\/02\/4699.jpg'><img loading=\"lazy\" decoding=\"async\" width=\"225\" height=\"300\" src=\"https:\/\/www.museonicolis.com\/html\/uploads\/2016\/02\/4699-350x467.jpg\" class=\"attachment-medium size-medium\" alt=\"\" srcset=\"https:\/\/www.museonicolis.com\/html\/uploads\/2016\/02\/4699-350x467.jpg 350w, https:\/\/www.museonicolis.com\/html\/uploads\/2016\/02\/4699.jpg 420w\" sizes=\"auto, (max-width: 225px) 100vw, 225px\" \/><\/a>\r\n            <\/dt><\/dl><dl class='gallery-item ' title='' >\r\n            <dt class='gallery-icon '>\r\n               <a data-title=\"\"  class=\"\"  href='https:\/\/www.museonicolis.com\/html\/uploads\/2016\/02\/4695.jpg'><img loading=\"lazy\" decoding=\"async\" width=\"300\" height=\"200\" src=\"https:\/\/www.museonicolis.com\/html\/uploads\/2016\/02\/4695-350x233.jpg\" class=\"attachment-medium size-medium\" alt=\"\" srcset=\"https:\/\/www.museonicolis.com\/html\/uploads\/2016\/02\/4695-350x233.jpg 350w, https:\/\/www.museonicolis.com\/html\/uploads\/2016\/02\/4695-240x160.jpg 240w, https:\/\/www.museonicolis.com\/html\/uploads\/2016\/02\/4695.jpg 560w\" sizes=\"auto, (max-width: 300px) 100vw, 300px\" \/><\/a>\r\n            <\/dt><\/dl><dl class='gallery-item ' title='' >\r\n            <dt class='gallery-icon '>\r\n               <a data-title=\"\"  class=\"\"  href='https:\/\/www.museonicolis.com\/html\/uploads\/2016\/02\/4689.jpg'><img loading=\"lazy\" decoding=\"async\" width=\"300\" height=\"200\" src=\"https:\/\/www.museonicolis.com\/html\/uploads\/2016\/02\/4689-350x233.jpg\" class=\"attachment-medium size-medium\" alt=\"\" srcset=\"https:\/\/www.museonicolis.com\/html\/uploads\/2016\/02\/4689-350x233.jpg 350w, https:\/\/www.museonicolis.com\/html\/uploads\/2016\/02\/4689-240x160.jpg 240w, https:\/\/www.museonicolis.com\/html\/uploads\/2016\/02\/4689.jpg 750w\" sizes=\"auto, (max-width: 300px) 100vw, 300px\" \/><\/a>\r\n            <\/dt><\/dl><dl class='gallery-item ' title='' >\r\n            <dt class='gallery-icon '>\r\n               <a data-title=\"\"  class=\"\"  href='https:\/\/www.museonicolis.com\/html\/uploads\/2016\/02\/4685.jpg'><img loading=\"lazy\" decoding=\"async\" width=\"200\" height=\"300\" src=\"https:\/\/www.museonicolis.com\/html\/uploads\/2016\/02\/4685-350x525.jpg\" class=\"attachment-medium size-medium\" alt=\"\" srcset=\"https:\/\/www.museonicolis.com\/html\/uploads\/2016\/02\/4685-350x525.jpg 350w, https:\/\/www.museonicolis.com\/html\/uploads\/2016\/02\/4685-400x600.jpg 400w, https:\/\/www.museonicolis.com\/html\/uploads\/2016\/02\/4685.jpg 500w\" sizes=\"auto, (max-width: 200px) 100vw, 200px\" \/><\/a>\r\n            <\/dt><\/dl><dl class='gallery-item ' title='' >\r\n            <dt class='gallery-icon '>\r\n               <a data-title=\"\"  class=\"\"  href='https:\/\/www.museonicolis.com\/html\/uploads\/2016\/02\/4691.jpg'><img loading=\"lazy\" decoding=\"async\" width=\"200\" height=\"300\" src=\"https:\/\/www.museonicolis.com\/html\/uploads\/2016\/02\/4691-350x525.jpg\" class=\"attachment-medium size-medium\" alt=\"\" srcset=\"https:\/\/www.museonicolis.com\/html\/uploads\/2016\/02\/4691-350x525.jpg 350w, https:\/\/www.museonicolis.com\/html\/uploads\/2016\/02\/4691-400x600.jpg 400w, https:\/\/www.museonicolis.com\/html\/uploads\/2016\/02\/4691.jpg 500w\" sizes=\"auto, (max-width: 200px) 100vw, 200px\" \/><\/a>\r\n            <\/dt><\/dl>\r\n            <br style='clear: both;' \/>\r\n        <\/div>\n\n","protected":false},"excerpt":{"rendered":"<p>Vor einem Jahrhundert war das Berufsbild des &#8222;Mechanikers&#8220; sehr verschieden von dem heute verbreiteten modernen Konzept. Bis 1926 verstand man darunter einen Experten seines Fachs, der bei den Rennen neben dem Rennfahrer sa\u00df und oft gezwungen war, wahrhaftige akrobatische Kunstst\u00fccke (im wahrsten Sinne des Wortes zu unternehmen !!!), um etwaige w\u00e4hrend des Rennens davongetragene Sch\u00e4den&#8230;<\/p>\n","protected":false},"author":3,"featured_media":0,"parent":10495,"menu_order":0,"comment_status":"closed","ping_status":"closed","template":"","meta":{"_acf_changed":false,"om_disable_all_campaigns":false,"footnotes":""},"class_list":["post-10862","page","type-page","status-publish","hentry"],"acf":[],"yoast_head":"<!-- This site is optimized with the Yoast SEO plugin v22.0 - https:\/\/yoast.com\/wordpress\/plugins\/seo\/ -->\n<title>Historische Werkstatt - Museo Nicolis<\/title>\n<meta name=\"robots\" content=\"index, follow, max-snippet:-1, max-image-preview:large, max-video-preview:-1\" \/>\n<link rel=\"canonical\" href=\"https:\/\/www.museonicolis.com\/de\/kollektionen\/historische-werkstatt\/\" \/>\n<meta property=\"og:locale\" content=\"de_DE\" \/>\n<meta property=\"og:type\" content=\"article\" \/>\n<meta property=\"og:title\" content=\"Historische Werkstatt - Museo Nicolis\" \/>\n<meta property=\"og:description\" content=\"Vor einem Jahrhundert war das Berufsbild des &#8222;Mechanikers&#8220; sehr verschieden von dem heute verbreiteten modernen Konzept. Bis 1926 verstand man darunter einen Experten seines Fachs, der bei den Rennen neben dem Rennfahrer sa\u00df und oft gezwungen war, wahrhaftige akrobatische Kunstst\u00fccke (im wahrsten Sinne des Wortes zu unternehmen !!!), um etwaige w\u00e4hrend des Rennens davongetragene Sch\u00e4den...\" \/>\n<meta property=\"og:url\" content=\"https:\/\/www.museonicolis.com\/de\/kollektionen\/historische-werkstatt\/\" \/>\n<meta property=\"og:site_name\" content=\"Museo Nicolis\" \/>\n<meta property=\"og:image\" content=\"https:\/\/www.museonicolis.com\/html\/uploads\/2016\/02\/4697-350x525.jpg\" \/>\n<meta name=\"twitter:card\" content=\"summary_large_image\" \/>\n<meta name=\"twitter:label1\" content=\"Gesch\u00e4tzte Lesezeit\" \/>\n\t<meta name=\"twitter:data1\" content=\"1\u00a0Minute\" \/>\n<script type=\"application\/ld+json\" class=\"yoast-schema-graph\">{\"@context\":\"https:\/\/schema.org\",\"@graph\":[{\"@type\":\"WebPage\",\"@id\":\"https:\/\/www.museonicolis.com\/de\/kollektionen\/historische-werkstatt\/\",\"url\":\"https:\/\/www.museonicolis.com\/de\/kollektionen\/historische-werkstatt\/\",\"name\":\"Historische Werkstatt - Museo Nicolis\",\"isPartOf\":{\"@id\":\"https:\/\/www.museonicolis.com\/#website\"},\"datePublished\":\"2016-02-11T14:28:06+00:00\",\"dateModified\":\"2016-02-11T14:28:06+00:00\",\"breadcrumb\":{\"@id\":\"https:\/\/www.museonicolis.com\/de\/kollektionen\/historische-werkstatt\/#breadcrumb\"},\"inLanguage\":\"de\",\"potentialAction\":[{\"@type\":\"ReadAction\",\"target\":[\"https:\/\/www.museonicolis.com\/de\/kollektionen\/historische-werkstatt\/\"]}]},{\"@type\":\"BreadcrumbList\",\"@id\":\"https:\/\/www.museonicolis.com\/de\/kollektionen\/historische-werkstatt\/#breadcrumb\",\"itemListElement\":[{\"@type\":\"ListItem\",\"position\":1,\"name\":\"Home\",\"item\":\"https:\/\/www.museonicolis.com\/de\/\"},{\"@type\":\"ListItem\",\"position\":2,\"name\":\"Kollektionen\",\"item\":\"https:\/\/www.museonicolis.com\/de\/kollektionen\/\"},{\"@type\":\"ListItem\",\"position\":3,\"name\":\"Historische Werkstatt\"}]},{\"@type\":\"WebSite\",\"@id\":\"https:\/\/www.museonicolis.com\/#website\",\"url\":\"https:\/\/www.museonicolis.com\/\",\"name\":\"Museo Nicolis\",\"description\":\"Hunderte von Autos, Motorr\u00e4der und Fahrr\u00e4der\",\"potentialAction\":[{\"@type\":\"SearchAction\",\"target\":{\"@type\":\"EntryPoint\",\"urlTemplate\":\"https:\/\/www.museonicolis.com\/?s={search_term_string}\"},\"query-input\":\"required name=search_term_string\"}],\"inLanguage\":\"de\"}]}<\/script>\n<!-- \/ Yoast SEO plugin. -->","yoast_head_json":{"title":"Historische Werkstatt - Museo Nicolis","robots":{"index":"index","follow":"follow","max-snippet":"max-snippet:-1","max-image-preview":"max-image-preview:large","max-video-preview":"max-video-preview:-1"},"canonical":"https:\/\/www.museonicolis.com\/de\/kollektionen\/historische-werkstatt\/","og_locale":"de_DE","og_type":"article","og_title":"Historische Werkstatt - Museo Nicolis","og_description":"Vor einem Jahrhundert war das Berufsbild des &#8222;Mechanikers&#8220; sehr verschieden von dem heute verbreiteten modernen Konzept. Bis 1926 verstand man darunter einen Experten seines Fachs, der bei den Rennen neben dem Rennfahrer sa\u00df und oft gezwungen war, wahrhaftige akrobatische Kunstst\u00fccke (im wahrsten Sinne des Wortes zu unternehmen !!!), um etwaige w\u00e4hrend des Rennens davongetragene Sch\u00e4den...","og_url":"https:\/\/www.museonicolis.com\/de\/kollektionen\/historische-werkstatt\/","og_site_name":"Museo Nicolis","og_image":[{"url":"https:\/\/www.museonicolis.com\/html\/uploads\/2016\/02\/4697-350x525.jpg"}],"twitter_card":"summary_large_image","twitter_misc":{"Gesch\u00e4tzte Lesezeit":"1\u00a0Minute"},"schema":{"@context":"https:\/\/schema.org","@graph":[{"@type":"WebPage","@id":"https:\/\/www.museonicolis.com\/de\/kollektionen\/historische-werkstatt\/","url":"https:\/\/www.museonicolis.com\/de\/kollektionen\/historische-werkstatt\/","name":"Historische Werkstatt - Museo Nicolis","isPartOf":{"@id":"https:\/\/www.museonicolis.com\/#website"},"datePublished":"2016-02-11T14:28:06+00:00","dateModified":"2016-02-11T14:28:06+00:00","breadcrumb":{"@id":"https:\/\/www.museonicolis.com\/de\/kollektionen\/historische-werkstatt\/#breadcrumb"},"inLanguage":"de","potentialAction":[{"@type":"ReadAction","target":["https:\/\/www.museonicolis.com\/de\/kollektionen\/historische-werkstatt\/"]}]},{"@type":"BreadcrumbList","@id":"https:\/\/www.museonicolis.com\/de\/kollektionen\/historische-werkstatt\/#breadcrumb","itemListElement":[{"@type":"ListItem","position":1,"name":"Home","item":"https:\/\/www.museonicolis.com\/de\/"},{"@type":"ListItem","position":2,"name":"Kollektionen","item":"https:\/\/www.museonicolis.com\/de\/kollektionen\/"},{"@type":"ListItem","position":3,"name":"Historische Werkstatt"}]},{"@type":"WebSite","@id":"https:\/\/www.museonicolis.com\/#website","url":"https:\/\/www.museonicolis.com\/","name":"Museo Nicolis","description":"Hunderte von Autos, Motorr\u00e4der und Fahrr\u00e4der","potentialAction":[{"@type":"SearchAction","target":{"@type":"EntryPoint","urlTemplate":"https:\/\/www.museonicolis.com\/?s={search_term_string}"},"query-input":"required name=search_term_string"}],"inLanguage":"de"}]}},"_links":{"self":[{"href":"https:\/\/www.museonicolis.com\/de\/wp-json\/wp\/v2\/pages\/10862","targetHints":{"allow":["GET"]}}],"collection":[{"href":"https:\/\/www.museonicolis.com\/de\/wp-json\/wp\/v2\/pages"}],"about":[{"href":"https:\/\/www.museonicolis.com\/de\/wp-json\/wp\/v2\/types\/page"}],"author":[{"embeddable":true,"href":"https:\/\/www.museonicolis.com\/de\/wp-json\/wp\/v2\/users\/3"}],"replies":[{"embeddable":true,"href":"https:\/\/www.museonicolis.com\/de\/wp-json\/wp\/v2\/comments?post=10862"}],"version-history":[{"count":0,"href":"https:\/\/www.museonicolis.com\/de\/wp-json\/wp\/v2\/pages\/10862\/revisions"}],"up":[{"embeddable":true,"href":"https:\/\/www.museonicolis.com\/de\/wp-json\/wp\/v2\/pages\/10495"}],"wp:attachment":[{"href":"https:\/\/www.museonicolis.com\/de\/wp-json\/wp\/v2\/media?parent=10862"}],"curies":[{"name":"wp","href":"https:\/\/api.w.org\/{rel}","templated":true}]}}