{"id":10841,"date":"2016-02-11T15:20:33","date_gmt":"2016-02-11T14:20:33","guid":{"rendered":"http:\/\/museonicolis.com\/de\/?page_id=10841"},"modified":"2017-08-11T14:50:01","modified_gmt":"2017-08-11T12:50:01","slug":"militaerischer-bereich","status":"publish","type":"page","link":"https:\/\/www.museonicolis.com\/de\/kollektionen\/militaerischer-bereich\/","title":{"rendered":"Milit\u00e4rischer Bereich"},"content":{"rendered":"<h2>Erster Weltkrieg<\/h2>\n<p>Anlass des Ersten Weltkrieges 1914 &#8211; 1918 war die Ermordung des \u00f6sterreichischen Thronfolgers Erzherzog Franz Ferdinand am 28. Juni 1914 in Sarajevo durch den irredentistischen serbischen Studenten Gavrilo Princip.<\/p>\n<p>Durch das Spiel der Allianzen, die die verschiedenen europ\u00e4ischen Nationen verbanden: \u00d6sterreich-Ungarn, Deutschland und die T\u00fcrkei auf der einen Seite und Russland, Frankreich, England und nachfolgend Italien, Japan und die Vereinigten Staaten auf der anderen, war fast ganz Europa innerhalb kurzer Zeit in den Konflikt verwickelt: vom Ural bis zu den Pyren\u00e4en, von der Nordsee bis Afrika.<\/p>\n<p>Auch alle dem britischen Commonwealth zugeh\u00f6rigen Territorien traten dem Konflikt bei, sodass dieser anhand seiner weltweiten Ausdehnung berechtigterweise als Erster Weltkrieg bezeichnet werden konnte.<\/p>\n<p>Europa, das an diesem enormen Wahnsinn teilnahm, war ein Kontinent, der durch Staaten mit unterschiedlichem technologischen Fortschritt gekennzeichnet war: einem r\u00fcckst\u00e4ndigen Russland, im Wesentlichen ein Agrarland, standen Deutschland und England gegen\u00fcber, deren Entwicklung vor allem auf dem Gebiet der Schwer- und Stahlindustrie schon damals die Lokomotive der Wirtschaft des Kontinents war.<\/p>\n<p>Von einem niedrigeren Stadium der Industrialisierung konnte man bei Frankreich sprechen, gefolgt von Italien, dessen geografische und soziale Gliederung in einen Norden mit konstanter wirtschaftlicher Entwicklung und in einen S\u00fcden, der im Gel\u00e4ndegang vorankam, den Eindruck eines Landes mit zwei Geschwindigkeiten gab.<\/p>\n<p>Auf der anderen Seite der Ozeane stellten die Vereinigten Staaten und Japan bereits die neuen wirtschaftlichen Pole mit politischem Einfluss dar. Japan hatte die Welt \u00fcberrascht, als es 1905 den Krieg gegen Russland in der Mandschurei f\u00fcr sich entscheiden konnte, der erste, bei dem eine hochmoderne Kriegsflotte, jene japanische, und auf den Schlachtfeldern Flugzeuge und Maschinegewehre eingesetzt wurden.<\/p>\n<p>Die Vereinigten Staaten waren noch nie von den Europ\u00e4ern in einem Krieg \u2018gemessen\u2019 worden, wenn man den Kubakrieg ausschlie\u00dft, der gegen Spanien gef\u00fchrt wurde, aber es war f\u00fcr niemanden ein Geheimnis, dass der amerikanische Riese den Unterschied h\u00e4tte ausmachen k\u00f6nnen, h\u00e4tte er, wie 1917, etwas unternommen.<\/p>\n<p>Die Stahlwerke von Pittsburgh und die mechanische Industrie machten Riesenschritte: Henry Ford verk\u00f6rperte bereits seit Jahren eine Lehre f\u00fcr die gesamte industrialisierte Welt.<\/p>\n<p>Das war das Szenarium, als die kriegsf\u00fchrenden Heere in den Krieg zogen, um gegeneinander zu k\u00e4mpfen und sie verf\u00fcgten \u00fcber alles, was Technologie und Industrie in der Zeit um 1800 und 1900 geschaffen hatte.<\/p>\n<p>Sch\u00fctzengr\u00e4ben, Himmel und Meere wurden Austragungsorte technologischer Experimente, schauerliche Laboratorien, wo jede Art Ger\u00e4t zum Angriff oder zur Verteidigung getestet wurde.<\/p>\n<p>Die bereits im Lybienkrieg von 1911 eingesetzten Flugzeuge kamen auf Kriegsschaupl\u00e4tzen in immer gr\u00f6\u00dferer Zahl zum Einsatz, anfangs als Beobachter und Aufkl\u00e4rer, dann als Bomber.<\/p>\n<p>Die Artillerien wurden immer st\u00e4rker und s\u00e4ten Tod und Zerst\u00f6rung an allen Fronten; man hat errechnet, dass mehr als 70% aller Verluste durch den Einsatz gro\u00dfkalibriger Gesch\u00fctze verursacht wurde.<\/p>\n<p>Viele Waffen entstanden w\u00e4hrend des Ersten Weltkrieges: zwischen Stachelbandspiralen und Sch\u00fctzengr\u00e4ben der franz\u00f6sischen Front tauchte beispielsweise der Panzer auf, eine schreckliche Waffe, die noch heute in moderner Ausf\u00fchrung in den Armeen der ganzen Welt verbreitet ist und eingesetzt wird.<\/p>\n<p>Maschinengewehre und Flammenwerfer f\u00fcgten, wenn m\u00f6glich, zu den bereits oft verzweifelten Bedingungen der Soldaten jeden beteiligten Heeres weiteren Schrecken hinzu, wie auch die Verwendung von Gas, das, von fast allen Kriegsparteien verwendet, derma\u00dfen beeindruckte, dass man auf internationaler Ebene \u00fcbereinkam, in zuk\u00fcnftigen Kriegen nie wieder Gebrauch davon zu machen.<\/p>\n<h2>Zweiter Weltkrieg<\/h2>\n<p>Der Zweite Weltkrieg hat seine Wurzeln in einer Reihe politischer und milit\u00e4rischer Handlungen, die das seit 1933 von der nationalsozialistischen Partei regierte Deutschland in Form von \u00dcberf\u00e4llen auf angrenzende L\u00e4nder vollzog, denen gegen\u00fcber es territoriale Anspr\u00fcche erhob.<\/p>\n<p>Seit dem erzwungenen Anschluss \u00d6sterreichs 1935, der Sudeten 1938, bis zur Beanspruchung des Territoriums und der Stadt Danzig, die bereits Ostpreu\u00dfen war, aber am Ende des Ersten Weltkrieges von polnischem Territorium umgeben und von Deutschland isoliert war, zeigt sich Europa bei Ausbruch des Zweiten Weltkrieges &#8211; 1. September 1939 \u2013 als sehr anders als vor 25 Jahren bei Ausbruch des Ersten Weltkrieges.<\/p>\n<p>Im europ\u00e4ischen Szenarium sind es nicht mehr die Monarchien, die die Aufmerksamkeit monopolisieren, sondern die Diktaturen: die erste war jene faschistische, in der 1923 Benito Mussolini an die Macht gelang, gefolgt von der nationalsozialistischen, die 1933 Adolf Hitler zum Aufstieg verhalf, hinzu kam die spanische unter Vorsitz von Francisco Franco, der sich durch die Unterst\u00fctzung der italienischen und deutschen Diktatoren nach einem blutigen B\u00fcrgerkrieg dieses Amtes bem\u00e4chtigte. Im Osten hatte die Oktoberrevolution von 1917, die Russland den Ausgang aus dem Ersten Weltkrieg gebracht hatte, die sowjetische Diktatur unter Josip Stalin hervorgebracht.<\/p>\n<p>Die deutschen und italienischen Diktaturen waren an zwei Fronten besch\u00e4ftigt: innenpolitisch mit der Machtverst\u00e4rkung, Entwicklung der Industrie und technologischen Pole, au\u00dfenpolitisch mit Expansionspolitik, im Wesentlichen europaweit, um f\u00fcr die Nation, jene deutsche, neue Territorien hinzuzugewinnen, jene italienische hatte deutlich mehr koloniale Z\u00fcge.<\/p>\n<p>England und Frankreich, im Wesentlichen isoliert und furchtsam sowohl vor einem Deutschland, das fortschreitend und schnell aufr\u00fcstete als auch vor einem Russland, das der Westpolitik sicher nicht wohlgesonnen war, stellten weder eine Abschreckung noch ein Bollwerk f\u00fcr die deutsche Expansionspolitik dem hinzu kam noch ein stark isolationistische Haltung der Vereinigten Staaten, das im Osten auf die \u00dcberwachung der japanischen Expansionspolitik gerichtet war und darauf, , eingedenk der verheerenden Wirtschaftskrise von 1929 die M\u00e4rkte und die Wirtschaft zu konsolidieren.<\/p>\n<p>In diesem Kontext der Ereignisse und Umst\u00e4nde reifte der Entschluss Hitlers Krieg gegen Polen zu f\u00fchren und angesichts der Struktur der Allianzen automatisch auch gegen Frankreich und England, was den Zweiten Weltkrieg ausl\u00f6ste.<\/p>\n<p>Der Zweite Weltkrieg sah neben den inzwischen vergangenen Zeiten angeh\u00f6renden Gefechten mit Hieb- und Stichwaffen einen verbissenen technologischen Wettstreit: zum ersten Mal wird die Macht einer Nation nicht mehr von der Anzahl der K\u00e4mpfer, die ihr gelingt einzuziehen, sondern von den ihr zur Verf\u00fcgung stehenden technologischen und energetischen Ressourcen bestimmt: Stahl, Aluminium, Erd\u00f6l, H\u00fcttenwerke und mechanische Industrien.<\/p>\n<p>Die deutsche \u00dcbermacht am Anfang und f\u00fcr einen Gro\u00dfteil des Krieges ist ein offensichtliches Beispiel daf\u00fcr, die bald von der beeindruckenden Wiederaufstieg der Vereinigten Staaten erreicht und \u00fcberholt wurde. In nur wenigen Jahren werden die einstigen Flugzeuge aus Holz ganz aus Metall, werden auf schnelle Schiffe verladen und sind mit Stahltriebwerken ausgestattet. Ger\u00e4te wie Radar kehren oft das Los der K\u00e4mpfe um, w\u00e4hrend jede Art Fahrzeug, mit oder ohne Raupe die L\u00e4nder Europas und Asiens durchstreift. Die Waffen werden immer m\u00e4chtiger und schrecklicher, bis man bei der Atombombe angelangt ist, \u201cdie ultimative Waffe\u201d, der Deutsche und Amerikaner die gesamte letzte Kriegsphase \u00fcber nachjagten.<\/p>\n<p>Einige der ausgestellten Exemplare:<\/p>\n<ul>\n<li><strong>Lkw FIAT 18P &#8211; Italien &#8211; 1907<\/strong> \u2013 Im Ersten Weltkrieg an der italienischen<\/li>\n<li><strong>Front eingesetzt. Feldk\u00fcche &#8211; 1960<\/strong> \u2013 Kerosinbetrieb \u2013 wurde von der italienischen Armee und bis in die 90er Jahre von den NATO-Streitkr\u00e4ften verwendet. Mit Backofen f\u00fcr Brot, Benutzung auch im Rahmen von Zivilschutzdienst.<\/li>\n<li><strong>Zugwagen &#8211; 1915<\/strong> \u2013 f\u00fcr Logistik und im Dienst des Roten Kreuzes.<\/li>\n<li><strong>Flugzeug nieuport 11 \u201cBeb\u00e8\u201d<\/strong> (Modell) &#8211; Frankreich \u2013 Einsatz im Ersten Weltkrieg Motorkarren<\/li>\n<li><strong>\u2018Mulo meccanico\u2018 &#8211; Italien<\/strong> &#8211; 1960-1963 \u2013 Raupenfahrzeug f\u00fcr Gebirge mit variablerSteigung Typ S.T.M.E. Moto Guzzi 3&#215;3. Produzierte Exemplare: 423<\/li>\n<li><strong>Feldk\u00fcche &#8211; Italien &#8211; 1907-1909<\/strong> &#8211; von der italienischen Armee im Ersten Weltkrieg benutzt. Nach Kriegsende dem Schweizer Roten Kreuz geschenkt.<\/li>\n<li><strong>Stromgenerator mit Pedalantrieb &#8211; Deutschland<\/strong> &#8211; 1950-1960 &#8211; von Telefunken f\u00fcr die NATO-Streitkr\u00e4fte realisiert.<\/li>\n<li><strong>Panzerfahrzeug F333E &#8211; Italien &#8211; 1970<\/strong> \u2013 Prototyp, als ein einziges Exemplar von Ferrari Engineering Turin gebaut. Panzerfahrzeug mit R\u00e4dern f\u00fcr eine Vielzahl von Verwendungen geeignet, wie Erkundung, Beobachtung, schnelles Patroullieren und Support f\u00fcr Waffen und\/oder elektronische Mittel.<\/li>\n<li><strong>Tiersattel f\u00fcr Esel &#8211; Italien<\/strong> \u2013 im Ersten Weltkrieg von den Alpenj\u00e4gern verwendet, zwei Funktionen: der eine f\u00fcr Verproviantierung und Haushaltsgut und der andere mit Metallst\u00e4ben zum Transport von kleinen Artilleriegesch\u00fctzen f\u00fcr die Berge.<\/li>\n<li><strong>Amphibienfahrzeug FN Tricar AS24<\/strong> f\u00fcr die belgischen und franz\u00f6sischen Streitkr\u00e4fte gebaut. von belgischen Fallschirmspringern bei milit\u00e4rischen Eins\u00e4tzen im ehemaligen Belgisch-Kongo 60er Jahre verwendet.<\/li>\n<li><strong>Motorkarren BMW R12 &#8211; Deutschland &#8211; 1948<\/strong> \u2013 das ausgestellte Exemplar mit Maschinengewehr MG42, schwenkbar, wurde vom Oberkommando der 9. Panzer-Division benutzt.<\/li>\n<\/ul>\n\r\n\r\n        <!-- see gallery_shortcode() in wp-includes\/media.php -->\r\n        <div id='gallery-1' class='lu-gallery gallery galleryid-10841'><dl class='gallery-item ' title='' >\r\n            <dt class='gallery-icon '>\r\n               <a data-title=\"\"  class=\"\"  href='https:\/\/www.museonicolis.com\/html\/uploads\/2016\/02\/4717.jpg'><img loading=\"lazy\" decoding=\"async\" width=\"300\" height=\"200\" src=\"https:\/\/www.museonicolis.com\/html\/uploads\/2016\/02\/4717-350x233.jpg\" class=\"attachment-medium size-medium\" alt=\"\" srcset=\"https:\/\/www.museonicolis.com\/html\/uploads\/2016\/02\/4717-350x233.jpg 350w, https:\/\/www.museonicolis.com\/html\/uploads\/2016\/02\/4717-240x160.jpg 240w, https:\/\/www.museonicolis.com\/html\/uploads\/2016\/02\/4717.jpg 750w\" sizes=\"auto, (max-width: 300px) 100vw, 300px\" \/><\/a>\r\n            <\/dt><\/dl><dl class='gallery-item ' title='' >\r\n            <dt class='gallery-icon '>\r\n               <a data-title=\"\"  class=\"\"  href='https:\/\/www.museonicolis.com\/html\/uploads\/2016\/02\/4727.jpg'><img loading=\"lazy\" decoding=\"async\" width=\"300\" height=\"200\" src=\"https:\/\/www.museonicolis.com\/html\/uploads\/2016\/02\/4727-350x233.jpg\" class=\"attachment-medium size-medium\" alt=\"\" srcset=\"https:\/\/www.museonicolis.com\/html\/uploads\/2016\/02\/4727-350x233.jpg 350w, https:\/\/www.museonicolis.com\/html\/uploads\/2016\/02\/4727-240x160.jpg 240w, https:\/\/www.museonicolis.com\/html\/uploads\/2016\/02\/4727.jpg 750w\" sizes=\"auto, (max-width: 300px) 100vw, 300px\" \/><\/a>\r\n            <\/dt><\/dl><dl class='gallery-item ' title='' >\r\n            <dt class='gallery-icon '>\r\n               <a data-title=\"\"  class=\"\"  href='https:\/\/www.museonicolis.com\/html\/uploads\/2016\/02\/4729.jpg'><img loading=\"lazy\" decoding=\"async\" width=\"300\" height=\"200\" src=\"https:\/\/www.museonicolis.com\/html\/uploads\/2016\/02\/4729-350x233.jpg\" class=\"attachment-medium size-medium\" alt=\"\" srcset=\"https:\/\/www.museonicolis.com\/html\/uploads\/2016\/02\/4729-350x233.jpg 350w, https:\/\/www.museonicolis.com\/html\/uploads\/2016\/02\/4729-240x160.jpg 240w, https:\/\/www.museonicolis.com\/html\/uploads\/2016\/02\/4729.jpg 750w\" sizes=\"auto, (max-width: 300px) 100vw, 300px\" \/><\/a>\r\n            <\/dt><\/dl><dl class='gallery-item ' title='' >\r\n            <dt class='gallery-icon '>\r\n               <a data-title=\"\"  class=\"\"  href='https:\/\/www.museonicolis.com\/html\/uploads\/2016\/02\/4721.jpg'><img loading=\"lazy\" decoding=\"async\" width=\"200\" height=\"300\" src=\"https:\/\/www.museonicolis.com\/html\/uploads\/2016\/02\/4721-350x525.jpg\" class=\"attachment-medium size-medium\" alt=\"\" srcset=\"https:\/\/www.museonicolis.com\/html\/uploads\/2016\/02\/4721-350x525.jpg 350w, https:\/\/www.museonicolis.com\/html\/uploads\/2016\/02\/4721-400x600.jpg 400w, https:\/\/www.museonicolis.com\/html\/uploads\/2016\/02\/4721.jpg 500w\" sizes=\"auto, (max-width: 200px) 100vw, 200px\" \/><\/a>\r\n            <\/dt><\/dl><dl class='gallery-item ' title='' >\r\n            <dt class='gallery-icon '>\r\n               <a data-title=\"\"  class=\"\"  href='https:\/\/www.museonicolis.com\/html\/uploads\/2016\/02\/4725.jpg'><img loading=\"lazy\" decoding=\"async\" width=\"300\" height=\"200\" src=\"https:\/\/www.museonicolis.com\/html\/uploads\/2016\/02\/4725-350x233.jpg\" class=\"attachment-medium size-medium\" alt=\"\" srcset=\"https:\/\/www.museonicolis.com\/html\/uploads\/2016\/02\/4725-350x233.jpg 350w, https:\/\/www.museonicolis.com\/html\/uploads\/2016\/02\/4725-240x160.jpg 240w, https:\/\/www.museonicolis.com\/html\/uploads\/2016\/02\/4725.jpg 750w\" sizes=\"auto, (max-width: 300px) 100vw, 300px\" \/><\/a>\r\n            <\/dt><\/dl><dl class='gallery-item ' title='' >\r\n            <dt class='gallery-icon '>\r\n               <a data-title=\"\"  class=\"\"  href='https:\/\/www.museonicolis.com\/html\/uploads\/2016\/02\/4723.jpg'><img loading=\"lazy\" decoding=\"async\" width=\"300\" height=\"200\" src=\"https:\/\/www.museonicolis.com\/html\/uploads\/2016\/02\/4723-350x233.jpg\" class=\"attachment-medium size-medium\" alt=\"\" srcset=\"https:\/\/www.museonicolis.com\/html\/uploads\/2016\/02\/4723-350x233.jpg 350w, https:\/\/www.museonicolis.com\/html\/uploads\/2016\/02\/4723-240x160.jpg 240w, https:\/\/www.museonicolis.com\/html\/uploads\/2016\/02\/4723.jpg 750w\" sizes=\"auto, (max-width: 300px) 100vw, 300px\" \/><\/a>\r\n            <\/dt><\/dl><dl class='gallery-item ' title='' >\r\n            <dt class='gallery-icon '>\r\n               <a data-title=\"\"  class=\"\"  href='https:\/\/www.museonicolis.com\/html\/uploads\/2016\/02\/4719.jpg'><img loading=\"lazy\" decoding=\"async\" width=\"300\" height=\"200\" src=\"https:\/\/www.museonicolis.com\/html\/uploads\/2016\/02\/4719-350x233.jpg\" class=\"attachment-medium size-medium\" alt=\"\" srcset=\"https:\/\/www.museonicolis.com\/html\/uploads\/2016\/02\/4719-350x233.jpg 350w, https:\/\/www.museonicolis.com\/html\/uploads\/2016\/02\/4719-240x160.jpg 240w, https:\/\/www.museonicolis.com\/html\/uploads\/2016\/02\/4719.jpg 750w\" sizes=\"auto, (max-width: 300px) 100vw, 300px\" \/><\/a>\r\n            <\/dt><\/dl><dl class='gallery-item ' title='' >\r\n            <dt class='gallery-icon '>\r\n               <a data-title=\"\"  class=\"\"  href='https:\/\/www.museonicolis.com\/html\/uploads\/2016\/02\/4731.jpg'><img loading=\"lazy\" decoding=\"async\" width=\"200\" height=\"300\" src=\"https:\/\/www.museonicolis.com\/html\/uploads\/2016\/02\/4731-350x525.jpg\" class=\"attachment-medium size-medium\" alt=\"\" srcset=\"https:\/\/www.museonicolis.com\/html\/uploads\/2016\/02\/4731-350x525.jpg 350w, https:\/\/www.museonicolis.com\/html\/uploads\/2016\/02\/4731-400x600.jpg 400w, https:\/\/www.museonicolis.com\/html\/uploads\/2016\/02\/4731.jpg 500w\" sizes=\"auto, (max-width: 200px) 100vw, 200px\" \/><\/a>\r\n            <\/dt><\/dl><dl class='gallery-item ' title='' >\r\n            <dt class='gallery-icon '>\r\n               <a data-title=\"\"  class=\"\"  href='https:\/\/www.museonicolis.com\/html\/uploads\/2016\/02\/4733.jpg'><img loading=\"lazy\" decoding=\"async\" width=\"300\" height=\"200\" src=\"https:\/\/www.museonicolis.com\/html\/uploads\/2016\/02\/4733-350x233.jpg\" class=\"attachment-medium size-medium\" alt=\"\" srcset=\"https:\/\/www.museonicolis.com\/html\/uploads\/2016\/02\/4733-350x233.jpg 350w, https:\/\/www.museonicolis.com\/html\/uploads\/2016\/02\/4733-240x160.jpg 240w, https:\/\/www.museonicolis.com\/html\/uploads\/2016\/02\/4733.jpg 750w\" sizes=\"auto, (max-width: 300px) 100vw, 300px\" \/><\/a>\r\n            <\/dt><\/dl>\r\n            <br style='clear: both;' \/>\r\n        <\/div>\n\n","protected":false},"excerpt":{"rendered":"<p>Erster Weltkrieg Anlass des Ersten Weltkrieges 1914 &#8211; 1918 war die Ermordung des \u00f6sterreichischen Thronfolgers Erzherzog Franz Ferdinand am 28. Juni 1914 in Sarajevo durch den irredentistischen serbischen Studenten Gavrilo Princip. Durch das Spiel der Allianzen, die die verschiedenen europ\u00e4ischen Nationen verbanden: \u00d6sterreich-Ungarn, Deutschland und die T\u00fcrkei auf der einen Seite und Russland, Frankreich, England&#8230;<\/p>\n","protected":false},"author":3,"featured_media":21721,"parent":10495,"menu_order":0,"comment_status":"closed","ping_status":"closed","template":"","meta":{"_acf_changed":false,"om_disable_all_campaigns":false,"footnotes":""},"class_list":["post-10841","page","type-page","status-publish","has-post-thumbnail","hentry"],"acf":[],"yoast_head":"<!-- This site is optimized with the Yoast SEO plugin v22.0 - https:\/\/yoast.com\/wordpress\/plugins\/seo\/ -->\n<title>Milit\u00e4rischer Bereich - Museo Nicolis<\/title>\n<meta name=\"robots\" content=\"index, follow, max-snippet:-1, max-image-preview:large, max-video-preview:-1\" \/>\n<link rel=\"canonical\" href=\"https:\/\/www.museonicolis.com\/de\/kollektionen\/militaerischer-bereich\/\" \/>\n<meta property=\"og:locale\" content=\"de_DE\" \/>\n<meta property=\"og:type\" content=\"article\" \/>\n<meta property=\"og:title\" content=\"Milit\u00e4rischer Bereich - Museo Nicolis\" \/>\n<meta property=\"og:description\" content=\"Erster Weltkrieg Anlass des Ersten Weltkrieges 1914 &#8211; 1918 war die Ermordung des \u00f6sterreichischen Thronfolgers Erzherzog Franz Ferdinand am 28. Juni 1914 in Sarajevo durch den irredentistischen serbischen Studenten Gavrilo Princip. Durch das Spiel der Allianzen, die die verschiedenen europ\u00e4ischen Nationen verbanden: \u00d6sterreich-Ungarn, Deutschland und die T\u00fcrkei auf der einen Seite und Russland, Frankreich, England...\" \/>\n<meta property=\"og:url\" content=\"https:\/\/www.museonicolis.com\/de\/kollektionen\/militaerischer-bereich\/\" \/>\n<meta property=\"og:site_name\" content=\"Museo Nicolis\" \/>\n<meta property=\"article:modified_time\" content=\"2017-08-11T12:50:01+00:00\" \/>\n<meta property=\"og:image\" content=\"https:\/\/www.museonicolis.com\/html\/uploads\/2016\/11\/0029_SEZIONE-MILITARE.jpg\" \/>\n\t<meta property=\"og:image:width\" content=\"629\" \/>\n\t<meta property=\"og:image:height\" content=\"334\" \/>\n\t<meta property=\"og:image:type\" content=\"image\/jpeg\" \/>\n<meta name=\"twitter:card\" content=\"summary_large_image\" \/>\n<meta name=\"twitter:label1\" content=\"Gesch\u00e4tzte Lesezeit\" \/>\n\t<meta name=\"twitter:data1\" content=\"7\u00a0Minuten\" \/>\n<script type=\"application\/ld+json\" class=\"yoast-schema-graph\">{\"@context\":\"https:\/\/schema.org\",\"@graph\":[{\"@type\":\"WebPage\",\"@id\":\"https:\/\/www.museonicolis.com\/de\/kollektionen\/militaerischer-bereich\/\",\"url\":\"https:\/\/www.museonicolis.com\/de\/kollektionen\/militaerischer-bereich\/\",\"name\":\"Milit\u00e4rischer Bereich - Museo Nicolis\",\"isPartOf\":{\"@id\":\"https:\/\/www.museonicolis.com\/#website\"},\"datePublished\":\"2016-02-11T14:20:33+00:00\",\"dateModified\":\"2017-08-11T12:50:01+00:00\",\"breadcrumb\":{\"@id\":\"https:\/\/www.museonicolis.com\/de\/kollektionen\/militaerischer-bereich\/#breadcrumb\"},\"inLanguage\":\"de\",\"potentialAction\":[{\"@type\":\"ReadAction\",\"target\":[\"https:\/\/www.museonicolis.com\/de\/kollektionen\/militaerischer-bereich\/\"]}]},{\"@type\":\"BreadcrumbList\",\"@id\":\"https:\/\/www.museonicolis.com\/de\/kollektionen\/militaerischer-bereich\/#breadcrumb\",\"itemListElement\":[{\"@type\":\"ListItem\",\"position\":1,\"name\":\"Home\",\"item\":\"https:\/\/www.museonicolis.com\/de\/\"},{\"@type\":\"ListItem\",\"position\":2,\"name\":\"Kollektionen\",\"item\":\"https:\/\/www.museonicolis.com\/de\/kollektionen\/\"},{\"@type\":\"ListItem\",\"position\":3,\"name\":\"Milit\u00e4rischer Bereich\"}]},{\"@type\":\"WebSite\",\"@id\":\"https:\/\/www.museonicolis.com\/#website\",\"url\":\"https:\/\/www.museonicolis.com\/\",\"name\":\"Museo Nicolis\",\"description\":\"Hunderte von Autos, Motorr\u00e4der und Fahrr\u00e4der\",\"potentialAction\":[{\"@type\":\"SearchAction\",\"target\":{\"@type\":\"EntryPoint\",\"urlTemplate\":\"https:\/\/www.museonicolis.com\/?s={search_term_string}\"},\"query-input\":\"required name=search_term_string\"}],\"inLanguage\":\"de\"}]}<\/script>\n<!-- \/ Yoast SEO plugin. -->","yoast_head_json":{"title":"Milit\u00e4rischer Bereich - Museo Nicolis","robots":{"index":"index","follow":"follow","max-snippet":"max-snippet:-1","max-image-preview":"max-image-preview:large","max-video-preview":"max-video-preview:-1"},"canonical":"https:\/\/www.museonicolis.com\/de\/kollektionen\/militaerischer-bereich\/","og_locale":"de_DE","og_type":"article","og_title":"Milit\u00e4rischer Bereich - Museo Nicolis","og_description":"Erster Weltkrieg Anlass des Ersten Weltkrieges 1914 &#8211; 1918 war die Ermordung des \u00f6sterreichischen Thronfolgers Erzherzog Franz Ferdinand am 28. Juni 1914 in Sarajevo durch den irredentistischen serbischen Studenten Gavrilo Princip. Durch das Spiel der Allianzen, die die verschiedenen europ\u00e4ischen Nationen verbanden: \u00d6sterreich-Ungarn, Deutschland und die T\u00fcrkei auf der einen Seite und Russland, Frankreich, England...","og_url":"https:\/\/www.museonicolis.com\/de\/kollektionen\/militaerischer-bereich\/","og_site_name":"Museo Nicolis","article_modified_time":"2017-08-11T12:50:01+00:00","og_image":[{"width":629,"height":334,"url":"https:\/\/www.museonicolis.com\/html\/uploads\/2016\/11\/0029_SEZIONE-MILITARE.jpg","type":"image\/jpeg"}],"twitter_card":"summary_large_image","twitter_misc":{"Gesch\u00e4tzte Lesezeit":"7\u00a0Minuten"},"schema":{"@context":"https:\/\/schema.org","@graph":[{"@type":"WebPage","@id":"https:\/\/www.museonicolis.com\/de\/kollektionen\/militaerischer-bereich\/","url":"https:\/\/www.museonicolis.com\/de\/kollektionen\/militaerischer-bereich\/","name":"Milit\u00e4rischer Bereich - Museo Nicolis","isPartOf":{"@id":"https:\/\/www.museonicolis.com\/#website"},"datePublished":"2016-02-11T14:20:33+00:00","dateModified":"2017-08-11T12:50:01+00:00","breadcrumb":{"@id":"https:\/\/www.museonicolis.com\/de\/kollektionen\/militaerischer-bereich\/#breadcrumb"},"inLanguage":"de","potentialAction":[{"@type":"ReadAction","target":["https:\/\/www.museonicolis.com\/de\/kollektionen\/militaerischer-bereich\/"]}]},{"@type":"BreadcrumbList","@id":"https:\/\/www.museonicolis.com\/de\/kollektionen\/militaerischer-bereich\/#breadcrumb","itemListElement":[{"@type":"ListItem","position":1,"name":"Home","item":"https:\/\/www.museonicolis.com\/de\/"},{"@type":"ListItem","position":2,"name":"Kollektionen","item":"https:\/\/www.museonicolis.com\/de\/kollektionen\/"},{"@type":"ListItem","position":3,"name":"Milit\u00e4rischer Bereich"}]},{"@type":"WebSite","@id":"https:\/\/www.museonicolis.com\/#website","url":"https:\/\/www.museonicolis.com\/","name":"Museo Nicolis","description":"Hunderte von Autos, Motorr\u00e4der und Fahrr\u00e4der","potentialAction":[{"@type":"SearchAction","target":{"@type":"EntryPoint","urlTemplate":"https:\/\/www.museonicolis.com\/?s={search_term_string}"},"query-input":"required name=search_term_string"}],"inLanguage":"de"}]}},"_links":{"self":[{"href":"https:\/\/www.museonicolis.com\/de\/wp-json\/wp\/v2\/pages\/10841","targetHints":{"allow":["GET"]}}],"collection":[{"href":"https:\/\/www.museonicolis.com\/de\/wp-json\/wp\/v2\/pages"}],"about":[{"href":"https:\/\/www.museonicolis.com\/de\/wp-json\/wp\/v2\/types\/page"}],"author":[{"embeddable":true,"href":"https:\/\/www.museonicolis.com\/de\/wp-json\/wp\/v2\/users\/3"}],"replies":[{"embeddable":true,"href":"https:\/\/www.museonicolis.com\/de\/wp-json\/wp\/v2\/comments?post=10841"}],"version-history":[{"count":0,"href":"https:\/\/www.museonicolis.com\/de\/wp-json\/wp\/v2\/pages\/10841\/revisions"}],"up":[{"embeddable":true,"href":"https:\/\/www.museonicolis.com\/de\/wp-json\/wp\/v2\/pages\/10495"}],"wp:featuredmedia":[{"embeddable":true,"href":"https:\/\/www.museonicolis.com\/de\/wp-json\/wp\/v2\/media\/21721"}],"wp:attachment":[{"href":"https:\/\/www.museonicolis.com\/de\/wp-json\/wp\/v2\/media?parent=10841"}],"curies":[{"name":"wp","href":"https:\/\/api.w.org\/{rel}","templated":true}]}}