{"id":10817,"date":"2016-02-11T15:06:37","date_gmt":"2016-02-11T14:06:37","guid":{"rendered":"http:\/\/museonicolis.com\/de\/?page_id=10817"},"modified":"2016-02-11T15:07:12","modified_gmt":"2016-02-11T14:07:12","slug":"thematische-insel-ende-des-19-jahrhunderts","status":"publish","type":"page","link":"https:\/\/www.museonicolis.com\/de\/kollektionen\/thematische-insel-ende-des-19-jahrhunderts\/","title":{"rendered":"Thematische Insel Ende des 19. Jahrhunderts"},"content":{"rendered":"<p><img loading=\"lazy\" decoding=\"async\" class=\"alignright wp-image-10812 size-medium\" src=\"http:\/\/museonicolis.com\/html\/uploads\/2016\/02\/3167-350x233.jpg\" alt=\"3167\" width=\"300\" height=\"200\" srcset=\"https:\/\/www.museonicolis.com\/html\/uploads\/2016\/02\/3167-350x233.jpg 350w, https:\/\/www.museonicolis.com\/html\/uploads\/2016\/02\/3167-240x160.jpg 240w, https:\/\/www.museonicolis.com\/html\/uploads\/2016\/02\/3167.jpg 560w\" sizes=\"auto, (max-width: 300px) 100vw, 300px\" \/>Die thematische Insel zeigt anhand einer effektvollen Rekonstruktion einen realistischen Ausschnitt aus dem Leben der Gesellschaft Ende des 19. Jahrhunderts in Europa. Der Entwicklungsprozess aller Wissenschaften, der sich Anfang des 19.Jahrhunderts anbahnte, erreicht nun seinen H\u00f6hepunkt. Die unaufhaltsam aufeinanderfolgenden wissenschaftlichen Entdeckungen fl\u00f6\u00dfen dem Menschen gro\u00dfes Vertrauen in seine M\u00f6glichkeiten, die ihn umgebende Welt zu \u00e4ndern, ein, auch in physischer Hinsicht: die gro\u00dfen Spezialtragwerke und architektonischen Meisterleistungen, wie der Suezkanal, (1869), der Mont-Cenis-Eisenbahntunnel (1871) und die Br\u00fccke von Brooklyn (1883) stammen alle aus dieser Zeit. All das war m\u00f6glich durch die beinah zeitgleich aufgekommenen Realisierungsgrundlagen, wie Erd\u00f6l, Stahl und Elektrizit\u00e4t.<\/p>\n<p>Das Eisenbahnnetz entwickelt sich \u00fcberall in seiner Quantit\u00e4t und Qualit\u00e4t, das Telegraphennetz wird engmaschig ausgebaut und verbindet inzwischen alle wichtigeren besiedelten Gebiete miteinander.<\/p>\n<p>Der sich Anfang des 19. Jahrhunderts mit der Daguerreotypie angebahnte Prozess des &#8222;Festhaltens&#8220; von Bildern perfektioniert sich und erstreckt sich nun auf die Fotografie und anschlie\u00dfend auf das Kino. Die schnelle Entwicklung der in der Industrie, besonders in der chemischen, eingesetzten Wissenschaften, l\u00f6st eine zweite Industrierevolution aus, die genauer gesagt auch &#8222;wissenschaftliche Revolution&#8220; genannt wird. Die Industrien richten eigene Forschungszentren ein und auch die Politik leistet ihren Beitrag, indem sie der Wissenschaft einen beachtlichen Ansto\u00df gibt. Die grundlegende Bedeutung des historischen Moments, der in den Zeitraum der letzten drei\u00dfig Jahren des 19. Jahrhunderts f\u00e4llt, ist offensichtlich: in dieser Zeit sind die strukturellen Ver\u00e4nderungen zu suchen, die zur heutigen Gesellschaft f\u00fchrten.<\/p>\n<p>Sehr viele jener \u201cDinge\u201d die f\u00fcr uns heute unverzichtbar sind, wie der Verbrennungsmotor, das Automobil, das Motorrad, das Fahrrad, das Telefon, das Mikrofon, das Grammofon, die Gl\u00fchbirne, der Gummireifen, die Schreibmaschine, die Fotokamera, die ersten Kunststofffasern, die \u00f6ffentlichen Kraftfahrzeuge und vieles mehr kamen im Zeitraum der letzten drei\u00dfig Jahren des 19. Jahrhunderts auf.<\/p>\n\r\n\r\n        <!-- see gallery_shortcode() in wp-includes\/media.php -->\r\n        <div id='gallery-1' class='lu-gallery gallery galleryid-10817'><dl class='gallery-item ' title='' >\r\n            <dt class='gallery-icon '>\r\n               <a data-title=\"\"  class=\"\"  href='https:\/\/www.museonicolis.com\/html\/uploads\/2016\/02\/3167.jpg'><img loading=\"lazy\" decoding=\"async\" width=\"300\" height=\"200\" src=\"https:\/\/www.museonicolis.com\/html\/uploads\/2016\/02\/3167-350x233.jpg\" class=\"attachment-medium size-medium\" alt=\"\" srcset=\"https:\/\/www.museonicolis.com\/html\/uploads\/2016\/02\/3167-350x233.jpg 350w, https:\/\/www.museonicolis.com\/html\/uploads\/2016\/02\/3167-240x160.jpg 240w, https:\/\/www.museonicolis.com\/html\/uploads\/2016\/02\/3167.jpg 560w\" sizes=\"auto, (max-width: 300px) 100vw, 300px\" \/><\/a>\r\n            <\/dt><\/dl><dl class='gallery-item ' title='' >\r\n            <dt class='gallery-icon '>\r\n               <a data-title=\"\"  class=\"\"  href='https:\/\/www.museonicolis.com\/html\/uploads\/2016\/02\/4715.jpg'><img loading=\"lazy\" decoding=\"async\" width=\"300\" height=\"200\" src=\"https:\/\/www.museonicolis.com\/html\/uploads\/2016\/02\/4715-350x233.jpg\" class=\"attachment-medium size-medium\" alt=\"\" srcset=\"https:\/\/www.museonicolis.com\/html\/uploads\/2016\/02\/4715-350x233.jpg 350w, https:\/\/www.museonicolis.com\/html\/uploads\/2016\/02\/4715-240x160.jpg 240w, https:\/\/www.museonicolis.com\/html\/uploads\/2016\/02\/4715.jpg 560w\" sizes=\"auto, (max-width: 300px) 100vw, 300px\" \/><\/a>\r\n            <\/dt><\/dl>\r\n            <br style='clear: both;' \/>\r\n        <\/div>\n\n","protected":false},"excerpt":{"rendered":"<p>Die thematische Insel zeigt anhand einer effektvollen Rekonstruktion einen realistischen Ausschnitt aus dem Leben der Gesellschaft Ende des 19. Jahrhunderts in Europa. Der Entwicklungsprozess aller Wissenschaften, der sich Anfang des 19.Jahrhunderts anbahnte, erreicht nun seinen H\u00f6hepunkt. Die unaufhaltsam aufeinanderfolgenden wissenschaftlichen Entdeckungen fl\u00f6\u00dfen dem Menschen gro\u00dfes Vertrauen in seine M\u00f6glichkeiten, die ihn umgebende Welt zu \u00e4ndern,&#8230;<\/p>\n","protected":false},"author":3,"featured_media":0,"parent":10495,"menu_order":0,"comment_status":"closed","ping_status":"closed","template":"","meta":{"_acf_changed":false,"om_disable_all_campaigns":false,"footnotes":""},"class_list":["post-10817","page","type-page","status-publish","hentry"],"acf":[],"yoast_head":"<!-- This site is optimized with the Yoast SEO plugin v22.0 - https:\/\/yoast.com\/wordpress\/plugins\/seo\/ -->\n<title>Thematische Insel Ende des 19. Jahrhunderts - Museo Nicolis<\/title>\n<meta name=\"robots\" content=\"index, follow, max-snippet:-1, max-image-preview:large, max-video-preview:-1\" \/>\n<link rel=\"canonical\" href=\"https:\/\/www.museonicolis.com\/de\/kollektionen\/thematische-insel-ende-des-19-jahrhunderts\/\" \/>\n<meta property=\"og:locale\" content=\"de_DE\" \/>\n<meta property=\"og:type\" content=\"article\" \/>\n<meta property=\"og:title\" content=\"Thematische Insel Ende des 19. Jahrhunderts - Museo Nicolis\" \/>\n<meta property=\"og:description\" content=\"Die thematische Insel zeigt anhand einer effektvollen Rekonstruktion einen realistischen Ausschnitt aus dem Leben der Gesellschaft Ende des 19. Jahrhunderts in Europa. Der Entwicklungsprozess aller Wissenschaften, der sich Anfang des 19.Jahrhunderts anbahnte, erreicht nun seinen H\u00f6hepunkt. Die unaufhaltsam aufeinanderfolgenden wissenschaftlichen Entdeckungen fl\u00f6\u00dfen dem Menschen gro\u00dfes Vertrauen in seine M\u00f6glichkeiten, die ihn umgebende Welt zu \u00e4ndern,...\" \/>\n<meta property=\"og:url\" content=\"https:\/\/www.museonicolis.com\/de\/kollektionen\/thematische-insel-ende-des-19-jahrhunderts\/\" \/>\n<meta property=\"og:site_name\" content=\"Museo Nicolis\" \/>\n<meta property=\"article:modified_time\" content=\"2016-02-11T14:07:12+00:00\" \/>\n<meta property=\"og:image\" content=\"https:\/\/www.museonicolis.com\/html\/uploads\/2016\/02\/3167-350x233.jpg\" \/>\n<meta name=\"twitter:card\" content=\"summary_large_image\" \/>\n<meta name=\"twitter:label1\" content=\"Gesch\u00e4tzte Lesezeit\" \/>\n\t<meta name=\"twitter:data1\" content=\"2\u00a0Minuten\" \/>\n<script type=\"application\/ld+json\" class=\"yoast-schema-graph\">{\"@context\":\"https:\/\/schema.org\",\"@graph\":[{\"@type\":\"WebPage\",\"@id\":\"https:\/\/www.museonicolis.com\/de\/kollektionen\/thematische-insel-ende-des-19-jahrhunderts\/\",\"url\":\"https:\/\/www.museonicolis.com\/de\/kollektionen\/thematische-insel-ende-des-19-jahrhunderts\/\",\"name\":\"Thematische Insel Ende des 19. Jahrhunderts - Museo Nicolis\",\"isPartOf\":{\"@id\":\"https:\/\/www.museonicolis.com\/#website\"},\"datePublished\":\"2016-02-11T14:06:37+00:00\",\"dateModified\":\"2016-02-11T14:07:12+00:00\",\"breadcrumb\":{\"@id\":\"https:\/\/www.museonicolis.com\/de\/kollektionen\/thematische-insel-ende-des-19-jahrhunderts\/#breadcrumb\"},\"inLanguage\":\"de\",\"potentialAction\":[{\"@type\":\"ReadAction\",\"target\":[\"https:\/\/www.museonicolis.com\/de\/kollektionen\/thematische-insel-ende-des-19-jahrhunderts\/\"]}]},{\"@type\":\"BreadcrumbList\",\"@id\":\"https:\/\/www.museonicolis.com\/de\/kollektionen\/thematische-insel-ende-des-19-jahrhunderts\/#breadcrumb\",\"itemListElement\":[{\"@type\":\"ListItem\",\"position\":1,\"name\":\"Home\",\"item\":\"https:\/\/www.museonicolis.com\/de\/\"},{\"@type\":\"ListItem\",\"position\":2,\"name\":\"Kollektionen\",\"item\":\"https:\/\/www.museonicolis.com\/de\/kollektionen\/\"},{\"@type\":\"ListItem\",\"position\":3,\"name\":\"Thematische Insel Ende des 19. Jahrhunderts\"}]},{\"@type\":\"WebSite\",\"@id\":\"https:\/\/www.museonicolis.com\/#website\",\"url\":\"https:\/\/www.museonicolis.com\/\",\"name\":\"Museo Nicolis\",\"description\":\"Hunderte von Autos, Motorr\u00e4der und Fahrr\u00e4der\",\"potentialAction\":[{\"@type\":\"SearchAction\",\"target\":{\"@type\":\"EntryPoint\",\"urlTemplate\":\"https:\/\/www.museonicolis.com\/?s={search_term_string}\"},\"query-input\":\"required name=search_term_string\"}],\"inLanguage\":\"de\"}]}<\/script>\n<!-- \/ Yoast SEO plugin. -->","yoast_head_json":{"title":"Thematische Insel Ende des 19. Jahrhunderts - Museo Nicolis","robots":{"index":"index","follow":"follow","max-snippet":"max-snippet:-1","max-image-preview":"max-image-preview:large","max-video-preview":"max-video-preview:-1"},"canonical":"https:\/\/www.museonicolis.com\/de\/kollektionen\/thematische-insel-ende-des-19-jahrhunderts\/","og_locale":"de_DE","og_type":"article","og_title":"Thematische Insel Ende des 19. Jahrhunderts - Museo Nicolis","og_description":"Die thematische Insel zeigt anhand einer effektvollen Rekonstruktion einen realistischen Ausschnitt aus dem Leben der Gesellschaft Ende des 19. Jahrhunderts in Europa. Der Entwicklungsprozess aller Wissenschaften, der sich Anfang des 19.Jahrhunderts anbahnte, erreicht nun seinen H\u00f6hepunkt. Die unaufhaltsam aufeinanderfolgenden wissenschaftlichen Entdeckungen fl\u00f6\u00dfen dem Menschen gro\u00dfes Vertrauen in seine M\u00f6glichkeiten, die ihn umgebende Welt zu \u00e4ndern,...","og_url":"https:\/\/www.museonicolis.com\/de\/kollektionen\/thematische-insel-ende-des-19-jahrhunderts\/","og_site_name":"Museo Nicolis","article_modified_time":"2016-02-11T14:07:12+00:00","og_image":[{"url":"https:\/\/www.museonicolis.com\/html\/uploads\/2016\/02\/3167-350x233.jpg"}],"twitter_card":"summary_large_image","twitter_misc":{"Gesch\u00e4tzte Lesezeit":"2\u00a0Minuten"},"schema":{"@context":"https:\/\/schema.org","@graph":[{"@type":"WebPage","@id":"https:\/\/www.museonicolis.com\/de\/kollektionen\/thematische-insel-ende-des-19-jahrhunderts\/","url":"https:\/\/www.museonicolis.com\/de\/kollektionen\/thematische-insel-ende-des-19-jahrhunderts\/","name":"Thematische Insel Ende des 19. Jahrhunderts - Museo Nicolis","isPartOf":{"@id":"https:\/\/www.museonicolis.com\/#website"},"datePublished":"2016-02-11T14:06:37+00:00","dateModified":"2016-02-11T14:07:12+00:00","breadcrumb":{"@id":"https:\/\/www.museonicolis.com\/de\/kollektionen\/thematische-insel-ende-des-19-jahrhunderts\/#breadcrumb"},"inLanguage":"de","potentialAction":[{"@type":"ReadAction","target":["https:\/\/www.museonicolis.com\/de\/kollektionen\/thematische-insel-ende-des-19-jahrhunderts\/"]}]},{"@type":"BreadcrumbList","@id":"https:\/\/www.museonicolis.com\/de\/kollektionen\/thematische-insel-ende-des-19-jahrhunderts\/#breadcrumb","itemListElement":[{"@type":"ListItem","position":1,"name":"Home","item":"https:\/\/www.museonicolis.com\/de\/"},{"@type":"ListItem","position":2,"name":"Kollektionen","item":"https:\/\/www.museonicolis.com\/de\/kollektionen\/"},{"@type":"ListItem","position":3,"name":"Thematische Insel Ende des 19. Jahrhunderts"}]},{"@type":"WebSite","@id":"https:\/\/www.museonicolis.com\/#website","url":"https:\/\/www.museonicolis.com\/","name":"Museo Nicolis","description":"Hunderte von Autos, Motorr\u00e4der und Fahrr\u00e4der","potentialAction":[{"@type":"SearchAction","target":{"@type":"EntryPoint","urlTemplate":"https:\/\/www.museonicolis.com\/?s={search_term_string}"},"query-input":"required name=search_term_string"}],"inLanguage":"de"}]}},"_links":{"self":[{"href":"https:\/\/www.museonicolis.com\/de\/wp-json\/wp\/v2\/pages\/10817","targetHints":{"allow":["GET"]}}],"collection":[{"href":"https:\/\/www.museonicolis.com\/de\/wp-json\/wp\/v2\/pages"}],"about":[{"href":"https:\/\/www.museonicolis.com\/de\/wp-json\/wp\/v2\/types\/page"}],"author":[{"embeddable":true,"href":"https:\/\/www.museonicolis.com\/de\/wp-json\/wp\/v2\/users\/3"}],"replies":[{"embeddable":true,"href":"https:\/\/www.museonicolis.com\/de\/wp-json\/wp\/v2\/comments?post=10817"}],"version-history":[{"count":0,"href":"https:\/\/www.museonicolis.com\/de\/wp-json\/wp\/v2\/pages\/10817\/revisions"}],"up":[{"embeddable":true,"href":"https:\/\/www.museonicolis.com\/de\/wp-json\/wp\/v2\/pages\/10495"}],"wp:attachment":[{"href":"https:\/\/www.museonicolis.com\/de\/wp-json\/wp\/v2\/media?parent=10817"}],"curies":[{"name":"wp","href":"https:\/\/api.w.org\/{rel}","templated":true}]}}