{"id":10716,"date":"2016-02-11T12:01:06","date_gmt":"2016-02-11T11:01:06","guid":{"rendered":"http:\/\/museonicolis.com\/de\/informationen\/lavoro\/"},"modified":"2016-02-18T17:18:52","modified_gmt":"2016-02-18T16:18:52","slug":"arbeit","status":"publish","type":"page","link":"https:\/\/www.museonicolis.com\/de\/informationen\/arbeit\/","title":{"rendered":"Arbeit"},"content":{"rendered":"<p style=\"text-align: justify;\">Wenn Sie es w\u00fcnschen, k\u00f6nnen Sie Ihr Berufsprofil unterbreiten, damit es ggf. in unseren Personalbestand eingef\u00fcgt werden kann. Wir sind gern bereit, jede Art Gesuch zu bearbeiten und zu bewerten, ob es zu unseren sehr vielf\u00e4ltigen T\u00e4tigkeitsgebieten passt.<\/p>\n<p style=\"text-align: justify;\">F\u00fcllen Sie hier das Formular f\u00fcr Ihre Anfrage aus oder setzen Sie sich mit unserem zust\u00e4ndigen Personal in Verbindung unter der Nummer <strong>045\/6303289<\/strong> oder <strong>045\/6304959<\/strong> .<\/p>\n<p style=\"text-align: justify;\">\n<div class=\"wpcf7 no-js\" id=\"wpcf7-f11505-o1\" lang=\"it-IT\" dir=\"ltr\">\n<div class=\"screen-reader-response\"><p role=\"status\" aria-live=\"polite\" aria-atomic=\"true\"><\/p> <ul><\/ul><\/div>\n<form action=\"\/de\/wp-json\/wp\/v2\/pages\/10716#wpcf7-f11505-o1\" method=\"post\" class=\"wpcf7-form init\" aria-label=\"Modulo di contatto\" novalidate=\"novalidate\" data-status=\"init\">\n<div style=\"display: none;\">\n<input type=\"hidden\" name=\"_wpcf7\" value=\"11505\" \/>\n<input type=\"hidden\" name=\"_wpcf7_version\" value=\"5.9.8\" \/>\n<input type=\"hidden\" name=\"_wpcf7_locale\" value=\"it_IT\" \/>\n<input type=\"hidden\" name=\"_wpcf7_unit_tag\" value=\"wpcf7-f11505-o1\" \/>\n<input type=\"hidden\" name=\"_wpcf7_container_post\" value=\"0\" \/>\n<input type=\"hidden\" name=\"_wpcf7_posted_data_hash\" value=\"\" \/>\n<input type=\"hidden\" name=\"_wpcf7_recaptcha_response\" value=\"\" \/>\n<\/div>\n<p>Vorname*<br \/>\n<span class=\"wpcf7-form-control-wrap\" data-name=\"nome\"><input size=\"40\" maxlength=\"400\" class=\"wpcf7-form-control wpcf7-text wpcf7-validates-as-required\" aria-required=\"true\" aria-invalid=\"false\" value=\"\" type=\"text\" name=\"nome\" \/><\/span>\n<\/p>\n<p>Geburtsdatum*<br \/>\n<span class=\"wpcf7-form-control-wrap\" data-name=\"data\"><input size=\"40\" maxlength=\"400\" class=\"wpcf7-form-control wpcf7-text wpcf7-validates-as-required\" aria-required=\"true\" aria-invalid=\"false\" value=\"\" type=\"text\" name=\"data\" \/><\/span>\n<\/p>\n<p>Geburtsort*<br \/>\n<span class=\"wpcf7-form-control-wrap\" data-name=\"luogo\"><input size=\"40\" maxlength=\"400\" class=\"wpcf7-form-control wpcf7-text\" aria-invalid=\"false\" value=\"\" type=\"text\" name=\"luogo\" \/><\/span>\n<\/p>\n<p>Stra\u03b2e<br \/>\n<span class=\"wpcf7-form-control-wrap\" data-name=\"indirizzo\"><input size=\"40\" maxlength=\"400\" class=\"wpcf7-form-control wpcf7-text\" aria-invalid=\"false\" value=\"\" type=\"text\" name=\"indirizzo\" \/><\/span>\n<\/p>\n<p>Stadt<br \/>\n<span class=\"wpcf7-form-control-wrap\" data-name=\"citta\"><input size=\"40\" maxlength=\"400\" class=\"wpcf7-form-control wpcf7-text\" aria-invalid=\"false\" value=\"\" type=\"text\" name=\"citta\" \/><\/span>\n<\/p>\n<p>PLZ<br \/>\n<span class=\"wpcf7-form-control-wrap\" data-name=\"cap\"><input size=\"40\" maxlength=\"400\" class=\"wpcf7-form-control wpcf7-text\" aria-invalid=\"false\" value=\"\" type=\"text\" name=\"cap\" \/><\/span>\n<\/p>\n<p> Telefo*<br \/>\n<span class=\"wpcf7-form-control-wrap\" data-name=\"Telefono\"><input size=\"40\" maxlength=\"400\" class=\"wpcf7-form-control wpcf7-text\" aria-invalid=\"false\" value=\"\" type=\"text\" name=\"Telefono\" \/><\/span>\n<\/p>\n<p>Email*<br \/>\n<span class=\"wpcf7-form-control-wrap\" data-name=\"email\"><input size=\"40\" maxlength=\"400\" class=\"wpcf7-form-control wpcf7-email wpcf7-text wpcf7-validates-as-email\" aria-invalid=\"false\" value=\"\" type=\"email\" name=\"email\" \/><\/span>\n<\/p>\n<p>Schulabschluss<br \/>\n<span class=\"wpcf7-form-control-wrap\" data-name=\"titolo\"><textarea cols=\"40\" rows=\"10\" maxlength=\"2000\" class=\"wpcf7-form-control wpcf7-textarea\" aria-invalid=\"false\" name=\"titolo\"><\/textarea><\/span>\n<\/p>\n<p>Noten<br \/>\n<span class=\"wpcf7-form-control-wrap\" data-name=\"votazione\"><input size=\"40\" maxlength=\"400\" class=\"wpcf7-form-control wpcf7-text wpcf7-validates-as-required\" aria-required=\"true\" aria-invalid=\"false\" value=\"\" type=\"text\" name=\"votazione\" \/><\/span>\n<\/p>\n<p>Spezialisierung<br \/>\n<span class=\"wpcf7-form-control-wrap\" data-name=\"specializzazione\"><textarea cols=\"40\" rows=\"10\" maxlength=\"2000\" class=\"wpcf7-form-control wpcf7-textarea\" aria-invalid=\"false\" name=\"specializzazione\"><\/textarea><\/span>\n<\/p>\n<p>Erste Fremdsprache<br \/>\n<span class=\"wpcf7-form-control-wrap\" data-name=\"prima\"><input size=\"40\" maxlength=\"400\" class=\"wpcf7-form-control wpcf7-text\" aria-invalid=\"false\" value=\"\" type=\"text\" name=\"prima\" \/><\/span>\n<\/p>\n<p>Kenntnisgrad m\u00fcndlich<br \/>\n<span class=\"wpcf7-form-control-wrap\" data-name=\"parlato_prima\"><span class=\"wpcf7-form-control wpcf7-radio\"><span class=\"wpcf7-list-item first\"><input type=\"radio\" name=\"parlato_prima\" value=\"Schulniveau\" \/><span class=\"wpcf7-list-item-label\">Schulniveau<\/span><\/span><span class=\"wpcf7-list-item\"><input type=\"radio\" name=\"parlato_prima\" value=\"Gut\" \/><span class=\"wpcf7-list-item-label\">Gut<\/span><\/span><span class=\"wpcf7-list-item last\"><input type=\"radio\" name=\"parlato_prima\" value=\"Sehr gut\" \/><span class=\"wpcf7-list-item-label\">Sehr gut<\/span><\/span><\/span><\/span>\n<\/p>\n<p>Kenntnisgrad schriftlich<br \/>\n<span class=\"wpcf7-form-control-wrap\" data-name=\"scritto_prima\"><span class=\"wpcf7-form-control wpcf7-radio\"><span class=\"wpcf7-list-item first\"><input type=\"radio\" name=\"scritto_prima\" value=\"Schulniveau\" \/><span class=\"wpcf7-list-item-label\">Schulniveau<\/span><\/span><span class=\"wpcf7-list-item\"><input type=\"radio\" name=\"scritto_prima\" value=\"Gut\" \/><span class=\"wpcf7-list-item-label\">Gut<\/span><\/span><span class=\"wpcf7-list-item last\"><input type=\"radio\" name=\"scritto_prima\" value=\"Sehr gut\" \/><span class=\"wpcf7-list-item-label\">Sehr gut<\/span><\/span><\/span><\/span>\n<\/p>\n<p>Zweite Fremdsprache<br \/>\n<span class=\"wpcf7-form-control-wrap\" data-name=\"seconda\"><input size=\"40\" maxlength=\"400\" class=\"wpcf7-form-control wpcf7-text\" aria-invalid=\"false\" value=\"\" type=\"text\" name=\"seconda\" \/><\/span>\n<\/p>\n<p>Kenntnisgrad m\u00fcndlich<br \/>\n<span class=\"wpcf7-form-control-wrap\" data-name=\"parlato_seconda\"><span class=\"wpcf7-form-control wpcf7-radio\"><span class=\"wpcf7-list-item first\"><input type=\"radio\" name=\"parlato_seconda\" value=\"Schulniveau\" \/><span class=\"wpcf7-list-item-label\">Schulniveau<\/span><\/span><span class=\"wpcf7-list-item\"><input type=\"radio\" name=\"parlato_seconda\" value=\"Gut\" \/><span class=\"wpcf7-list-item-label\">Gut<\/span><\/span><span class=\"wpcf7-list-item last\"><input type=\"radio\" name=\"parlato_seconda\" value=\"Sehr gut\" \/><span class=\"wpcf7-list-item-label\">Sehr gut<\/span><\/span><\/span><\/span>\n<\/p>\n<p>Kenntnisgrad schriftlich<br \/>\n<span class=\"wpcf7-form-control-wrap\" data-name=\"scritto_seconda\"><span class=\"wpcf7-form-control wpcf7-radio\"><span class=\"wpcf7-list-item first\"><input type=\"radio\" name=\"scritto_seconda\" value=\"Schulniveau\" \/><span class=\"wpcf7-list-item-label\">Schulniveau<\/span><\/span><span class=\"wpcf7-list-item\"><input type=\"radio\" name=\"scritto_seconda\" value=\"Gut\" \/><span class=\"wpcf7-list-item-label\">Gut<\/span><\/span><span class=\"wpcf7-list-item last\"><input type=\"radio\" name=\"scritto_seconda\" value=\"Sehr gut\" \/><span class=\"wpcf7-list-item-label\">Sehr gut<\/span><\/span><\/span><\/span>\n<\/p>\n<p>Dritte Fremdsprache<br \/>\n<span class=\"wpcf7-form-control-wrap\" data-name=\"terza\"><input size=\"40\" maxlength=\"400\" class=\"wpcf7-form-control wpcf7-text\" aria-invalid=\"false\" value=\"\" type=\"text\" name=\"terza\" \/><\/span>\n<\/p>\n<p>Kenntnisgrad m\u00fcndlich<br \/>\n<span class=\"wpcf7-form-control-wrap\" data-name=\"parlato_terza\"><span class=\"wpcf7-form-control wpcf7-radio\"><span class=\"wpcf7-list-item first\"><input type=\"radio\" name=\"parlato_terza\" value=\"Schulniveau\" \/><span class=\"wpcf7-list-item-label\">Schulniveau<\/span><\/span><span class=\"wpcf7-list-item\"><input type=\"radio\" name=\"parlato_terza\" value=\"Gut\" \/><span class=\"wpcf7-list-item-label\">Gut<\/span><\/span><span class=\"wpcf7-list-item last\"><input type=\"radio\" name=\"parlato_terza\" value=\"Sehr gut\" \/><span class=\"wpcf7-list-item-label\">Sehr gut<\/span><\/span><\/span><\/span>\n<\/p>\n<p>Kenntnisgrad schriftlich<br \/>\n<span class=\"wpcf7-form-control-wrap\" data-name=\"scritto_terza\"><span class=\"wpcf7-form-control wpcf7-radio\"><span class=\"wpcf7-list-item first\"><input type=\"radio\" name=\"scritto_terza\" value=\"Schulniveau\" \/><span class=\"wpcf7-list-item-label\">Schulniveau<\/span><\/span><span class=\"wpcf7-list-item\"><input type=\"radio\" name=\"scritto_terza\" value=\"Gut\" \/><span class=\"wpcf7-list-item-label\">Gut<\/span><\/span><span class=\"wpcf7-list-item last\"><input type=\"radio\" name=\"scritto_terza\" value=\"Sehr gut\" \/><span class=\"wpcf7-list-item-label\">Sehr gut<\/span><\/span><\/span><\/span>\n<\/p>\n<p>Informatikkenntnisse<br \/>\n<span class=\"wpcf7-form-control-wrap\" data-name=\"informatica\"><textarea cols=\"40\" rows=\"10\" maxlength=\"2000\" class=\"wpcf7-form-control wpcf7-textarea\" aria-invalid=\"false\" name=\"informatica\"><\/textarea><\/span>\n<\/p>\n<p>Bisherige Arbeitsstellen<br \/>\n<span class=\"wpcf7-form-control-wrap\" data-name=\"precedenti\"><textarea cols=\"40\" rows=\"10\" maxlength=\"2000\" class=\"wpcf7-form-control wpcf7-textarea\" aria-invalid=\"false\" name=\"precedenti\"><\/textarea><\/span>\n<\/p>\n<p>Sonstiges<br \/>\n<span class=\"wpcf7-form-control-wrap\" data-name=\"altro\"><textarea cols=\"40\" rows=\"10\" maxlength=\"2000\" class=\"wpcf7-form-control wpcf7-textarea\" aria-invalid=\"false\" name=\"altro\"><\/textarea><\/span>\n<\/p>\n<p><span class=\"wpcf7-form-control-wrap\" data-name=\"privacy\"><span class=\"wpcf7-form-control wpcf7-acceptance\"><span class=\"wpcf7-list-item\"><input type=\"checkbox\" name=\"privacy\" value=\"1\" aria-invalid=\"false\" \/><\/span><\/span><\/span> Datenschutz <small>Gem\u00e4\u03b2 der Gesetzesbestimmung 196\/03 werden die erfassten Daten ausschlie\u03b2liich dazu verwendet, in regelm\u00e4\u03b2igen Zeitabst\u00e4nden \u00fcber die Aktivit\u00e4ten und Initiativen von Museo Nicolis zu informieren und werden nicht an Dritte verbreitet. Die \u00dcbertragung der Daten ist fakultativ, dennoch ist es nicht m\u00f6glich, die verlangten Leistungen ohne pers\u00f6nliche Bez\u00fcge zu erbringen. Die betreffende Person kann ihre Rechte gem\u00e4\u03b2 Art. 7 der Gesetzesbestimmung 196\/03 aus\u00fcben. Der Inhaber der Datenbehandlung ist Museo Nicolis - Villafranca von Verona (VR), Italy. <\/small>\n<\/p>\n<p><input class=\"wpcf7-form-control wpcf7-submit has-spinner\" type=\"submit\" value=\"Senden\" \/>\n<\/p><div class=\"wpcf7-response-output\" aria-hidden=\"true\"><\/div>\n<\/form>\n<\/div>\n","protected":false},"excerpt":{"rendered":"<p>Wenn Sie es w\u00fcnschen, k\u00f6nnen Sie Ihr Berufsprofil unterbreiten, damit es ggf. in unseren Personalbestand eingef\u00fcgt werden kann. Wir sind gern bereit, jede Art Gesuch zu bearbeiten und zu bewerten, ob es zu unseren sehr vielf\u00e4ltigen T\u00e4tigkeitsgebieten passt. F\u00fcllen Sie hier das Formular f\u00fcr Ihre Anfrage aus oder setzen Sie sich mit unserem zust\u00e4ndigen Personal&#8230;<\/p>\n","protected":false},"author":2,"featured_media":0,"parent":10447,"menu_order":0,"comment_status":"closed","ping_status":"closed","template":"","meta":{"_acf_changed":false,"om_disable_all_campaigns":false,"footnotes":""},"class_list":["post-10716","page","type-page","status-publish","hentry"],"acf":[],"yoast_head":"<!-- This site is optimized with the Yoast SEO plugin v22.0 - https:\/\/yoast.com\/wordpress\/plugins\/seo\/ -->\n<title>Arbeit - Museo Nicolis<\/title>\n<meta name=\"robots\" content=\"index, follow, max-snippet:-1, max-image-preview:large, max-video-preview:-1\" \/>\n<link rel=\"canonical\" href=\"https:\/\/www.museonicolis.com\/de\/informationen\/arbeit\/\" \/>\n<meta property=\"og:locale\" content=\"de_DE\" \/>\n<meta property=\"og:type\" content=\"article\" \/>\n<meta property=\"og:title\" content=\"Arbeit - Museo Nicolis\" \/>\n<meta property=\"og:description\" content=\"Wenn Sie es w\u00fcnschen, k\u00f6nnen Sie Ihr Berufsprofil unterbreiten, damit es ggf. in unseren Personalbestand eingef\u00fcgt werden kann. Wir sind gern bereit, jede Art Gesuch zu bearbeiten und zu bewerten, ob es zu unseren sehr vielf\u00e4ltigen T\u00e4tigkeitsgebieten passt. F\u00fcllen Sie hier das Formular f\u00fcr Ihre Anfrage aus oder setzen Sie sich mit unserem zust\u00e4ndigen Personal...\" \/>\n<meta property=\"og:url\" content=\"https:\/\/www.museonicolis.com\/de\/informationen\/arbeit\/\" \/>\n<meta property=\"og:site_name\" content=\"Museo Nicolis\" \/>\n<meta property=\"article:modified_time\" content=\"2016-02-18T16:18:52+00:00\" \/>\n<meta name=\"twitter:card\" content=\"summary_large_image\" \/>\n<script type=\"application\/ld+json\" class=\"yoast-schema-graph\">{\"@context\":\"https:\/\/schema.org\",\"@graph\":[{\"@type\":\"WebPage\",\"@id\":\"https:\/\/www.museonicolis.com\/de\/informationen\/arbeit\/\",\"url\":\"https:\/\/www.museonicolis.com\/de\/informationen\/arbeit\/\",\"name\":\"Arbeit - Museo Nicolis\",\"isPartOf\":{\"@id\":\"https:\/\/www.museonicolis.com\/#website\"},\"datePublished\":\"2016-02-11T11:01:06+00:00\",\"dateModified\":\"2016-02-18T16:18:52+00:00\",\"breadcrumb\":{\"@id\":\"https:\/\/www.museonicolis.com\/de\/informationen\/arbeit\/#breadcrumb\"},\"inLanguage\":\"de\",\"potentialAction\":[{\"@type\":\"ReadAction\",\"target\":[\"https:\/\/www.museonicolis.com\/de\/informationen\/arbeit\/\"]}]},{\"@type\":\"BreadcrumbList\",\"@id\":\"https:\/\/www.museonicolis.com\/de\/informationen\/arbeit\/#breadcrumb\",\"itemListElement\":[{\"@type\":\"ListItem\",\"position\":1,\"name\":\"Home\",\"item\":\"https:\/\/www.museonicolis.com\/de\/\"},{\"@type\":\"ListItem\",\"position\":2,\"name\":\"Informationen\",\"item\":\"https:\/\/www.museonicolis.com\/de\/informationen\/\"},{\"@type\":\"ListItem\",\"position\":3,\"name\":\"Arbeit\"}]},{\"@type\":\"WebSite\",\"@id\":\"https:\/\/www.museonicolis.com\/#website\",\"url\":\"https:\/\/www.museonicolis.com\/\",\"name\":\"Museo Nicolis\",\"description\":\"Hunderte von Autos, Motorr\u00e4der und Fahrr\u00e4der\",\"potentialAction\":[{\"@type\":\"SearchAction\",\"target\":{\"@type\":\"EntryPoint\",\"urlTemplate\":\"https:\/\/www.museonicolis.com\/?s={search_term_string}\"},\"query-input\":\"required name=search_term_string\"}],\"inLanguage\":\"de\"}]}<\/script>\n<!-- \/ Yoast SEO plugin. -->","yoast_head_json":{"title":"Arbeit - Museo Nicolis","robots":{"index":"index","follow":"follow","max-snippet":"max-snippet:-1","max-image-preview":"max-image-preview:large","max-video-preview":"max-video-preview:-1"},"canonical":"https:\/\/www.museonicolis.com\/de\/informationen\/arbeit\/","og_locale":"de_DE","og_type":"article","og_title":"Arbeit - Museo Nicolis","og_description":"Wenn Sie es w\u00fcnschen, k\u00f6nnen Sie Ihr Berufsprofil unterbreiten, damit es ggf. in unseren Personalbestand eingef\u00fcgt werden kann. Wir sind gern bereit, jede Art Gesuch zu bearbeiten und zu bewerten, ob es zu unseren sehr vielf\u00e4ltigen T\u00e4tigkeitsgebieten passt. F\u00fcllen Sie hier das Formular f\u00fcr Ihre Anfrage aus oder setzen Sie sich mit unserem zust\u00e4ndigen Personal...","og_url":"https:\/\/www.museonicolis.com\/de\/informationen\/arbeit\/","og_site_name":"Museo Nicolis","article_modified_time":"2016-02-18T16:18:52+00:00","twitter_card":"summary_large_image","schema":{"@context":"https:\/\/schema.org","@graph":[{"@type":"WebPage","@id":"https:\/\/www.museonicolis.com\/de\/informationen\/arbeit\/","url":"https:\/\/www.museonicolis.com\/de\/informationen\/arbeit\/","name":"Arbeit - Museo Nicolis","isPartOf":{"@id":"https:\/\/www.museonicolis.com\/#website"},"datePublished":"2016-02-11T11:01:06+00:00","dateModified":"2016-02-18T16:18:52+00:00","breadcrumb":{"@id":"https:\/\/www.museonicolis.com\/de\/informationen\/arbeit\/#breadcrumb"},"inLanguage":"de","potentialAction":[{"@type":"ReadAction","target":["https:\/\/www.museonicolis.com\/de\/informationen\/arbeit\/"]}]},{"@type":"BreadcrumbList","@id":"https:\/\/www.museonicolis.com\/de\/informationen\/arbeit\/#breadcrumb","itemListElement":[{"@type":"ListItem","position":1,"name":"Home","item":"https:\/\/www.museonicolis.com\/de\/"},{"@type":"ListItem","position":2,"name":"Informationen","item":"https:\/\/www.museonicolis.com\/de\/informationen\/"},{"@type":"ListItem","position":3,"name":"Arbeit"}]},{"@type":"WebSite","@id":"https:\/\/www.museonicolis.com\/#website","url":"https:\/\/www.museonicolis.com\/","name":"Museo Nicolis","description":"Hunderte von Autos, Motorr\u00e4der und Fahrr\u00e4der","potentialAction":[{"@type":"SearchAction","target":{"@type":"EntryPoint","urlTemplate":"https:\/\/www.museonicolis.com\/?s={search_term_string}"},"query-input":"required name=search_term_string"}],"inLanguage":"de"}]}},"_links":{"self":[{"href":"https:\/\/www.museonicolis.com\/de\/wp-json\/wp\/v2\/pages\/10716","targetHints":{"allow":["GET"]}}],"collection":[{"href":"https:\/\/www.museonicolis.com\/de\/wp-json\/wp\/v2\/pages"}],"about":[{"href":"https:\/\/www.museonicolis.com\/de\/wp-json\/wp\/v2\/types\/page"}],"author":[{"embeddable":true,"href":"https:\/\/www.museonicolis.com\/de\/wp-json\/wp\/v2\/users\/2"}],"replies":[{"embeddable":true,"href":"https:\/\/www.museonicolis.com\/de\/wp-json\/wp\/v2\/comments?post=10716"}],"version-history":[{"count":0,"href":"https:\/\/www.museonicolis.com\/de\/wp-json\/wp\/v2\/pages\/10716\/revisions"}],"up":[{"embeddable":true,"href":"https:\/\/www.museonicolis.com\/de\/wp-json\/wp\/v2\/pages\/10447"}],"wp:attachment":[{"href":"https:\/\/www.museonicolis.com\/de\/wp-json\/wp\/v2\/media?parent=10716"}],"curies":[{"name":"wp","href":"https:\/\/api.w.org\/{rel}","templated":true}]}}