{"id":10674,"date":"2016-02-11T11:34:46","date_gmt":"2016-02-11T10:34:46","guid":{"rendered":"http:\/\/museonicolis.com\/de\/?page_id=10674"},"modified":"2016-02-11T11:36:20","modified_gmt":"2016-02-11T10:36:20","slug":"philosophie","status":"publish","type":"page","link":"https:\/\/www.museonicolis.com\/de\/vintage-store-bookshop\/philosophie\/","title":{"rendered":"Philosophie"},"content":{"rendered":"<p><strong>Reisegegenst\u00e4nde, amerikanische Bijoux vintage, B\u00fccher, Werbeartikel und vieles mehr.<br \/>\nNur hier erhalten Sie ein originales St\u00fcck Geschichte.<\/strong><\/p>\n<p><img loading=\"lazy\" decoding=\"async\" class=\"aligncenter size-full wp-image-10653\" src=\"http:\/\/museonicolis.com\/html\/uploads\/2016\/02\/6610.jpg\" alt=\"6610\" width=\"663\" height=\"398\" srcset=\"https:\/\/www.museonicolis.com\/html\/uploads\/2016\/02\/6610.jpg 663w, https:\/\/www.museonicolis.com\/html\/uploads\/2016\/02\/6610-350x210.jpg 350w\" sizes=\"auto, (max-width: 663px) 100vw, 663px\" \/><br \/>\nORIGINALES REISEZUBEH\u00d6R VON DAMALS<br \/>\nDer englische Koffer aus Pergament der drei\u00dfiger Jahre? Oder der Arbeitskorb aus Stroh von 1910 ? Oder vielleicht der \u00dcberseekoffer aus Metall aus S\u00fcdamerika oder sogar der doppelte Zylinderhalter der Dandys Ende des 19. Jh.?<br \/>\nWenn Gegenst\u00e4nde von einst Ihre Leidenschaft sind, kann Museum Nicolis mit gro\u00dfen \u00dcberraschungen aufwarten.<br \/>\nIm Museum befindet sich ein wundersch\u00f6ner \u201cvintage store\u201d, wo man pr\u00e4chtige Gegenst\u00e4nde finden kann, die Epochen und Lebensstile der Vergangenheit gekennzeichnet haben.<br \/>\nDas Thema Reise, ob luxuri\u00f6s, abenteuerlich, gesch\u00e4ftlich oder romantisch, zieht sich durch eine Reihe von einwandfrei erhaltenen Koffern, \u00dcberseekoffern, Beh\u00e4ltern aus wertvollen H\u00e4uten, Zubeh\u00f6r. Die Pflege der Einzelheiten und die hervorragende Handarbeit sind eine Konstante: mit Monogrammen gekennzeichnete \u00dcberseekoffer, Balgtaschen, Falltaschen mit zwei Kulturbeuteln, an den R\u00e4ndern mit Gold verarbeitet, verarbeitete H\u00e4ute, Dekorationen aus emailliertem oder versilbertem Metall.<br \/>\nEine faszinierende Erz\u00e4hlung, der man im Bereich Vintage des Museums Nicolis folgen kann und die reich an Zeugnissen ist, die ein Jahrhundert an Geschichten, Personen, Reisen durchlaufen haben und die uns anhand der Gegenst\u00e4nde helfen, Kulturen und Lebensstile der Vergangenheit zu verstehen. Wer wei\u00df, welches Schicksal auf die Inhaber der Tropenh\u00fcte aus dem Jahr 1915 wartete? Welche Wege die Motorradfahrer einschlugen, die die Lederm\u00fctzen von 1910 trugen?<br \/>\nEs liegen nicht alle Antworten vor, aber f\u00fcr denjenigen, der Geschmack und Vorstellungsverm\u00f6gen hat und Begeisterung mitbringt, kann die neue Insel Vintage im Museum Nicolis eine hervorragende Fundgrube an \u00dcberraschungen sein. Warum eine Vintage-Insel &#8211; ein ungew\u00f6hnliches Areal f\u00fcr \u201coriginale Eink\u00e4ufe\u201d (es gibt auch hinrei\u00dfende Rahmen\u2026..). <a href=\"http:\/\/museonicolis.com\/de\/reisegegenstnde-von-damals\/\">F\u00dcR WEITERE INFOS HIER KLICKEN<\/a><br \/>\n<img loading=\"lazy\" decoding=\"async\" class=\"aligncenter size-full wp-image-10654\" src=\"http:\/\/museonicolis.com\/html\/uploads\/2016\/02\/6617.jpg\" alt=\"6617\" width=\"663\" height=\"398\" srcset=\"https:\/\/www.museonicolis.com\/html\/uploads\/2016\/02\/6617.jpg 663w, https:\/\/www.museonicolis.com\/html\/uploads\/2016\/02\/6617-350x210.jpg 350w\" sizes=\"auto, (max-width: 663px) 100vw, 663px\" \/><\/p>\n<p>AMERIKANISCHE BIJOUX VINTAGE<br \/>\nAuserlesene Gegenst\u00e4nde, die antike Pracht ans Tageslicht bringen, Aufwand an Eleganz und absoluter Sch\u00f6nheit, noch mehr bereichert durch die Seltenheit und Echtheit eines unauffindbaren Produkts. Ohrringe, Armb\u00e4nder, Ketten und Anstecker, alles auf einer Reise wiederentdeckt, die ein einziges Ziel hat: die Suche nach dem perfekten Schmuckst\u00fcck. Ein geeigneter Gegenstand f\u00fcr alle Gelegenheiten, der durch seinen Zauber, den er ausstrahlt, Tag f\u00fcr Tag \u00fcberrascht und verwundert. Eine lange Reise, die an ein einziges Ziel f\u00fchrt \u2026 ein amerikanisches Vintage-Schmuckst\u00fcck! <a href=\"http:\/\/museonicolis.com\/de\/amerikanische-bijoux-vintage\/\">F\u00dcR WEITERE INFOS HIER KLICKEN<\/a><br \/>\n<img loading=\"lazy\" decoding=\"async\" class=\"aligncenter size-full wp-image-10655\" src=\"http:\/\/museonicolis.com\/html\/uploads\/2016\/02\/6616.jpg\" alt=\"6616\" width=\"663\" height=\"398\" srcset=\"https:\/\/www.museonicolis.com\/html\/uploads\/2016\/02\/6616.jpg 663w, https:\/\/www.museonicolis.com\/html\/uploads\/2016\/02\/6616-350x210.jpg 350w\" sizes=\"auto, (max-width: 663px) 100vw, 663px\" \/><\/p>\n<p>B\u00dcCHEREI<br \/>\nDie B\u00fccherei von Nicolis \u2013 eine Pflichtetappe f\u00fcr jeden, der die Kollektionen bewundert hat und Lust versp\u00fcrt eine Erinnerung an diese Herrlichkeiten mit nach Hause zu nehmen \u2013 ist heute eine der umfangreichsten und meist dokumentierten von ganz Norditalien, auch Dank des unl\u00e4ngst erfolgten Abkommens mit dem Verleger Giorgio Nada, eine auf internationaler Ebene bekannte Verlagsgruppe und die einzige in Italien, die auf die Welt der Motoren spezialisiert ist.<br \/>\nDie Vereinbarung erlaubt dem Museum Nicolis ganze Kataloge dieses Verlegers anzubieten, ein breiter \u00dcberblick \u00fcber Titel aus der Welt der Motoren und ihrer Protagonisten von gestern und heute. Die leidenschaftlichen Kenner finden hier seltene Monografien von Spitzensportlern der Vergangenheit, wie Varzi oder Marzotto, um nur zwei von ihnen zu erw\u00e4hnen, aber auch viele B\u00fccher, die einzelnen Auto- und Motorradmodellen, die zur Legende wurden, gewidmet sind.<br \/>\nEs wird wohl schwer sein, woanders so viel fotografisches Material in B\u00fcchern und Biographien zu finden, aber es gibt auch B\u00fccherreihen f\u00fcr Kinder, damit sie sich vergn\u00fcgen und lernen k\u00f6nnen, und neben den B\u00fcchern Poster, Gadgets, Fotos und lustige Gegenst\u00e4nde, die alle durch einen Leitfaden verbunden sind, die Welt der Motoren und ihre Protagonisten mit zwei und vier R\u00e4dern.<\/p>\n","protected":false},"excerpt":{"rendered":"<p>Reisegegenst\u00e4nde, amerikanische Bijoux vintage, B\u00fccher, Werbeartikel und vieles mehr. Nur hier erhalten Sie ein originales St\u00fcck Geschichte. ORIGINALES REISEZUBEH\u00d6R VON DAMALS Der englische Koffer aus Pergament der drei\u00dfiger Jahre? Oder der Arbeitskorb aus Stroh von 1910 ? Oder vielleicht der \u00dcberseekoffer aus Metall aus S\u00fcdamerika oder sogar der doppelte Zylinderhalter der Dandys Ende des 19&#8230;.<\/p>\n","protected":false},"author":3,"featured_media":0,"parent":10670,"menu_order":0,"comment_status":"closed","ping_status":"closed","template":"","meta":{"_acf_changed":false,"om_disable_all_campaigns":false,"footnotes":""},"class_list":["post-10674","page","type-page","status-publish","hentry"],"acf":[],"yoast_head":"<!-- This site is optimized with the Yoast SEO plugin v22.0 - https:\/\/yoast.com\/wordpress\/plugins\/seo\/ -->\n<title>Philosophie - Museo Nicolis<\/title>\n<meta name=\"robots\" content=\"index, follow, max-snippet:-1, max-image-preview:large, max-video-preview:-1\" \/>\n<link rel=\"canonical\" href=\"https:\/\/www.museonicolis.com\/de\/vintage-store-bookshop\/philosophie\/\" \/>\n<meta property=\"og:locale\" content=\"de_DE\" \/>\n<meta property=\"og:type\" content=\"article\" \/>\n<meta property=\"og:title\" content=\"Philosophie - Museo Nicolis\" \/>\n<meta property=\"og:description\" content=\"Reisegegenst\u00e4nde, amerikanische Bijoux vintage, B\u00fccher, Werbeartikel und vieles mehr. Nur hier erhalten Sie ein originales St\u00fcck Geschichte. ORIGINALES REISEZUBEH\u00d6R VON DAMALS Der englische Koffer aus Pergament der drei\u00dfiger Jahre? Oder der Arbeitskorb aus Stroh von 1910 ? Oder vielleicht der \u00dcberseekoffer aus Metall aus S\u00fcdamerika oder sogar der doppelte Zylinderhalter der Dandys Ende des 19....\" \/>\n<meta property=\"og:url\" content=\"https:\/\/www.museonicolis.com\/de\/vintage-store-bookshop\/philosophie\/\" \/>\n<meta property=\"og:site_name\" content=\"Museo Nicolis\" \/>\n<meta property=\"article:modified_time\" content=\"2016-02-11T10:36:20+00:00\" \/>\n<meta property=\"og:image\" content=\"http:\/\/museonicolis.com\/html\/uploads\/2016\/02\/6610.jpg\" \/>\n<meta name=\"twitter:card\" content=\"summary_large_image\" \/>\n<meta name=\"twitter:label1\" content=\"Gesch\u00e4tzte Lesezeit\" \/>\n\t<meta name=\"twitter:data1\" content=\"3\u00a0Minuten\" \/>\n<script type=\"application\/ld+json\" class=\"yoast-schema-graph\">{\"@context\":\"https:\/\/schema.org\",\"@graph\":[{\"@type\":\"WebPage\",\"@id\":\"https:\/\/www.museonicolis.com\/de\/vintage-store-bookshop\/philosophie\/\",\"url\":\"https:\/\/www.museonicolis.com\/de\/vintage-store-bookshop\/philosophie\/\",\"name\":\"Philosophie - Museo Nicolis\",\"isPartOf\":{\"@id\":\"https:\/\/www.museonicolis.com\/#website\"},\"datePublished\":\"2016-02-11T10:34:46+00:00\",\"dateModified\":\"2016-02-11T10:36:20+00:00\",\"breadcrumb\":{\"@id\":\"https:\/\/www.museonicolis.com\/de\/vintage-store-bookshop\/philosophie\/#breadcrumb\"},\"inLanguage\":\"de\",\"potentialAction\":[{\"@type\":\"ReadAction\",\"target\":[\"https:\/\/www.museonicolis.com\/de\/vintage-store-bookshop\/philosophie\/\"]}]},{\"@type\":\"BreadcrumbList\",\"@id\":\"https:\/\/www.museonicolis.com\/de\/vintage-store-bookshop\/philosophie\/#breadcrumb\",\"itemListElement\":[{\"@type\":\"ListItem\",\"position\":1,\"name\":\"Home\",\"item\":\"https:\/\/www.museonicolis.com\/de\/\"},{\"@type\":\"ListItem\",\"position\":2,\"name\":\"Bookstore\",\"item\":\"https:\/\/www.museonicolis.com\/de\/vintage-store-bookshop\/\"},{\"@type\":\"ListItem\",\"position\":3,\"name\":\"Philosophie\"}]},{\"@type\":\"WebSite\",\"@id\":\"https:\/\/www.museonicolis.com\/#website\",\"url\":\"https:\/\/www.museonicolis.com\/\",\"name\":\"Museo Nicolis\",\"description\":\"Hunderte von Autos, Motorr\u00e4der und Fahrr\u00e4der\",\"potentialAction\":[{\"@type\":\"SearchAction\",\"target\":{\"@type\":\"EntryPoint\",\"urlTemplate\":\"https:\/\/www.museonicolis.com\/?s={search_term_string}\"},\"query-input\":\"required name=search_term_string\"}],\"inLanguage\":\"de\"}]}<\/script>\n<!-- \/ Yoast SEO plugin. -->","yoast_head_json":{"title":"Philosophie - Museo Nicolis","robots":{"index":"index","follow":"follow","max-snippet":"max-snippet:-1","max-image-preview":"max-image-preview:large","max-video-preview":"max-video-preview:-1"},"canonical":"https:\/\/www.museonicolis.com\/de\/vintage-store-bookshop\/philosophie\/","og_locale":"de_DE","og_type":"article","og_title":"Philosophie - Museo Nicolis","og_description":"Reisegegenst\u00e4nde, amerikanische Bijoux vintage, B\u00fccher, Werbeartikel und vieles mehr. Nur hier erhalten Sie ein originales St\u00fcck Geschichte. ORIGINALES REISEZUBEH\u00d6R VON DAMALS Der englische Koffer aus Pergament der drei\u00dfiger Jahre? Oder der Arbeitskorb aus Stroh von 1910 ? Oder vielleicht der \u00dcberseekoffer aus Metall aus S\u00fcdamerika oder sogar der doppelte Zylinderhalter der Dandys Ende des 19....","og_url":"https:\/\/www.museonicolis.com\/de\/vintage-store-bookshop\/philosophie\/","og_site_name":"Museo Nicolis","article_modified_time":"2016-02-11T10:36:20+00:00","og_image":[{"url":"http:\/\/museonicolis.com\/html\/uploads\/2016\/02\/6610.jpg"}],"twitter_card":"summary_large_image","twitter_misc":{"Gesch\u00e4tzte Lesezeit":"3\u00a0Minuten"},"schema":{"@context":"https:\/\/schema.org","@graph":[{"@type":"WebPage","@id":"https:\/\/www.museonicolis.com\/de\/vintage-store-bookshop\/philosophie\/","url":"https:\/\/www.museonicolis.com\/de\/vintage-store-bookshop\/philosophie\/","name":"Philosophie - Museo Nicolis","isPartOf":{"@id":"https:\/\/www.museonicolis.com\/#website"},"datePublished":"2016-02-11T10:34:46+00:00","dateModified":"2016-02-11T10:36:20+00:00","breadcrumb":{"@id":"https:\/\/www.museonicolis.com\/de\/vintage-store-bookshop\/philosophie\/#breadcrumb"},"inLanguage":"de","potentialAction":[{"@type":"ReadAction","target":["https:\/\/www.museonicolis.com\/de\/vintage-store-bookshop\/philosophie\/"]}]},{"@type":"BreadcrumbList","@id":"https:\/\/www.museonicolis.com\/de\/vintage-store-bookshop\/philosophie\/#breadcrumb","itemListElement":[{"@type":"ListItem","position":1,"name":"Home","item":"https:\/\/www.museonicolis.com\/de\/"},{"@type":"ListItem","position":2,"name":"Bookstore","item":"https:\/\/www.museonicolis.com\/de\/vintage-store-bookshop\/"},{"@type":"ListItem","position":3,"name":"Philosophie"}]},{"@type":"WebSite","@id":"https:\/\/www.museonicolis.com\/#website","url":"https:\/\/www.museonicolis.com\/","name":"Museo Nicolis","description":"Hunderte von Autos, Motorr\u00e4der und Fahrr\u00e4der","potentialAction":[{"@type":"SearchAction","target":{"@type":"EntryPoint","urlTemplate":"https:\/\/www.museonicolis.com\/?s={search_term_string}"},"query-input":"required name=search_term_string"}],"inLanguage":"de"}]}},"_links":{"self":[{"href":"https:\/\/www.museonicolis.com\/de\/wp-json\/wp\/v2\/pages\/10674","targetHints":{"allow":["GET"]}}],"collection":[{"href":"https:\/\/www.museonicolis.com\/de\/wp-json\/wp\/v2\/pages"}],"about":[{"href":"https:\/\/www.museonicolis.com\/de\/wp-json\/wp\/v2\/types\/page"}],"author":[{"embeddable":true,"href":"https:\/\/www.museonicolis.com\/de\/wp-json\/wp\/v2\/users\/3"}],"replies":[{"embeddable":true,"href":"https:\/\/www.museonicolis.com\/de\/wp-json\/wp\/v2\/comments?post=10674"}],"version-history":[{"count":0,"href":"https:\/\/www.museonicolis.com\/de\/wp-json\/wp\/v2\/pages\/10674\/revisions"}],"up":[{"embeddable":true,"href":"https:\/\/www.museonicolis.com\/de\/wp-json\/wp\/v2\/pages\/10670"}],"wp:attachment":[{"href":"https:\/\/www.museonicolis.com\/de\/wp-json\/wp\/v2\/media?parent=10674"}],"curies":[{"name":"wp","href":"https:\/\/api.w.org\/{rel}","templated":true}]}}