{"id":10673,"date":"2016-01-28T17:00:55","date_gmt":"2016-01-28T16:00:55","guid":{"rendered":"http:\/\/museonicolis.com\/de\/informationen\/dove-siamo\/"},"modified":"2016-02-12T12:32:28","modified_gmt":"2016-02-12T11:32:28","slug":"lageplan","status":"publish","type":"page","link":"https:\/\/www.museonicolis.com\/de\/lageplan\/","title":{"rendered":"Lageplan"},"content":{"rendered":"<p><strong>ANFAHRT MIT DEM AUTO &#8211; empfohlene Ausfahrten<\/strong><\/p>\n<ul>\n<li>Autobahn A22 Modena<\/li>\n<li>&#8211; Brenner Ausfahrt <strong>VERONA NORD<\/strong> (km 13)<\/li>\n<li>&#8211; die Umgehungsstra\u00dfe (ital. tangenziale) in Richtung Flughafen Villafranca \/ Mantova nehmen<\/li>\n<li>&#8211; An der Ausfahrt der Umgehungsstra\u00dfe in Richtung Stadtzentrum von Villafranca (via Postumia) weiterfahren<\/li>\n<li>&#8211; Nach ca. 3 km rechterhand liegt gut erkennbar das Museum Nicolis (Geb\u00e4ude aus Aluminium und Glas, auf dem Dach stehen gut erkennbar Flugzeuge)<\/li>\n<\/ul>\n<p><strong>Autobahn A4 Mailand-Venedig<\/strong><\/p>\n<ul>\n<li>&#8211; Ausfahrt <strong>SOMMACAMPAGNA<\/strong> (km 7)<\/li>\n<li>&#8211; Der Beschilderung nach Villafranca folgen<\/li>\n<li>&#8211; ca. 5 km immer geradeaus<\/li>\n<li>&#8211; An der Kreuzung links halten in Richtung Industriegebiet (zona industriale) \/ Museum Nicolis<\/li>\n<li>&#8211; immer geradeaus 2. Querstra\u00dfe links (via Spagna)<\/li>\n<li>&#8211; Am Ende der Stra\u00dfe links abbiegen (via Francia)<\/li>\n<li>&#8211; Am Stoppschild geradeaus (via Francia)<\/li>\n<li>&#8211; 1. Querstra\u00dfe rechts (via Lussemburgo)<\/li>\n<li>&#8211; Am Ende der Stra\u00dfe links sehen Sie: Museum Nicolis (Geb\u00e4ude aus Aluminium und Glas, auf dem Dach sind Flugzeuge geparkt)<\/li>\n<\/ul>\n<p><strong>Ausfahrt SUD<\/strong><\/p>\n<ul>\n<li>&#8211; Ausfahrt SUD (km 17)<\/li>\n<li>&#8211; In Richtung Flughafen Villafranca \/ Mantova fahren<\/li>\n<li>&#8211; in die Umgehungsstra\u00dfe (tangenziale) Richtung Flughafen\/ Mantova ) einm\u00fcnden<\/li>\n<li>&#8211; An der Ausfahrt der Umgehungsstra\u00dfe weiter in Richtung Stadtzentrum von Villafranca (via Postumia) fahren<\/li>\n<li>&#8211; Nach ca. 3 km rechterhand liegt das Museum Nicolis (Geb\u00e4ude aus Aluminium und Glas, auf dem Dach sind Flugzeuge geparkt)<\/li>\n<\/ul>\n<p><strong>MIT DEM ZUG<\/strong><br \/>\nBahnhof Verona &#8222;Porta Nuova&#8220;, zum Museum Nicolis &#8211;\u00a0Richtung Villafranca &#8211; kann man ein Taxi nehmen oder den Fernbus Linie 156 der Busgesellschaft ATV benutzen, die f\u00fcr die Strecke Verona &#8211; Villafranca und zur\u00fcck zust\u00e4ndig ist &#8211; Haltestelle Museum Nicolis. Die Uhrzeiten der Linien sind unter dieser Anschrift zu finden.<\/p>\n<p><strong>MIT DEM AUTOBUS<\/strong><br \/>\nVom Bahnhof Verona &#8222;Porta Nuova&#8220; mit dem Fernbus Linie 156 der Busgesellschaft ATV benutzen, die f\u00fcr die Strecke Verona &#8211; Villafranca und zur\u00fcck zust\u00e4ndig ist &#8211; Haltestelle Museum Nicolis<\/p>\n<p><strong>MIT DEM FLUGZEUG<\/strong><br \/>\nFlughafen &#8222;Valerio Catullo&#8220;, in Richtung Villafranca fahren, nach 3 km liegt rechterhand das Museum Nicolis<\/p>\n","protected":false},"excerpt":{"rendered":"<p>ANFAHRT MIT DEM AUTO &#8211; empfohlene Ausfahrten Autobahn A22 Modena &#8211; Brenner Ausfahrt VERONA NORD (km 13) &#8211; die Umgehungsstra\u00dfe (ital. tangenziale) in Richtung Flughafen Villafranca \/ Mantova nehmen &#8211; An der Ausfahrt der Umgehungsstra\u00dfe in Richtung Stadtzentrum von Villafranca (via Postumia) weiterfahren &#8211; Nach ca. 3 km rechterhand liegt gut erkennbar das Museum Nicolis&#8230;<\/p>\n","protected":false},"author":7,"featured_media":0,"parent":0,"menu_order":0,"comment_status":"closed","ping_status":"closed","template":"page-contatti.php","meta":{"_acf_changed":false,"om_disable_all_campaigns":false,"footnotes":""},"class_list":["post-10673","page","type-page","status-publish","hentry"],"acf":[],"yoast_head":"<!-- This site is optimized with the Yoast SEO plugin v22.0 - https:\/\/yoast.com\/wordpress\/plugins\/seo\/ -->\n<title>Lageplan - Museo Nicolis<\/title>\n<meta name=\"robots\" content=\"index, follow, max-snippet:-1, max-image-preview:large, max-video-preview:-1\" \/>\n<link rel=\"canonical\" href=\"https:\/\/www.museonicolis.com\/de\/lageplan\/\" \/>\n<meta property=\"og:locale\" content=\"de_DE\" \/>\n<meta property=\"og:type\" content=\"article\" \/>\n<meta property=\"og:title\" content=\"Lageplan - Museo Nicolis\" \/>\n<meta property=\"og:description\" content=\"ANFAHRT MIT DEM AUTO &#8211; empfohlene Ausfahrten Autobahn A22 Modena &#8211; Brenner Ausfahrt VERONA NORD (km 13) &#8211; die Umgehungsstra\u00dfe (ital. tangenziale) in Richtung Flughafen Villafranca \/ Mantova nehmen &#8211; An der Ausfahrt der Umgehungsstra\u00dfe in Richtung Stadtzentrum von Villafranca (via Postumia) weiterfahren &#8211; Nach ca. 3 km rechterhand liegt gut erkennbar das Museum Nicolis...\" \/>\n<meta property=\"og:url\" content=\"https:\/\/www.museonicolis.com\/de\/lageplan\/\" \/>\n<meta property=\"og:site_name\" content=\"Museo Nicolis\" \/>\n<meta property=\"article:modified_time\" content=\"2016-02-12T11:32:28+00:00\" \/>\n<meta name=\"twitter:card\" content=\"summary_large_image\" \/>\n<meta name=\"twitter:label1\" content=\"Gesch\u00e4tzte Lesezeit\" \/>\n\t<meta name=\"twitter:data1\" content=\"2\u00a0Minuten\" \/>\n<script type=\"application\/ld+json\" class=\"yoast-schema-graph\">{\"@context\":\"https:\/\/schema.org\",\"@graph\":[{\"@type\":\"WebPage\",\"@id\":\"https:\/\/www.museonicolis.com\/de\/lageplan\/\",\"url\":\"https:\/\/www.museonicolis.com\/de\/lageplan\/\",\"name\":\"Lageplan - Museo Nicolis\",\"isPartOf\":{\"@id\":\"https:\/\/www.museonicolis.com\/#website\"},\"datePublished\":\"2016-01-28T16:00:55+00:00\",\"dateModified\":\"2016-02-12T11:32:28+00:00\",\"breadcrumb\":{\"@id\":\"https:\/\/www.museonicolis.com\/de\/lageplan\/#breadcrumb\"},\"inLanguage\":\"de\",\"potentialAction\":[{\"@type\":\"ReadAction\",\"target\":[\"https:\/\/www.museonicolis.com\/de\/lageplan\/\"]}]},{\"@type\":\"BreadcrumbList\",\"@id\":\"https:\/\/www.museonicolis.com\/de\/lageplan\/#breadcrumb\",\"itemListElement\":[{\"@type\":\"ListItem\",\"position\":1,\"name\":\"Home\",\"item\":\"https:\/\/www.museonicolis.com\/de\/\"},{\"@type\":\"ListItem\",\"position\":2,\"name\":\"Lageplan\"}]},{\"@type\":\"WebSite\",\"@id\":\"https:\/\/www.museonicolis.com\/#website\",\"url\":\"https:\/\/www.museonicolis.com\/\",\"name\":\"Museo Nicolis\",\"description\":\"Hunderte von Autos, Motorr\u00e4der und Fahrr\u00e4der\",\"potentialAction\":[{\"@type\":\"SearchAction\",\"target\":{\"@type\":\"EntryPoint\",\"urlTemplate\":\"https:\/\/www.museonicolis.com\/?s={search_term_string}\"},\"query-input\":\"required name=search_term_string\"}],\"inLanguage\":\"de\"}]}<\/script>\n<!-- \/ Yoast SEO plugin. -->","yoast_head_json":{"title":"Lageplan - Museo Nicolis","robots":{"index":"index","follow":"follow","max-snippet":"max-snippet:-1","max-image-preview":"max-image-preview:large","max-video-preview":"max-video-preview:-1"},"canonical":"https:\/\/www.museonicolis.com\/de\/lageplan\/","og_locale":"de_DE","og_type":"article","og_title":"Lageplan - Museo Nicolis","og_description":"ANFAHRT MIT DEM AUTO &#8211; empfohlene Ausfahrten Autobahn A22 Modena &#8211; Brenner Ausfahrt VERONA NORD (km 13) &#8211; die Umgehungsstra\u00dfe (ital. tangenziale) in Richtung Flughafen Villafranca \/ Mantova nehmen &#8211; An der Ausfahrt der Umgehungsstra\u00dfe in Richtung Stadtzentrum von Villafranca (via Postumia) weiterfahren &#8211; Nach ca. 3 km rechterhand liegt gut erkennbar das Museum Nicolis...","og_url":"https:\/\/www.museonicolis.com\/de\/lageplan\/","og_site_name":"Museo Nicolis","article_modified_time":"2016-02-12T11:32:28+00:00","twitter_card":"summary_large_image","twitter_misc":{"Gesch\u00e4tzte Lesezeit":"2\u00a0Minuten"},"schema":{"@context":"https:\/\/schema.org","@graph":[{"@type":"WebPage","@id":"https:\/\/www.museonicolis.com\/de\/lageplan\/","url":"https:\/\/www.museonicolis.com\/de\/lageplan\/","name":"Lageplan - Museo Nicolis","isPartOf":{"@id":"https:\/\/www.museonicolis.com\/#website"},"datePublished":"2016-01-28T16:00:55+00:00","dateModified":"2016-02-12T11:32:28+00:00","breadcrumb":{"@id":"https:\/\/www.museonicolis.com\/de\/lageplan\/#breadcrumb"},"inLanguage":"de","potentialAction":[{"@type":"ReadAction","target":["https:\/\/www.museonicolis.com\/de\/lageplan\/"]}]},{"@type":"BreadcrumbList","@id":"https:\/\/www.museonicolis.com\/de\/lageplan\/#breadcrumb","itemListElement":[{"@type":"ListItem","position":1,"name":"Home","item":"https:\/\/www.museonicolis.com\/de\/"},{"@type":"ListItem","position":2,"name":"Lageplan"}]},{"@type":"WebSite","@id":"https:\/\/www.museonicolis.com\/#website","url":"https:\/\/www.museonicolis.com\/","name":"Museo Nicolis","description":"Hunderte von Autos, Motorr\u00e4der und Fahrr\u00e4der","potentialAction":[{"@type":"SearchAction","target":{"@type":"EntryPoint","urlTemplate":"https:\/\/www.museonicolis.com\/?s={search_term_string}"},"query-input":"required name=search_term_string"}],"inLanguage":"de"}]}},"_links":{"self":[{"href":"https:\/\/www.museonicolis.com\/de\/wp-json\/wp\/v2\/pages\/10673","targetHints":{"allow":["GET"]}}],"collection":[{"href":"https:\/\/www.museonicolis.com\/de\/wp-json\/wp\/v2\/pages"}],"about":[{"href":"https:\/\/www.museonicolis.com\/de\/wp-json\/wp\/v2\/types\/page"}],"author":[{"embeddable":true,"href":"https:\/\/www.museonicolis.com\/de\/wp-json\/wp\/v2\/users\/7"}],"replies":[{"embeddable":true,"href":"https:\/\/www.museonicolis.com\/de\/wp-json\/wp\/v2\/comments?post=10673"}],"version-history":[{"count":0,"href":"https:\/\/www.museonicolis.com\/de\/wp-json\/wp\/v2\/pages\/10673\/revisions"}],"wp:attachment":[{"href":"https:\/\/www.museonicolis.com\/de\/wp-json\/wp\/v2\/media?parent=10673"}],"curies":[{"name":"wp","href":"https:\/\/api.w.org\/{rel}","templated":true}]}}