{"id":10657,"date":"2016-01-28T17:01:37","date_gmt":"2016-01-28T16:01:37","guid":{"rendered":"http:\/\/museonicolis.com\/de\/informationen\/regolamento\/"},"modified":"2023-06-05T11:18:30","modified_gmt":"2023-06-05T09:18:30","slug":"reglement","status":"publish","type":"page","link":"https:\/\/www.museonicolis.com\/de\/reglement\/","title":{"rendered":"Reglement"},"content":{"rendered":"<p>[vc_row][vc_column][vc_empty_space height=&#8220;65px&#8220;][\/vc_column][\/vc_row][vc_row][vc_column][vc_column_text]<\/p>\n<h2><span style=\"color: #d20a10;\">REGLEMENT<\/span><\/h2>\n<hr \/>\n<p>[\/vc_column_text][\/vc_column][\/vc_row][vc_row][vc_column][vc_column_text]<\/p>\n<h4 class=\"articoli\"><strong>Artikel 1<\/strong><\/h4>\n<p><strong>Eintritt ins Museum<\/strong><\/p>\n<ol>\n<li>Museo Nicolis ist f\u00fcr die \u00d6ffentlichkeit zu den bestimmten \u00d6ffnungszeiten und Kalendertagen gegen Zahlung der am Empfang ausgeh\u00e4ngten Eintrittspreise zug\u00e4nglich.<br \/>\nEintrittspreise, \u00d6ffnungszeiten und die Tage, an denen das Museum ge\u00f6ffnet ist, k\u00f6nnen unter Ber\u00fccksichtigung der geltenden Bestimmungen abweichen.<\/li>\n<li>Mit einer Sammeleintrittskarte k\u00f6nnen alle ausgestellten Sammlungen besichtigt werden;<\/li>\n<li>Die G\u00fcltigkeit der Eintrittskarte verf\u00e4llt bei Eintritt und sie wird nicht zur\u00fcckerstattet vorbehaltlich anders lautender Bestimmungen von Seiten der Museumsleitung;<\/li>\n<li>Museo Nicolis stellt bei besonderen Anl\u00e4ssen (thematische Ausstellungen, kulturelle Veranstaltungen und sonstige usw. ) erg\u00e4nzende Eintrittskarten aus, die den Eintritt zu den zeitweilig ausgestellten Sammlungen mit einer Museumsbesichtigung kombinieren;<\/li>\n<li>Mit dem Eintritt ins Museum nimmt der Besucher zur Kenntnis, dass\u00a0 jeder Raum durch eine Video\u00fcberwachungsanlage f\u00fcr Zwecke der \u00dcberwachung, Sicherheit und auch f\u00fcr rechtliche Zwecke gesch\u00fctzt ist;<\/li>\n<li>Die Mitarbeiter im Dienst bei Museo Nicolis haben das Recht\/die Pflicht, den Besucher, sollte dieser die nachfolgend angef\u00fchrten Verhaltensregeln nicht befolgen, in eine Art und Weise, die f\u00fcr angemessen gehalten werden, zur Ordnung zu rufen;<\/li>\n<li>Museo Nicolis k\u00fcndigt bereits jetzt an, dass etwaige Zwischenf\u00e4lle, die durch Witterungseinfl\u00fcsse, zuf\u00e4llige nicht durch Nachl\u00e4ssigkeit unsererseits verursachte Hindernisse, au\u00dferplanm\u00e4\u00dfige Wartungsarbeiten, Reinigung und sonstiges die Art der Museumsleistungen nicht beeintr\u00e4chtigen;<\/li>\n<li>Verg\u00fcnstigung f\u00fcr Behinderte: nur auf Anfrage ist das Personal bereit denjenigen Hilfe zu leisten, die darum gebeten haben, um in jeden Ausstellungsraum Zugang zu bekommen;<\/li>\n<li>Fahrstuhl. Das Museum hat einen Fahrstuhl, um auf die verschiedenen Stockwerke zu gelangen, es wird gebeten, sich f\u00fcr die Benutzung des Fahrstuhls an den Empfang zu wenden;<\/li>\n<li>Toiletten: auf jedem Stockwerk befinden sich Toiletten, Behindertentoiletten sind auf allen Stockwerken mit Ausnahme des dritten;<\/li>\n<li>Achtung: der Zugang zum Kellergeschoss, zur Dachterrasse (Flugzeugausstellung) und zu den Verwaltungsb\u00fcros ist strikt verboten, vorbehaltlich anders lautender Bestimmungen von Seiten der Museumsleitung. Die Nottreppen sind nur bei tats\u00e4chlicher Notwendigkeit zu nutzen;<\/li>\n<li>Garderobe: ein NICHT beaufsichtigter Garderobenbereich zum Ablegen von Oberbekleidung, Taschen und sonstigen Gegenst\u00e4nden steht zur Verf\u00fcgung. Es wird darum gebeten, die Sammlungen nicht mit Gegenst\u00e4nden zu besichtigen, die an den ausgestellten Gegenst\u00e4nden, an sich selbst und an Dritten Sch\u00e4den verursachen k\u00f6nnen.<\/li>\n<li>Verlorengegangene Gegenst\u00e4nde: die Museumsleitung \u00fcbernimmt keine Haftung f\u00fcr eventuell im Museumskomplex verlorengegangene\/vergessene Gegenst\u00e4nde. Fundsachen werden am Empfang 60 Tage ab Auffindung aufbewahrt.<\/li>\n<li>Haustiere: ein Museumsbesuch mit Haustieren ist nicht zugelassen, vorbehaltlich anders lautender Bestimmungen von Seiten der Museumsleitung.<\/li>\n<li>Beschwerden: f\u00fcr Beanstandungen, Reklamationen usw. steht unser zust\u00e4ndiger Mitarbeiter am Empfang zur Verf\u00fcgung.<\/li>\n<\/ol>\n<p>[\/vc_column_text][vc_column_text]<\/p>\n<h4 class=\"articoli\"><strong>Artikel 2<\/strong><\/h4>\n<p><strong>Verhaltensregeln<\/strong><\/p>\n<ol>\n<li>Die Besucher haben die von der Museumsleitung in den folgenden Punkten festgelegten Sicherheits- und Verhaltensvorschriften zu befolgen;<\/li>\n<li>Auf kultureller Ebene: die ausgestellten Sammlungen sind ihres historisch\/kulturellen Wertes wegen zu respektieren, da sie Ausdruck einer kollektiven Identit\u00e4t und Weltkulturerbe sind:\n<ul>\n<li>A \u2013 Der Sicherheitsabstand ist einzuhalten;<\/li>\n<li>B \u2013 Es ist nicht erlaubt, die ausgestellten Gegenst\u00e4nde in welcher Art auch immer zu ber\u00fchren, wenn nicht ausdr\u00fccklich von den diensthabenden Museumsmitarbeitern genehmigt;<\/li>\n<li>C \u2013 Es ist nicht erlaubt, die ausgestellten Gegenst\u00e4nde und den umgebenden Bereich zu besch\u00e4digen\/bzw. Ein- oder Verstellungen daran auszuf\u00fchren unter Einhaltung der geltenden Vorschriften diesbez\u00fcglich. Der Verein Museo Nicolis ist von jeder Art\u00a0 der Haftung f\u00fcr etwaige Sch\u00e4den oder Sch\u00e4digungen enthoben, die aus beliebigem Rechtsgrund, oder beliebiger Art, auch als Sanktion, an diesen durch Nichteinhaltung von Punkt C verursacht w\u00fcrden. Daraus folgt, dass der Verein Museo Nicolis das vom Gesetz vorgesehene R\u00fcckgriffsrecht geltend machen kann.<\/li>\n<li>D \u2013 Kinder und Minderj\u00e4hrige haben die Pflicht, die Verhaltensregeln des Museums zu befolgen. Die Begleitpersonen sind deshalb daf\u00fcr verantwortlich deren Verhalten zu \u00fcberwachen;<\/li>\n<\/ul>\n<\/li>\n<li>Auf ethischer Ebene: die W\u00fcrde der Museumsmitarbeiter im Dienst und der Besucher durch eine wohlerzogenes und schickliches Verhalten zu respektieren.<\/li>\n<li>Das Verhalten betreffend ist in der Atmosph\u00e4re des Museums ein angemessener Tonfall in dezenter Art und Weise und ein r\u00fccksichtsvolles Verhalten unter Wahrung des kulturellen Interesses und des Anspruchs aller anwesenden Personen, die Ausstellungen und Erl\u00e4uterungen dazu zu verstehen.<\/li>\n<li>Auf hygienischer Ebene: jeden Raum sauber und ansehnlich halten und Gegenst\u00e4nde\/Abf\u00e4lle in die entsprechenden Beh\u00e4lter werfen.<\/li>\n<li>F\u00fcr Erfrischungen: auf den Museumsrundg\u00e4ngen ist Essen und Trinken untersagt. Zum Erfrischen stehen eigens Break-Bereiche Erholungsbereiche zur Verf\u00fcgung:\n<ul>\n<li>\u2013 2. Etage: Bar und Panoramaterrasse<\/li>\n<li>\u2013 Erdgeschoss: Bereich mit Getr\u00e4nke- und Snackautomaten<\/li>\n<\/ul>\n<\/li>\n<li>Foto\/Video: auf den Rundg\u00e4ngen des Museums ist es erlaubt zu filmen und zu fotografieren, aber NICHT, um Werbung zu machen; allerdings sind wir bereit diese Genehmigung gegen Ausf\u00fcllen eines Formulars zu genehmigen, dieses bekommt man auf Anfrage am Empfang ausgeh\u00e4ndigt. Dem ist die Kopie des Personalausweises oder eines gleichwertigen Dokuments beizuf\u00fcgen. Die Verwendung von Bildern der betreffenden Gegenst\u00e4nde zu Erwerbszwecken ist nicht erlaubt (z.B.: Promotionsmaterial zu verkaufen oder kommerzielle Aktivit\u00e4ten damit zu f\u00f6rdern) ausgenommen anderer schriftlicher Vereinbarung beider Parteien.<\/li>\n<li>Verbot: RAUCHEN und auch das Mitf\u00fchren jeder Art brennbarer Stoffe \/Gegenst\u00e4nde, da sie die interne Sicherheit der Besucher beeintr\u00e4chtigen k\u00f6nnten, ist strikt VERBOTEN.<\/li>\n<li>Sicherheit: auf jeder Etage des Geb\u00e4udes befinden sich die gesetzlich vorgeschriebenen Sicherheitssysteme, die auch durch Hinweisschilder erkennbar gemacht sind, einschlie\u00dflich der Leuchtschilder f\u00fcr die Notausg\u00e4nge. Bei Gefahr NICHT den Fahrstuhl benutzen!<\/li>\n<\/ol>\n<p>[\/vc_column_text][vc_column_text]<\/p>\n<h4 class=\"articoli\"><strong>Artikel 3<\/strong><\/h4>\n<p><strong>Eintrittskarte zum vollen Preis<\/strong><\/p>\n<p>Die Eintrittskarte zum vollen Preis gilt in allen F\u00e4llen. Eine Ausnahme bilden die nachfolgend angef\u00fchrten Punkte.[\/vc_column_text][vc_column_text]<\/p>\n<h4 class=\"articoli\"><strong>Artikel 4<\/strong><\/h4>\n<p><strong>Eintrittskarte mit Erm\u00e4\u00dfigung<\/strong><\/p>\n<p>Anspruch auf Erm\u00e4\u00dfigung:<\/p>\n<ol>\n<li>Jugendliche von einschlie\u00dflich 6 bis 16 Jahren,<\/li>\n<li>Besucher \u00fcber 60 Jahre, gegen Vorlage eines g\u00fcltigen Personalausweises;<\/li>\n<li>Wehrdienstleistende und Wehrdienstverweigerer im Zivildienst gegen Vorlage des entsprechenden Ausweises;<\/li>\n<li>Reisegruppen ab 8 zahlenden Erwachsenen.<\/li>\n<\/ol>\n<p>[\/vc_column_text][vc_column_text]<\/p>\n<h4 class=\"articoli\"><strong>Artikel 5<\/strong><\/h4>\n<p><strong>Freier Eintritt\u00a0<\/strong><\/p>\n<p>Die freier Eintritt wird in den folgenden F\u00e4llen gew\u00e4hrt:<\/p>\n<ol>\n<li>Kinder unter dem 5. Lebensjahr in Begleitung eines Erwachsenen;<\/li>\n<li>Klassenlehrer (nach vorheriger telefonischer Kartenreservierung), die Schulklassen jeder Art privater oder \u00f6ffentlicher Schulen begleiten. Die jeweiligen Begleitpersonen haben Anspruch auf freien Eintritt in dem nachfolgend angef\u00fchrten Verh\u00e4ltnis (wenn nicht anders mit der Museumsleitung vereinbart):\n<ul>\n<li>f\u00fcr Vor- und Grundschule:1 Begleiter auf 10 Sch\u00fcler<\/li>\n<li>f\u00fcr die Mittelschule und Oberschule: 1 Begleiter alle 15 Sch\u00fcler<\/li>\n<\/ul>\n<\/li>\n<li>Busfahrer der Gruppen, die das Museum besichtigen;<\/li>\n<li>Dolmetscher, sollte ihr Einsatz an der Seite des Gruppenf\u00fchrers erforderlich sein;<\/li>\n<li>Direktoren und Konservatoren von italienischen und ausl\u00e4ndischen Museen;<\/li>\n<li>Personal in f\u00fchrenden \u00c4mtern von Ministerien und Institutionen;<\/li>\n<li>Pers\u00f6nlichkeiten des Staates und der Politik in offizieller Vertretung;<\/li>\n<li>in den Journalistenverband eingetragene Journalisten gegen Vorlage des entsprechenden Ausweises;<\/li>\n<li>offizielle zugelassene Reisef\u00fchrer gegen Vorlage des entsprechenden Ausweises;<\/li>\n<li>I.C.O.M. (International Council of Museum) \u2013 Mitglieder;<\/li>\n<li>gesetzlich anerkannte Behinderte und Invaliden gegen Vorlage der entsprechenden Zertifizierung, und ihr Begleiter nur in dem Fall, wenn keine Beistandsleistung von Seiten des Museumspersonal beantragt ist;<\/li>\n<li>die Museumsleitung des Museums Nicolis kann Personen, die wegen Studien oder aus Arbeitsgr\u00fcnden das Museum besichtigen, oder mit speziellen Aufgaben betraut sind, gegen Bescheinigung ihrer Zugeh\u00f6rigkeit zu den jeweiligen Institutionen freien Eintritt gew\u00e4hren<\/li>\n<\/ol>\n<p>[\/vc_column_text][vc_column_text]<\/p>\n<h4 class=\"articoli\"><strong>Artikel 6<\/strong><\/h4>\n<p><strong>Gutscheine (Voucher)<\/strong><\/p>\n<p>Betriebe k\u00f6nnen Gutscheinhefte zu einem Vorzugspreis erwerben. Der Zweck dieser Gutscheine besteht darin, Kunden\/Freunde individuell mit einem Museumsbesuch zu pr\u00e4mieren. Die Gutscheine gelten nicht f\u00fcr Gruppen.[\/vc_column_text][vc_column_text]<\/p>\n<h4 class=\"articoli\"><strong>Artikel 7<\/strong><\/h4>\n<p><strong>Sonderverg\u00fcnstigungen<\/strong><\/p>\n<p>Sonderverg\u00fcnstigungen sind in den folgenden F\u00e4llen vorgesehen:<\/p>\n<ol>\n<li>Schulen: Klassen schulischer Einrichtungen jeder Kategorie, ob \u00f6ffentlich oder privat, gegen vorherige telefonische Vorbestellung;<\/li>\n<li>Pass: die Museumsleitung beh\u00e4lt sich vor einen Namenspass f\u00fcr den Zugang zu den Ausstellungsfl\u00e4chen denigen zu gew\u00e4hren, die sich im Dienst der Kultur verdient gemacht haben, denjenigen, die Kunstwerke geschenkt oder ausgeliehen haben, angesehenen Personen und jedem, den sie f\u00fcr angemessen h\u00e4lt;<\/li>\n<li>Abkommen: die Museumsleitung beh\u00e4lt sich nach eigenem Ermessen vor Abkommen mit Beh\u00f6rden, Verb\u00e4nden, Privaten usw. zu treffen. Die derzeit laufenden Abkommen sind am Empfang ausgeh\u00e4ngt.;<\/li>\n<li>Analoge M\u00f6glichkeiten k\u00f6nnen ebenso spezifischen Besucherkategorien vorbehalten werden.<\/li>\n<\/ol>\n<p>[\/vc_column_text][vc_column_text]<\/p>\n<h4 class=\"articoli\"><strong>Artikel 8<\/strong><\/h4>\n<p><strong>Besuche au\u00dferhalb der \u00d6ffnungszeiten<\/strong><\/p>\n<p>Die Museumsleitung kann mit Beh\u00f6rden, Verb\u00e4nden und Privaten Besuche au\u00dferhalb der \u00d6ffnungszeiten des Museums vereinbaren. Der Veranstalter muss die gesamten Betriebskosten der Struktur f\u00fcr diesen Zeitraum tragen (Aufsicht, Kasse, Mitarbeiter des Museums, Verwaltungskosten usw.) gem\u00e4\u00df den vom Museum festgesetzten Tarifen.[\/vc_column_text][vc_column_text]<\/p>\n<h4 class=\"articoli\"><strong>Artikel 9<\/strong><\/h4>\n<p><strong>Besichtigungen mit F\u00fchrung<\/strong><\/p>\n<p>Eine gef\u00fchrte Besichtigung allgemeiner Art der Sammlung historischer Automobile mit ihrer Geschichte, ihren Sitten und Br\u00e4uchen von damals steht zur Verf\u00fcgung. Gef\u00fchrte Besichtigungen spezifischer Art sind nur auf Vereinbarung m\u00f6glich, d.h., wenn sie vorher mit der Museumsleitung abgesprochen bzw. von dieser gew\u00e4hrt worden sind. Die F\u00fchrung erfolgt gegen Bezahlung und muss mindestens 5 Arbeitstage vorher mittels Formular reserviert werden. Museo Nicolis beh\u00e4lt sich vor, diese Leistung an Tagen und zu \u00d6ffnungszeiten zu erbringen, die mit dem Buchungskalender vereinbar sind .<\/p>\n<p><strong><u>Achtung<\/u>: Bei Versp\u00e4tungen, die nicht dem Mitarbeiterteam von Museo Nicolis zuzuschreiben sind, kann eine ordnungsm\u00e4\u00dfige Abwicklung der gef\u00fchrten Besichtigung nicht garantiert werden.<\/strong>[\/vc_column_text][vc_column_text]<\/p>\n<h4 class=\"articoli\"><strong>Artikel 10<\/strong><\/h4>\n<p><strong>Audioguide<\/strong><\/p>\n<p style=\"text-align: justify;\">Der Audioguides-Service ist in der Eintrittskarte inbegriffen solange der Vorrat an Ger\u00e4ten reicht. Die Audioguides sind in den Sprachen Italienisch\/Englisch\/Deutsch verf\u00fcgbar und werden vor Verlassen des Museums abgegeben. Schon jetzt teilen wir mit, dass die Erl\u00e4uterungen zur Oldtimersammlung aufgrund etwaiger Ortsverstellung oder Verleih nicht in der Reihenfolge der Ausstellung verlaufen k\u00f6nnen bzw. ein beschriebenes Fahrzeug momentan nicht vorhanden ist.<\/p>\n<p>[\/vc_column_text][vc_column_text]<\/p>\n<h4 class=\"articoli\">Artikel 12<\/h4>\n<p><strong>\u00d6ffnungszeiten &amp; Ruhetage<\/strong><\/p>\n<p>Museo Nicolis ist f\u00fcr die \u00d6ffentlichkeit von Dienstag bis Sonntag durchgehend von 10.00\/18.00 Uhr ge\u00f6ffnet. Montag ist Ruhetag.<br \/>\nAu\u00dferordentliche Schlie\u00dfungen: 1. Januar, Ostern, 24.\/25.\/31. Dezember.<br \/>\nDie Museumsleitung beh\u00e4lt sich vor, au\u00dferordentliche Schlie\u00dfungen\/\u00d6ffnungen vorzunehmen, wann immer sie es f\u00fcr angemessen h\u00e4lt.[\/vc_column_text][vc_column_text]<\/p>\n<h4 class=\"articoli\">Artikel 13<\/h4>\n<p><strong>Zeitweilige Ausstellungen<\/strong><\/p>\n<p>Museo Nicolis ist bereit die Bedeutung\/die Durchf\u00fchrbarkeit einer zeitweiligen Ausstellung und deren Ausstattungen\/Realisierungen nach vorsorglicher Definierung der entsprechenden Modalit\u00e4ten zu bewerten. Der antragstellende Veranstalter hat die Kostendeckdung des Betriebs der Struktur (Aufseher, Kasse, Museumspersonal, Verwaltungskosten usw.), die Realisierung der Ausgestaltung und sonstiges zu den vom Museum festgelegten Tarifen zu tragen.[\/vc_column_text][vc_column_text]<\/p>\n<h4 class=\"articoli\">Artikel 14<\/h4>\n<p><strong>Events &amp; Kongresszentrum<\/strong><\/p>\n<p>Museo Nicolis bietet nur mit Vorbestellung und gegen Zahlung die M\u00f6glichkeit Events, Meetings, Cocktails, private Besichtigungen und sonstiges au\u00dferhalb der \u00d6ffnungszeiten zu organisieren. Die gesamte Kostendeckung f\u00fcr den betrieblichen Ablauf der Struktur (Aufsichtspersonal, Kasse, Museumsmitarbeiter, Verwaltungskosten usw.) geht zu Lasten des Kunden gem\u00e4\u00df den vom Museum festgelegten Tarifen.[\/vc_column_text][vc_column_text]<\/p>\n<h4 class=\"articoli\"><strong>Artikel 15<\/strong><\/h4>\n<p><strong>Book Shop &amp; Gadget<\/strong><\/p>\n<p>Gadget, B\u00fccher und sonstiges aus unserem Shop sind nach erfolgter Bezahlung nicht mehr umtauschbar (vorbehaltlich anders lautender Bestimmung von der Museumsleitung). R\u00fccknahmen werden nur bei \u201cHerstellungsfehlern\u201d oder bei Ver\u00e4nderungen beim Verkauf akzeptiert. Auf jeden Fall bitten wir Sie, rechtzeitig etwaige Beanstandungen mitzuteilen, um Ihnen unseren besten Service zu gew\u00e4hrleisten.[\/vc_column_text][\/vc_column][\/vc_row]<\/p>\n","protected":false},"excerpt":{"rendered":"<p>[vc_row][vc_column][vc_empty_space height=&#8220;65px&#8220;][\/vc_column][\/vc_row][vc_row][vc_column][vc_column_text] REGLEMENT [\/vc_column_text][\/vc_column][\/vc_row][vc_row][vc_column][vc_column_text] Artikel 1 Eintritt ins Museum Museo Nicolis ist f\u00fcr die \u00d6ffentlichkeit zu den bestimmten \u00d6ffnungszeiten und Kalendertagen gegen Zahlung der am Empfang ausgeh\u00e4ngten Eintrittspreise zug\u00e4nglich. Eintrittspreise, \u00d6ffnungszeiten und die Tage, an denen das Museum ge\u00f6ffnet ist, k\u00f6nnen unter Ber\u00fccksichtigung der geltenden Bestimmungen abweichen. Mit einer Sammeleintrittskarte k\u00f6nnen alle ausgestellten Sammlungen besichtigt&#8230;<\/p>\n","protected":false},"author":7,"featured_media":12597,"parent":0,"menu_order":0,"comment_status":"closed","ping_status":"closed","template":"","meta":{"_acf_changed":false,"om_disable_all_campaigns":false,"footnotes":""},"class_list":["post-10657","page","type-page","status-publish","has-post-thumbnail","hentry"],"acf":[],"yoast_head":"<!-- This site is optimized with the Yoast SEO plugin v22.0 - https:\/\/yoast.com\/wordpress\/plugins\/seo\/ -->\n<title>Reglement - Museo Nicolis<\/title>\n<meta name=\"robots\" content=\"index, follow, max-snippet:-1, max-image-preview:large, max-video-preview:-1\" \/>\n<link rel=\"canonical\" href=\"https:\/\/www.museonicolis.com\/de\/reglement\/\" \/>\n<meta property=\"og:locale\" content=\"de_DE\" \/>\n<meta property=\"og:type\" content=\"article\" \/>\n<meta property=\"og:title\" content=\"Reglement - Museo Nicolis\" \/>\n<meta property=\"og:description\" content=\"[vc_row][vc_column][vc_empty_space height=&#8220;65px&#8220;][\/vc_column][\/vc_row][vc_row][vc_column][vc_column_text] REGLEMENT [\/vc_column_text][\/vc_column][\/vc_row][vc_row][vc_column][vc_column_text] Artikel 1 Eintritt ins Museum Museo Nicolis ist f\u00fcr die \u00d6ffentlichkeit zu den bestimmten \u00d6ffnungszeiten und Kalendertagen gegen Zahlung der am Empfang ausgeh\u00e4ngten Eintrittspreise zug\u00e4nglich. Eintrittspreise, \u00d6ffnungszeiten und die Tage, an denen das Museum ge\u00f6ffnet ist, k\u00f6nnen unter Ber\u00fccksichtigung der geltenden Bestimmungen abweichen. Mit einer Sammeleintrittskarte k\u00f6nnen alle ausgestellten Sammlungen besichtigt...\" \/>\n<meta property=\"og:url\" content=\"https:\/\/www.museonicolis.com\/de\/reglement\/\" \/>\n<meta property=\"og:site_name\" content=\"Museo Nicolis\" \/>\n<meta property=\"article:modified_time\" content=\"2023-06-05T09:18:30+00:00\" \/>\n<meta property=\"og:image\" content=\"https:\/\/www.museonicolis.com\/html\/uploads\/2016\/01\/regolamento.jpg\" \/>\n\t<meta property=\"og:image:width\" content=\"1170\" \/>\n\t<meta property=\"og:image:height\" content=\"250\" \/>\n\t<meta property=\"og:image:type\" content=\"image\/jpeg\" \/>\n<meta name=\"twitter:card\" content=\"summary_large_image\" \/>\n<meta name=\"twitter:label1\" content=\"Gesch\u00e4tzte Lesezeit\" \/>\n\t<meta name=\"twitter:data1\" content=\"9\u00a0Minuten\" \/>\n<script type=\"application\/ld+json\" class=\"yoast-schema-graph\">{\"@context\":\"https:\/\/schema.org\",\"@graph\":[{\"@type\":\"WebPage\",\"@id\":\"https:\/\/www.museonicolis.com\/de\/reglement\/\",\"url\":\"https:\/\/www.museonicolis.com\/de\/reglement\/\",\"name\":\"Reglement - Museo Nicolis\",\"isPartOf\":{\"@id\":\"https:\/\/www.museonicolis.com\/#website\"},\"datePublished\":\"2016-01-28T16:01:37+00:00\",\"dateModified\":\"2023-06-05T09:18:30+00:00\",\"breadcrumb\":{\"@id\":\"https:\/\/www.museonicolis.com\/de\/reglement\/#breadcrumb\"},\"inLanguage\":\"de\",\"potentialAction\":[{\"@type\":\"ReadAction\",\"target\":[\"https:\/\/www.museonicolis.com\/de\/reglement\/\"]}]},{\"@type\":\"BreadcrumbList\",\"@id\":\"https:\/\/www.museonicolis.com\/de\/reglement\/#breadcrumb\",\"itemListElement\":[{\"@type\":\"ListItem\",\"position\":1,\"name\":\"Home\",\"item\":\"https:\/\/www.museonicolis.com\/de\/\"},{\"@type\":\"ListItem\",\"position\":2,\"name\":\"Reglement\"}]},{\"@type\":\"WebSite\",\"@id\":\"https:\/\/www.museonicolis.com\/#website\",\"url\":\"https:\/\/www.museonicolis.com\/\",\"name\":\"Museo Nicolis\",\"description\":\"Hunderte von Autos, Motorr\u00e4der und Fahrr\u00e4der\",\"potentialAction\":[{\"@type\":\"SearchAction\",\"target\":{\"@type\":\"EntryPoint\",\"urlTemplate\":\"https:\/\/www.museonicolis.com\/?s={search_term_string}\"},\"query-input\":\"required name=search_term_string\"}],\"inLanguage\":\"de\"}]}<\/script>\n<!-- \/ Yoast SEO plugin. -->","yoast_head_json":{"title":"Reglement - Museo Nicolis","robots":{"index":"index","follow":"follow","max-snippet":"max-snippet:-1","max-image-preview":"max-image-preview:large","max-video-preview":"max-video-preview:-1"},"canonical":"https:\/\/www.museonicolis.com\/de\/reglement\/","og_locale":"de_DE","og_type":"article","og_title":"Reglement - Museo Nicolis","og_description":"[vc_row][vc_column][vc_empty_space height=&#8220;65px&#8220;][\/vc_column][\/vc_row][vc_row][vc_column][vc_column_text] REGLEMENT [\/vc_column_text][\/vc_column][\/vc_row][vc_row][vc_column][vc_column_text] Artikel 1 Eintritt ins Museum Museo Nicolis ist f\u00fcr die \u00d6ffentlichkeit zu den bestimmten \u00d6ffnungszeiten und Kalendertagen gegen Zahlung der am Empfang ausgeh\u00e4ngten Eintrittspreise zug\u00e4nglich. Eintrittspreise, \u00d6ffnungszeiten und die Tage, an denen das Museum ge\u00f6ffnet ist, k\u00f6nnen unter Ber\u00fccksichtigung der geltenden Bestimmungen abweichen. Mit einer Sammeleintrittskarte k\u00f6nnen alle ausgestellten Sammlungen besichtigt...","og_url":"https:\/\/www.museonicolis.com\/de\/reglement\/","og_site_name":"Museo Nicolis","article_modified_time":"2023-06-05T09:18:30+00:00","og_image":[{"width":1170,"height":250,"url":"https:\/\/www.museonicolis.com\/html\/uploads\/2016\/01\/regolamento.jpg","type":"image\/jpeg"}],"twitter_card":"summary_large_image","twitter_misc":{"Gesch\u00e4tzte Lesezeit":"9\u00a0Minuten"},"schema":{"@context":"https:\/\/schema.org","@graph":[{"@type":"WebPage","@id":"https:\/\/www.museonicolis.com\/de\/reglement\/","url":"https:\/\/www.museonicolis.com\/de\/reglement\/","name":"Reglement - Museo Nicolis","isPartOf":{"@id":"https:\/\/www.museonicolis.com\/#website"},"datePublished":"2016-01-28T16:01:37+00:00","dateModified":"2023-06-05T09:18:30+00:00","breadcrumb":{"@id":"https:\/\/www.museonicolis.com\/de\/reglement\/#breadcrumb"},"inLanguage":"de","potentialAction":[{"@type":"ReadAction","target":["https:\/\/www.museonicolis.com\/de\/reglement\/"]}]},{"@type":"BreadcrumbList","@id":"https:\/\/www.museonicolis.com\/de\/reglement\/#breadcrumb","itemListElement":[{"@type":"ListItem","position":1,"name":"Home","item":"https:\/\/www.museonicolis.com\/de\/"},{"@type":"ListItem","position":2,"name":"Reglement"}]},{"@type":"WebSite","@id":"https:\/\/www.museonicolis.com\/#website","url":"https:\/\/www.museonicolis.com\/","name":"Museo Nicolis","description":"Hunderte von Autos, Motorr\u00e4der und Fahrr\u00e4der","potentialAction":[{"@type":"SearchAction","target":{"@type":"EntryPoint","urlTemplate":"https:\/\/www.museonicolis.com\/?s={search_term_string}"},"query-input":"required name=search_term_string"}],"inLanguage":"de"}]}},"_links":{"self":[{"href":"https:\/\/www.museonicolis.com\/de\/wp-json\/wp\/v2\/pages\/10657","targetHints":{"allow":["GET"]}}],"collection":[{"href":"https:\/\/www.museonicolis.com\/de\/wp-json\/wp\/v2\/pages"}],"about":[{"href":"https:\/\/www.museonicolis.com\/de\/wp-json\/wp\/v2\/types\/page"}],"author":[{"embeddable":true,"href":"https:\/\/www.museonicolis.com\/de\/wp-json\/wp\/v2\/users\/7"}],"replies":[{"embeddable":true,"href":"https:\/\/www.museonicolis.com\/de\/wp-json\/wp\/v2\/comments?post=10657"}],"version-history":[{"count":4,"href":"https:\/\/www.museonicolis.com\/de\/wp-json\/wp\/v2\/pages\/10657\/revisions"}],"predecessor-version":[{"id":190316,"href":"https:\/\/www.museonicolis.com\/de\/wp-json\/wp\/v2\/pages\/10657\/revisions\/190316"}],"wp:featuredmedia":[{"embeddable":true,"href":"https:\/\/www.museonicolis.com\/de\/wp-json\/wp\/v2\/media\/12597"}],"wp:attachment":[{"href":"https:\/\/www.museonicolis.com\/de\/wp-json\/wp\/v2\/media?parent=10657"}],"curies":[{"name":"wp","href":"https:\/\/api.w.org\/{rel}","templated":true}]}}