{"id":10649,"date":"2016-01-28T17:00:37","date_gmt":"2016-01-28T16:00:37","guid":{"rendered":"http:\/\/museonicolis.com\/de\/informationen\/orari\/"},"modified":"2016-02-12T12:31:04","modified_gmt":"2016-02-12T11:31:04","slug":"oeffnungszeiten","status":"publish","type":"page","link":"https:\/\/www.museonicolis.com\/de\/informationen\/oeffnungszeiten\/","title":{"rendered":"\u00d6ffnungszeiten"},"content":{"rendered":"<p>Museo Nicolis ist ganzj\u00e4hrig ge\u00f6ffnet, dienstags bis sonntags von 10.00 bis 18.00 Uhr, MONTAG RUHETAG.<\/p>\n<p>Sonder\u00f6ffnungszeiten: Ostermontag<br \/>\nAu\u00dferordentliche Schlie\u00dfungen: 1. Januar, Ostern, 24.\/25.\/31. Dezember.<br \/>\nDie Museumsleitung beh\u00e4lt sich vor, Schlie\u00dfungen\/\u00d6ffnungen vorzunehmen, wann immer sie es f\u00fcr angemessen h\u00e4lt.<\/p>\n<p>F\u00fcr ausf\u00fchrlichere Informationen oder Buchungen kontaktieren Sie das Sekretariat des Museums unter der Numemr +39 45 6303289 oder senden Sie ein Fax an +39 45 7979493 oder eine E-Mail an die Anschrift museonicolis@museonicolis.com<\/p>\n","protected":false},"excerpt":{"rendered":"<p>Museo Nicolis ist ganzj\u00e4hrig ge\u00f6ffnet, dienstags bis sonntags von 10.00 bis 18.00 Uhr, MONTAG RUHETAG. Sonder\u00f6ffnungszeiten: Ostermontag Au\u00dferordentliche Schlie\u00dfungen: 1. Januar, Ostern, 24.\/25.\/31. Dezember. Die Museumsleitung beh\u00e4lt sich vor, Schlie\u00dfungen\/\u00d6ffnungen vorzunehmen, wann immer sie es f\u00fcr angemessen h\u00e4lt. F\u00fcr ausf\u00fchrlichere Informationen oder Buchungen kontaktieren Sie das Sekretariat des Museums unter der Numemr +39 45 6303289&#8230;<\/p>\n","protected":false},"author":7,"featured_media":0,"parent":10447,"menu_order":0,"comment_status":"closed","ping_status":"closed","template":"","meta":{"_acf_changed":false,"om_disable_all_campaigns":false,"footnotes":""},"class_list":["post-10649","page","type-page","status-publish","hentry"],"acf":[],"yoast_head":"<!-- This site is optimized with the Yoast SEO plugin v22.0 - https:\/\/yoast.com\/wordpress\/plugins\/seo\/ -->\n<title>\u00d6ffnungszeiten - Museo Nicolis<\/title>\n<meta name=\"robots\" content=\"index, follow, max-snippet:-1, max-image-preview:large, max-video-preview:-1\" \/>\n<link rel=\"canonical\" href=\"https:\/\/www.museonicolis.com\/de\/informationen\/oeffnungszeiten\/\" \/>\n<meta property=\"og:locale\" content=\"de_DE\" \/>\n<meta property=\"og:type\" content=\"article\" \/>\n<meta property=\"og:title\" content=\"\u00d6ffnungszeiten - Museo Nicolis\" \/>\n<meta property=\"og:description\" content=\"Museo Nicolis ist ganzj\u00e4hrig ge\u00f6ffnet, dienstags bis sonntags von 10.00 bis 18.00 Uhr, MONTAG RUHETAG. Sonder\u00f6ffnungszeiten: Ostermontag Au\u00dferordentliche Schlie\u00dfungen: 1. Januar, Ostern, 24.\/25.\/31. Dezember. Die Museumsleitung beh\u00e4lt sich vor, Schlie\u00dfungen\/\u00d6ffnungen vorzunehmen, wann immer sie es f\u00fcr angemessen h\u00e4lt. F\u00fcr ausf\u00fchrlichere Informationen oder Buchungen kontaktieren Sie das Sekretariat des Museums unter der Numemr +39 45 6303289...\" \/>\n<meta property=\"og:url\" content=\"https:\/\/www.museonicolis.com\/de\/informationen\/oeffnungszeiten\/\" \/>\n<meta property=\"og:site_name\" content=\"Museo Nicolis\" \/>\n<meta property=\"article:modified_time\" content=\"2016-02-12T11:31:04+00:00\" \/>\n<meta name=\"twitter:card\" content=\"summary_large_image\" \/>\n<script type=\"application\/ld+json\" class=\"yoast-schema-graph\">{\"@context\":\"https:\/\/schema.org\",\"@graph\":[{\"@type\":\"WebPage\",\"@id\":\"https:\/\/www.museonicolis.com\/de\/informationen\/oeffnungszeiten\/\",\"url\":\"https:\/\/www.museonicolis.com\/de\/informationen\/oeffnungszeiten\/\",\"name\":\"\u00d6ffnungszeiten - Museo Nicolis\",\"isPartOf\":{\"@id\":\"https:\/\/www.museonicolis.com\/#website\"},\"datePublished\":\"2016-01-28T16:00:37+00:00\",\"dateModified\":\"2016-02-12T11:31:04+00:00\",\"breadcrumb\":{\"@id\":\"https:\/\/www.museonicolis.com\/de\/informationen\/oeffnungszeiten\/#breadcrumb\"},\"inLanguage\":\"de\",\"potentialAction\":[{\"@type\":\"ReadAction\",\"target\":[\"https:\/\/www.museonicolis.com\/de\/informationen\/oeffnungszeiten\/\"]}]},{\"@type\":\"BreadcrumbList\",\"@id\":\"https:\/\/www.museonicolis.com\/de\/informationen\/oeffnungszeiten\/#breadcrumb\",\"itemListElement\":[{\"@type\":\"ListItem\",\"position\":1,\"name\":\"Home\",\"item\":\"https:\/\/www.museonicolis.com\/de\/\"},{\"@type\":\"ListItem\",\"position\":2,\"name\":\"Informationen\",\"item\":\"https:\/\/www.museonicolis.com\/de\/informationen\/\"},{\"@type\":\"ListItem\",\"position\":3,\"name\":\"\u00d6ffnungszeiten\"}]},{\"@type\":\"WebSite\",\"@id\":\"https:\/\/www.museonicolis.com\/#website\",\"url\":\"https:\/\/www.museonicolis.com\/\",\"name\":\"Museo Nicolis\",\"description\":\"Hunderte von Autos, Motorr\u00e4der und Fahrr\u00e4der\",\"potentialAction\":[{\"@type\":\"SearchAction\",\"target\":{\"@type\":\"EntryPoint\",\"urlTemplate\":\"https:\/\/www.museonicolis.com\/?s={search_term_string}\"},\"query-input\":\"required name=search_term_string\"}],\"inLanguage\":\"de\"}]}<\/script>\n<!-- \/ Yoast SEO plugin. -->","yoast_head_json":{"title":"\u00d6ffnungszeiten - Museo Nicolis","robots":{"index":"index","follow":"follow","max-snippet":"max-snippet:-1","max-image-preview":"max-image-preview:large","max-video-preview":"max-video-preview:-1"},"canonical":"https:\/\/www.museonicolis.com\/de\/informationen\/oeffnungszeiten\/","og_locale":"de_DE","og_type":"article","og_title":"\u00d6ffnungszeiten - Museo Nicolis","og_description":"Museo Nicolis ist ganzj\u00e4hrig ge\u00f6ffnet, dienstags bis sonntags von 10.00 bis 18.00 Uhr, MONTAG RUHETAG. Sonder\u00f6ffnungszeiten: Ostermontag Au\u00dferordentliche Schlie\u00dfungen: 1. Januar, Ostern, 24.\/25.\/31. Dezember. Die Museumsleitung beh\u00e4lt sich vor, Schlie\u00dfungen\/\u00d6ffnungen vorzunehmen, wann immer sie es f\u00fcr angemessen h\u00e4lt. F\u00fcr ausf\u00fchrlichere Informationen oder Buchungen kontaktieren Sie das Sekretariat des Museums unter der Numemr +39 45 6303289...","og_url":"https:\/\/www.museonicolis.com\/de\/informationen\/oeffnungszeiten\/","og_site_name":"Museo Nicolis","article_modified_time":"2016-02-12T11:31:04+00:00","twitter_card":"summary_large_image","schema":{"@context":"https:\/\/schema.org","@graph":[{"@type":"WebPage","@id":"https:\/\/www.museonicolis.com\/de\/informationen\/oeffnungszeiten\/","url":"https:\/\/www.museonicolis.com\/de\/informationen\/oeffnungszeiten\/","name":"\u00d6ffnungszeiten - Museo Nicolis","isPartOf":{"@id":"https:\/\/www.museonicolis.com\/#website"},"datePublished":"2016-01-28T16:00:37+00:00","dateModified":"2016-02-12T11:31:04+00:00","breadcrumb":{"@id":"https:\/\/www.museonicolis.com\/de\/informationen\/oeffnungszeiten\/#breadcrumb"},"inLanguage":"de","potentialAction":[{"@type":"ReadAction","target":["https:\/\/www.museonicolis.com\/de\/informationen\/oeffnungszeiten\/"]}]},{"@type":"BreadcrumbList","@id":"https:\/\/www.museonicolis.com\/de\/informationen\/oeffnungszeiten\/#breadcrumb","itemListElement":[{"@type":"ListItem","position":1,"name":"Home","item":"https:\/\/www.museonicolis.com\/de\/"},{"@type":"ListItem","position":2,"name":"Informationen","item":"https:\/\/www.museonicolis.com\/de\/informationen\/"},{"@type":"ListItem","position":3,"name":"\u00d6ffnungszeiten"}]},{"@type":"WebSite","@id":"https:\/\/www.museonicolis.com\/#website","url":"https:\/\/www.museonicolis.com\/","name":"Museo Nicolis","description":"Hunderte von Autos, Motorr\u00e4der und Fahrr\u00e4der","potentialAction":[{"@type":"SearchAction","target":{"@type":"EntryPoint","urlTemplate":"https:\/\/www.museonicolis.com\/?s={search_term_string}"},"query-input":"required name=search_term_string"}],"inLanguage":"de"}]}},"_links":{"self":[{"href":"https:\/\/www.museonicolis.com\/de\/wp-json\/wp\/v2\/pages\/10649","targetHints":{"allow":["GET"]}}],"collection":[{"href":"https:\/\/www.museonicolis.com\/de\/wp-json\/wp\/v2\/pages"}],"about":[{"href":"https:\/\/www.museonicolis.com\/de\/wp-json\/wp\/v2\/types\/page"}],"author":[{"embeddable":true,"href":"https:\/\/www.museonicolis.com\/de\/wp-json\/wp\/v2\/users\/7"}],"replies":[{"embeddable":true,"href":"https:\/\/www.museonicolis.com\/de\/wp-json\/wp\/v2\/comments?post=10649"}],"version-history":[{"count":0,"href":"https:\/\/www.museonicolis.com\/de\/wp-json\/wp\/v2\/pages\/10649\/revisions"}],"up":[{"embeddable":true,"href":"https:\/\/www.museonicolis.com\/de\/wp-json\/wp\/v2\/pages\/10447"}],"wp:attachment":[{"href":"https:\/\/www.museonicolis.com\/de\/wp-json\/wp\/v2\/media?parent=10649"}],"curies":[{"name":"wp","href":"https:\/\/api.w.org\/{rel}","templated":true}]}}