{"id":10638,"date":"2016-01-28T17:00:22","date_gmt":"2016-01-28T16:00:22","guid":{"rendered":"http:\/\/museonicolis.com\/de\/informationen\/prezzi\/"},"modified":"2026-02-04T11:16:14","modified_gmt":"2026-02-04T10:16:14","slug":"infos-und-tickets","status":"publish","type":"page","link":"https:\/\/www.museonicolis.com\/de\/infos-und-tickets\/","title":{"rendered":"Infos und Tickets"},"content":{"rendered":"<p>[vc_row][vc_column][vc_empty_space height=&#8220;65px&#8220;][vc_column_text]<\/p>\n<h2><span style=\"color: #d20a10;\">INFOS UND TICKETS<\/span><\/h2>\n<p>[\/vc_column_text][vc_separator][\/vc_column][\/vc_row][vc_row][vc_column][vc_column_text]F\u00fcr detailliertere Informationen k\u00f6nnen Sie das Museumssekretariat unter <strong>+39 045 6303289<\/strong> kontaktieren oder ein Fax an +39 045 7979493 oder eine E-Mail an <a href=\"mailto:info@museonicolis.com\">info@museonicolis.com<\/a> senden[\/vc_column_text][\/vc_column][\/vc_row][vc_row][vc_column width=&#8220;1\/2&#8243;][vc_column_text]<strong>VON DIENSTAG BIS SONNTAG<\/strong><br \/>\n<em>Montag geschlossen<\/em>[\/vc_column_text][\/vc_column][vc_column width=&#8220;1\/2&#8243;][vc_column_text]<\/p>\n<p style=\"text-align: right;\"><strong>von 10:00 bis 18:00 Uhr ge\u00f6ffnet<\/strong><br \/>\nFortsetzung des Zeitplans<\/p>\n<p>[\/vc_column_text][\/vc_column][\/vc_row][vc_row][vc_column][vc_column_text]<strong>Extraordin\u00e4re Geschlossenen<\/strong><br \/>\n31. M\u00e4rz(Ostern)<br \/>\n25. Dezember<br \/>\n1 Januar<\/p>\n<p><strong>Extraordin\u00e4re <span class=\"Y2IQFc\" lang=\"de\">Er\u00f6ffnung<\/span><\/strong><br \/>\n1. April<br \/>\n25. April<br \/>\n1. Mai<br \/>\n15.\u00a0 August<br \/>\n1. November<br \/>\n26. Dezember<\/p>\n<p>Die Direktion beh\u00e4lt sich das Recht vor, au\u00dferordentliche Schlie\u00dfungen\/\u00d6ffnungen zu veranlassen, wenn sie dies f\u00fcr angemessen h\u00e4lt.<br \/>\n*Die \u00d6ffnung des Nicolis-Museums unterliegt der Einhaltung der geltenden Vorschriften.<br \/>\nWir behalten uns das Recht vor, die au\u00dferordentliche \u00d6ffnung des Museums auf der Grundlage der Anfrage zu bewerten. Der Service erfordert die Zahlung einer Anzahlung.[\/vc_column_text][\/vc_column][\/vc_row][vc_row][vc_column][vc_empty_space height=&#8220;52px&#8220;][\/vc_column][\/vc_row][vc_row][vc_column][vc_column_text]<\/p>\n<h2><span style=\"color: #d20a10;\">TICKETS<\/span><\/h2>\n<p>[\/vc_column_text][vc_separator][\/vc_column][\/vc_row][vc_row][vc_column width=&#8220;1\/2&#8243;][vc_column_text]<strong>Voller Preis<\/strong>[\/vc_column_text][\/vc_column][vc_column width=&#8220;1\/2&#8243;][vc_column_text]<\/p>\n<p style=\"text-align: right;\"><strong>euro 14.00<\/strong><\/p>\n<p>[\/vc_column_text][\/vc_column][\/vc_row][vc_row][vc_column][vc_empty_space height=&#8220;12px&#8220;][\/vc_column][\/vc_row][vc_row][vc_column width=&#8220;1\/2&#8243;][vc_column_text]<strong>Erm\u00e4\u00dfigt<\/strong><\/p>\n<p>Jugendliche von 11 bis 16 Jahren<br \/>\nErwachsene \u00fcber 60 Jahre[\/vc_column_text][\/vc_column][vc_column width=&#8220;1\/2&#8243;][vc_column_text]<\/p>\n<p style=\"text-align: right;\"><strong>euro 12.00<\/strong><\/p>\n<p>[\/vc_column_text][\/vc_column][\/vc_row][vc_row][vc_column][vc_empty_space height=&#8220;12px&#8220;][\/vc_column][\/vc_row][vc_row][vc_column width=&#8220;1\/2&#8243;][vc_column_text]<strong>Kinder<\/strong><br \/>\nvon 6 bis 10 Jahren[\/vc_column_text][\/vc_column][vc_column width=&#8220;1\/2&#8243;][vc_column_text]<\/p>\n<p style=\"text-align: right;\"><strong>euro 6.00<\/strong><\/p>\n<p>[\/vc_column_text][\/vc_column][\/vc_row][vc_row][vc_column][vc_empty_space height=&#8220;12px&#8220;][\/vc_column][\/vc_row][vc_row][vc_column width=&#8220;1\/2&#8243;][vc_column_text]<strong>Schulen &amp; Jugendgruppen<\/strong><br \/>\nnach Anmeldung<\/p>\n<p>Grund, Mittel und Oberschule<br \/>\nVorschulen<br \/>\nGrest, Scout, Pfarrgruppen und Freizeitgruppen[\/vc_column_text][\/vc_column][vc_column width=&#8220;1\/2&#8243;][vc_column_text]<\/p>\n<p style=\"text-align: right;\"><strong>euro 6.00<\/strong><\/p>\n<p>[\/vc_column_text][\/vc_column][\/vc_row][vc_row][vc_column][vc_empty_space height=&#8220;12px&#8220;][\/vc_column][\/vc_row][vc_row][vc_column width=&#8220;1\/2&#8243;][vc_column_text]<strong>Familinekarte\u00a0<\/strong><br \/>\nn. 02 Voller Preis Eintrittskarte, bis n. 05 reduzierte Eintrittskarte f\u00fcr Jungen von 0 bis 16 Jahren alt.[\/vc_column_text][\/vc_column][vc_column width=&#8220;1\/2&#8243;][vc_column_text]<\/p>\n<p style=\"text-align: right;\"><strong>euro 36.00<\/strong><\/p>\n<p>[\/vc_column_text][\/vc_column][\/vc_row][vc_row][vc_column][vc_empty_space height=&#8220;12px&#8220;][\/vc_column][\/vc_row][vc_row][vc_column width=&#8220;1\/2&#8243;][vc_column_text]<strong>G\u00c4STE MIT BEHINDERUNG UND BEGLEITPERSON<\/strong><br \/>\n(ein Familienangeh\u00f6riger, Mitarbeiter sozialer Betreuungsdienste oder ehrenamtlicher Begleiter pro Person)<\/p>\n<p><strong>Inklusive F\u00fchrungen f\u00fcr Gruppen bis zu 20 Personen<\/strong><br \/>\nGef\u00fchrte Begleitung zur Einf\u00fchrung in die Sammlungen, speziell f\u00fcr Gruppen mit unterschiedlichen Anforderungen an die Barrierefreiheit.<br \/>\n<em>Die Aktivit\u00e4t ist nach vorheriger Reservierung und vorbehaltlich der Verf\u00fcgbarkeit m\u00f6glich.<\/em>[\/vc_column_text][\/vc_column][vc_column width=&#8220;1\/2&#8243;][vc_column_text]<\/p>\n<p style=\"text-align: right;\"><strong>Eintritt frei<\/strong><\/p>\n<p>[\/vc_column_text][\/vc_column][\/vc_row][vc_row][vc_column][vc_empty_space height=&#8220;12px&#8220;][\/vc_column][\/vc_row][vc_row][vc_column width=&#8220;1\/2&#8243;][vc_column_text]<strong>Besichtigungen mit F\u00fchrung in Deutsch<\/strong>\u00a0<strong>(auf Anfrage)<\/strong>[\/vc_column_text][\/vc_column][vc_column width=&#8220;1\/2&#8243;][vc_column_text]<\/p>\n<p style=\"text-align: right;\"><strong>euro 150.00<\/strong><\/p>\n<p>[\/vc_column_text][\/vc_column][\/vc_row][vc_row][vc_column][vc_empty_space][\/vc_column][\/vc_row][vc_row][vc_column][vc_btn title=&#8220;KAUFEN SIE IHR TICKET&#8220; color=&#8220;danger&#8220; i_icon_fontawesome=&#8220;fa fa-ticket&#8220; add_icon=&#8220;true&#8220; link=&#8220;url:https%3A%2F%2Fwww.%20museonicolis.com%2F%3Ftck%3D4df39f99-35b4-4ad3-8f95-eb09ea486793|||&#8220;][\/vc_column][\/vc_row][vc_row][vc_column][vc_empty_space height=&#8220;52px&#8220;][\/vc_column][\/vc_row][vc_row][vc_column][vc_column_text]<strong>Freier Eintritt wird in den folgenden F\u00e4llen gew\u00e4hrt:<\/strong><\/p>\n<ul>\n<li>Kinder unter dem 5. Lebensjahr in Begleitung eines Erwachsenen;<\/li>\n<li>Klassenlehrer (nach vorheriger telefonischer Kartenreservierung), die Schulklassen jeder Art privater oder \u00f6ffentlicher Schulen begleiten. Die jeweiligen Begleitpersonen haben Anspruch auf freien Eintritt in dem nachfolgend angef\u00fchrten Verh\u00e4ltnis (wenn nicht anders mit der Museumsleitung vereinbart):<\/li>\n<li>f\u00fcr Vor- und Grundschule:\u00a01 Begleiter auf 10 Sch\u00fcler;<\/li>\n<li>f\u00fcr die Mittelschule und Oberschule: 1 Begleiter auf 15 Sch\u00fcler;<\/li>\n<li>Busfahrer, Begleiter von Gruppen, die das Museum besichtigen;<\/li>\n<li>Dolmetscher, sollte ihr Einsatz an der Seite des Gruppenf\u00fchrers erforderlich sein;<\/li>\n<li>Direktoren und Konservatoren von italienischen und ausl\u00e4ndischen Museen;<\/li>\n<li>Personal in f\u00fchrenden \u00c4mtern von Ministerien und Institutionen;<\/li>\n<li>Pers\u00f6nlichkeiten des Staates und der Politik in offizieller Vertretung;<\/li>\n<li>in den Journalistenverband eingetragene Journalisten gegen Vorlage des entsprechenden Ausweises;<\/li>\n<li>offizielle zugelassene Reisef\u00fchrer gegen Vorlage des entsprechenden Ausweises;<\/li>\n<li>I.C.O.M. (International Council of Museum) -Mitglieder;<\/li>\n<li>gesetzlich anerkannte Behinderte und Invaliden gegen Vorlage der entsprechenden Zertifizierung, und ihr Begleiter nur in dem Fall;<\/li>\n<li>die Museumsleitung des Museums Nicolis kann Personen, die wegen Studien oder aus Arbeitsgr\u00fcnden das Museum besichtigen, oder mit speziellen Aufgaben betraut sind, gegen Bescheinigung ihrer Zugeh\u00f6rigkeit zu den jeweiligen Institutionen freien Eintritt gew\u00e4hren.<\/li>\n<\/ul>\n<p>[\/vc_column_text][\/vc_column][\/vc_row][vc_row][vc_column][vc_empty_space height=&#8220;52px&#8220;][\/vc_column][\/vc_row][vc_row][vc_column][vc_column_text]<strong>Zugang<\/strong><br \/>\nDas Museum ist f\u00fcr alle hindernisfrei zug\u00e4nglich. Auf Anfrage steht das am Empfang zust\u00e4ndige Personal zur Verf\u00fcgung, diejenigen, die es ben\u00f6tigen, auf die Etagen zu begleiten.<\/p>\n<p><strong>Gutscheine<\/strong> (Voucher)<br \/>\nBetriebe k\u00f6nnen Gutscheinhefte zu einem Vorzugspreis erwerben. Der Zweck dieser Gutscheine besteht darin, die Betriebe darin zu beg\u00fcnstigen ihre Kunden\/Freunde individuell mit einem Museumsbesuch zu pr\u00e4mieren. Die Gutscheine gelten nicht f\u00fcr Gruppen.<\/p>\n<p><strong>Abkommen<\/strong><br \/>\nDie Museumsleitung beh\u00e4lt sich nach eigenem Ermessen vor Abkommen mit Beh\u00f6rden, Verb\u00e4nden, Privaten usw. zu treffen. Die derzeit laufenden Abkommen sind am Empfang ausgeh\u00e4ngt.<br \/>\nF\u00fcr alle weiteren Informationen kontaktieren Sie unser zust\u00e4ndiges Personal unter 045\/6303289 oder 045\/6304959 .[\/vc_column_text][\/vc_column][\/vc_row][vc_row][vc_column][vc_empty_space height=&#8220;52px&#8220;][\/vc_column][\/vc_row][vc_row content_placement=&#8220;middle&#8220;][vc_column width=&#8220;1\/2&#8243;][vc_column_text]<strong>Ihre vierbeinigen Freunde sind herzlich willkommen!<\/strong><\/p>\n<p>Sie k\u00f6nnen das Museo Nicolis gemeinsam mit Ihren Haustieren besuchen, sofern diese an der Leine gef\u00fchrt werden und \u2013 falls von der Rasse vorgeschrieben \u2013 einen Maulkorb tragen.<\/p>\n<p>Eine weitere sch\u00f6ne Gelegenheit, das Erlebnis im Museo Nicolis mit der ganzen Familie zu genie\u00dfen \u2013 niemand ausgeschlossen.[\/vc_column_text][\/vc_column][vc_column width=&#8220;1\/2&#8243;][vc_single_image image=&#8220;220670&#8243; img_size=&#8220;200&#215;200&#8243; alignment=&#8220;center&#8220; el_class=&#8220;petfriendly&#8220;][\/vc_column][\/vc_row][vc_row][vc_column][vc_empty_space height=&#8220;52px&#8220;][\/vc_column][\/vc_row][vc_row][vc_column][vc_column_text]<\/p>\n<h2><span style=\"color: #d20a10;\">WIE KOMMT MAN<\/span><\/h2>\n<p>[\/vc_column_text][vc_separator][\/vc_column][\/vc_row][vc_row][vc_column][vc_tta_accordion][vc_tta_section title=&#8220;MIT DEM AUTO&#8220; tab_id=&#8220;1685960609690-540fa9b6-2c12&#8243;][vc_column_text]<strong>Autobahn A22 Modena<\/strong><\/p>\n<ul>\n<li>Brenner Ausfahrt <strong>VERONA NORD<\/strong> (km 13)<\/li>\n<li>die Umgehungsstra\u00dfe (ital. tangenziale) in Richtung Flughafen Villafranca \/ Mantova nehmen<\/li>\n<li>An der Ausfahrt der Umgehungsstra\u00dfe in Richtung Stadtzentrum von Villafranca (via Postumia) weiterfahren<\/li>\n<li>Nach ca. 3 km rechterhand liegt gut erkennbar das Museum Nicolis (Geb\u00e4ude aus Aluminium und Glas, auf dem Dach stehen gut erkennbar Flugzeuge)<\/li>\n<\/ul>\n<p><strong>Autobahn A4 Mailand-Venedig<\/strong><\/p>\n<ul>\n<li>Ausfahrt <strong>SOMMACAMPAGNA<\/strong> (km 7)<\/li>\n<li>Der Beschilderung nach Villafranca folgen<\/li>\n<li>ca. 5 km immer geradeaus<\/li>\n<li>An der Kreuzung links halten in Richtung Industriegebiet (zona industriale) \/ Museum Nicolis<\/li>\n<li>immer geradeaus 2. Querstra\u00dfe links (via Spagna)<\/li>\n<li>Am Ende der Stra\u00dfe links abbiegen (via Francia)<\/li>\n<li>Am Stoppschild geradeaus (via Francia)<\/li>\n<li>1. Querstra\u00dfe rechts (via Lussemburgo)<\/li>\n<li>Am Ende der Stra\u00dfe links sehen Sie: Museum Nicolis (Geb\u00e4ude aus Aluminium und Glas, auf dem Dach sind Flugzeuge geparkt)<\/li>\n<\/ul>\n<p><strong>Ausfahrt SUD<\/strong><\/p>\n<ul>\n<li>Ausfahrt SUD (km 17)<\/li>\n<li>In Richtung Flughafen Villafranca \/ Mantova fahren<\/li>\n<li>in die Umgehungsstra\u00dfe (tangenziale) Richtung Flughafen\/ Mantova ) einm\u00fcnden<\/li>\n<li>An der Ausfahrt der Umgehungsstra\u00dfe weiter in Richtung Stadtzentrum von Villafranca (via Postumia) fahren<\/li>\n<li>Nach ca. 3 km rechterhand liegt das Museum Nicolis (Geb\u00e4ude aus Aluminium und Glas, auf dem Dach sind Flugzeuge geparkt)<\/li>\n<\/ul>\n<p>[\/vc_column_text][\/vc_tta_section][vc_tta_section title=&#8220;MIT DEM ZUG&#8220; tab_id=&#8220;1685960609745-fb80133c-03b5&#8243;][vc_column_text]Bahnhof Verona \u201ePorta Nuova\u201c, zum Museum Nicolis \u2013\u00a0Richtung Villafranca \u2013 kann man ein Taxi nehmen oder den Fernbus Linie 156 der Busgesellschaft ATV benutzen, die f\u00fcr die Strecke Verona \u2013 Villafranca und zur\u00fcck zust\u00e4ndig ist \u2013 Haltestelle Museum Nicolis. Die Uhrzeiten der Linien sind unter dieser Anschrift zu finden.[\/vc_column_text][\/vc_tta_section][vc_tta_section title=&#8220;MIT DEM AUTOBUS&#8220; tab_id=&#8220;1685960817700-20e62233-da7c&#8220;][vc_column_text]Vom Bahnhof Verona \u201ePorta Nuova\u201c mit dem Fernbus Linie 158 der Busgesellschaft ATV benutzen, die f\u00fcr die Strecke Verona \u2013 Villafranca und zur\u00fcck zust\u00e4ndig ist \u2013 Haltestelle Museum Nicolis.[\/vc_column_text][\/vc_tta_section][vc_tta_section title=&#8220;MIT DEM FLUGZEUG&#8220; tab_id=&#8220;1685960843305-7c24a7ef-5dc6&#8243;][vc_column_text]Flughafen \u201eValerio Catullo\u201c, in Richtung Villafranca fahren, nach 3 km liegt rechterhand das Museum Nicolis.[\/vc_column_text][\/vc_tta_section][\/vc_tta_accordion][\/vc_column][\/vc_row]<\/p>\n","protected":false},"excerpt":{"rendered":"<p>[vc_row][vc_column][vc_empty_space height=&#8220;65px&#8220;][vc_column_text] INFOS UND TICKETS [\/vc_column_text][vc_separator][\/vc_column][\/vc_row][vc_row][vc_column][vc_column_text]F\u00fcr detailliertere Informationen k\u00f6nnen Sie das Museumssekretariat unter +39 045 6303289 kontaktieren oder ein Fax an +39 045 7979493 oder eine E-Mail an info@museonicolis.com senden[\/vc_column_text][\/vc_column][\/vc_row][vc_row][vc_column width=&#8220;1\/2&#8243;][vc_column_text]VON DIENSTAG BIS SONNTAG Montag geschlossen[\/vc_column_text][\/vc_column][vc_column width=&#8220;1\/2&#8243;][vc_column_text] von 10:00 bis 18:00 Uhr ge\u00f6ffnet Fortsetzung des Zeitplans [\/vc_column_text][\/vc_column][\/vc_row][vc_row][vc_column][vc_column_text]Extraordin\u00e4re Geschlossenen 31. M\u00e4rz(Ostern) 25. Dezember 1 Januar Extraordin\u00e4re&#8230;<\/p>\n","protected":false},"author":7,"featured_media":12596,"parent":0,"menu_order":0,"comment_status":"closed","ping_status":"closed","template":"","meta":{"_acf_changed":false,"om_disable_all_campaigns":false,"footnotes":""},"class_list":["post-10638","page","type-page","status-publish","has-post-thumbnail","hentry"],"acf":[],"yoast_head":"<!-- This site is optimized with the Yoast SEO plugin v22.0 - https:\/\/yoast.com\/wordpress\/plugins\/seo\/ -->\n<title>Infos und Tickets - Museo Nicolis<\/title>\n<meta name=\"robots\" content=\"index, follow, max-snippet:-1, max-image-preview:large, max-video-preview:-1\" \/>\n<link rel=\"canonical\" href=\"https:\/\/www.museonicolis.com\/de\/infos-und-tickets\/\" \/>\n<meta property=\"og:locale\" content=\"de_DE\" \/>\n<meta property=\"og:type\" content=\"article\" \/>\n<meta property=\"og:title\" content=\"Infos und Tickets - Museo Nicolis\" \/>\n<meta property=\"og:description\" content=\"[vc_row][vc_column][vc_empty_space height=&#8220;65px&#8220;][vc_column_text] INFOS UND TICKETS [\/vc_column_text][vc_separator][\/vc_column][\/vc_row][vc_row][vc_column][vc_column_text]F\u00fcr detailliertere Informationen k\u00f6nnen Sie das Museumssekretariat unter +39 045 6303289 kontaktieren oder ein Fax an +39 045 7979493 oder eine E-Mail an info@museonicolis.com senden[\/vc_column_text][\/vc_column][\/vc_row][vc_row][vc_column width=&#8220;1\/2&#8243;][vc_column_text]VON DIENSTAG BIS SONNTAG Montag geschlossen[\/vc_column_text][\/vc_column][vc_column width=&#8220;1\/2&#8243;][vc_column_text] von 10:00 bis 18:00 Uhr ge\u00f6ffnet Fortsetzung des Zeitplans [\/vc_column_text][\/vc_column][\/vc_row][vc_row][vc_column][vc_column_text]Extraordin\u00e4re Geschlossenen 31. M\u00e4rz(Ostern) 25. Dezember 1 Januar Extraordin\u00e4re...\" \/>\n<meta property=\"og:url\" content=\"https:\/\/www.museonicolis.com\/de\/infos-und-tickets\/\" \/>\n<meta property=\"og:site_name\" content=\"Museo Nicolis\" \/>\n<meta property=\"article:modified_time\" content=\"2026-02-04T10:16:14+00:00\" \/>\n<meta property=\"og:image\" content=\"http:\/\/www.museonicolis.com\/html\/uploads\/2016\/01\/orario.jpg\" \/>\n\t<meta property=\"og:image:width\" content=\"628\" \/>\n\t<meta property=\"og:image:height\" content=\"266\" \/>\n\t<meta property=\"og:image:type\" content=\"image\/jpeg\" \/>\n<meta name=\"twitter:card\" content=\"summary_large_image\" \/>\n<meta name=\"twitter:label1\" content=\"Gesch\u00e4tzte Lesezeit\" \/>\n\t<meta name=\"twitter:data1\" content=\"6\u00a0Minuten\" \/>\n<script type=\"application\/ld+json\" class=\"yoast-schema-graph\">{\"@context\":\"https:\/\/schema.org\",\"@graph\":[{\"@type\":\"WebPage\",\"@id\":\"https:\/\/www.museonicolis.com\/de\/infos-und-tickets\/\",\"url\":\"https:\/\/www.museonicolis.com\/de\/infos-und-tickets\/\",\"name\":\"Infos und Tickets - Museo Nicolis\",\"isPartOf\":{\"@id\":\"https:\/\/www.museonicolis.com\/#website\"},\"datePublished\":\"2016-01-28T16:00:22+00:00\",\"dateModified\":\"2026-02-04T10:16:14+00:00\",\"breadcrumb\":{\"@id\":\"https:\/\/www.museonicolis.com\/de\/infos-und-tickets\/#breadcrumb\"},\"inLanguage\":\"de\",\"potentialAction\":[{\"@type\":\"ReadAction\",\"target\":[\"https:\/\/www.museonicolis.com\/de\/infos-und-tickets\/\"]}]},{\"@type\":\"BreadcrumbList\",\"@id\":\"https:\/\/www.museonicolis.com\/de\/infos-und-tickets\/#breadcrumb\",\"itemListElement\":[{\"@type\":\"ListItem\",\"position\":1,\"name\":\"Home\",\"item\":\"https:\/\/www.museonicolis.com\/de\/\"},{\"@type\":\"ListItem\",\"position\":2,\"name\":\"Infos und Tickets\"}]},{\"@type\":\"WebSite\",\"@id\":\"https:\/\/www.museonicolis.com\/#website\",\"url\":\"https:\/\/www.museonicolis.com\/\",\"name\":\"Museo Nicolis\",\"description\":\"Hunderte von Autos, Motorr\u00e4der und Fahrr\u00e4der\",\"potentialAction\":[{\"@type\":\"SearchAction\",\"target\":{\"@type\":\"EntryPoint\",\"urlTemplate\":\"https:\/\/www.museonicolis.com\/?s={search_term_string}\"},\"query-input\":\"required name=search_term_string\"}],\"inLanguage\":\"de\"}]}<\/script>\n<!-- \/ Yoast SEO plugin. -->","yoast_head_json":{"title":"Infos und Tickets - Museo Nicolis","robots":{"index":"index","follow":"follow","max-snippet":"max-snippet:-1","max-image-preview":"max-image-preview:large","max-video-preview":"max-video-preview:-1"},"canonical":"https:\/\/www.museonicolis.com\/de\/infos-und-tickets\/","og_locale":"de_DE","og_type":"article","og_title":"Infos und Tickets - Museo Nicolis","og_description":"[vc_row][vc_column][vc_empty_space height=&#8220;65px&#8220;][vc_column_text] INFOS UND TICKETS [\/vc_column_text][vc_separator][\/vc_column][\/vc_row][vc_row][vc_column][vc_column_text]F\u00fcr detailliertere Informationen k\u00f6nnen Sie das Museumssekretariat unter +39 045 6303289 kontaktieren oder ein Fax an +39 045 7979493 oder eine E-Mail an info@museonicolis.com senden[\/vc_column_text][\/vc_column][\/vc_row][vc_row][vc_column width=&#8220;1\/2&#8243;][vc_column_text]VON DIENSTAG BIS SONNTAG Montag geschlossen[\/vc_column_text][\/vc_column][vc_column width=&#8220;1\/2&#8243;][vc_column_text] von 10:00 bis 18:00 Uhr ge\u00f6ffnet Fortsetzung des Zeitplans [\/vc_column_text][\/vc_column][\/vc_row][vc_row][vc_column][vc_column_text]Extraordin\u00e4re Geschlossenen 31. M\u00e4rz(Ostern) 25. Dezember 1 Januar Extraordin\u00e4re...","og_url":"https:\/\/www.museonicolis.com\/de\/infos-und-tickets\/","og_site_name":"Museo Nicolis","article_modified_time":"2026-02-04T10:16:14+00:00","og_image":[{"width":628,"height":266,"url":"http:\/\/www.museonicolis.com\/html\/uploads\/2016\/01\/orario.jpg","type":"image\/jpeg"}],"twitter_card":"summary_large_image","twitter_misc":{"Gesch\u00e4tzte Lesezeit":"6\u00a0Minuten"},"schema":{"@context":"https:\/\/schema.org","@graph":[{"@type":"WebPage","@id":"https:\/\/www.museonicolis.com\/de\/infos-und-tickets\/","url":"https:\/\/www.museonicolis.com\/de\/infos-und-tickets\/","name":"Infos und Tickets - Museo Nicolis","isPartOf":{"@id":"https:\/\/www.museonicolis.com\/#website"},"datePublished":"2016-01-28T16:00:22+00:00","dateModified":"2026-02-04T10:16:14+00:00","breadcrumb":{"@id":"https:\/\/www.museonicolis.com\/de\/infos-und-tickets\/#breadcrumb"},"inLanguage":"de","potentialAction":[{"@type":"ReadAction","target":["https:\/\/www.museonicolis.com\/de\/infos-und-tickets\/"]}]},{"@type":"BreadcrumbList","@id":"https:\/\/www.museonicolis.com\/de\/infos-und-tickets\/#breadcrumb","itemListElement":[{"@type":"ListItem","position":1,"name":"Home","item":"https:\/\/www.museonicolis.com\/de\/"},{"@type":"ListItem","position":2,"name":"Infos und Tickets"}]},{"@type":"WebSite","@id":"https:\/\/www.museonicolis.com\/#website","url":"https:\/\/www.museonicolis.com\/","name":"Museo Nicolis","description":"Hunderte von Autos, Motorr\u00e4der und Fahrr\u00e4der","potentialAction":[{"@type":"SearchAction","target":{"@type":"EntryPoint","urlTemplate":"https:\/\/www.museonicolis.com\/?s={search_term_string}"},"query-input":"required name=search_term_string"}],"inLanguage":"de"}]}},"_links":{"self":[{"href":"https:\/\/www.museonicolis.com\/de\/wp-json\/wp\/v2\/pages\/10638","targetHints":{"allow":["GET"]}}],"collection":[{"href":"https:\/\/www.museonicolis.com\/de\/wp-json\/wp\/v2\/pages"}],"about":[{"href":"https:\/\/www.museonicolis.com\/de\/wp-json\/wp\/v2\/types\/page"}],"author":[{"embeddable":true,"href":"https:\/\/www.museonicolis.com\/de\/wp-json\/wp\/v2\/users\/7"}],"replies":[{"embeddable":true,"href":"https:\/\/www.museonicolis.com\/de\/wp-json\/wp\/v2\/comments?post=10638"}],"version-history":[{"count":10,"href":"https:\/\/www.museonicolis.com\/de\/wp-json\/wp\/v2\/pages\/10638\/revisions"}],"predecessor-version":[{"id":230816,"href":"https:\/\/www.museonicolis.com\/de\/wp-json\/wp\/v2\/pages\/10638\/revisions\/230816"}],"wp:featuredmedia":[{"embeddable":true,"href":"https:\/\/www.museonicolis.com\/de\/wp-json\/wp\/v2\/media\/12596"}],"wp:attachment":[{"href":"https:\/\/www.museonicolis.com\/de\/wp-json\/wp\/v2\/media?parent=10638"}],"curies":[{"name":"wp","href":"https:\/\/api.w.org\/{rel}","templated":true}]}}