{"id":10465,"date":"2016-02-09T17:33:10","date_gmt":"2016-02-09T16:33:10","guid":{"rendered":"http:\/\/museonicolis.com\/?page_id=10465"},"modified":"2026-05-05T11:44:54","modified_gmt":"2026-05-05T09:44:54","slug":"kontakte-und-team","status":"publish","type":"page","link":"https:\/\/www.museonicolis.com\/de\/kontakte-und-team\/","title":{"rendered":"Kontakte und Team"},"content":{"rendered":"<p>[vc_row][vc_column][vc_empty_space height=&#8220;65px&#8220;][\/vc_column][\/vc_row][vc_row][vc_column][vc_column_text]Willkommen in der Info-Sektion <strong>MuseoNicolis.com,<\/strong><br \/>\nSetzen Sie sich mit unserem Kundenservice in Verbindung. Was immer Ihr Anliegen ist, wenn Sie Ihre Meinung \u00e4u\u00dfern m\u00f6chten, um zur Verbesserung des Service beizutragen, oder um etwaigen Beanstandungen Ausdruck zu verleihen, der\u00a0 Kundenservice steht Ihnen stets mit Kompetenz und Professionalit\u00e4t zur Verf\u00fcgung<\/p>\n<hr \/>\n<h3><strong>Museo Nicolis<\/strong><\/h3>\n<p>Via Postumia, 37069 Villafranca di Verona, Verona \u2013 Italia<\/p>\n<p><strong>Telefon:<\/strong> +39 045 6303289 \u2013 +39 045 6304959<br \/>\n<strong>E-mail:<\/strong><a href=\"mailto:info@museonicolis.com\"> info@museonicolis.com<\/a><br \/>\n<strong>Fax:<\/strong> +39 045 7979493<br \/>\n<b>Pressestelle: <\/b><a href=\"mailto:press@museonicolis.com\">press@museonicolis.com<\/a>[\/vc_column_text][\/vc_column][\/vc_row][vc_row][vc_column][vc_empty_space height=&#8220;45px&#8220;][\/vc_column][\/vc_row][vc_row][vc_column][vc_column_text]<\/p>\n<h2><span style=\"color: #d20a10;\">VORSITZENDE<\/span><\/h2>\n<p>[\/vc_column_text][vc_empty_space height=&#8220;45px&#8220;][\/vc_column][\/vc_row][vc_row][vc_column width=&#8220;1\/4&#8243;][vc_single_image image=&#8220;221831&#8243; img_size=&#8220;150&#215;188&#8243;][\/vc_column][vc_column width=&#8220;3\/4&#8243;][vc_column_text]<strong>Vorsitzende<\/strong><br \/>\nSilvia Nicolis<br \/>\n<a href=\"mailto:assistant@museonicolis.com\">assistant@museonicolis.com<\/a><\/p>\n<p><a href=\"https:\/\/www.museonicolis.com\/de\/curriculum-vitae-silvia-nicolis\/\">curriculum vitae<\/a>[\/vc_column_text][\/vc_column][\/vc_row][vc_row][vc_column][vc_column_text]<\/p>\n<h2><span style=\"color: #d20a10;\">ARBEITSGRUPPE<\/span><\/h2>\n<p>[\/vc_column_text][vc_empty_space height=&#8220;45px&#8220;][\/vc_column][\/vc_row][vc_row][vc_column width=&#8220;1\/4&#8243;][vc_single_image image=&#8220;222414&#8243; img_size=&#8220;150&#215;188&#8243;][\/vc_column][vc_column width=&#8220;3\/4&#8243;][vc_column_text]<strong>Gastfreundschaft und Tourismus<\/strong><br \/>\n<strong>F\u00fchrungen<\/strong><br \/>\nFrancesca Gaudio<br \/>\n<a href=\"mailto:groups@museonicolis.com\">groups@museonicolis.com<\/a>[\/vc_column_text][\/vc_column][\/vc_row][vc_row][vc_column width=&#8220;1\/4&#8243;][vc_single_image image=&#8220;190443&#8243; img_size=&#8220;150&#215;188&#8243;][\/vc_column][vc_column width=&#8220;3\/4&#8243;][vc_column_text]<strong>Gastfreundschaft und Tourismus\u00a0<\/strong><br \/>\n<strong>F\u00fchrungen<\/strong><br \/>\nCarla Abbate +39 347 5612057<br \/>\n<a href=\"mailto:tourism@museonicolis.com\">tourism@museonicolis.com<\/a>[\/vc_column_text][\/vc_column][\/vc_row][vc_row][vc_column width=&#8220;1\/4&#8243;][vc_single_image image=&#8220;205756&#8243; img_size=&#8220;150&#215;188&#8243;][\/vc_column][vc_column width=&#8220;3\/4&#8243;][vc_column_text]<strong>Kongresszentrum und Veranstaltungen<\/strong><br \/>\nValentina Baciga +39 348 4128747<br \/>\n<a href=\"mailto:groups@museonicolis.com\">meeting@museonicolis.com<\/a>[\/vc_column_text][\/vc_column][\/vc_row][vc_row][vc_column width=&#8220;1\/4&#8243;][vc_single_image image=&#8220;220469&#8243; img_size=&#8220;150&#215;188&#8243;][\/vc_column][vc_column width=&#8220;3\/4&#8243;][vc_column_text]<strong>Kongresszentrum und Veranstaltungen<\/strong><br \/>\nAlice Zorzi +39 342 6465097<br \/>\n<a href=\"mailto:groups@museonicolis.com\">marketing@museonicolis.com<\/a>[\/vc_column_text][\/vc_column][\/vc_row][vc_row][vc_column width=&#8220;1\/4&#8243;][\/vc_column][vc_column width=&#8220;3\/4&#8243;][vc_column_text]<strong>Marketing und Kommunikation<\/strong><br \/>\n+39 348 0702304<br \/>\n<a href=\"mailto:communication@museonicolis.com\">communication@museonicolis.com<\/a>[\/vc_column_text][\/vc_column][\/vc_row][vc_row][vc_column width=&#8220;1\/4&#8243;][vc_single_image image=&#8220;196714&#8243; img_size=&#8220;150&#215;188&#8243;][\/vc_column][vc_column width=&#8220;3\/4&#8243;][vc_column_text]<strong>Dokumentationszentrum<\/strong><br \/>\nMartina Brentan<br \/>\n<a href=\"mailto:docs@museonicolis.com\">docs@museonicolis.com<\/a>[\/vc_column_text][\/vc_column][\/vc_row][vc_row][vc_column width=&#8220;1\/4&#8243;][vc_single_image image=&#8220;190946&#8243; img_size=&#8220;150&#215;188&#8243;][\/vc_column][vc_column width=&#8220;3\/4&#8243;][vc_column_text]<strong>Zusatz und Hilfsdienste<\/strong><br \/>\nMaurizio Cordioli[\/vc_column_text][\/vc_column][\/vc_row][vc_row][vc_column width=&#8220;1\/4&#8243;][vc_single_image image=&#8220;232083&#8243; img_size=&#8220;150&#215;188&#8243;][\/vc_column][vc_column width=&#8220;3\/4&#8243;][vc_column_text]<strong>Zusatz und Hilfsdienste<\/strong><br \/>\nRiccardo Poltronieri<br \/>\n<a href=\"mailto:customerservice@museonicolis.com\" target=\"_blank\" rel=\"noopener\">customerservice@museonicolis.com<\/a>[\/vc_column_text][\/vc_column][\/vc_row][vc_row][vc_column width=&#8220;1\/4&#8243;][vc_single_image image=&#8220;190943&#8243; img_size=&#8220;150&#215;188&#8243;][\/vc_column][vc_column width=&#8220;3\/4&#8243;][vc_column_text]<strong>Verwaltung<\/strong><br \/>\nMargherita Zito<br \/>\n<a href=\"mailto:administration@museonicolis.com\">administration@museonicolis.com<\/a>[\/vc_column_text][\/vc_column][\/vc_row][vc_row][vc_column width=&#8220;1\/4&#8243;][vc_single_image image=&#8220;190940&#8243; img_size=&#8220;150&#215;188&#8243;][\/vc_column][vc_column width=&#8220;3\/4&#8243;][vc_column_text]<strong>Verwaltung<\/strong><br \/>\nGiuseppe Bonardi[\/vc_column_text][\/vc_column][\/vc_row][vc_row][vc_column width=&#8220;1\/4&#8243;][vc_single_image image=&#8220;190323&#8243; img_size=&#8220;150&#215;188&#8243;][\/vc_column][vc_column width=&#8220;3\/4&#8243;][vc_column_text]<strong>Photo Editor<\/strong><br \/>\nIvano Mercanzin[\/vc_column_text][\/vc_column][\/vc_row][vc_row][vc_column][vc_separator][\/vc_column][\/vc_row][vc_row][vc_column]\n<div class=\"wpcf7 no-js\" id=\"wpcf7-f11430-o1\" lang=\"it-IT\" dir=\"ltr\">\n<div class=\"screen-reader-response\"><p role=\"status\" aria-live=\"polite\" aria-atomic=\"true\"><\/p> <ul><\/ul><\/div>\n<form action=\"\/de\/wp-json\/wp\/v2\/pages\/10465#wpcf7-f11430-o1\" method=\"post\" class=\"wpcf7-form init\" aria-label=\"Modulo di contatto\" novalidate=\"novalidate\" data-status=\"init\">\n<div style=\"display: none;\">\n<input type=\"hidden\" name=\"_wpcf7\" value=\"11430\" \/>\n<input type=\"hidden\" name=\"_wpcf7_version\" value=\"5.9.8\" \/>\n<input type=\"hidden\" name=\"_wpcf7_locale\" value=\"it_IT\" \/>\n<input type=\"hidden\" name=\"_wpcf7_unit_tag\" value=\"wpcf7-f11430-o1\" \/>\n<input type=\"hidden\" name=\"_wpcf7_container_post\" value=\"0\" \/>\n<input type=\"hidden\" name=\"_wpcf7_posted_data_hash\" value=\"\" \/>\n<input type=\"hidden\" name=\"_wpcf7_recaptcha_response\" value=\"\" \/>\n<\/div>\n<p>Vorname*<br \/>\n<span class=\"wpcf7-form-control-wrap\" data-name=\"nome\"><input size=\"40\" maxlength=\"400\" class=\"wpcf7-form-control wpcf7-text wpcf7-validates-as-required\" aria-required=\"true\" aria-invalid=\"false\" value=\"\" type=\"text\" name=\"nome\" \/><\/span>\n<\/p>\n<p>Email*<br \/>\n<span class=\"wpcf7-form-control-wrap\" data-name=\"email\"><input size=\"40\" maxlength=\"400\" class=\"wpcf7-form-control wpcf7-email wpcf7-validates-as-required wpcf7-text wpcf7-validates-as-email\" aria-required=\"true\" aria-invalid=\"false\" value=\"\" type=\"email\" name=\"email\" \/><\/span>\n<\/p>\n<p>Mitteilung<br \/>\n<span class=\"wpcf7-form-control-wrap\" data-name=\"messaggio\"><textarea cols=\"40\" rows=\"10\" maxlength=\"2000\" class=\"wpcf7-form-control wpcf7-textarea\" aria-invalid=\"false\" name=\"messaggio\"><\/textarea><\/span>\n<\/p>\n<p><span class=\"wpcf7-form-control-wrap\" data-name=\"privacy\"><span class=\"wpcf7-form-control wpcf7-acceptance\"><span class=\"wpcf7-list-item\"><input type=\"checkbox\" name=\"privacy\" value=\"1\" aria-invalid=\"false\" \/><\/span><\/span><\/span> Akzeptiere <small>Gem\u00e4\u00df der Gesetzesbestimmung 196\/03 werden die erfassten Daten ausschlie\u00dfliich dazu verwendet, in regelm\u00e4\u00dfigen Zeitabst\u00e4nden \u00fcber die Aktivit\u00e4ten und Initiativen von Museo Nicolis zu informieren und werden nicht an Dritte verbreitet. Die \u00dcbertragung der Daten ist fakultativ, dennoch ist es nicht m\u00f6glich, die verlangten Leistungen ohne pers\u00f6nliche Bez\u00fcge zu erbringen. Die betreffende Person kann ihre Rechte gem\u00e4\u00df Art. 7 der Gesetzesbestimmung 196\/03 aus\u00fcben. Der Inhaber der Datenbehandlung ist Museo Nicolis - Villafranca von Verona (VR), Italy. <\/small>\n<\/p>\n<p><input class=\"wpcf7-form-control wpcf7-submit has-spinner\" type=\"submit\" value=\"Senden\" \/>\n<\/p><div class=\"wpcf7-response-output\" aria-hidden=\"true\"><\/div>\n<\/form>\n<\/div>\n[\/vc_column][\/vc_row]<\/p>\n","protected":false},"excerpt":{"rendered":"<p>[vc_row][vc_column][vc_empty_space height=&#8220;65px&#8220;][\/vc_column][\/vc_row][vc_row][vc_column][vc_column_text]Willkommen in der Info-Sektion MuseoNicolis.com, Setzen Sie sich mit unserem Kundenservice in Verbindung. Was immer Ihr Anliegen ist, wenn Sie Ihre Meinung \u00e4u\u00dfern m\u00f6chten, um zur Verbesserung des Service beizutragen, oder um etwaigen Beanstandungen Ausdruck zu verleihen, der\u00a0 Kundenservice steht Ihnen stets mit Kompetenz und Professionalit\u00e4t zur Verf\u00fcgung Museo Nicolis Via Postumia, 37069 Villafranca&#8230;<\/p>\n","protected":false},"author":7,"featured_media":56135,"parent":0,"menu_order":0,"comment_status":"closed","ping_status":"closed","template":"","meta":{"_acf_changed":false,"om_disable_all_campaigns":false,"footnotes":""},"class_list":["post-10465","page","type-page","status-publish","has-post-thumbnail","hentry"],"acf":[],"yoast_head":"<!-- This site is optimized with the Yoast SEO plugin v22.0 - https:\/\/yoast.com\/wordpress\/plugins\/seo\/ -->\n<title>Kontakte und Team - Museo Nicolis<\/title>\n<meta name=\"robots\" content=\"index, follow, max-snippet:-1, max-image-preview:large, max-video-preview:-1\" \/>\n<link rel=\"canonical\" href=\"https:\/\/www.museonicolis.com\/de\/kontakte-und-team\/\" \/>\n<meta property=\"og:locale\" content=\"de_DE\" \/>\n<meta property=\"og:type\" content=\"article\" \/>\n<meta property=\"og:title\" content=\"Kontakte und Team - Museo Nicolis\" \/>\n<meta property=\"og:description\" content=\"[vc_row][vc_column][vc_empty_space height=&#8220;65px&#8220;][\/vc_column][\/vc_row][vc_row][vc_column][vc_column_text]Willkommen in der Info-Sektion MuseoNicolis.com, Setzen Sie sich mit unserem Kundenservice in Verbindung. Was immer Ihr Anliegen ist, wenn Sie Ihre Meinung \u00e4u\u00dfern m\u00f6chten, um zur Verbesserung des Service beizutragen, oder um etwaigen Beanstandungen Ausdruck zu verleihen, der\u00a0 Kundenservice steht Ihnen stets mit Kompetenz und Professionalit\u00e4t zur Verf\u00fcgung Museo Nicolis Via Postumia, 37069 Villafranca...\" \/>\n<meta property=\"og:url\" content=\"https:\/\/www.museonicolis.com\/de\/kontakte-und-team\/\" \/>\n<meta property=\"og:site_name\" content=\"Museo Nicolis\" \/>\n<meta property=\"article:modified_time\" content=\"2026-05-05T09:44:54+00:00\" \/>\n<meta property=\"og:image\" content=\"http:\/\/www.museonicolis.com\/html\/uploads\/2019\/06\/Museo-Nicolis-Silvia-Nicolis-ph.-Comparotto.jpg\" \/>\n\t<meta property=\"og:image:width\" content=\"1920\" \/>\n\t<meta property=\"og:image:height\" content=\"1280\" \/>\n\t<meta property=\"og:image:type\" content=\"image\/jpeg\" \/>\n<meta name=\"twitter:card\" content=\"summary_large_image\" \/>\n<meta name=\"twitter:label1\" content=\"Gesch\u00e4tzte Lesezeit\" \/>\n\t<meta name=\"twitter:data1\" content=\"2\u00a0Minuten\" \/>\n<script type=\"application\/ld+json\" class=\"yoast-schema-graph\">{\"@context\":\"https:\/\/schema.org\",\"@graph\":[{\"@type\":\"WebPage\",\"@id\":\"https:\/\/www.museonicolis.com\/de\/kontakte-und-team\/\",\"url\":\"https:\/\/www.museonicolis.com\/de\/kontakte-und-team\/\",\"name\":\"Kontakte und Team - Museo Nicolis\",\"isPartOf\":{\"@id\":\"https:\/\/www.museonicolis.com\/#website\"},\"datePublished\":\"2016-02-09T16:33:10+00:00\",\"dateModified\":\"2026-05-05T09:44:54+00:00\",\"breadcrumb\":{\"@id\":\"https:\/\/www.museonicolis.com\/de\/kontakte-und-team\/#breadcrumb\"},\"inLanguage\":\"de\",\"potentialAction\":[{\"@type\":\"ReadAction\",\"target\":[\"https:\/\/www.museonicolis.com\/de\/kontakte-und-team\/\"]}]},{\"@type\":\"BreadcrumbList\",\"@id\":\"https:\/\/www.museonicolis.com\/de\/kontakte-und-team\/#breadcrumb\",\"itemListElement\":[{\"@type\":\"ListItem\",\"position\":1,\"name\":\"Home\",\"item\":\"https:\/\/www.museonicolis.com\/de\/\"},{\"@type\":\"ListItem\",\"position\":2,\"name\":\"Kontakte und Team\"}]},{\"@type\":\"WebSite\",\"@id\":\"https:\/\/www.museonicolis.com\/#website\",\"url\":\"https:\/\/www.museonicolis.com\/\",\"name\":\"Museo Nicolis\",\"description\":\"Hunderte von Autos, Motorr\u00e4der und Fahrr\u00e4der\",\"potentialAction\":[{\"@type\":\"SearchAction\",\"target\":{\"@type\":\"EntryPoint\",\"urlTemplate\":\"https:\/\/www.museonicolis.com\/?s={search_term_string}\"},\"query-input\":\"required name=search_term_string\"}],\"inLanguage\":\"de\"}]}<\/script>\n<!-- \/ Yoast SEO plugin. -->","yoast_head_json":{"title":"Kontakte und Team - Museo Nicolis","robots":{"index":"index","follow":"follow","max-snippet":"max-snippet:-1","max-image-preview":"max-image-preview:large","max-video-preview":"max-video-preview:-1"},"canonical":"https:\/\/www.museonicolis.com\/de\/kontakte-und-team\/","og_locale":"de_DE","og_type":"article","og_title":"Kontakte und Team - Museo Nicolis","og_description":"[vc_row][vc_column][vc_empty_space height=&#8220;65px&#8220;][\/vc_column][\/vc_row][vc_row][vc_column][vc_column_text]Willkommen in der Info-Sektion MuseoNicolis.com, Setzen Sie sich mit unserem Kundenservice in Verbindung. Was immer Ihr Anliegen ist, wenn Sie Ihre Meinung \u00e4u\u00dfern m\u00f6chten, um zur Verbesserung des Service beizutragen, oder um etwaigen Beanstandungen Ausdruck zu verleihen, der\u00a0 Kundenservice steht Ihnen stets mit Kompetenz und Professionalit\u00e4t zur Verf\u00fcgung Museo Nicolis Via Postumia, 37069 Villafranca...","og_url":"https:\/\/www.museonicolis.com\/de\/kontakte-und-team\/","og_site_name":"Museo Nicolis","article_modified_time":"2026-05-05T09:44:54+00:00","og_image":[{"width":1920,"height":1280,"url":"http:\/\/www.museonicolis.com\/html\/uploads\/2019\/06\/Museo-Nicolis-Silvia-Nicolis-ph.-Comparotto.jpg","type":"image\/jpeg"}],"twitter_card":"summary_large_image","twitter_misc":{"Gesch\u00e4tzte Lesezeit":"2\u00a0Minuten"},"schema":{"@context":"https:\/\/schema.org","@graph":[{"@type":"WebPage","@id":"https:\/\/www.museonicolis.com\/de\/kontakte-und-team\/","url":"https:\/\/www.museonicolis.com\/de\/kontakte-und-team\/","name":"Kontakte und Team - Museo Nicolis","isPartOf":{"@id":"https:\/\/www.museonicolis.com\/#website"},"datePublished":"2016-02-09T16:33:10+00:00","dateModified":"2026-05-05T09:44:54+00:00","breadcrumb":{"@id":"https:\/\/www.museonicolis.com\/de\/kontakte-und-team\/#breadcrumb"},"inLanguage":"de","potentialAction":[{"@type":"ReadAction","target":["https:\/\/www.museonicolis.com\/de\/kontakte-und-team\/"]}]},{"@type":"BreadcrumbList","@id":"https:\/\/www.museonicolis.com\/de\/kontakte-und-team\/#breadcrumb","itemListElement":[{"@type":"ListItem","position":1,"name":"Home","item":"https:\/\/www.museonicolis.com\/de\/"},{"@type":"ListItem","position":2,"name":"Kontakte und Team"}]},{"@type":"WebSite","@id":"https:\/\/www.museonicolis.com\/#website","url":"https:\/\/www.museonicolis.com\/","name":"Museo Nicolis","description":"Hunderte von Autos, Motorr\u00e4der und Fahrr\u00e4der","potentialAction":[{"@type":"SearchAction","target":{"@type":"EntryPoint","urlTemplate":"https:\/\/www.museonicolis.com\/?s={search_term_string}"},"query-input":"required name=search_term_string"}],"inLanguage":"de"}]}},"_links":{"self":[{"href":"https:\/\/www.museonicolis.com\/de\/wp-json\/wp\/v2\/pages\/10465","targetHints":{"allow":["GET"]}}],"collection":[{"href":"https:\/\/www.museonicolis.com\/de\/wp-json\/wp\/v2\/pages"}],"about":[{"href":"https:\/\/www.museonicolis.com\/de\/wp-json\/wp\/v2\/types\/page"}],"author":[{"embeddable":true,"href":"https:\/\/www.museonicolis.com\/de\/wp-json\/wp\/v2\/users\/7"}],"replies":[{"embeddable":true,"href":"https:\/\/www.museonicolis.com\/de\/wp-json\/wp\/v2\/comments?post=10465"}],"version-history":[{"count":14,"href":"https:\/\/www.museonicolis.com\/de\/wp-json\/wp\/v2\/pages\/10465\/revisions"}],"predecessor-version":[{"id":233921,"href":"https:\/\/www.museonicolis.com\/de\/wp-json\/wp\/v2\/pages\/10465\/revisions\/233921"}],"wp:featuredmedia":[{"embeddable":true,"href":"https:\/\/www.museonicolis.com\/de\/wp-json\/wp\/v2\/media\/56135"}],"wp:attachment":[{"href":"https:\/\/www.museonicolis.com\/de\/wp-json\/wp\/v2\/media?parent=10465"}],"curies":[{"name":"wp","href":"https:\/\/api.w.org\/{rel}","templated":true}]}}