{"id":10181,"date":"2016-02-09T16:52:35","date_gmt":"2016-02-09T15:52:35","guid":{"rendered":"http:\/\/museonicolis.com\/?page_id=10181"},"modified":"2016-02-09T16:52:35","modified_gmt":"2016-02-09T15:52:35","slug":"mission-vision","status":"publish","type":"page","link":"https:\/\/www.museonicolis.com\/de\/das-museum\/mission-vision\/","title":{"rendered":"Mission &#038; Vision"},"content":{"rendered":"<p><strong>Mission<\/strong><br \/>\nWir sind ein Museum, das eine weltweit einmalige Ausstellung mit Sammlungen rund um den historischen Motorsport und den Erfindungsgeist des Menschen mit anderen teilen m\u00f6chte, und das als kulturelles Unternehmen Vollkommenheit, Professionalit\u00e4t und Leidenschaft in der Organisation von Veranstaltungen und im Service unter Ber\u00fccksichtigung seiner Werte bietet.<\/p>\n<p><strong>Vision<\/strong><br \/>\nAuf internationaler Ebene als historisch-kultureller und innovativer Bezug f\u00fcr die Genialit\u00e4t des Menschen in seinem Werden anerkannt zu sein.<br \/>\n\r\n\r\n        <!-- see gallery_shortcode() in wp-includes\/media.php -->\r\n        <div id='gallery-1' class='lu-gallery gallery galleryid-10181'><dl class='gallery-item ' title='' >\r\n            <dt class='gallery-icon '>\r\n               <a data-title=\"\"  class=\"\"  href='https:\/\/www.museonicolis.com\/html\/uploads\/2016\/01\/4627.jpg'><img loading=\"lazy\" decoding=\"async\" width=\"300\" height=\"206\" src=\"https:\/\/www.museonicolis.com\/html\/uploads\/2016\/01\/4627-350x240.jpg\" class=\"attachment-medium size-medium\" alt=\"\" srcset=\"https:\/\/www.museonicolis.com\/html\/uploads\/2016\/01\/4627-350x240.jpg 350w, https:\/\/www.museonicolis.com\/html\/uploads\/2016\/01\/4627.jpg 560w\" sizes=\"auto, (max-width: 300px) 100vw, 300px\" \/><\/a>\r\n            <\/dt><\/dl><dl class='gallery-item ' title='' >\r\n            <dt class='gallery-icon '>\r\n               <a data-title=\"\"  class=\"\"  href='https:\/\/www.museonicolis.com\/html\/uploads\/2016\/01\/4623.jpg'><img loading=\"lazy\" decoding=\"async\" width=\"300\" height=\"199\" src=\"https:\/\/www.museonicolis.com\/html\/uploads\/2016\/01\/4623-350x232.jpg\" class=\"attachment-medium size-medium\" alt=\"\" srcset=\"https:\/\/www.museonicolis.com\/html\/uploads\/2016\/01\/4623-350x232.jpg 350w, https:\/\/www.museonicolis.com\/html\/uploads\/2016\/01\/4623-240x160.jpg 240w, https:\/\/www.museonicolis.com\/html\/uploads\/2016\/01\/4623.jpg 559w\" sizes=\"auto, (max-width: 300px) 100vw, 300px\" \/><\/a>\r\n            <\/dt><\/dl><dl class='gallery-item ' title='' >\r\n            <dt class='gallery-icon '>\r\n               <a data-title=\"\"  class=\"\"  href='https:\/\/www.museonicolis.com\/html\/uploads\/2016\/01\/4629.jpg'><img loading=\"lazy\" decoding=\"async\" width=\"300\" height=\"244\" src=\"https:\/\/www.museonicolis.com\/html\/uploads\/2016\/01\/4629-350x285.jpg\" class=\"attachment-medium size-medium\" alt=\"\" srcset=\"https:\/\/www.museonicolis.com\/html\/uploads\/2016\/01\/4629-350x285.jpg 350w, https:\/\/www.museonicolis.com\/html\/uploads\/2016\/01\/4629-736x600.jpg 736w, https:\/\/www.museonicolis.com\/html\/uploads\/2016\/01\/4629.jpg 750w\" sizes=\"auto, (max-width: 300px) 100vw, 300px\" \/><\/a>\r\n            <\/dt><\/dl><dl class='gallery-item ' title='' >\r\n            <dt class='gallery-icon '>\r\n               <a data-title=\"\"  class=\"\"  href='https:\/\/www.museonicolis.com\/html\/uploads\/2016\/01\/4625.jpg'><img loading=\"lazy\" decoding=\"async\" width=\"200\" height=\"300\" src=\"https:\/\/www.museonicolis.com\/html\/uploads\/2016\/01\/4625-350x525.jpg\" class=\"attachment-medium size-medium\" alt=\"\" srcset=\"https:\/\/www.museonicolis.com\/html\/uploads\/2016\/01\/4625-350x525.jpg 350w, https:\/\/www.museonicolis.com\/html\/uploads\/2016\/01\/4625-400x600.jpg 400w, https:\/\/www.museonicolis.com\/html\/uploads\/2016\/01\/4625.jpg 500w\" sizes=\"auto, (max-width: 200px) 100vw, 200px\" \/><\/a>\r\n            <\/dt><\/dl>\r\n            <br style='clear: both;' \/>\r\n        <\/div>\n","protected":false},"excerpt":{"rendered":"<p>Mission Wir sind ein Museum, das eine weltweit einmalige Ausstellung mit Sammlungen rund um den historischen Motorsport und den Erfindungsgeist des Menschen mit anderen teilen m\u00f6chte, und das als kulturelles Unternehmen Vollkommenheit, Professionalit\u00e4t und Leidenschaft in der Organisation von Veranstaltungen und im Service unter Ber\u00fccksichtigung seiner Werte bietet. Vision Auf internationaler Ebene als historisch-kultureller und&#8230;<\/p>\n","protected":false},"author":7,"featured_media":0,"parent":10142,"menu_order":0,"comment_status":"closed","ping_status":"closed","template":"","meta":{"_acf_changed":false,"om_disable_all_campaigns":false,"footnotes":""},"class_list":["post-10181","page","type-page","status-publish","hentry"],"acf":[],"yoast_head":"<!-- This site is optimized with the Yoast SEO plugin v22.0 - https:\/\/yoast.com\/wordpress\/plugins\/seo\/ -->\n<title>Mission &amp; Vision - Museo Nicolis<\/title>\n<meta name=\"robots\" content=\"index, follow, max-snippet:-1, max-image-preview:large, max-video-preview:-1\" \/>\n<link rel=\"canonical\" href=\"https:\/\/www.museonicolis.com\/de\/das-museum\/mission-vision\/\" \/>\n<meta property=\"og:locale\" content=\"de_DE\" \/>\n<meta property=\"og:type\" content=\"article\" \/>\n<meta property=\"og:title\" content=\"Mission &amp; Vision - Museo Nicolis\" \/>\n<meta property=\"og:description\" content=\"Mission Wir sind ein Museum, das eine weltweit einmalige Ausstellung mit Sammlungen rund um den historischen Motorsport und den Erfindungsgeist des Menschen mit anderen teilen m\u00f6chte, und das als kulturelles Unternehmen Vollkommenheit, Professionalit\u00e4t und Leidenschaft in der Organisation von Veranstaltungen und im Service unter Ber\u00fccksichtigung seiner Werte bietet. Vision Auf internationaler Ebene als historisch-kultureller und...\" \/>\n<meta property=\"og:url\" content=\"https:\/\/www.museonicolis.com\/de\/das-museum\/mission-vision\/\" \/>\n<meta property=\"og:site_name\" content=\"Museo Nicolis\" \/>\n<meta property=\"og:image\" content=\"https:\/\/www.museonicolis.com\/html\/uploads\/2016\/01\/4627-350x240.jpg\" \/>\n<meta name=\"twitter:card\" content=\"summary_large_image\" \/>\n<script type=\"application\/ld+json\" class=\"yoast-schema-graph\">{\"@context\":\"https:\/\/schema.org\",\"@graph\":[{\"@type\":\"WebPage\",\"@id\":\"https:\/\/www.museonicolis.com\/de\/das-museum\/mission-vision\/\",\"url\":\"https:\/\/www.museonicolis.com\/de\/das-museum\/mission-vision\/\",\"name\":\"Mission & Vision - Museo Nicolis\",\"isPartOf\":{\"@id\":\"https:\/\/www.museonicolis.com\/#website\"},\"datePublished\":\"2016-02-09T15:52:35+00:00\",\"dateModified\":\"2016-02-09T15:52:35+00:00\",\"breadcrumb\":{\"@id\":\"https:\/\/www.museonicolis.com\/de\/das-museum\/mission-vision\/#breadcrumb\"},\"inLanguage\":\"de\",\"potentialAction\":[{\"@type\":\"ReadAction\",\"target\":[\"https:\/\/www.museonicolis.com\/de\/das-museum\/mission-vision\/\"]}]},{\"@type\":\"BreadcrumbList\",\"@id\":\"https:\/\/www.museonicolis.com\/de\/das-museum\/mission-vision\/#breadcrumb\",\"itemListElement\":[{\"@type\":\"ListItem\",\"position\":1,\"name\":\"Home\",\"item\":\"https:\/\/www.museonicolis.com\/de\/\"},{\"@type\":\"ListItem\",\"position\":2,\"name\":\"Das Museum\",\"item\":\"https:\/\/www.museonicolis.com\/de\/das-museum\/\"},{\"@type\":\"ListItem\",\"position\":3,\"name\":\"Mission &#038; Vision\"}]},{\"@type\":\"WebSite\",\"@id\":\"https:\/\/www.museonicolis.com\/#website\",\"url\":\"https:\/\/www.museonicolis.com\/\",\"name\":\"Museo Nicolis\",\"description\":\"Hunderte von Autos, Motorr\u00e4der und Fahrr\u00e4der\",\"potentialAction\":[{\"@type\":\"SearchAction\",\"target\":{\"@type\":\"EntryPoint\",\"urlTemplate\":\"https:\/\/www.museonicolis.com\/?s={search_term_string}\"},\"query-input\":\"required name=search_term_string\"}],\"inLanguage\":\"de\"}]}<\/script>\n<!-- \/ Yoast SEO plugin. -->","yoast_head_json":{"title":"Mission & Vision - Museo Nicolis","robots":{"index":"index","follow":"follow","max-snippet":"max-snippet:-1","max-image-preview":"max-image-preview:large","max-video-preview":"max-video-preview:-1"},"canonical":"https:\/\/www.museonicolis.com\/de\/das-museum\/mission-vision\/","og_locale":"de_DE","og_type":"article","og_title":"Mission & Vision - Museo Nicolis","og_description":"Mission Wir sind ein Museum, das eine weltweit einmalige Ausstellung mit Sammlungen rund um den historischen Motorsport und den Erfindungsgeist des Menschen mit anderen teilen m\u00f6chte, und das als kulturelles Unternehmen Vollkommenheit, Professionalit\u00e4t und Leidenschaft in der Organisation von Veranstaltungen und im Service unter Ber\u00fccksichtigung seiner Werte bietet. Vision Auf internationaler Ebene als historisch-kultureller und...","og_url":"https:\/\/www.museonicolis.com\/de\/das-museum\/mission-vision\/","og_site_name":"Museo Nicolis","og_image":[{"url":"https:\/\/www.museonicolis.com\/html\/uploads\/2016\/01\/4627-350x240.jpg"}],"twitter_card":"summary_large_image","schema":{"@context":"https:\/\/schema.org","@graph":[{"@type":"WebPage","@id":"https:\/\/www.museonicolis.com\/de\/das-museum\/mission-vision\/","url":"https:\/\/www.museonicolis.com\/de\/das-museum\/mission-vision\/","name":"Mission & Vision - Museo Nicolis","isPartOf":{"@id":"https:\/\/www.museonicolis.com\/#website"},"datePublished":"2016-02-09T15:52:35+00:00","dateModified":"2016-02-09T15:52:35+00:00","breadcrumb":{"@id":"https:\/\/www.museonicolis.com\/de\/das-museum\/mission-vision\/#breadcrumb"},"inLanguage":"de","potentialAction":[{"@type":"ReadAction","target":["https:\/\/www.museonicolis.com\/de\/das-museum\/mission-vision\/"]}]},{"@type":"BreadcrumbList","@id":"https:\/\/www.museonicolis.com\/de\/das-museum\/mission-vision\/#breadcrumb","itemListElement":[{"@type":"ListItem","position":1,"name":"Home","item":"https:\/\/www.museonicolis.com\/de\/"},{"@type":"ListItem","position":2,"name":"Das Museum","item":"https:\/\/www.museonicolis.com\/de\/das-museum\/"},{"@type":"ListItem","position":3,"name":"Mission &#038; Vision"}]},{"@type":"WebSite","@id":"https:\/\/www.museonicolis.com\/#website","url":"https:\/\/www.museonicolis.com\/","name":"Museo Nicolis","description":"Hunderte von Autos, Motorr\u00e4der und Fahrr\u00e4der","potentialAction":[{"@type":"SearchAction","target":{"@type":"EntryPoint","urlTemplate":"https:\/\/www.museonicolis.com\/?s={search_term_string}"},"query-input":"required name=search_term_string"}],"inLanguage":"de"}]}},"_links":{"self":[{"href":"https:\/\/www.museonicolis.com\/de\/wp-json\/wp\/v2\/pages\/10181","targetHints":{"allow":["GET"]}}],"collection":[{"href":"https:\/\/www.museonicolis.com\/de\/wp-json\/wp\/v2\/pages"}],"about":[{"href":"https:\/\/www.museonicolis.com\/de\/wp-json\/wp\/v2\/types\/page"}],"author":[{"embeddable":true,"href":"https:\/\/www.museonicolis.com\/de\/wp-json\/wp\/v2\/users\/7"}],"replies":[{"embeddable":true,"href":"https:\/\/www.museonicolis.com\/de\/wp-json\/wp\/v2\/comments?post=10181"}],"version-history":[{"count":0,"href":"https:\/\/www.museonicolis.com\/de\/wp-json\/wp\/v2\/pages\/10181\/revisions"}],"up":[{"embeddable":true,"href":"https:\/\/www.museonicolis.com\/de\/wp-json\/wp\/v2\/pages\/10142"}],"wp:attachment":[{"href":"https:\/\/www.museonicolis.com\/de\/wp-json\/wp\/v2\/media?parent=10181"}],"curies":[{"name":"wp","href":"https:\/\/api.w.org\/{rel}","templated":true}]}}