{"id":10166,"date":"2016-02-09T16:44:39","date_gmt":"2016-02-09T15:44:39","guid":{"rendered":"http:\/\/museonicolis.com\/?page_id=10166"},"modified":"2023-07-19T14:41:12","modified_gmt":"2023-07-19T12:41:12","slug":"die-wertekarte","status":"publish","type":"page","link":"https:\/\/www.museonicolis.com\/de\/das-museum\/die-wertekarte\/","title":{"rendered":"Mission, Vision und Werte-Charta"},"content":{"rendered":"<p>[vc_row][vc_column][vc_empty_space height=&#8220;60px&#8220;][\/vc_column][\/vc_row][vc_row][vc_column][vc_column_text]<\/p>\n<h3><span style=\"color: #d20a10;\"><strong>MISSION<\/strong><\/span><\/h3>\n<p>Wir sind ein Museum, das eine weltweit einmalige Ausstellung mit Sammlungen rund um den historischen Motorsport und den Erfindungsgeist des Menschen mit anderen teilen m\u00f6chte, und das als <strong>kulturelles Unternehmen<\/strong> Vollkommenheit, Professionalit\u00e4t und Leidenschaft in der Organisation von Veranstaltungen und im Service unter Ber\u00fccksichtigung seiner Werte bietet.<\/p>\n<h3><span style=\"color: #d20a10;\"><strong>VISION<\/strong><\/span><\/h3>\n<p>Auf internationaler Ebene als historisch-kultureller und innovativer Bezug f\u00fcr die Genialit\u00e4t des Menschen in seinem Werden anerkannt zu sein.<\/p>\n<h3><span style=\"color: #d20a10;\"><strong>WERTE-CHARTA<\/strong><\/span><\/h3>\n<p><strong>Leidenschaft<\/strong><br \/>\n<span style=\"line-height: 1.5;\">Unsere Werte und unsere F\u00e4higkeiten mit Optimismus, Mut und Kreativit\u00e4t teilen und das Herz und die Emotionen unserer Kunden ansprechen, um gegenseitige Genugtuung zu erreichen.<\/span><\/p>\n<p><strong>Respekt<\/strong><br \/>\nDen Menschen, was ihre Handlungs- und Gedankenfreiheit betrifft, Achtung, Geh\u00f6r und Verst\u00e4ndnis entgegenzubringen, um gemeinsame Ziel zu erreichen und harmonische und \u00f6kologische Beziehungen zu schaffen und zu leben.<\/p>\n<p><strong>Engagement<\/strong><br \/>\nMit Willensst\u00e4rke, Aufopferung, Beharrlichkeit und Kompetenz handeln, um unsere Mission und Vision konsequent zu verwirklichen.<\/p>\n<p><strong>Sachlichkeit<\/strong><br \/>\nGut durchdachte Projekte und Zielstellungen realisieren, um greifbare und messbare Ergebnisse zu erzielen.<\/p>\n<p><strong>Verantwortung<\/strong><br \/>\nJeden Tag mit dem Bewusstsein zu leben, dass die eigenen Handlungen Folgen nach sich ziehen, f\u00fcr die wir klar und zuverl\u00e4ssige anderen und uns selbst gegen\u00fcber Rechenschaft ablegen m\u00fcssen.<\/p>\n<p>&nbsp;<\/p>\n<p>&nbsp;<\/p>\n<p>[\/vc_column_text][\/vc_column][\/vc_row]<\/p>\n","protected":false},"excerpt":{"rendered":"<p>[vc_row][vc_column][vc_empty_space height=&#8220;60px&#8220;][\/vc_column][\/vc_row][vc_row][vc_column][vc_column_text] MISSION Wir sind ein Museum, das eine weltweit einmalige Ausstellung mit Sammlungen rund um den historischen Motorsport und den Erfindungsgeist des Menschen mit anderen teilen m\u00f6chte, und das als kulturelles Unternehmen Vollkommenheit, Professionalit\u00e4t und Leidenschaft in der Organisation von Veranstaltungen und im Service unter Ber\u00fccksichtigung seiner Werte bietet. VISION Auf internationaler Ebene als&#8230;<\/p>\n","protected":false},"author":7,"featured_media":12597,"parent":10142,"menu_order":0,"comment_status":"closed","ping_status":"closed","template":"","meta":{"_acf_changed":false,"om_disable_all_campaigns":false,"footnotes":""},"class_list":["post-10166","page","type-page","status-publish","has-post-thumbnail","hentry"],"acf":[],"yoast_head":"<!-- This site is optimized with the Yoast SEO plugin v22.0 - https:\/\/yoast.com\/wordpress\/plugins\/seo\/ -->\n<title>Mission, Vision und Werte-Charta - Museo Nicolis<\/title>\n<meta name=\"robots\" content=\"index, follow, max-snippet:-1, max-image-preview:large, max-video-preview:-1\" \/>\n<link rel=\"canonical\" href=\"https:\/\/www.museonicolis.com\/de\/das-museum\/die-wertekarte\/\" \/>\n<meta property=\"og:locale\" content=\"de_DE\" \/>\n<meta property=\"og:type\" content=\"article\" \/>\n<meta property=\"og:title\" content=\"Mission, Vision und Werte-Charta - Museo Nicolis\" \/>\n<meta property=\"og:description\" content=\"[vc_row][vc_column][vc_empty_space height=&#8220;60px&#8220;][\/vc_column][\/vc_row][vc_row][vc_column][vc_column_text] MISSION Wir sind ein Museum, das eine weltweit einmalige Ausstellung mit Sammlungen rund um den historischen Motorsport und den Erfindungsgeist des Menschen mit anderen teilen m\u00f6chte, und das als kulturelles Unternehmen Vollkommenheit, Professionalit\u00e4t und Leidenschaft in der Organisation von Veranstaltungen und im Service unter Ber\u00fccksichtigung seiner Werte bietet. VISION Auf internationaler Ebene als...\" \/>\n<meta property=\"og:url\" content=\"https:\/\/www.museonicolis.com\/de\/das-museum\/die-wertekarte\/\" \/>\n<meta property=\"og:site_name\" content=\"Museo Nicolis\" \/>\n<meta property=\"article:modified_time\" content=\"2023-07-19T12:41:12+00:00\" \/>\n<meta property=\"og:image\" content=\"https:\/\/www.museonicolis.com\/html\/uploads\/2016\/01\/regolamento.jpg\" \/>\n\t<meta property=\"og:image:width\" content=\"1170\" \/>\n\t<meta property=\"og:image:height\" content=\"250\" \/>\n\t<meta property=\"og:image:type\" content=\"image\/jpeg\" \/>\n<meta name=\"twitter:card\" content=\"summary_large_image\" \/>\n<meta name=\"twitter:label1\" content=\"Gesch\u00e4tzte Lesezeit\" \/>\n\t<meta name=\"twitter:data1\" content=\"1\u00a0Minute\" \/>\n<script type=\"application\/ld+json\" class=\"yoast-schema-graph\">{\"@context\":\"https:\/\/schema.org\",\"@graph\":[{\"@type\":\"WebPage\",\"@id\":\"https:\/\/www.museonicolis.com\/de\/das-museum\/die-wertekarte\/\",\"url\":\"https:\/\/www.museonicolis.com\/de\/das-museum\/die-wertekarte\/\",\"name\":\"Mission, Vision und Werte-Charta - Museo Nicolis\",\"isPartOf\":{\"@id\":\"https:\/\/www.museonicolis.com\/#website\"},\"datePublished\":\"2016-02-09T15:44:39+00:00\",\"dateModified\":\"2023-07-19T12:41:12+00:00\",\"breadcrumb\":{\"@id\":\"https:\/\/www.museonicolis.com\/de\/das-museum\/die-wertekarte\/#breadcrumb\"},\"inLanguage\":\"de\",\"potentialAction\":[{\"@type\":\"ReadAction\",\"target\":[\"https:\/\/www.museonicolis.com\/de\/das-museum\/die-wertekarte\/\"]}]},{\"@type\":\"BreadcrumbList\",\"@id\":\"https:\/\/www.museonicolis.com\/de\/das-museum\/die-wertekarte\/#breadcrumb\",\"itemListElement\":[{\"@type\":\"ListItem\",\"position\":1,\"name\":\"Home\",\"item\":\"https:\/\/www.museonicolis.com\/de\/\"},{\"@type\":\"ListItem\",\"position\":2,\"name\":\"Das Museum\",\"item\":\"https:\/\/www.museonicolis.com\/de\/das-museum\/\"},{\"@type\":\"ListItem\",\"position\":3,\"name\":\"Mission, Vision und Werte-Charta\"}]},{\"@type\":\"WebSite\",\"@id\":\"https:\/\/www.museonicolis.com\/#website\",\"url\":\"https:\/\/www.museonicolis.com\/\",\"name\":\"Museo Nicolis\",\"description\":\"Hunderte von Autos, Motorr\u00e4der und Fahrr\u00e4der\",\"potentialAction\":[{\"@type\":\"SearchAction\",\"target\":{\"@type\":\"EntryPoint\",\"urlTemplate\":\"https:\/\/www.museonicolis.com\/?s={search_term_string}\"},\"query-input\":\"required name=search_term_string\"}],\"inLanguage\":\"de\"}]}<\/script>\n<!-- \/ Yoast SEO plugin. -->","yoast_head_json":{"title":"Mission, Vision und Werte-Charta - Museo Nicolis","robots":{"index":"index","follow":"follow","max-snippet":"max-snippet:-1","max-image-preview":"max-image-preview:large","max-video-preview":"max-video-preview:-1"},"canonical":"https:\/\/www.museonicolis.com\/de\/das-museum\/die-wertekarte\/","og_locale":"de_DE","og_type":"article","og_title":"Mission, Vision und Werte-Charta - Museo Nicolis","og_description":"[vc_row][vc_column][vc_empty_space height=&#8220;60px&#8220;][\/vc_column][\/vc_row][vc_row][vc_column][vc_column_text] MISSION Wir sind ein Museum, das eine weltweit einmalige Ausstellung mit Sammlungen rund um den historischen Motorsport und den Erfindungsgeist des Menschen mit anderen teilen m\u00f6chte, und das als kulturelles Unternehmen Vollkommenheit, Professionalit\u00e4t und Leidenschaft in der Organisation von Veranstaltungen und im Service unter Ber\u00fccksichtigung seiner Werte bietet. VISION Auf internationaler Ebene als...","og_url":"https:\/\/www.museonicolis.com\/de\/das-museum\/die-wertekarte\/","og_site_name":"Museo Nicolis","article_modified_time":"2023-07-19T12:41:12+00:00","og_image":[{"width":1170,"height":250,"url":"https:\/\/www.museonicolis.com\/html\/uploads\/2016\/01\/regolamento.jpg","type":"image\/jpeg"}],"twitter_card":"summary_large_image","twitter_misc":{"Gesch\u00e4tzte Lesezeit":"1\u00a0Minute"},"schema":{"@context":"https:\/\/schema.org","@graph":[{"@type":"WebPage","@id":"https:\/\/www.museonicolis.com\/de\/das-museum\/die-wertekarte\/","url":"https:\/\/www.museonicolis.com\/de\/das-museum\/die-wertekarte\/","name":"Mission, Vision und Werte-Charta - Museo Nicolis","isPartOf":{"@id":"https:\/\/www.museonicolis.com\/#website"},"datePublished":"2016-02-09T15:44:39+00:00","dateModified":"2023-07-19T12:41:12+00:00","breadcrumb":{"@id":"https:\/\/www.museonicolis.com\/de\/das-museum\/die-wertekarte\/#breadcrumb"},"inLanguage":"de","potentialAction":[{"@type":"ReadAction","target":["https:\/\/www.museonicolis.com\/de\/das-museum\/die-wertekarte\/"]}]},{"@type":"BreadcrumbList","@id":"https:\/\/www.museonicolis.com\/de\/das-museum\/die-wertekarte\/#breadcrumb","itemListElement":[{"@type":"ListItem","position":1,"name":"Home","item":"https:\/\/www.museonicolis.com\/de\/"},{"@type":"ListItem","position":2,"name":"Das Museum","item":"https:\/\/www.museonicolis.com\/de\/das-museum\/"},{"@type":"ListItem","position":3,"name":"Mission, Vision und Werte-Charta"}]},{"@type":"WebSite","@id":"https:\/\/www.museonicolis.com\/#website","url":"https:\/\/www.museonicolis.com\/","name":"Museo Nicolis","description":"Hunderte von Autos, Motorr\u00e4der und Fahrr\u00e4der","potentialAction":[{"@type":"SearchAction","target":{"@type":"EntryPoint","urlTemplate":"https:\/\/www.museonicolis.com\/?s={search_term_string}"},"query-input":"required name=search_term_string"}],"inLanguage":"de"}]}},"_links":{"self":[{"href":"https:\/\/www.museonicolis.com\/de\/wp-json\/wp\/v2\/pages\/10166","targetHints":{"allow":["GET"]}}],"collection":[{"href":"https:\/\/www.museonicolis.com\/de\/wp-json\/wp\/v2\/pages"}],"about":[{"href":"https:\/\/www.museonicolis.com\/de\/wp-json\/wp\/v2\/types\/page"}],"author":[{"embeddable":true,"href":"https:\/\/www.museonicolis.com\/de\/wp-json\/wp\/v2\/users\/7"}],"replies":[{"embeddable":true,"href":"https:\/\/www.museonicolis.com\/de\/wp-json\/wp\/v2\/comments?post=10166"}],"version-history":[{"count":3,"href":"https:\/\/www.museonicolis.com\/de\/wp-json\/wp\/v2\/pages\/10166\/revisions"}],"predecessor-version":[{"id":191394,"href":"https:\/\/www.museonicolis.com\/de\/wp-json\/wp\/v2\/pages\/10166\/revisions\/191394"}],"up":[{"embeddable":true,"href":"https:\/\/www.museonicolis.com\/de\/wp-json\/wp\/v2\/pages\/10142"}],"wp:featuredmedia":[{"embeddable":true,"href":"https:\/\/www.museonicolis.com\/de\/wp-json\/wp\/v2\/media\/12597"}],"wp:attachment":[{"href":"https:\/\/www.museonicolis.com\/de\/wp-json\/wp\/v2\/media?parent=10166"}],"curies":[{"name":"wp","href":"https:\/\/api.w.org\/{rel}","templated":true}]}}