{"id":10138,"date":"2016-02-09T16:30:21","date_gmt":"2016-02-09T15:30:21","guid":{"rendered":"http:\/\/museonicolis.com\/?page_id=10138"},"modified":"2016-02-09T16:31:48","modified_gmt":"2016-02-09T15:31:48","slug":"der-museumskomplex","status":"publish","type":"page","link":"https:\/\/www.museonicolis.com\/de\/das-museum\/der-museumskomplex\/","title":{"rendered":"Der Museumskomplex"},"content":{"rendered":"<p>Das Projekt eines neuen Geb\u00e4udes, in dem die Nicolis-Sammlung untergebracht ist, sah die architektonische Realisierung mit einer offenen mehrst\u00f6ckigen Struktur vor: die internen R\u00e4umlichkeiten k\u00f6nnen je nach funktionellen Bed\u00fcrfnissen der Museumsausstellung gestalterisch frei aufgeteilt werden. Durch die gro\u00dfen Glasfassaden kann das Licht nach Belieben in die internen R\u00e4umlichkeiten dieses modernen Geb\u00e4udes gelangen.<\/p>\n<p>Diese Aufgliederung des Geb\u00e4udes und seine Ausrichtung erlauben einen kontinuierlichen Wechsel der Perspektive beim N\u00e4herkommen und die M\u00f6glichkeit Frontalansichten der Fassaden von verschiedenen Beobachtungspunkten aus zu schaffen. Eine entscheidende visuelle Wirkung wird ferner durch eine gro\u00dfe \u00fcberdachte Galerie hervorgerufen, die den Museumseingang f\u00fcr Fu\u00dfg\u00e4nger darstellt . Eine beschwingte, leichte Architektur, um die Wunderwerke der Geschichte des Automobils zu h\u00fcten.<\/p>\n\r\n\r\n        <!-- see gallery_shortcode() in wp-includes\/media.php -->\r\n        <div id='gallery-1' class='lu-gallery gallery galleryid-10138'><dl class='gallery-item ' title='' >\r\n            <dt class='gallery-icon '>\r\n               <a data-title=\"\"  class=\"\"  href='https:\/\/www.museonicolis.com\/html\/uploads\/2016\/01\/4608.jpg'><img loading=\"lazy\" decoding=\"async\" width=\"300\" height=\"200\" src=\"https:\/\/www.museonicolis.com\/html\/uploads\/2016\/01\/4608-350x233.jpg\" class=\"attachment-medium size-medium\" alt=\"\" srcset=\"https:\/\/www.museonicolis.com\/html\/uploads\/2016\/01\/4608-350x233.jpg 350w, https:\/\/www.museonicolis.com\/html\/uploads\/2016\/01\/4608-240x160.jpg 240w, https:\/\/www.museonicolis.com\/html\/uploads\/2016\/01\/4608.jpg 750w\" sizes=\"auto, (max-width: 300px) 100vw, 300px\" \/><\/a>\r\n            <\/dt><\/dl><dl class='gallery-item ' title='' >\r\n            <dt class='gallery-icon '>\r\n               <a data-title=\"\"  class=\"\"  href='https:\/\/www.museonicolis.com\/html\/uploads\/2016\/01\/4598.jpg'><img loading=\"lazy\" decoding=\"async\" width=\"200\" height=\"300\" src=\"https:\/\/www.museonicolis.com\/html\/uploads\/2016\/01\/4598-350x525.jpg\" class=\"attachment-medium size-medium\" alt=\"\" srcset=\"https:\/\/www.museonicolis.com\/html\/uploads\/2016\/01\/4598-350x525.jpg 350w, https:\/\/www.museonicolis.com\/html\/uploads\/2016\/01\/4598-400x600.jpg 400w, https:\/\/www.museonicolis.com\/html\/uploads\/2016\/01\/4598.jpg 500w\" sizes=\"auto, (max-width: 200px) 100vw, 200px\" \/><\/a>\r\n            <\/dt><\/dl><dl class='gallery-item ' title='' >\r\n            <dt class='gallery-icon '>\r\n               <a data-title=\"\"  class=\"\"  href='https:\/\/www.museonicolis.com\/html\/uploads\/2016\/01\/4602.jpg'><img loading=\"lazy\" decoding=\"async\" width=\"300\" height=\"188\" src=\"https:\/\/www.museonicolis.com\/html\/uploads\/2016\/01\/4602-350x219.jpg\" class=\"attachment-medium size-medium\" alt=\"\" srcset=\"https:\/\/www.museonicolis.com\/html\/uploads\/2016\/01\/4602-350x219.jpg 350w, https:\/\/www.museonicolis.com\/html\/uploads\/2016\/01\/4602.jpg 750w\" sizes=\"auto, (max-width: 300px) 100vw, 300px\" \/><\/a>\r\n            <\/dt><\/dl><dl class='gallery-item ' title='Museo Nicolis edificio' >\r\n            <dt class='gallery-icon '>\r\n               <a data-title=\"Museo Nicolis edificio\"  class=\"\"  href='https:\/\/www.museonicolis.com\/html\/uploads\/2016\/01\/4604.jpg'><img loading=\"lazy\" decoding=\"async\" width=\"300\" height=\"200\" src=\"https:\/\/www.museonicolis.com\/html\/uploads\/2016\/01\/4604-350x233.jpg\" class=\"attachment-medium size-medium\" alt=\"\" srcset=\"https:\/\/www.museonicolis.com\/html\/uploads\/2016\/01\/4604-350x233.jpg 350w, https:\/\/www.museonicolis.com\/html\/uploads\/2016\/01\/4604-240x160.jpg 240w, https:\/\/www.museonicolis.com\/html\/uploads\/2016\/01\/4604.jpg 750w\" sizes=\"auto, (max-width: 300px) 100vw, 300px\" \/><\/a>\r\n            <\/dt><\/dl><dl class='gallery-item ' title='' >\r\n            <dt class='gallery-icon '>\r\n               <a data-title=\"\"  class=\"\"  href='https:\/\/www.museonicolis.com\/html\/uploads\/2016\/01\/7762.jpg'><img loading=\"lazy\" decoding=\"async\" width=\"300\" height=\"300\" src=\"https:\/\/www.museonicolis.com\/html\/uploads\/2016\/01\/7762-350x350.jpg\" class=\"attachment-medium size-medium\" alt=\"\" srcset=\"https:\/\/www.museonicolis.com\/html\/uploads\/2016\/01\/7762-350x350.jpg 350w, https:\/\/www.museonicolis.com\/html\/uploads\/2016\/01\/7762.jpg 768w, https:\/\/www.museonicolis.com\/html\/uploads\/2016\/01\/7762-600x600.jpg 600w\" sizes=\"auto, (max-width: 300px) 100vw, 300px\" \/><\/a>\r\n            <\/dt><\/dl><dl class='gallery-item ' title='' >\r\n            <dt class='gallery-icon '>\r\n               <a data-title=\"\"  class=\"\"  href='https:\/\/www.museonicolis.com\/html\/uploads\/2016\/01\/7756.jpg'><img loading=\"lazy\" decoding=\"async\" width=\"300\" height=\"201\" src=\"https:\/\/www.museonicolis.com\/html\/uploads\/2016\/01\/7756-350x234.jpg\" class=\"attachment-medium size-medium\" alt=\"\" srcset=\"https:\/\/www.museonicolis.com\/html\/uploads\/2016\/01\/7756-350x234.jpg 350w, https:\/\/www.museonicolis.com\/html\/uploads\/2016\/01\/7756-240x160.jpg 240w, https:\/\/www.museonicolis.com\/html\/uploads\/2016\/01\/7756-768x513.jpg 768w, https:\/\/www.museonicolis.com\/html\/uploads\/2016\/01\/7756.jpg 800w\" sizes=\"auto, (max-width: 300px) 100vw, 300px\" \/><\/a>\r\n            <\/dt><\/dl><dl class='gallery-item ' title='' >\r\n            <dt class='gallery-icon '>\r\n               <a data-title=\"\"  class=\"\"  href='https:\/\/www.museonicolis.com\/html\/uploads\/2016\/01\/7758.jpg'><img loading=\"lazy\" decoding=\"async\" width=\"300\" height=\"200\" src=\"https:\/\/www.museonicolis.com\/html\/uploads\/2016\/01\/7758-350x233.jpg\" class=\"attachment-medium size-medium\" alt=\"\" srcset=\"https:\/\/www.museonicolis.com\/html\/uploads\/2016\/01\/7758-350x233.jpg 350w, https:\/\/www.museonicolis.com\/html\/uploads\/2016\/01\/7758-240x160.jpg 240w, https:\/\/www.museonicolis.com\/html\/uploads\/2016\/01\/7758-768x511.jpg 768w, https:\/\/www.museonicolis.com\/html\/uploads\/2016\/01\/7758.jpg 800w\" sizes=\"auto, (max-width: 300px) 100vw, 300px\" \/><\/a>\r\n            <\/dt><\/dl><dl class='gallery-item ' title='' >\r\n            <dt class='gallery-icon '>\r\n               <a data-title=\"\"  class=\"\"  href='https:\/\/www.museonicolis.com\/html\/uploads\/2016\/01\/7760.jpg'><img loading=\"lazy\" decoding=\"async\" width=\"300\" height=\"171\" src=\"https:\/\/www.museonicolis.com\/html\/uploads\/2016\/01\/7760-350x199.jpg\" class=\"attachment-medium size-medium\" alt=\"\" srcset=\"https:\/\/www.museonicolis.com\/html\/uploads\/2016\/01\/7760-350x199.jpg 350w, https:\/\/www.museonicolis.com\/html\/uploads\/2016\/01\/7760-768x436.jpg 768w, https:\/\/www.museonicolis.com\/html\/uploads\/2016\/01\/7760.jpg 800w\" sizes=\"auto, (max-width: 300px) 100vw, 300px\" \/><\/a>\r\n            <\/dt><\/dl><dl class='gallery-item ' title='' >\r\n            <dt class='gallery-icon '>\r\n               <a data-title=\"\"  class=\"\"  href='https:\/\/www.museonicolis.com\/html\/uploads\/2016\/01\/7764.jpg'><img loading=\"lazy\" decoding=\"async\" width=\"300\" height=\"225\" src=\"https:\/\/www.museonicolis.com\/html\/uploads\/2016\/01\/7764-350x263.jpg\" class=\"attachment-medium size-medium\" alt=\"\" srcset=\"https:\/\/www.museonicolis.com\/html\/uploads\/2016\/01\/7764-350x263.jpg 350w, https:\/\/www.museonicolis.com\/html\/uploads\/2016\/01\/7764-768x576.jpg 768w, https:\/\/www.museonicolis.com\/html\/uploads\/2016\/01\/7764.jpg 800w\" sizes=\"auto, (max-width: 300px) 100vw, 300px\" \/><\/a>\r\n            <\/dt><\/dl><dl class='gallery-item ' title='Edificio Tetto Aereo' >\r\n            <dt class='gallery-icon '>\r\n               <a data-title=\"Edificio Tetto Aereo\"  class=\"\"  href='https:\/\/www.museonicolis.com\/html\/uploads\/2016\/01\/7766.jpg'><img loading=\"lazy\" decoding=\"async\" width=\"300\" height=\"201\" src=\"https:\/\/www.museonicolis.com\/html\/uploads\/2016\/01\/7766-350x234.jpg\" class=\"attachment-medium size-medium\" alt=\"\" srcset=\"https:\/\/www.museonicolis.com\/html\/uploads\/2016\/01\/7766-350x234.jpg 350w, https:\/\/www.museonicolis.com\/html\/uploads\/2016\/01\/7766-240x160.jpg 240w, https:\/\/www.museonicolis.com\/html\/uploads\/2016\/01\/7766-768x513.jpg 768w, https:\/\/www.museonicolis.com\/html\/uploads\/2016\/01\/7766.jpg 800w\" sizes=\"auto, (max-width: 300px) 100vw, 300px\" \/><\/a>\r\n            <\/dt><\/dl>\r\n            <br style='clear: both;' \/>\r\n        <\/div>\n\n","protected":false},"excerpt":{"rendered":"<p>Das Projekt eines neuen Geb\u00e4udes, in dem die Nicolis-Sammlung untergebracht ist, sah die architektonische Realisierung mit einer offenen mehrst\u00f6ckigen Struktur vor: die internen R\u00e4umlichkeiten k\u00f6nnen je nach funktionellen Bed\u00fcrfnissen der Museumsausstellung gestalterisch frei aufgeteilt werden. Durch die gro\u00dfen Glasfassaden kann das Licht nach Belieben in die internen R\u00e4umlichkeiten dieses modernen Geb\u00e4udes gelangen. Diese Aufgliederung des&#8230;<\/p>\n","protected":false},"author":7,"featured_media":0,"parent":10142,"menu_order":0,"comment_status":"closed","ping_status":"closed","template":"","meta":{"_acf_changed":false,"om_disable_all_campaigns":false,"footnotes":""},"class_list":["post-10138","page","type-page","status-publish","hentry"],"acf":[],"yoast_head":"<!-- This site is optimized with the Yoast SEO plugin v22.0 - https:\/\/yoast.com\/wordpress\/plugins\/seo\/ -->\n<title>Der Museumskomplex - Museo Nicolis<\/title>\n<meta name=\"robots\" content=\"index, follow, max-snippet:-1, max-image-preview:large, max-video-preview:-1\" \/>\n<link rel=\"canonical\" href=\"https:\/\/www.museonicolis.com\/de\/das-museum\/der-museumskomplex\/\" \/>\n<meta property=\"og:locale\" content=\"de_DE\" \/>\n<meta property=\"og:type\" content=\"article\" \/>\n<meta property=\"og:title\" content=\"Der Museumskomplex - Museo Nicolis\" \/>\n<meta property=\"og:description\" content=\"Das Projekt eines neuen Geb\u00e4udes, in dem die Nicolis-Sammlung untergebracht ist, sah die architektonische Realisierung mit einer offenen mehrst\u00f6ckigen Struktur vor: die internen R\u00e4umlichkeiten k\u00f6nnen je nach funktionellen Bed\u00fcrfnissen der Museumsausstellung gestalterisch frei aufgeteilt werden. Durch die gro\u00dfen Glasfassaden kann das Licht nach Belieben in die internen R\u00e4umlichkeiten dieses modernen Geb\u00e4udes gelangen. Diese Aufgliederung des...\" \/>\n<meta property=\"og:url\" content=\"https:\/\/www.museonicolis.com\/de\/das-museum\/der-museumskomplex\/\" \/>\n<meta property=\"og:site_name\" content=\"Museo Nicolis\" \/>\n<meta property=\"article:modified_time\" content=\"2016-02-09T15:31:48+00:00\" \/>\n<meta property=\"og:image\" content=\"https:\/\/www.museonicolis.com\/html\/uploads\/2016\/01\/4608-350x233.jpg\" \/>\n<meta name=\"twitter:card\" content=\"summary_large_image\" \/>\n<meta name=\"twitter:label1\" content=\"Gesch\u00e4tzte Lesezeit\" \/>\n\t<meta name=\"twitter:data1\" content=\"1\u00a0Minute\" \/>\n<script type=\"application\/ld+json\" class=\"yoast-schema-graph\">{\"@context\":\"https:\/\/schema.org\",\"@graph\":[{\"@type\":\"WebPage\",\"@id\":\"https:\/\/www.museonicolis.com\/de\/das-museum\/der-museumskomplex\/\",\"url\":\"https:\/\/www.museonicolis.com\/de\/das-museum\/der-museumskomplex\/\",\"name\":\"Der Museumskomplex - Museo Nicolis\",\"isPartOf\":{\"@id\":\"https:\/\/www.museonicolis.com\/#website\"},\"datePublished\":\"2016-02-09T15:30:21+00:00\",\"dateModified\":\"2016-02-09T15:31:48+00:00\",\"breadcrumb\":{\"@id\":\"https:\/\/www.museonicolis.com\/de\/das-museum\/der-museumskomplex\/#breadcrumb\"},\"inLanguage\":\"de\",\"potentialAction\":[{\"@type\":\"ReadAction\",\"target\":[\"https:\/\/www.museonicolis.com\/de\/das-museum\/der-museumskomplex\/\"]}]},{\"@type\":\"BreadcrumbList\",\"@id\":\"https:\/\/www.museonicolis.com\/de\/das-museum\/der-museumskomplex\/#breadcrumb\",\"itemListElement\":[{\"@type\":\"ListItem\",\"position\":1,\"name\":\"Home\",\"item\":\"https:\/\/www.museonicolis.com\/de\/\"},{\"@type\":\"ListItem\",\"position\":2,\"name\":\"Das Museum\",\"item\":\"https:\/\/www.museonicolis.com\/de\/das-museum\/\"},{\"@type\":\"ListItem\",\"position\":3,\"name\":\"Der Museumskomplex\"}]},{\"@type\":\"WebSite\",\"@id\":\"https:\/\/www.museonicolis.com\/#website\",\"url\":\"https:\/\/www.museonicolis.com\/\",\"name\":\"Museo Nicolis\",\"description\":\"Hunderte von Autos, Motorr\u00e4der und Fahrr\u00e4der\",\"potentialAction\":[{\"@type\":\"SearchAction\",\"target\":{\"@type\":\"EntryPoint\",\"urlTemplate\":\"https:\/\/www.museonicolis.com\/?s={search_term_string}\"},\"query-input\":\"required name=search_term_string\"}],\"inLanguage\":\"de\"}]}<\/script>\n<!-- \/ Yoast SEO plugin. -->","yoast_head_json":{"title":"Der Museumskomplex - Museo Nicolis","robots":{"index":"index","follow":"follow","max-snippet":"max-snippet:-1","max-image-preview":"max-image-preview:large","max-video-preview":"max-video-preview:-1"},"canonical":"https:\/\/www.museonicolis.com\/de\/das-museum\/der-museumskomplex\/","og_locale":"de_DE","og_type":"article","og_title":"Der Museumskomplex - Museo Nicolis","og_description":"Das Projekt eines neuen Geb\u00e4udes, in dem die Nicolis-Sammlung untergebracht ist, sah die architektonische Realisierung mit einer offenen mehrst\u00f6ckigen Struktur vor: die internen R\u00e4umlichkeiten k\u00f6nnen je nach funktionellen Bed\u00fcrfnissen der Museumsausstellung gestalterisch frei aufgeteilt werden. Durch die gro\u00dfen Glasfassaden kann das Licht nach Belieben in die internen R\u00e4umlichkeiten dieses modernen Geb\u00e4udes gelangen. Diese Aufgliederung des...","og_url":"https:\/\/www.museonicolis.com\/de\/das-museum\/der-museumskomplex\/","og_site_name":"Museo Nicolis","article_modified_time":"2016-02-09T15:31:48+00:00","og_image":[{"url":"https:\/\/www.museonicolis.com\/html\/uploads\/2016\/01\/4608-350x233.jpg"}],"twitter_card":"summary_large_image","twitter_misc":{"Gesch\u00e4tzte Lesezeit":"1\u00a0Minute"},"schema":{"@context":"https:\/\/schema.org","@graph":[{"@type":"WebPage","@id":"https:\/\/www.museonicolis.com\/de\/das-museum\/der-museumskomplex\/","url":"https:\/\/www.museonicolis.com\/de\/das-museum\/der-museumskomplex\/","name":"Der Museumskomplex - Museo Nicolis","isPartOf":{"@id":"https:\/\/www.museonicolis.com\/#website"},"datePublished":"2016-02-09T15:30:21+00:00","dateModified":"2016-02-09T15:31:48+00:00","breadcrumb":{"@id":"https:\/\/www.museonicolis.com\/de\/das-museum\/der-museumskomplex\/#breadcrumb"},"inLanguage":"de","potentialAction":[{"@type":"ReadAction","target":["https:\/\/www.museonicolis.com\/de\/das-museum\/der-museumskomplex\/"]}]},{"@type":"BreadcrumbList","@id":"https:\/\/www.museonicolis.com\/de\/das-museum\/der-museumskomplex\/#breadcrumb","itemListElement":[{"@type":"ListItem","position":1,"name":"Home","item":"https:\/\/www.museonicolis.com\/de\/"},{"@type":"ListItem","position":2,"name":"Das Museum","item":"https:\/\/www.museonicolis.com\/de\/das-museum\/"},{"@type":"ListItem","position":3,"name":"Der Museumskomplex"}]},{"@type":"WebSite","@id":"https:\/\/www.museonicolis.com\/#website","url":"https:\/\/www.museonicolis.com\/","name":"Museo Nicolis","description":"Hunderte von Autos, Motorr\u00e4der und Fahrr\u00e4der","potentialAction":[{"@type":"SearchAction","target":{"@type":"EntryPoint","urlTemplate":"https:\/\/www.museonicolis.com\/?s={search_term_string}"},"query-input":"required name=search_term_string"}],"inLanguage":"de"}]}},"_links":{"self":[{"href":"https:\/\/www.museonicolis.com\/de\/wp-json\/wp\/v2\/pages\/10138","targetHints":{"allow":["GET"]}}],"collection":[{"href":"https:\/\/www.museonicolis.com\/de\/wp-json\/wp\/v2\/pages"}],"about":[{"href":"https:\/\/www.museonicolis.com\/de\/wp-json\/wp\/v2\/types\/page"}],"author":[{"embeddable":true,"href":"https:\/\/www.museonicolis.com\/de\/wp-json\/wp\/v2\/users\/7"}],"replies":[{"embeddable":true,"href":"https:\/\/www.museonicolis.com\/de\/wp-json\/wp\/v2\/comments?post=10138"}],"version-history":[{"count":0,"href":"https:\/\/www.museonicolis.com\/de\/wp-json\/wp\/v2\/pages\/10138\/revisions"}],"up":[{"embeddable":true,"href":"https:\/\/www.museonicolis.com\/de\/wp-json\/wp\/v2\/pages\/10142"}],"wp:attachment":[{"href":"https:\/\/www.museonicolis.com\/de\/wp-json\/wp\/v2\/media?parent=10138"}],"curies":[{"name":"wp","href":"https:\/\/api.w.org\/{rel}","templated":true}]}}