{"id":10121,"date":"2016-02-09T16:23:01","date_gmt":"2016-02-09T15:23:01","guid":{"rendered":"http:\/\/museonicolis.com\/?page_id=10121"},"modified":"2016-02-09T16:23:01","modified_gmt":"2016-02-09T15:23:01","slug":"museumsfreunde","status":"publish","type":"page","link":"https:\/\/www.museonicolis.com\/de\/museumsfreunde\/","title":{"rendered":"Museumsfreunde"},"content":{"rendered":"<div class=\"row\">\n<div class=\"col-md-4 imm-100\"><img loading=\"lazy\" decoding=\"async\" class=\"alignnone size-full wp-image-6807\" src=\"http:\/\/museonicolis.com\/html\/uploads\/2016\/02\/6688.jpg\" alt=\"9404\" width=\"214\" height=\"82\" \/><\/div>\n<div class=\"col-md-8\">\n<h4>B.T.E. S.p.A.<\/h4>\n<p class=\"text-justify\">Produziert demontierbare Anlagen, Container, Abfallpressen, ortsfeste Pressen, bietet Kranmontage und Spezialausstattungen. Dank eines technologisch neuen Projektierungssystems ist der Betreib in der Lage die Kundenanforderungen von der Realisierung,\u00fcber die Abnahme, After-sales-service bis zu den Aktualisierungen MCTC nach den ADR-Bestimmungen zufriedenzustellen. Technologien und L\u00f6sungen zur Erhaltung der Umwelt sind unsere Weise, einen Beitrag f\u00fcr das uns umgebende Ambiente zu leisten, um ein sich unterscheidendes Verh\u00e4ltnis mit der Zukunft zu schaffen.<\/p>\n<p><a href=\"http:\/\/www.btenet.it\/\" target=\"_blank\"> Vai al sito web <\/a><\/p>\n<\/div>\n<\/div>\n<div class=\"row\">\n<div class=\"col-md-4 imm-100\"><img loading=\"lazy\" decoding=\"async\" class=\"alignnone size-full wp-image-6807\" src=\"http:\/\/museonicolis.com\/html\/uploads\/2016\/02\/6687.jpg\" alt=\"9404\" width=\"214\" height=\"82\" \/><\/div>\n<div class=\"col-md-8\">\n<h4>Sever S.r.l.<\/h4>\n<p class=\"text-justify\">Die Sever-Philosophie konkretisiert sich in der Realisierung von komfortablen und funktionellen Habitaten im Arbeitsumfeld, wo sich die \u00e4sthetische Strenge mit der Wahl innovativer Materialien und modernen technologischen Einrichtungen verschmelzt und denjenigen, die darin leben, Wohlbefinden verleiht. Bei seinen Studien nach bahnbrechenden L\u00f6sungen stellt Sever den Menschen, sein Dasein und sein Handeln in den Mittelpunkt ohne dabei die Forschung zum Selbstzweck zu betreiben und zum Nachteil der Funktionalit\u00e4t. Um das Erreichen der hochgesetzten Qualit\u00e4tsstandards und die Optimierung der professionellen Integrationen zu gew\u00e4hrleisten stellt Sever die mehrj\u00e4hrige Erfahrung zur Verf\u00fcgung und bietet sich als einziger und zuverl\u00e4ssiger Ansprechpartner bei der Realsierungs eines allumfassenden Serivce.<\/p>\n<p><a href=\"http:\/\/www.sever.it\/\" target=\"_blank\"> Vai al sito web <\/a><\/p>\n<\/div>\n<\/div>\n<div class=\"row\">\n<div class=\"col-md-4 imm-100\"><img loading=\"lazy\" decoding=\"async\" class=\"alignnone size-full wp-image-6807\" src=\"http:\/\/museonicolis.com\/html\/uploads\/2016\/02\/6380.jpg\" alt=\"9404\" width=\"214\" height=\"82\" \/><\/div>\n<div class=\"col-md-8\">\n<h4>Alitrans Spedizioni e trasporti dal 1971<\/h4>\n<p class=\"text-justify\">Der Wert eines Betriebes basiert auf seiner F\u00e4higkeit, konkrete Antworten zu geben und L\u00f6sungen zu finden, die auf alle Kunden zutreffen. Genau das ist es, was wir seit \u00fcber 30 Jahren tun. Eine Qualit\u00e4tspolitik, die aus einem besonderen Ansatz hervorgeht: auf derselben Seite des Kunden zu stehen. Und das f\u00e4llt uns nicht schwer, weil auch wir ein Betrieb sind, der sich im Markt messen muss.<\/p>\n<p><a href=\"http:\/\/www.alitrans.it\/\" target=\"_blank\"> Vai al sito web <\/a><\/p>\n<\/div>\n<\/div>\n<div class=\"row\">\n<div class=\"col-md-4 imm-100\"><img loading=\"lazy\" decoding=\"async\" class=\"alignnone size-full wp-image-6807\" src=\"http:\/\/museonicolis.com\/html\/uploads\/2016\/02\/6170.jpg\" alt=\"9404\" width=\"214\" height=\"82\" \/><\/div>\n<div class=\"col-md-8\">\n<h4>De Carli Carrelli Elevatori<\/h4>\n<p class=\"text-justify\">Der Betrieb De Carli aus Rivoli Veronese -Verona wird 1960 gegr\u00fcndet und besch\u00e4ftigt sich anfangs mit dem Bau von Dumpern, dann von Diesel-Hubwagen und elektrisch angetriebenen Hubwagen, mehr dazu auf der Webseite<\/p>\n<p><a href=\"http:\/\/www.carrellidecarli.com\/it\/\" target=\"_blank\"> Vai al sito web <\/a><\/p>\n<\/div>\n<\/div>\n<div class=\"row\">\n<div class=\"col-md-4 imm-100\"><img loading=\"lazy\" decoding=\"async\" class=\"alignnone size-full wp-image-6807\" src=\"http:\/\/museonicolis.com\/html\/uploads\/2016\/02\/6397.jpg\" alt=\"9404\" width=\"214\" height=\"82\" \/><\/div>\n<div class=\"col-md-8\">\n<h4>Green Energy<\/h4>\n<p class=\"text-justify\">Erneuerbare Energie.<\/p>\n<p><a href=\"http:\/\/www.greenenergysrl.com\" target=\"_blank\"> Vai al sito web <\/a><\/p>\n<\/div>\n<\/div>\n","protected":false},"excerpt":{"rendered":"<p>B.T.E. S.p.A. Produziert demontierbare Anlagen, Container, Abfallpressen, ortsfeste Pressen, bietet Kranmontage und Spezialausstattungen. Dank eines technologisch neuen Projektierungssystems ist der Betreib in der Lage die Kundenanforderungen von der Realisierung,\u00fcber die Abnahme, After-sales-service bis zu den Aktualisierungen MCTC nach den ADR-Bestimmungen zufriedenzustellen. Technologien und L\u00f6sungen zur Erhaltung der Umwelt sind unsere Weise, einen Beitrag f\u00fcr das&#8230;<\/p>\n","protected":false},"author":7,"featured_media":0,"parent":0,"menu_order":0,"comment_status":"closed","ping_status":"closed","template":"","meta":{"_acf_changed":false,"om_disable_all_campaigns":false,"footnotes":""},"class_list":["post-10121","page","type-page","status-publish","hentry"],"acf":[],"yoast_head":"<!-- This site is optimized with the Yoast SEO plugin v22.0 - https:\/\/yoast.com\/wordpress\/plugins\/seo\/ -->\n<title>Museumsfreunde - Museo Nicolis<\/title>\n<meta name=\"robots\" content=\"index, follow, max-snippet:-1, max-image-preview:large, max-video-preview:-1\" \/>\n<link rel=\"canonical\" href=\"https:\/\/www.museonicolis.com\/de\/museumsfreunde\/\" \/>\n<meta property=\"og:locale\" content=\"de_DE\" \/>\n<meta property=\"og:type\" content=\"article\" \/>\n<meta property=\"og:title\" content=\"Museumsfreunde - Museo Nicolis\" \/>\n<meta property=\"og:description\" content=\"B.T.E. S.p.A. Produziert demontierbare Anlagen, Container, Abfallpressen, ortsfeste Pressen, bietet Kranmontage und Spezialausstattungen. Dank eines technologisch neuen Projektierungssystems ist der Betreib in der Lage die Kundenanforderungen von der Realisierung,\u00fcber die Abnahme, After-sales-service bis zu den Aktualisierungen MCTC nach den ADR-Bestimmungen zufriedenzustellen. Technologien und L\u00f6sungen zur Erhaltung der Umwelt sind unsere Weise, einen Beitrag f\u00fcr das...\" \/>\n<meta property=\"og:url\" content=\"https:\/\/www.museonicolis.com\/de\/museumsfreunde\/\" \/>\n<meta property=\"og:site_name\" content=\"Museo Nicolis\" \/>\n<meta property=\"og:image\" content=\"http:\/\/museonicolis.com\/html\/uploads\/2016\/02\/6688.jpg\" \/>\n<meta name=\"twitter:card\" content=\"summary_large_image\" \/>\n<meta name=\"twitter:label1\" content=\"Gesch\u00e4tzte Lesezeit\" \/>\n\t<meta name=\"twitter:data1\" content=\"2\u00a0Minuten\" \/>\n<script type=\"application\/ld+json\" class=\"yoast-schema-graph\">{\"@context\":\"https:\/\/schema.org\",\"@graph\":[{\"@type\":\"WebPage\",\"@id\":\"https:\/\/www.museonicolis.com\/de\/museumsfreunde\/\",\"url\":\"https:\/\/www.museonicolis.com\/de\/museumsfreunde\/\",\"name\":\"Museumsfreunde - Museo Nicolis\",\"isPartOf\":{\"@id\":\"https:\/\/www.museonicolis.com\/#website\"},\"datePublished\":\"2016-02-09T15:23:01+00:00\",\"dateModified\":\"2016-02-09T15:23:01+00:00\",\"breadcrumb\":{\"@id\":\"https:\/\/www.museonicolis.com\/de\/museumsfreunde\/#breadcrumb\"},\"inLanguage\":\"de\",\"potentialAction\":[{\"@type\":\"ReadAction\",\"target\":[\"https:\/\/www.museonicolis.com\/de\/museumsfreunde\/\"]}]},{\"@type\":\"BreadcrumbList\",\"@id\":\"https:\/\/www.museonicolis.com\/de\/museumsfreunde\/#breadcrumb\",\"itemListElement\":[{\"@type\":\"ListItem\",\"position\":1,\"name\":\"Home\",\"item\":\"https:\/\/www.museonicolis.com\/de\/\"},{\"@type\":\"ListItem\",\"position\":2,\"name\":\"Museumsfreunde\"}]},{\"@type\":\"WebSite\",\"@id\":\"https:\/\/www.museonicolis.com\/#website\",\"url\":\"https:\/\/www.museonicolis.com\/\",\"name\":\"Museo Nicolis\",\"description\":\"Hunderte von Autos, Motorr\u00e4der und Fahrr\u00e4der\",\"potentialAction\":[{\"@type\":\"SearchAction\",\"target\":{\"@type\":\"EntryPoint\",\"urlTemplate\":\"https:\/\/www.museonicolis.com\/?s={search_term_string}\"},\"query-input\":\"required name=search_term_string\"}],\"inLanguage\":\"de\"}]}<\/script>\n<!-- \/ Yoast SEO plugin. -->","yoast_head_json":{"title":"Museumsfreunde - Museo Nicolis","robots":{"index":"index","follow":"follow","max-snippet":"max-snippet:-1","max-image-preview":"max-image-preview:large","max-video-preview":"max-video-preview:-1"},"canonical":"https:\/\/www.museonicolis.com\/de\/museumsfreunde\/","og_locale":"de_DE","og_type":"article","og_title":"Museumsfreunde - Museo Nicolis","og_description":"B.T.E. S.p.A. Produziert demontierbare Anlagen, Container, Abfallpressen, ortsfeste Pressen, bietet Kranmontage und Spezialausstattungen. Dank eines technologisch neuen Projektierungssystems ist der Betreib in der Lage die Kundenanforderungen von der Realisierung,\u00fcber die Abnahme, After-sales-service bis zu den Aktualisierungen MCTC nach den ADR-Bestimmungen zufriedenzustellen. Technologien und L\u00f6sungen zur Erhaltung der Umwelt sind unsere Weise, einen Beitrag f\u00fcr das...","og_url":"https:\/\/www.museonicolis.com\/de\/museumsfreunde\/","og_site_name":"Museo Nicolis","og_image":[{"url":"http:\/\/museonicolis.com\/html\/uploads\/2016\/02\/6688.jpg"}],"twitter_card":"summary_large_image","twitter_misc":{"Gesch\u00e4tzte Lesezeit":"2\u00a0Minuten"},"schema":{"@context":"https:\/\/schema.org","@graph":[{"@type":"WebPage","@id":"https:\/\/www.museonicolis.com\/de\/museumsfreunde\/","url":"https:\/\/www.museonicolis.com\/de\/museumsfreunde\/","name":"Museumsfreunde - Museo Nicolis","isPartOf":{"@id":"https:\/\/www.museonicolis.com\/#website"},"datePublished":"2016-02-09T15:23:01+00:00","dateModified":"2016-02-09T15:23:01+00:00","breadcrumb":{"@id":"https:\/\/www.museonicolis.com\/de\/museumsfreunde\/#breadcrumb"},"inLanguage":"de","potentialAction":[{"@type":"ReadAction","target":["https:\/\/www.museonicolis.com\/de\/museumsfreunde\/"]}]},{"@type":"BreadcrumbList","@id":"https:\/\/www.museonicolis.com\/de\/museumsfreunde\/#breadcrumb","itemListElement":[{"@type":"ListItem","position":1,"name":"Home","item":"https:\/\/www.museonicolis.com\/de\/"},{"@type":"ListItem","position":2,"name":"Museumsfreunde"}]},{"@type":"WebSite","@id":"https:\/\/www.museonicolis.com\/#website","url":"https:\/\/www.museonicolis.com\/","name":"Museo Nicolis","description":"Hunderte von Autos, Motorr\u00e4der und Fahrr\u00e4der","potentialAction":[{"@type":"SearchAction","target":{"@type":"EntryPoint","urlTemplate":"https:\/\/www.museonicolis.com\/?s={search_term_string}"},"query-input":"required name=search_term_string"}],"inLanguage":"de"}]}},"_links":{"self":[{"href":"https:\/\/www.museonicolis.com\/de\/wp-json\/wp\/v2\/pages\/10121","targetHints":{"allow":["GET"]}}],"collection":[{"href":"https:\/\/www.museonicolis.com\/de\/wp-json\/wp\/v2\/pages"}],"about":[{"href":"https:\/\/www.museonicolis.com\/de\/wp-json\/wp\/v2\/types\/page"}],"author":[{"embeddable":true,"href":"https:\/\/www.museonicolis.com\/de\/wp-json\/wp\/v2\/users\/7"}],"replies":[{"embeddable":true,"href":"https:\/\/www.museonicolis.com\/de\/wp-json\/wp\/v2\/comments?post=10121"}],"version-history":[{"count":0,"href":"https:\/\/www.museonicolis.com\/de\/wp-json\/wp\/v2\/pages\/10121\/revisions"}],"wp:attachment":[{"href":"https:\/\/www.museonicolis.com\/de\/wp-json\/wp\/v2\/media?parent=10121"}],"curies":[{"name":"wp","href":"https:\/\/api.w.org\/{rel}","templated":true}]}}